{"id":2664,"date":"2021-10-14T01:14:17","date_gmt":"2021-10-14T04:14:17","guid":{"rendered":"https:\/\/www.facet.unt.edu.ar\/dpto-cs-comp\/?page_id=2664"},"modified":"2021-10-14T01:18:21","modified_gmt":"2021-10-14T04:18:21","slug":"cv-jlobocolombres","status":"publish","type":"page","link":"https:\/\/www.facet.unt.edu.ar\/dpto-cs-comp\/cv-jlobocolombres\/","title":{"rendered":"Josefina Lobo Colombres"},"content":{"rendered":"<h2>P.U. Josefina Lobo Colombres<\/h2>\n<p><a href=\"https:\/\/www.facet.unt.edu.ar\/dpto-cs-comp\/wp-content\/uploads\/sites\/29\/2021\/10\/jlobo.jpg\"><img decoding=\"async\" loading=\"lazy\" class=\"alignnone  wp-image-2666\" src=\"https:\/\/www.facet.unt.edu.ar\/dpto-cs-comp\/wp-content\/uploads\/sites\/29\/2021\/10\/jlobo.jpg\" alt=\"\" width=\"387\" height=\"518\" \/><\/a><\/p>\n<h3><strong>ESTUDIOS UNIVERSITARIOS<\/strong><\/h3>\n<ul>\n<li>T\u00edtulo: Programador Universitario. Facultad de Ciencias Exactas, Universidad Nacional de Tucum\u00e1n.\u00a0 Promedio General: 7.70<\/li>\n<li>Estudiante en curso de Licenciatura en Inform\u00e1tica (Mod. 2009). Facultad de Ciencias Exactas, Universidad Nacional de Tucum\u00e1n.\u00a0 Promedio Actual: 7.76.<\/li>\n<\/ul>\n<h3><strong>DOCENCIA<\/strong><\/h3>\n<h4><strong>ACTUALIDAD<\/strong><\/h4>\n<ul>\n<li>Auxiliar docente graduado con semi dedicaci\u00f3n, con funciones en las\u00a0 C\u00e1tedras de Elementos de Computaci\u00f3n y L\u00f3gica y Programaci\u00f3n de la Facultad de Ciencias Exactas, Universidad Nacional de Tucum\u00e1n. Resoluci\u00f3n 313\/2020. Expediente N\u00ba 60220\/20.<\/li>\n<\/ul>\n<h4><strong>ANTECEDENTES DOCENTES<\/strong><\/h4>\n<ul>\n<li>Auxiliar docente graduado con dedicaci\u00f3n simple, con funciones en las\u00a0 C\u00e1tedras de Paradigmas de Programaci\u00f3n y Patrones de Dise\u00f1o de la Facultad de Ciencias Exactas, Universidad Nacional de Tucum\u00e1n. Resoluci\u00f3n 30\/2020. Expediente N\u00ba 60541\/19.<\/li>\n<li>Auxiliar docente graduado con dedicaci\u00f3n simple, con funciones en las\u00a0 C\u00e1tedras de Paradigmas de Programaci\u00f3n y Patrones de Dise\u00f1o de la Facultad de Ciencias Exactas, Universidad Nacional de Tucum\u00e1n. Resoluci\u00f3n 1293\/2018. Expediente N\u00ba 60526\/2018.<\/li>\n<li>Auxiliar docente de segunda categor\u00eda, con funciones en las\u00a0 C\u00e1tedras de Elementos de Computaci\u00f3n y L\u00f3gica y Programaci\u00f3n de la Facultad de Ciencias Exactas, Universidad Nacional de Tucum\u00e1n. Periodo 2017-2018. Resoluci\u00f3n 849\/2017. Expediente N\u00ba 60375\/17.<\/li>\n<li>Auxiliar docente de segunda categor\u00eda, con funciones en las\u00a0 C\u00e1tedras de Elementos de Computaci\u00f3n y L\u00f3gica y Programaci\u00f3n de la Facultad de Ciencias Exactas, Universidad Nacional de Tucum\u00e1n. Periodo 2016-2017. Resoluci\u00f3n 0339\/2016. Expediente N\u00ba 60391\/16.<\/li>\n<li>Auxiliar docente de segunda categor\u00eda, con funciones en las\u00a0 C\u00e1tedras de Elementos de Computaci\u00f3n y L\u00f3gica y Programaci\u00f3n de la Facultad de Ciencias Exactas, Universidad Nacional de Tucum\u00e1n. Periodo 2015-2016. Resoluci\u00f3n 711\/2015. Expediente N\u00ba 60477\/15.<\/li>\n<li>Auxiliar docente de segunda categor\u00eda, con funciones en las\u00a0 C\u00e1tedras de Elementos de Computaci\u00f3n y L\u00f3gica y Programaci\u00f3n de la Facultad de Ciencias Exactas, Universidad Nacional de Tucum\u00e1n. Periodo 2014-2015. Resoluci\u00f3n 0693\/14. Expediente N\u00ba 60529\/14.<\/li>\n<li>Auxiliar docente de segunda categor\u00eda, con funciones en las\u00a0 C\u00e1tedras de Elementos de Computaci\u00f3n y L\u00f3gica y Programaci\u00f3n de la Facultad de Ciencias Exactas, Universidad Nacional de Tucum\u00e1n. Periodo 2013-2014. Resoluci\u00f3n 1053\/13. Expediente N\u00ba 60507\/13.<\/li>\n<\/ul>\n<h3><strong>PARTICIPACI\u00d3N EN CURSOS, TALLERES Y OTROS <\/strong><\/h3>\n<ul>\n<li>Curso Introductorio de Git. Otorgado por: Rama Estudiantil IEEE \u2013 Universidad Nacional de Tucum\u00e1n. Lugar: Universidad Tecnol\u00f3gica Nacional. Fecha: Junio de 2017.<\/li>\n<li>I Seminario Python + Pygame. Otorgado por: Laboratorio de Computaci\u00f3n Cient\u00edfica, Departamento de Ciencias de la Computaci\u00f3n. Lugar: Facultad de Ciencias Exactas, Universidad Nacional de Tucum\u00e1n. Fecha: Mayo de 2016.<\/li>\n<li>Seminario de Tesis de Licenciatura 2015. Organizado por: Laboratorio de Computaci\u00f3n Cient\u00edfica, Departamento de Ciencias de la Computaci\u00f3n. Lugar: Facultad de Ciencias Exactas, Universidad Nacional de Tucum\u00e1n. Fecha: Diciembre de 2015<\/li>\n<li>I Seminario de Introducci\u00f3n a la Programaci\u00f3n en Dispositivos M\u00f3viles. Otorgado por: Incl\u00fayeme. Lugar: Facultad de Ciencias Exactas, Universidad Nacional de Tucum\u00e1n. Fecha: Diciembre de 2012.<\/li>\n<li>\u201cConfiguraci\u00f3n de Redes WiFi\u201d. Otorgado por: The Institute of Electrical and Electronics Engineers &#8211; IEEE. Lugar: Facultad de Ciencias Exactas, Universidad Nacional de Tucum\u00e1n. Fecha: Junio de 2010.<\/li>\n<\/ul>\n<h3><strong>ACTIVIDADES DE GESTI\u00d3N<\/strong><\/h3>\n<ul>\n<li>Miembro de la Comisi\u00f3n Acad\u00e9mica de la Carrera de Programador Universitario, Facultad de Ciencias Exactas, Universidad Nacional de Tucum\u00e1n. Periodo 2016-2017. Res: 018\/2016. Expte N\u00ba 61241\/2016<\/li>\n<li>Miembro de la Comisi\u00f3n Acad\u00e9mica de la Carrera de Programador Universitario, Facultad de Ciencias Exactas, Universidad Nacional de Tucum\u00e1n. Periodo 2014-2015. Res: 308\/2015. Expte N\u00ba 60611\/2014<\/li>\n<\/ul>\n<h3><strong>ACTIVIDADES DE EXTENSI\u00d3N<\/strong><\/h3>\n<ul>\n<li>Integrante con dedicaci\u00f3n simple de la actividad Olimpiadas Inform\u00e1ticas Argentinas (OIA), a\u00f1o 2018.<\/li>\n<li>Expositora del Stand de las Carreras de Programador Universitario y Licenciatura en Inform\u00e1tica en la muestra \u201cExactas para todos 2017\u201d, Facultad de Ciencias Exactas, Universidad Nacional de Tucum\u00e1n, Junio de\u00a0 2017.<\/li>\n<li>Expositora de Mesa Panel Informativa \u201cLa Universidad en vivo\u201d del programa \u201cLa Universidad en los Barrios\u201d. Organizada por la Facultad de Psicolog\u00eda Lugar: Escuela Obispo Colombres, Octubre de 2015.<\/li>\n<\/ul>\n<h3><strong>EXPERIENCIA LABORAL<\/strong><\/h3>\n<ul>\n<li>Equipo de desarrollo, Direcci\u00f3n de Sistemas, Poder Judicial de Tucum\u00e1n. Periodo: 2013 \u2013 actual.<\/li>\n<li>Programadora Freelance de p\u00e1ginas web. Periodo: 2017<\/li>\n<li>Secretar\u00eda Administrativa, Departamento Previsional e Impositivo y del Departamento Compras. Poder Judicial de Tucum\u00e1n.\u00a0 Periodo: 2007 \u2013 2013.<\/li>\n<\/ul>\n","protected":false},"excerpt":{"rendered":"<p>P.U. Josefina Lobo Colombres ESTUDIOS UNIVERSITARIOS T\u00edtulo: Programador Universitario. Facultad de Ciencias Exactas, Universidad Nacional de Tucum\u00e1n.\u00a0 Promedio General: 7.70 Estudiante en curso de Licenciatura en Inform\u00e1tica (Mod. 2009). Facultad de Ciencias Exactas, Universidad Nacional de Tucum\u00e1n.\u00a0 Promedio Actual: 7.76. DOCENCIA ACTUALIDAD Auxiliar docente graduado con semi dedicaci\u00f3n, con funciones en las\u00a0 C\u00e1tedras de Elementos [&hellip;]<\/p>\n","protected":false},"author":101021,"featured_media":0,"parent":0,"menu_order":0,"comment_status":"closed","ping_status":"closed","template":"","meta":[],"_links":{"self":[{"href":"https:\/\/www.facet.unt.edu.ar\/dpto-cs-comp\/wp-json\/wp\/v2\/pages\/2664"}],"collection":[{"href":"https:\/\/www.facet.unt.edu.ar\/dpto-cs-comp\/wp-json\/wp\/v2\/pages"}],"about":[{"href":"https:\/\/www.facet.unt.edu.ar\/dpto-cs-comp\/wp-json\/wp\/v2\/types\/page"}],"author":[{"embeddable":true,"href":"https:\/\/www.facet.unt.edu.ar\/dpto-cs-comp\/wp-json\/wp\/v2\/users\/101021"}],"replies":[{"embeddable":true,"href":"https:\/\/www.facet.unt.edu.ar\/dpto-cs-comp\/wp-json\/wp\/v2\/comments?post=2664"}],"version-history":[{"count":3,"href":"https:\/\/www.facet.unt.edu.ar\/dpto-cs-comp\/wp-json\/wp\/v2\/pages\/2664\/revisions"}],"predecessor-version":[{"id":2668,"href":"https:\/\/www.facet.unt.edu.ar\/dpto-cs-comp\/wp-json\/wp\/v2\/pages\/2664\/revisions\/2668"}],"wp:attachment":[{"href":"https:\/\/www.facet.unt.edu.ar\/dpto-cs-comp\/wp-json\/wp\/v2\/media?parent=2664"}],"curies":[{"name":"wp","href":"https:\/\/api.w.org\/{rel}","templated":true}]}}