{"id":2674,"date":"2021-10-14T01:29:27","date_gmt":"2021-10-14T04:29:27","guid":{"rendered":"https:\/\/www.facet.unt.edu.ar\/dpto-cs-comp\/?page_id=2674"},"modified":"2021-10-14T01:50:24","modified_gmt":"2021-10-14T04:50:24","slug":"cv-havaldecantos","status":"publish","type":"page","link":"https:\/\/www.facet.unt.edu.ar\/dpto-cs-comp\/cv-havaldecantos\/","title":{"rendered":"H\u00e9ctor Adri\u00e1n Valdecantos"},"content":{"rendered":"<h2><strong>Mag. H\u00e9ctor Adri\u00e1n Valdecantos<\/strong><\/h2>\n<p><a href=\"https:\/\/www.facet.unt.edu.ar\/dpto-cs-comp\/wp-content\/uploads\/sites\/29\/2021\/10\/hvaldecantos.jpg\"><img decoding=\"async\" loading=\"lazy\" class=\"alignnone wp-image-2676\" src=\"https:\/\/www.facet.unt.edu.ar\/dpto-cs-comp\/wp-content\/uploads\/sites\/29\/2021\/10\/hvaldecantos.jpg\" alt=\"\" width=\"382\" height=\"380\" \/><\/a><\/p>\n<h3><strong> <span class=\"fontstyle0\">Formaci\u00f3n<\/span><\/strong><\/h3>\n<p><span class=\"fontstyle1\">Ago 2018 \u2013 Jul 2021<br \/>\n<\/span><span class=\"fontstyle0\">Estudiante de doctorado &#8211; <\/span><span class=\"fontstyle1\">Rochester Institute of Technology (RIT)<br \/>\nCarrera del Golisano College of Computing and Information Sciences (GCCIS) at RIT, en el programa de Ph.D.<br \/>\nen Computing and Information Sciences. \u00c1rea de investigaci\u00f3n: comprensi\u00f3n de c\u00f3digo fuente, paradigmas de programaci\u00f3n, lenguajes de programaci\u00f3n.<\/span><\/p>\n<p><span class=\"fontstyle1\">Ago 2014 \u2013 Ago 2016<br \/>\n<\/span><span class=\"fontstyle0\">Master of Science in Software Engineering &#8211; <\/span><span class=\"fontstyle1\">Rochester Institute of Technology (RIT)<br \/>\nCarrera de posgrado de dos a\u00f1os de duraci\u00f3n como estudiante full-time en Rochester Institute of Technology<br \/>\n(RIT), Rochester, NY, USA. Graduado con puntaje promedio de 3.87 en una escala de 0.0 a 4.0. Tesis: \u201c<\/span><span class=\"fontstyle3\">An empirical study on code comprehension: DCI compared to OO<\/span><span class=\"fontstyle1\">\u201d.<\/span><\/p>\n<p><span class=\"fontstyle1\">May 2005 \u2013 Sep 2010<br \/>\n<\/span><span class=\"fontstyle0\">Licenciatura en Inform\u00e1tica <\/span><span class=\"fontstyle1\">&#8211; Universidad Nacional de Tucum\u00e1n (UNT)<br \/>\nCarrera de grado del Dpto. de Ciencias de la Computaci\u00f3n en la Facultad de Ciencias Exactas y Tecnolog\u00eda (FACET). Tesis: \u201c<\/span><span class=\"fontstyle3\">Principios y patrones de dise\u00f1o de software en torno a una arquitectura Modelo Vista Controlador para aplicaciones interactivas<\/span><span class=\"fontstyle1\">\u201d.<\/span><\/p>\n<p><span class=\"fontstyle1\">Mar 2000 \u2013 Ago 2004<br \/>\n<\/span><span class=\"fontstyle0\">Programador Universitario <\/span><span class=\"fontstyle1\">&#8211; UNT.<br \/>\nCarrera corta orientada a la programaci\u00f3n del Dpto. de Ciencias de la Computaci\u00f3n de la FACET.<\/span><\/p>\n<h3><strong> <span class=\"fontstyle0\">Premios y Distinciones<\/span><\/strong><\/h3>\n<p><span class=\"fontstyle2\">Ago 2018 y Ago 2020<br \/>\n<\/span><span class=\"fontstyle0\">Beca anual completa &#8211; <\/span><span class=\"fontstyle2\">Ph.D. Program in Computing and Information Sciences at RIT<br \/>\nOtorgada consecutivamente en dos a\u00f1os por el Golisano College of Computing and Information Sciences (GCCIS) at the Rochester Institute of Technology (RIT) luego de una evaluaci\u00f3n del potencial de investigaci\u00f3n (Research Potential Assessment) superada satisfactoriamente.<\/span><\/p>\n<p><span class=\"fontstyle2\">Jul 2013<br \/>\n<\/span><span class=\"fontstyle0\">Beca de estudio &#8211; <\/span><span class=\"fontstyle2\">Software Engineering department Scholarship en RIT<br \/>\nOtorgada por el departamento de Software Engineering por un 67% del valor de la matr\u00edcula para los per\u00edodos lectivos 2014 y 2015<\/span><\/p>\n<p><span class=\"fontstyle2\">Jun 2013<br \/>\n<\/span><span class=\"fontstyle0\">Beca completa <\/span><span class=\"fontstyle2\">&#8211; Argentine Presidential Fellowship in Science &amp; Technology Award<br \/>\nOtorgada para realizar una maestr\u00eda en dos a\u00f1os en EEUU, financiada por el gobierno Argentino y la Argentine Fulbright Commission para cubrir costos de migraci\u00f3n, estipendios y matr\u00edcula universitaria.<\/span><\/p>\n<p><span class=\"fontstyle2\">20 Dic 2004<br \/>\n<\/span><span class=\"fontstyle0\">Menci\u00f3n de Honor <\/span><span class=\"fontstyle2\">&#8211; FACET, UNT<br \/>\nEntregada por la Facultad de Ciencias Exactas y Tecnolog\u00eda a los mejores promedios de la carrera de Programador Universitario.<\/span><\/p>\n<h3><strong><span class=\"fontstyle0\">Experiencia Profesional<\/span><\/strong><\/h3>\n<p><span class=\"fontstyle2\">Mar 2020 \u2013 May 2020<br \/>\n<\/span><span class=\"fontstyle0\">Consultor\u00eda y desarrollo de software \u2013 <\/span><span class=\"fontstyle2\">Ministerio de Desarrollo Territorial y H\u00e1bitat, Bs As, Argentina<br \/>\nConsultor\u00eda para la direcci\u00f3n del \u00e1rea de sistema. Organizaci\u00f3n de proyecto y toma inicial de requerimientos para desarrollos internos. Desarrollo del sistema para ingresos de datos a nivel nacional.<\/span><\/p>\n<p><span class=\"fontstyle2\">Nov 2016 \u2013 May 2017<br \/>\n<\/span><span class=\"fontstyle0\">Consultor\u00eda y desarrollo de software &#8211; <\/span><span class=\"fontstyle2\">Invertir en Bolsa s.a., Buenos Aires, Argentina<br \/>\nDesarrollo de infraestructura de stock trading con IA para intercambio autom\u00e1tico the stocks. Conectado a trav\u00e9s del protocolo Fix a los mervcados de valores NYSE, Merval, and Rofex. (Distributed system developed using C++, QuickFix, Python, flask, R, Bash, Proxmox, Git)<\/span><\/p>\n<p><span class=\"fontstyle2\">Feb 2013 \u2013 May 2014<br \/>\n<\/span><span class=\"fontstyle0\">Desarrollo de sistema <\/span><span class=\"fontstyle2\">&#8211; Instituto Nacional de Tecnolog\u00eda Agropecuaria INTA, Tucum\u00e1n, Arg.<br \/>\nDesarrollo de sistema para INTA bajo el PROICSA &#8220;Programa para Incrementar la Competitividad del Sector Azucarero&#8221; para desarrollar un sistema web para administrar el programa PROICSA y actividades del INTA, y proveer entrenamiento en uso de tecnolog\u00edas de software y equipos de geolocalizaci\u00f3n. (Ruby on Rails, RVM, HTML, CSS, Posgres+Postgis, NGinx, Git, Debian).<\/span><\/p>\n<p><span class=\"fontstyle2\">Abr 2007 \u2013 May 2008<br \/>\n<\/span><span class=\"fontstyle0\">Programador de Sistemas <\/span><span class=\"fontstyle2\">&#8211; Axoft s.a., Buenos Aires, Argentina<br \/>\nProgramador analista funcional full-time en el \u00e1rea de desarrollo de la empresa, en el proyecto Tango Rest\u00f4.<br \/>\n(Delphi 7, MSSQL, SVN, Rational Rose, Windows OS).<\/span><\/p>\n<p><span class=\"fontstyle2\">Oct 2005 \u2013 Feb 2006<br \/>\n<\/span><span class=\"fontstyle0\">Pasant\u00eda <\/span><span class=\"fontstyle2\">&#8211; Direcci\u00f3n de Catastro y Edificaci\u00f3n, Municipalidad de SM de Tucum\u00e1n<br \/>\nDesarrollo de redes de computadoras, dise\u00f1o de programas para optimizaci\u00f3n de tr\u00e1mites y capacitaci\u00f3n b\u00e1sica a<br \/>\nlos empleados. (LAN, TCP\/IP, PHP, MySQL).<\/span><\/p>\n<h3><strong><span class=\"fontstyle0\">Antecedentes de Investigaci\u00f3n<\/span><\/strong><\/h3>\n<p><span class=\"fontstyle2\">Ago 2018 \u2013 Jul 2021<br \/>\n<\/span><span class=\"fontstyle0\">Asistente de Investigaci\u00f3n <\/span><span class=\"fontstyle2\">(20hs\/semana) &#8211; Rochester Institute of Technology (RIT)<br \/>\nPara llevar a cabo investigaciones relacionadas con la comprensi\u00f3n del c\u00f3digo fuente en diferentes paradigmas de programaci\u00f3n. Bajo la supervisi\u00f3n de Dr. Mehdi Mirakhorli en el RIT.<\/span><\/p>\n<p><span class=\"fontstyle2\">Mar 2018 \u2013 Dic 2019<br \/>\n<\/span><span class=\"fontstyle0\">Director de Proyecto de Investigaci\u00f3n <\/span><span class=\"fontstyle2\">&#8211; Consejo de Investigaciones, UNT (CIUNT)<br \/>\nProyecto \u201cConciencia pragm\u00e1tica en la programaci\u00f3n de software: comprensibilidad y mantenibilidad de los sistemas de software construidos mediante objetos, roles y contextos de interacci\u00f3n\u201d. Grupo de investigaci\u00f3n<br \/>\nintegrado por 1 investigador principal, 2 investigadores, 2 tesistas, y 1 colaborador. Resoluci\u00f3n 2319-2017.<\/span><\/p>\n<p>Ene 2016 \u2013 Ene 2017<br \/>\nIntegrante de Proyecto de Investigaci\u00f3n UNT &#8211; Consejo de Investigaciones, UNT<br \/>\n\u201cTrabajo colaborativo para el dise\u00f1o, construcci\u00f3n y recuperaci\u00f3n de OA accesibles basados en realidad aumentada\u201d. Res. 0456-2016.<\/p>\n<p>Ene 2016 \u2013 Ago 2016<br \/>\nAsistente de Investigaci\u00f3n (20hs\/semana) &#8211; Rochester Institute of Technology (RIT)<br \/>\nInvestigaciones emp\u00edricas para correr un experimento relacionado con sujetos humanos para medir la comprensi\u00f3n del c\u00f3digo fuente. Bajo la supervisi\u00f3n de Dr. Mehdi Mirakhorli en el RIT.<\/p>\n<p>Ago 2015 \u2013 Dic 2015<br \/>\nAsistente de Investigaci\u00f3n (5hs\/semana) &#8211; Rochester Institute of Technology (RIT)<br \/>\nInvestigaci\u00f3n emp\u00edrica sobre el uso de variables globales y la nocividad provocada en proyectos de software libres GNU. Supervisor, Dr. Meiyappan Nagappan en el RIT.<\/p>\n<p>May 2009 \u2013 Jun 2014<br \/>\nIntegrante de Proyecto de Investigaci\u00f3n &#8211; Consejo de Investigaciones, UNT<br \/>\nProyecto \u201cLa oscilaci\u00f3n cuasi-bienal en par\u00e1metros atmosf\u00e9ricos, geomagn\u00e9ticos y en la actividad solar\u201d.<br \/>\nColaboraci\u00f3n en el tratamiento de datos cient\u00edficos atmosf\u00e9ricos georeferenciados en diferentes formatos. (Java, NetCDF). Supervisor, Dr. Marta Zossi.<\/p>\n<h3><strong> <span class=\"fontstyle0\">Publicaciones<\/span><\/strong><\/h3>\n<p><span class=\"fontstyle1\">May 2017<br \/>\nValdecantos, H. A., Tarrit, K., Mirakhorli, M., &amp; Coplien, J. O. (2017, May). An empirical study on code comprehension: data context interaction compared to classical object oriented. In Proceedings of the 25th<br \/>\nInternational Conference on Program Comprehension (pp. 275-285). IEEE Press.<\/span><\/p>\n<p><span class=\"fontstyle1\">Jun 2015<br \/>\nde Campra, Patricia Fern\u00e1ndez, Marta Zossi de Artigas, and Hector Valdecantos. &#8220;Long term trends in stratospheric temperature using NCEP\/NCAR data.&#8221; Advances in Space Research (2016).<\/span><\/p>\n<p><span class=\"fontstyle1\">Sep 2012<br \/>\n\u201cIncluyeme. Un Clic Para la Accesibilidad..\u201d Congreso internacional de ambientes virtuales de aprendizajes adaptativos y accesibles. Cartagena de Indias, D.T y C: Edici\u00f3n digital Universidad Tecnol\u00f3gica de Bol\u00edvar.<br \/>\n2012 vol.1 n\u00b0. p71 \u2013 73. issn 2323-0010<\/span><\/p>\n<p><span class=\"fontstyle1\">Ago 2012<br \/>\n\u201cGu\u00eda r\u00e1pida de instalaci\u00f3n de herramientas libres para programar en C\/C++\u201d. Revista de ciencias exactas e ingenier\u00eda. Revista cet (ISSN 1668-9178).<\/span><\/p>\n<p><span class=\"fontstyle1\">Ago 2012<br \/>\n\u201cUna introducci\u00f3n al compilador C de GNU\u201d. Universidad Nacional de Tucum\u00e1n, Revista cet (ISSN 1668-<br \/>\n9178).<\/span><\/p>\n<h3><strong><span class=\"fontstyle0\">Cursos y Seminarios<\/span><\/strong><\/h3>\n<p><span class=\"fontstyle0\">Sep 21-Nov 7, 2016<br \/>\nLouv1.1x: (Parte I) <\/span><span class=\"fontstyle2\">Paradigms of Computer Programming <\/span><span class=\"fontstyle0\">by LouvainX (edx.com) \u2013 100\/100<\/span><\/p>\n<p><span class=\"fontstyle0\">Abr 24-Jul 16, 2014<br \/>\n<\/span><span class=\"fontstyle2\">Functional Programming Principles in Scala <\/span><span class=\"fontstyle0\">(coursera.com)<br \/>\nCurso online dictado por la \u00c9cole Polytechnique F\u00e9d\u00e9rale de Lausanne, aprobado con 100\/100<\/span><\/p>\n<p><span class=\"fontstyle0\">Mar 24-Jun 02, 2014 (coursera.com)<br \/>\n<\/span><span class=\"fontstyle2\">Web Application Architectures<br \/>\n<\/span><span class=\"fontstyle0\">Curso online dictado por la University of New Mexico, aprobado con 99\/100.<\/span><\/p>\n<p><span class=\"fontstyle0\">Feb 17-May 12, 2014<br \/>\nLouv1.01x: Paradigms of Computer Programming by LouvainX (edx.com) \u2013 94\/100<\/span><\/p>\n<p><span class=\"fontstyle0\">Nov 27-30, 2012<br \/>\n<\/span><span class=\"fontstyle2\">Construccion robusta de software con TDD <\/span><span class=\"fontstyle0\">(20hs).<br \/>\nCurso de posgrado en la FACET, UNT. Aprobado con 10 en una escala de 0 a 10.<\/span><\/p>\n<p><span class=\"fontstyle0\">Sep 24, 2012 &#8211; Nov 4, 2012 y Nov 5, 2012 &#8211; Dic 17, 2012<br \/>\n<\/span><span class=\"fontstyle2\">Software as a Service <\/span><span class=\"fontstyle0\">(SaaS) &#8211; Curso online<br \/>\nDos cursos correlativos ofrecidos por \u201cBerkeleyX&#8221;, grupo de ense\u00f1anza online de \u201cTHE UNIVERSITY OF<br \/>\nCALIFORNIA AT BERKELEY&#8221;, a trav\u00e9s de edx, una iniciativa de aprendizaje de \u201cHarvard University\u201d and<br \/>\n\u201cMIT&#8221;.<br \/>\n&#8211; CS169.2x successfully completed with 97\/100.<br \/>\n&#8211; CS169.1x successfully completed with 96\/100.<\/span><\/p>\n<p><span class=\"fontstyle0\">Jul 2012<br \/>\n<\/span><span class=\"fontstyle2\">Generaci\u00f3n Autom\u00e1tica de Tests Unitarios <\/span><span class=\"fontstyle0\">&#8211; (15hs)<br \/>\nEscuela de Ciencias Inform\u00e1ticas (ECI), Departamento de Computaci\u00f3n, Facultad de Ciencias Exactas y<br \/>\nNaturales de la UBA. Expositor prof. Nazareno Aguirre.<\/span><\/p>\n<p><span class=\"fontstyle0\">Jul 2012<br \/>\n<\/span><span class=\"fontstyle2\">Mobile Robotics: Simultaneous localization and mapping <\/span><span class=\"fontstyle0\">&#8211; (15hs)<br \/>\nEscuela de Ciencias Inform\u00e1ticas (ECI), Departamento de Computaci\u00f3n, Facultad de Ciencias Exactas y<br \/>\nNaturales de la UBA. Expositor prof. Miroslav Kulich.<\/span><\/p>\n<p><span class=\"fontstyle0\">Jul 2012<br \/>\n<\/span><span class=\"fontstyle2\">Construcci\u00f3n de Software Robusto con TDD <\/span><span class=\"fontstyle0\">&#8211; Curso (20hs)<br \/>\n10Pines, Buenos Aires. Curso dictado por Hern\u00e1n Wilkinson.<\/span><\/p>\n<p><span class=\"fontstyle0\">Oct 2011<br \/>\n<\/span><span class=\"fontstyle2\">4tas Jornadas Latinoamericanas de Metodolog\u00edas \u00c1giles<br \/>\n<\/span><span class=\"fontstyle0\">Tres d\u00edas de conferencias y talleres con destacados profesionales internacionales y nacionales en la Universidad<br \/>\nde Palermo, Buenos Aires.<\/span><\/p>\n<p><span class=\"fontstyle0\">Nov 2009<br \/>\n<\/span><span class=\"fontstyle2\">Smalltalk 2009 <\/span><span class=\"fontstyle0\">&#8211; Confrencias<br \/>\nTres d\u00edas de conferencias en la Universidad Nacional de Buenos Aires, sobre Smalltalk, orientaci\u00f3n a objeto,<br \/>\nt\u00e9cnicas \u00e1giles de desarrollo de software, seguridad y otros.<\/span><\/p>\n<p><span class=\"fontstyle0\">Sep 2009<br \/>\n<\/span><span class=\"fontstyle2\">Dise\u00f1o y desarrollo de sistemas distribuidos usando SOA <\/span><span class=\"fontstyle0\">&#8211; Curso (32hs)<br \/>\nCurso te\u00f3rico pr\u00e1ctico dictado en la UNT en por Ing. Jose Luis Borelli.<\/span><\/p>\n<p><span class=\"fontstyle0\">Nov 2008<br \/>\n<\/span><span class=\"fontstyle2\">Proceso de desarrollo de software utilizando UML <\/span><span class=\"fontstyle0\">&#8211; Curso (48hs)<br \/>\nCurso te\u00f3rico pr\u00e1ctico dictado en la Universidad Tecnol\u00f3gica Nacional regional Tucum\u00e1n, por Mg. Patricia<\/span><br \/>\n<span class=\"fontstyle0\">Scalzone presidente de la empresa VEMN S.A.<\/span><\/p>\n<p><span class=\"fontstyle0\">Sep 2008<br \/>\n<\/span><span class=\"fontstyle2\">Patrones de dise\u00f1o de Software <\/span><span class=\"fontstyle0\">&#8211; Seminario (8hs)<br \/>\nSeminario dictado en la FACET de la Universidad Nacional de Tucum\u00e1n.<\/span><\/p>\n<p><span class=\"fontstyle0\">Mar 2008<br \/>\n<\/span><span class=\"fontstyle2\">Taller Unified Modeling Language <\/span><span class=\"fontstyle0\">(UML) &#8211; Curso taller (12hs)<br \/>\nClub de Programadores, Buenos Aires. Exposior: Ing. Mar\u00eda Alejandra Vizoso.<\/span><\/p>\n<p><span class=\"fontstyle0\">Oct 2007<br \/>\n<\/span><span class=\"fontstyle2\">Querying Microsoft SQL Server 2000 <\/span><span class=\"fontstyle0\">&#8211; Curso (14hs)<br \/>\nCurso te\u00f3rico pr\u00e1ctico sobre Transact- SQL &#8211; (Curso Microsoft n 2071B), dictado por IT Training Center en las<br \/>\ninstalaciones de Axsoft s.a. at Axoft Argentina s.a.<\/span><\/p>\n<p><span class=\"fontstyle0\">Oct 2007\u2013Dec 2007<br \/>\n<\/span><span class=\"fontstyle2\">Programaci\u00f3n con Java <\/span><span class=\"fontstyle0\">&#8211; Curso te\u00f3rico-pr\u00e1ctico (36hs)<br \/>\nDepartamento de Computaci\u00f3n, Facultad de Ciencias Exactas y Naturales, UBA.<\/span><\/p>\n<p><span class=\"fontstyle0\">Jul 2007<br \/>\n<\/span><span class=\"fontstyle2\">Calidad y la Norma ISO 9001:2000 <\/span><span class=\"fontstyle0\">&#8211; Curso<br \/>\nConceptos introductorios dictado en las instalaciones de Axoft Argentina S.A.<\/span><\/p>\n<p><span class=\"fontstyle0\">23 y 24 Mar 2005<br \/>\n<\/span><span class=\"fontstyle2\">Criterios y herramientas en la implementaci\u00f3n de nuevos sistemas<br \/>\n<\/span><span class=\"fontstyle0\">Seminario en la FACET de la UNT. Exposici\u00f3n del Ing. Gustavo Naigeboren.<\/span><\/p>\n<p><span class=\"fontstyle0\">May 2005 \u2013 Jul 2005. <\/span><span class=\"fontstyle2\">Administraci\u00f3n Avanzada de Linux <\/span><span class=\"fontstyle0\">&#8211; Curso (32hs)<\/span><\/p>\n<p><span class=\"fontstyle0\">Oct 2004 \u2013 Dec 2004. <\/span><span class=\"fontstyle2\">Administraci\u00f3n de Linux <\/span><span class=\"fontstyle0\">&#8211; Curso (30hs)<\/span><\/p>\n<p><span class=\"fontstyle0\">Ago 2004 \u2013 Sep 2004. <\/span><span class=\"fontstyle2\">Fundamentos de Linux <\/span><span class=\"fontstyle0\">&#8211; Curso (26hs)<br \/>\nCursos te\u00f3ricos pr\u00e1cticos, organizado por departamento de Electricidad, Electr\u00f3nica y Computaci\u00f3n de la<br \/>\nFacultad de Ciencias Exactas y Tecnolog\u00eda de la UNT. Exposici\u00f3n te\u00f3rica Ing. Sergio D. Saade e Ing. Jos\u00e9 L.<br \/>\nBorelli en la parte pr\u00e1ctica.<\/span><\/p>\n<h3><strong> <span class=\"fontstyle0\">Experiencias Relevantes<\/span><\/strong><\/h3>\n<p><span class=\"fontstyle2\">Dic 2012 \u2013 Jun 2014<br \/>\n<\/span><span class=\"fontstyle0\">Integrante Comisi\u00f3n acad\u00e9mica <\/span><span class=\"fontstyle2\">&#8211; DCC, FACET, UNT<br \/>\nSeleccionado por el claustro docente para integrar la comisi\u00f3n acad\u00e9mica de la carrera de Licenciatura en Inform\u00e1tica.<\/span><\/p>\n<p><span class=\"fontstyle2\">27 al 30 de Nov 2012<br \/>\n<\/span><span class=\"fontstyle0\">Organizaci\u00f3n de curso de posgrado <\/span><span class=\"fontstyle2\">de 20hs en la FACET, UNT: \u201cConstrucci\u00f3n de software robusto usando test driven development\u201d a cargo del Profesor Adjunto de la UBA Hernan Wilkinson.<\/span><\/p>\n<p><span class=\"fontstyle2\">12 Nov 2012<br \/>\n<\/span><span class=\"fontstyle0\">Mesa panel Vida Profesional y Experiencia Laborales<\/span><span class=\"fontstyle2\">. Panelista en el marco del Ciclo organizado por el Gabinete Psicopedag\u00f3gico y Sistemas de Tutor\u00edas. UNT, FACET.<\/span><\/p>\n<p><span class=\"fontstyle2\">Mar 2012 \u2013 Oct 2012<br \/>\n<\/span><span class=\"fontstyle0\">Asesor de tesis de grado <\/span><span class=\"fontstyle2\">&#8211; DCC, FACET, UNT.<br \/>\nSeguimiento y asesoramiento en el desarrollo una tesis dirigida por Ana Nievez Rodr\u00edguez, titulada: \u201cAplicaci\u00f3n de la T\u00e9cnica de Programaci\u00f3n TDD Mediante Herramientas de Software\u201d. (TDD, Python, Eclipse, SVN)<\/span><\/p>\n<p><span class=\"fontstyle2\">Oct 2011<br \/>\n<\/span><span class=\"fontstyle0\">Expositor <\/span><span class=\"fontstyle2\">del Stand de las carreras de Programador Universitario y Licenciatura en Inform\u00e1tica en la muestra \u201cExactas para todos\u201d. UNT, FACET.<\/span><\/p>\n<p><span class=\"fontstyle2\">Ago 2011 \u2013 Jul 2012<br \/>\n<\/span><span class=\"fontstyle0\">Implementador de mejoras <\/span><span class=\"fontstyle2\">&#8211; DCC, FACET, UNT<br \/>\nImplementaci\u00f3n de servicio de autenticaci\u00f3n de usuarios, sistema de archivos en red e instalaci\u00f3n de herramientas de \u201cSoftware Libre\u201d en un laboratorio de computaci\u00f3n del Departamento de Ciencias de la Computaci\u00f3n de la FACET, UNT. (FreeBSD on HP Proliant ML110 server, OpenLDAP, NFS, Linux Ubuntu).<\/span><\/p>\n<p><span class=\"fontstyle2\">Dic 2009<br \/>\n<\/span><span class=\"fontstyle0\">\u00c1rbitro revista <\/span><span class=\"fontstyle2\">&#8211; Revista cet, UNT<br \/>\nFunci\u00f3n de \u00e1rbitro para un art\u00edculo relacionado con el \u201cSoftware Libre\u201d para la revista cet de la Facultad de Ciencias Exactas y Tecnolog\u00eda.<\/span><\/p>\n<h3><strong><span class=\"fontstyle0\">Estudio de Idiomas<\/span><\/strong><\/h3>\n<p><span class=\"fontstyle2\">11 de Abril 2012<br \/>\nCELT &#8211; Comprehensive English Language Test Examen internacional ESOL (English for Speakers of Other Languages). Listening 78 %, Structure 77 %, Vocabulary 72 %. Total grade 75.67 %.<\/span><\/p>\n<p><span class=\"fontstyle2\">Mar 2011 \u2013 Dic 2011<br \/>\nIngl\u00e9s &#8211; ATICANA<br \/>\nCursos avanzado de ingl\u00e9s para examen internacional en la Asociaci\u00f3n Tucumana de Intercambio Cultural<br \/>\nArgentino Norteamericano. Aprobado con 83.58\/100.<\/span><\/p>\n<p><span class=\"fontstyle2\">Mar 2005\u2013Dec 2005<br \/>\nPortugu\u00e9s &#8211; Facultad de Filosof\u00eda y Letras, UNT<br \/>\nNivel inicial de Portugu\u00eas del departamento de Lenguas. Aprobado con 8\/10.<\/span><\/p>\n<p><span class=\"fontstyle2\">Dic 2003<br \/>\nTechnical English at FACET, UNT. Certificate with a grade of 9 on a 10 scale.<\/span><\/p>\n<p><span class=\"fontstyle2\">Mar 1997\u2013Dic 1999<br \/>\nIngl\u00e9s &#8211; ATICANA<br \/>\nSeis cursos cuatrimestrales. Promedio final de 90.33\/100.00.<\/span><\/p>\n<p>&nbsp;<\/p>\n","protected":false},"excerpt":{"rendered":"<p>Mag. H\u00e9ctor Adri\u00e1n Valdecantos Formaci\u00f3n Ago 2018 \u2013 Jul 2021 Estudiante de doctorado &#8211; Rochester Institute of Technology (RIT) Carrera del Golisano College of Computing and Information Sciences (GCCIS) at RIT, en el programa de Ph.D. en Computing and Information Sciences. \u00c1rea de investigaci\u00f3n: comprensi\u00f3n de c\u00f3digo fuente, paradigmas de programaci\u00f3n, lenguajes de programaci\u00f3n. Ago [&hellip;]<\/p>\n","protected":false},"author":101021,"featured_media":0,"parent":0,"menu_order":0,"comment_status":"closed","ping_status":"closed","template":"","meta":[],"_links":{"self":[{"href":"https:\/\/www.facet.unt.edu.ar\/dpto-cs-comp\/wp-json\/wp\/v2\/pages\/2674"}],"collection":[{"href":"https:\/\/www.facet.unt.edu.ar\/dpto-cs-comp\/wp-json\/wp\/v2\/pages"}],"about":[{"href":"https:\/\/www.facet.unt.edu.ar\/dpto-cs-comp\/wp-json\/wp\/v2\/types\/page"}],"author":[{"embeddable":true,"href":"https:\/\/www.facet.unt.edu.ar\/dpto-cs-comp\/wp-json\/wp\/v2\/users\/101021"}],"replies":[{"embeddable":true,"href":"https:\/\/www.facet.unt.edu.ar\/dpto-cs-comp\/wp-json\/wp\/v2\/comments?post=2674"}],"version-history":[{"count":12,"href":"https:\/\/www.facet.unt.edu.ar\/dpto-cs-comp\/wp-json\/wp\/v2\/pages\/2674\/revisions"}],"predecessor-version":[{"id":2689,"href":"https:\/\/www.facet.unt.edu.ar\/dpto-cs-comp\/wp-json\/wp\/v2\/pages\/2674\/revisions\/2689"}],"wp:attachment":[{"href":"https:\/\/www.facet.unt.edu.ar\/dpto-cs-comp\/wp-json\/wp\/v2\/media?parent=2674"}],"curies":[{"name":"wp","href":"https:\/\/api.w.org\/{rel}","templated":true}]}}