{"id":2764,"date":"2021-10-21T15:02:20","date_gmt":"2021-10-21T18:02:20","guid":{"rendered":"https:\/\/www.facet.unt.edu.ar\/dpto-cs-comp\/?page_id=2764"},"modified":"2021-10-21T15:06:43","modified_gmt":"2021-10-21T18:06:43","slug":"cv-megsoria","status":"publish","type":"page","link":"https:\/\/www.facet.unt.edu.ar\/dpto-cs-comp\/cv-megsoria\/","title":{"rendered":"Marcos Esteban Gerardo Soria"},"content":{"rendered":"<h2><strong>Ing. Marcos Esteban Gerardo Soria<\/strong><\/h2>\n<p><a href=\"https:\/\/www.facet.unt.edu.ar\/dpto-cs-comp\/wp-content\/uploads\/sites\/29\/2021\/10\/megsoria.jpg\"><img decoding=\"async\" loading=\"lazy\" class=\"alignnone size-full wp-image-2767\" src=\"https:\/\/www.facet.unt.edu.ar\/dpto-cs-comp\/wp-content\/uploads\/sites\/29\/2021\/10\/megsoria.jpg\" alt=\"\" width=\"308\" height=\"308\" \/><\/a><\/p>\n<h3><strong>Formaci\u00f3n acad\u00e9mica<\/strong><\/h3>\n<ul>\n<li>Ingeniero en Computaci\u00f3n. Universidad Nacional de Tucum\u00e1n. 2010.<\/li>\n<\/ul>\n<h3><strong>Antecedentes docentes<\/strong><\/h3>\n<ul>\n<li>Docente del Dpto. de Ciencias de la Computaci\u00f3n de la FACET \u2013 UNT desde el a\u00f1o 2013.<\/li>\n<li>Profesor Adjunto con semi-dedicaci\u00f3n, a cargo de las asignaturas Sistemas Operativos (PU), Sistemas Operativos I (LI, II) y Sistemas Operativos II (LI, II). Cargo regular obtenido por concurso de antecedentes y oposici\u00f3n, desde el a\u00f1o 2018.<\/li>\n<\/ul>\n<h3><strong>Antecedentes de gesti\u00f3n<\/strong><\/h3>\n<ul>\n<li>Miembro de la Comisi\u00f3n Acad\u00e9mica de la carrera de Licenciatura en Inform\u00e1tica en los per\u00edodos 2014-2016 y 2016-2018.<\/li>\n<li>Miembro de la Comisi\u00f3n de Prioridades del Dpto. de Ciencias de la Computaci\u00f3n de la FaCET \u2013 UNT, desde 2018 a la fecha.<\/li>\n<li>Representante de la carrera de Licenciatura en Inform\u00e1tica ante la Comisi\u00f3n de Seguimiento de Egresados de la Facultad de Ciencias Exactas y Tecnolog\u00eda, UNT, desde 2019 a la fecha.<\/li>\n<\/ul>\n<h3><strong>Experiencia laboral<\/strong><\/h3>\n<ul>\n<li>Pasante estudiantil en la Direcci\u00f3n General de Catastro de Tucum\u00e1n en el \u00e1rea Sistemas, participando en el mantenimiento general de la red de \u00e1rea local, y en el desarrollo de aplicaciones complementarias al sistema inform\u00e1tico de gesti\u00f3n.<\/li>\n<li>Administrador de Recursos Inform\u00e1ticos, plan Conectar Igualdad, en la Escuela de Agricultura y Sacarotecnia de la UNT. Formador de becarios de las escuelas EAS, Sarmiento y Bellas Artes de la UNT.<\/li>\n<li>Administrador de Servidores de la Direcci\u00f3n de Inform\u00e1tica, Log\u00edstica y Comunicaciones del Sistema Provincial de Salud de la Provincia de Tucum\u00e1n, con dedicaci\u00f3n a la implementaci\u00f3n de tecnolog\u00edas de virtualizaci\u00f3n.<\/li>\n<\/ul>\n","protected":false},"excerpt":{"rendered":"<p>Ing. Marcos Esteban Gerardo Soria Formaci\u00f3n acad\u00e9mica Ingeniero en Computaci\u00f3n. Universidad Nacional de Tucum\u00e1n. 2010. Antecedentes docentes Docente del Dpto. de Ciencias de la Computaci\u00f3n de la FACET \u2013 UNT desde el a\u00f1o 2013. Profesor Adjunto con semi-dedicaci\u00f3n, a cargo de las asignaturas Sistemas Operativos (PU), Sistemas Operativos I (LI, II) y Sistemas Operativos II [&hellip;]<\/p>\n","protected":false},"author":101021,"featured_media":0,"parent":0,"menu_order":0,"comment_status":"closed","ping_status":"closed","template":"","meta":[],"_links":{"self":[{"href":"https:\/\/www.facet.unt.edu.ar\/dpto-cs-comp\/wp-json\/wp\/v2\/pages\/2764"}],"collection":[{"href":"https:\/\/www.facet.unt.edu.ar\/dpto-cs-comp\/wp-json\/wp\/v2\/pages"}],"about":[{"href":"https:\/\/www.facet.unt.edu.ar\/dpto-cs-comp\/wp-json\/wp\/v2\/types\/page"}],"author":[{"embeddable":true,"href":"https:\/\/www.facet.unt.edu.ar\/dpto-cs-comp\/wp-json\/wp\/v2\/users\/101021"}],"replies":[{"embeddable":true,"href":"https:\/\/www.facet.unt.edu.ar\/dpto-cs-comp\/wp-json\/wp\/v2\/comments?post=2764"}],"version-history":[{"count":4,"href":"https:\/\/www.facet.unt.edu.ar\/dpto-cs-comp\/wp-json\/wp\/v2\/pages\/2764\/revisions"}],"predecessor-version":[{"id":2771,"href":"https:\/\/www.facet.unt.edu.ar\/dpto-cs-comp\/wp-json\/wp\/v2\/pages\/2764\/revisions\/2771"}],"wp:attachment":[{"href":"https:\/\/www.facet.unt.edu.ar\/dpto-cs-comp\/wp-json\/wp\/v2\/media?parent=2764"}],"curies":[{"name":"wp","href":"https:\/\/api.w.org\/{rel}","templated":true}]}}