{"id":2844,"date":"2022-02-12T12:46:11","date_gmt":"2022-02-12T15:46:11","guid":{"rendered":"https:\/\/www.facet.unt.edu.ar\/dpto-cs-comp\/?page_id=2844"},"modified":"2022-02-14T22:32:21","modified_gmt":"2022-02-15T01:32:21","slug":"cv-aesaboridomole","status":"publish","type":"page","link":"https:\/\/www.facet.unt.edu.ar\/dpto-cs-comp\/cv-aesaboridomole\/","title":{"rendered":"Alberto Esteban Saborido Mole"},"content":{"rendered":"<h2><strong>Ing. SABORIDO MOLE, Alberto Esteban<\/strong><\/h2>\n<p><a href=\"https:\/\/www.facet.unt.edu.ar\/dpto-cs-comp\/wp-content\/uploads\/sites\/29\/2022\/02\/esaborido.png\"><img decoding=\"async\" loading=\"lazy\" class=\"alignnone wp-image-2840\" src=\"https:\/\/www.facet.unt.edu.ar\/dpto-cs-comp\/wp-content\/uploads\/sites\/29\/2022\/02\/esaborido.png\" alt=\"\" width=\"300\" height=\"385\" \/><\/a><\/p>\n<p><strong>Datos Personales<\/strong><\/p>\n<p>LinkedIn: <a href=\"http:\/\/www.linkedin.com\/in\/esteban-saborido-9870a617a\/\">www.linkedin.com\/in\/esteban-saborido-9870a617a\/<\/a><\/p>\n<p><strong>Formaci\u00f3n Acad\u00e9mica<\/strong><\/p>\n<p>Ingeniero en Inform\u00e1tica &#8211; Universidad del Norte Santo Tom\u00e1s de Aquino \u2013 2003.<\/p>\n<p><strong>Docencia<\/strong><\/p>\n<p>Profesor Asociado con dedicaci\u00f3n media en las asignaturas \u201cAn\u00e1lisis y Dise\u00f1o de Sistemas de Informaci\u00f3n\u201d y \u201cProyecto Final\u201d en la carrera de Programador Universitario e \u201cIngenier\u00eda de software I\u201d y \u201cProyecto de Software\u201d en la carrera de Licenciatura en Inform\u00e1tica de la FACET &#8211; UNT.<\/p>\n<p><strong>Gesti\u00f3n<\/strong><\/p>\n<ul>\n<li>Jurado de concursos docentes y de trabajos de tesis de alumnos.<\/li>\n<li>Miembro titular de la comisi\u00f3n de prioridades del Departamento de Ciencias de la Computaci\u00f3n.<\/li>\n<li>Miembro suplente de la comisi\u00f3n acad\u00e9mica de la carrera de Ingenier\u00eda en Inform\u00e1tica.<\/li>\n<li>Ha sido miembro de comisiones acad\u00e9micas de las carreras de programador Universitario y de Licenciatura en Inform\u00e1tica.<\/li>\n<\/ul>\n<p><strong>Antecedentes Laborales<\/strong><\/p>\n<p>Se ha desempe\u00f1ado como programador, analista, dise\u00f1ador y arquitecto de soluciones de software para diversos tipos de empresas como f\u00e1bricas, distribuidoras, metal\u00fargicas, marmoler\u00edas, etc&#8230;<\/p>\n<p>Actualmente es director de <a href=\"https:\/\/pragmasoft.com.ar\/\">PragmaSOFT<\/a> (www.pragmasoft.com.ar), empresa de desarrollo de software para PyMES.<\/p>\n<p><strong>Extensi\u00f3n<\/strong><\/p>\n<p>Disert\u00f3 sobre la llamada \u201c4\u00b0 Revoluci\u00f3n Industrial\u201d en Diplomatura en delitos inform\u00e1ticos y forensia digital (UTN &#8211; 2021)<\/p>\n<p><strong>Formaci\u00f3n y Perfeccionamiento<\/strong><\/p>\n<p>En los \u00faltimos a\u00f1os ha recibido m\u00faltiples capacitaciones orientadas al perfeccionamiento docente, seguridad inform\u00e1tica y al asesoramiento para gestionar y aplicar procesos de transformaci\u00f3n digital e innovaci\u00f3n abierta en instituciones en general:<\/p>\n<ul>\n<li>Curso de Postgrado: Ingenier\u00eda de Datos de Alto Rendimiento con Herramientas CASE (FACET &#8211; 2021).<\/li>\n<li>Diplomatura en estrategia de ciberseguridad e inteligencia en cibercrimen (UNSTA &#8211; 2020).<\/li>\n<li>Curso Comprender la Contabilidad de mi Empresa (UTN &#8211; 2021).<\/li>\n<li>Curso Mi estudio contable (UNSTA \u2013 2018).<\/li>\n<\/ul>\n","protected":false},"excerpt":{"rendered":"<p>Ing. SABORIDO MOLE, Alberto Esteban Datos Personales LinkedIn: www.linkedin.com\/in\/esteban-saborido-9870a617a\/ Formaci\u00f3n Acad\u00e9mica Ingeniero en Inform\u00e1tica &#8211; Universidad del Norte Santo Tom\u00e1s de Aquino \u2013 2003. Docencia Profesor Asociado con dedicaci\u00f3n media en las asignaturas \u201cAn\u00e1lisis y Dise\u00f1o de Sistemas de Informaci\u00f3n\u201d y \u201cProyecto Final\u201d en la carrera de Programador Universitario e \u201cIngenier\u00eda de software I\u201d y [&hellip;]<\/p>\n","protected":false},"author":101021,"featured_media":0,"parent":0,"menu_order":0,"comment_status":"closed","ping_status":"closed","template":"","meta":[],"_links":{"self":[{"href":"https:\/\/www.facet.unt.edu.ar\/dpto-cs-comp\/wp-json\/wp\/v2\/pages\/2844"}],"collection":[{"href":"https:\/\/www.facet.unt.edu.ar\/dpto-cs-comp\/wp-json\/wp\/v2\/pages"}],"about":[{"href":"https:\/\/www.facet.unt.edu.ar\/dpto-cs-comp\/wp-json\/wp\/v2\/types\/page"}],"author":[{"embeddable":true,"href":"https:\/\/www.facet.unt.edu.ar\/dpto-cs-comp\/wp-json\/wp\/v2\/users\/101021"}],"replies":[{"embeddable":true,"href":"https:\/\/www.facet.unt.edu.ar\/dpto-cs-comp\/wp-json\/wp\/v2\/comments?post=2844"}],"version-history":[{"count":4,"href":"https:\/\/www.facet.unt.edu.ar\/dpto-cs-comp\/wp-json\/wp\/v2\/pages\/2844\/revisions"}],"predecessor-version":[{"id":2895,"href":"https:\/\/www.facet.unt.edu.ar\/dpto-cs-comp\/wp-json\/wp\/v2\/pages\/2844\/revisions\/2895"}],"wp:attachment":[{"href":"https:\/\/www.facet.unt.edu.ar\/dpto-cs-comp\/wp-json\/wp\/v2\/media?parent=2844"}],"curies":[{"name":"wp","href":"https:\/\/api.w.org\/{rel}","templated":true}]}}