{"id":2857,"date":"2022-02-14T11:28:05","date_gmt":"2022-02-14T14:28:05","guid":{"rendered":"https:\/\/www.facet.unt.edu.ar\/dpto-cs-comp\/?page_id=2857"},"modified":"2022-02-14T11:31:09","modified_gmt":"2022-02-14T14:31:09","slug":"cv-pmfernandez","status":"publish","type":"page","link":"https:\/\/www.facet.unt.edu.ar\/dpto-cs-comp\/cv-pmfernandez\/","title":{"rendered":"Patricia M\u00f3nica Fern\u00e1ndez"},"content":{"rendered":"<h2>Mag. Lic. Prof. Patricia M\u00f3nica Fern\u00e1ndez<\/h2>\n<p><a href=\"https:\/\/www.facet.unt.edu.ar\/dpto-cs-comp\/wp-content\/uploads\/sites\/29\/2022\/02\/pfernandez.jpg\"><img decoding=\"async\" loading=\"lazy\" class=\"alignnone size-full wp-image-2858\" src=\"https:\/\/www.facet.unt.edu.ar\/dpto-cs-comp\/wp-content\/uploads\/sites\/29\/2022\/02\/pfernandez.jpg\" alt=\"\" width=\"206\" height=\"247\" \/><\/a><\/p>\n<p><strong>FORMACION ACADEMICA<\/strong><\/p>\n<p>&#8211; <em>Mag\u00edster en M\u00e9todos Num\u00e9ricos y Computacionales en Ingenier\u00eda<\/em>,\u00a0 2007, UNT.<\/p>\n<p>&#8211; <em>Profesora de Ense\u00f1anza Secundaria, Normal y Especial en Matem\u00e1tica<\/em>, 1980,\u00a0 UNT.<\/p>\n<p>&#8211; <em>Licenciada en Matem\u00e1tica<\/em>, 1979, UNT.<\/p>\n<p><strong>\u00a0<\/strong><strong>ANTECEDENTES <\/strong><\/p>\n<p>&#8211;<em>Profesora Titular Dedicaci\u00f3n Exclusiva<\/em>. Departamento de Ciencias de la Computaci\u00f3n. Desde 2008. FACET. UNT<\/p>\n<p>\u2013\u00a0<em>Profesora Asociada Dedicaci\u00f3n Simple<\/em>. Departamento de Electricidad, Electr\u00f3nica y Computaci\u00f3n. Desde 2008. FACET. UNT.<\/p>\n<p>&#8211; Sub Secretaria de Extensi\u00f3n de la UNT, desde 2018.<\/p>\n<p>-Co-directora de la Maestr\u00eda\u00a0 en Tecnolog\u00edas de la Comunicaci\u00f3n, carrera conjunta entre la Universidad Nacional de\u00a0\u00a0 Tucum\u00e1n y la\u00a0 Universita degli Estudi di Cagliari, Cerde\u00f1a, Italia, aprobada en 2015.<\/p>\n<p>&#8211; Vice Decana de la FACET- UNT, desde\u00a0 2010 hasta 2018. Dos periodos.<\/p>\n<p>&#8211; Investigadora categorizada con Categor\u00eda 3, desde 1999, categor\u00eda C de 1995 a 1998.<\/p>\n<p>&#8211; Integrante del Laboratorio de F\u00edsica de la Atm\u00f3sfera, FACET \u2013 UNT.<\/p>\n<p>&#8211; Participa en\u00a0 proyectos de investigaci\u00f3n (CIUNT, PICTO) desde el a\u00f1o 1995.<\/p>\n<p>&#8211; L\u00edneas de investigaci\u00f3n relacionadas con: Estudio de Variabilidad y Tendencias en Par\u00e1metros Atmosf\u00e9ricos, Solares y Geomagn\u00e9ticos. Efectos de tormentas geomagn\u00e9ticas sobre la atm\u00f3sfera baja, media y superior.<\/p>\n<p>&#8211; Ha dirigido alumnos de grado y posgrado desde el a\u00f1o 1995.<\/p>\n<p>&#8211; Posee numerosos art\u00edculos publicados en revistas nacionales e internacionales y cap\u00edtulos de libros, desde el a\u00f1o 1986.<\/p>\n<p>&#8211; Particip\u00f3 como organizador,\u00a0 asistente y expositor en m\u00faltiples Congresos, Talleres y Conferencias, nacionales e internacionales desde el a\u00f1o 1981.<\/p>\n<p>&#8211; Integrante del comit\u00e9 cient\u00edfico en numerosos congresos y revistas, tanto nacionales como internacionales.<\/p>\n<p>&#8211; Integrante del Consejo de Posgrado, de 2004 a 2006, y Consejo Directivo de la FACET-UNT, de 2006 a 2008.<\/p>\n","protected":false},"excerpt":{"rendered":"<p>Mag. Lic. Prof. Patricia M\u00f3nica Fern\u00e1ndez FORMACION ACADEMICA &#8211; Mag\u00edster en M\u00e9todos Num\u00e9ricos y Computacionales en Ingenier\u00eda,\u00a0 2007, UNT. &#8211; Profesora de Ense\u00f1anza Secundaria, Normal y Especial en Matem\u00e1tica, 1980,\u00a0 UNT. &#8211; Licenciada en Matem\u00e1tica, 1979, UNT. \u00a0ANTECEDENTES &#8211;Profesora Titular Dedicaci\u00f3n Exclusiva. Departamento de Ciencias de la Computaci\u00f3n. Desde 2008. FACET. UNT \u2013\u00a0Profesora Asociada Dedicaci\u00f3n [&hellip;]<\/p>\n","protected":false},"author":101021,"featured_media":0,"parent":0,"menu_order":0,"comment_status":"closed","ping_status":"closed","template":"","meta":[],"_links":{"self":[{"href":"https:\/\/www.facet.unt.edu.ar\/dpto-cs-comp\/wp-json\/wp\/v2\/pages\/2857"}],"collection":[{"href":"https:\/\/www.facet.unt.edu.ar\/dpto-cs-comp\/wp-json\/wp\/v2\/pages"}],"about":[{"href":"https:\/\/www.facet.unt.edu.ar\/dpto-cs-comp\/wp-json\/wp\/v2\/types\/page"}],"author":[{"embeddable":true,"href":"https:\/\/www.facet.unt.edu.ar\/dpto-cs-comp\/wp-json\/wp\/v2\/users\/101021"}],"replies":[{"embeddable":true,"href":"https:\/\/www.facet.unt.edu.ar\/dpto-cs-comp\/wp-json\/wp\/v2\/comments?post=2857"}],"version-history":[{"count":5,"href":"https:\/\/www.facet.unt.edu.ar\/dpto-cs-comp\/wp-json\/wp\/v2\/pages\/2857\/revisions"}],"predecessor-version":[{"id":2863,"href":"https:\/\/www.facet.unt.edu.ar\/dpto-cs-comp\/wp-json\/wp\/v2\/pages\/2857\/revisions\/2863"}],"wp:attachment":[{"href":"https:\/\/www.facet.unt.edu.ar\/dpto-cs-comp\/wp-json\/wp\/v2\/media?parent=2857"}],"curies":[{"name":"wp","href":"https:\/\/api.w.org\/{rel}","templated":true}]}}