{"id":2870,"date":"2022-02-14T18:18:53","date_gmt":"2022-02-14T21:18:53","guid":{"rendered":"https:\/\/www.facet.unt.edu.ar\/dpto-cs-comp\/?page_id=2870"},"modified":"2022-02-14T22:07:41","modified_gmt":"2022-02-15T01:07:41","slug":"cv-mportega","status":"publish","type":"page","link":"https:\/\/www.facet.unt.edu.ar\/dpto-cs-comp\/cv-mportega\/","title":{"rendered":"Mar\u00eda Paula Ortega"},"content":{"rendered":"<h2><strong>Dra. Mar\u00eda Paula Ortega<\/strong><\/h2>\n<p><a href=\"https:\/\/www.facet.unt.edu.ar\/dpto-cs-comp\/wp-content\/uploads\/sites\/29\/2022\/02\/mportega.jpg\"><img decoding=\"async\" loading=\"lazy\" class=\"alignnone wp-image-2871\" src=\"https:\/\/www.facet.unt.edu.ar\/dpto-cs-comp\/wp-content\/uploads\/sites\/29\/2022\/02\/mportega.jpg\" alt=\"\" width=\"300\" height=\"299\" \/><\/a><\/p>\n<h3><strong>Informaci\u00f3n personal<\/strong><\/h3>\n<p><strong>Correo Electr\u00f3nico<\/strong>: mortega@herrera.unt.edu.ar<\/p>\n<h3><strong>Educaci\u00f3n\u00a0universitaria<\/strong><\/h3>\n<ul>\n<li>Diciembre 2018: <strong>ABOGADA y Procuradora<\/strong><br \/>\nUniversidad Nacional de Tucum\u00e1n\n<\/li>\n<\/ul>\n<h3><strong>Cursos y Capacitaciones Relacionados con la actividad docente<\/strong><\/h3>\n<ul>\n<li>Junio 2021: <strong>Videoconferencia: \u201ccibercrimen y evidencia digital\u201d<\/strong><br \/>\nOrganizado por el Centro Judicial Monteros y la Asociaci\u00f3n de Magistrados. A cargo de la Dra. Daniela S. Dupuy, especialista en cibercrimen. Moderado por la Dra. Marcela Ruiz (Presidenta de la Asociaci\u00f3n de Magistrados y de la C\u00e1mara Civil y Comercial Com\u00fan del Centro Judicial Capital.\n<\/li>\n<li>Mayo 2021: <strong>videoconferencia: \u201cinteligencia artificial y proceso penal\u201d<\/strong><br \/>\nOrganizado por Centro Judicial Monteros y la Asociaci\u00f3n de Magistrados. A cargo de la Dra. Daniela S. Dupuy, quien es Fiscal Coordinadora de la Unidad Especializada en Delitos y Contraversiones Inform\u00e1ticas del Ministerio Publico Fiscal de la Ciudad Aut\u00f3noma d Buenos Aires.\n<\/li>\n<li>Octubre 2019: <strong>videoconferencia: hablemos de derecho \u201cdelitos inform\u00e1ticos\u201d<\/strong><br \/>\nOrganizado por la Facultad de Derecho y Ciencias Sociales y Politicas de la U.N.N.E. A cargo de los Dres. Jorge Eduardo Boumpadre, Jose Maria Arrieta y Isidoro Sasson.\n<\/li>\n<li>2017-2018: <strong>curso de ingles intensivo Aticana<\/strong><br \/>\nSalta 581 \u2013 San Miguel De Tucuman.\n<\/li>\n<li>2016: <strong>curso de MICROSOFT OFICCE 2013<\/strong>\n<\/li>\n<\/ul>\n<h3><strong>Relaci\u00f3n con la comunidad<\/strong><\/h3>\n<ul>\n<li><strong>Voluntaria Techo Argentina<\/strong>\n<\/li>\n<li>2012-2018: <strong>Encargada de la Subcomisi\u00f3n de Tenis Juvenil<\/strong><br \/>\nClub Atl\u00e9tico Talleres de Taf\u00ed Viejo\n<\/li>\n<li>2011-2012: <strong>Presidenta Interact club Taf\u00ed Viejo<\/strong>\n<\/li>\n<li><strong>Miembro del Centro de Estudiantes<\/strong><br \/>\nCargos: Secretaria, Tesorera y Vicepresidenta (a lo largo de 3 a\u00f1os)\n<\/li>\n","protected":false},"excerpt":{"rendered":"<p>Dra. Mar\u00eda Paula Ortega Informaci\u00f3n personal Correo Electr\u00f3nico: mortega@herrera.unt.edu.ar Educaci\u00f3n\u00a0universitaria Diciembre 2018: ABOGADA y Procuradora Universidad Nacional de Tucum\u00e1n Cursos y Capacitaciones Relacionados con la actividad docente Junio 2021: Videoconferencia: \u201ccibercrimen y evidencia digital\u201d Organizado por el Centro Judicial Monteros y la Asociaci\u00f3n de Magistrados. A cargo de la Dra. Daniela S. Dupuy, especialista en [&hellip;]<\/p>\n","protected":false},"author":101021,"featured_media":0,"parent":0,"menu_order":0,"comment_status":"closed","ping_status":"closed","template":"","meta":[],"_links":{"self":[{"href":"https:\/\/www.facet.unt.edu.ar\/dpto-cs-comp\/wp-json\/wp\/v2\/pages\/2870"}],"collection":[{"href":"https:\/\/www.facet.unt.edu.ar\/dpto-cs-comp\/wp-json\/wp\/v2\/pages"}],"about":[{"href":"https:\/\/www.facet.unt.edu.ar\/dpto-cs-comp\/wp-json\/wp\/v2\/types\/page"}],"author":[{"embeddable":true,"href":"https:\/\/www.facet.unt.edu.ar\/dpto-cs-comp\/wp-json\/wp\/v2\/users\/101021"}],"replies":[{"embeddable":true,"href":"https:\/\/www.facet.unt.edu.ar\/dpto-cs-comp\/wp-json\/wp\/v2\/comments?post=2870"}],"version-history":[{"count":14,"href":"https:\/\/www.facet.unt.edu.ar\/dpto-cs-comp\/wp-json\/wp\/v2\/pages\/2870\/revisions"}],"predecessor-version":[{"id":2887,"href":"https:\/\/www.facet.unt.edu.ar\/dpto-cs-comp\/wp-json\/wp\/v2\/pages\/2870\/revisions\/2887"}],"wp:attachment":[{"href":"https:\/\/www.facet.unt.edu.ar\/dpto-cs-comp\/wp-json\/wp\/v2\/media?parent=2870"}],"curies":[{"name":"wp","href":"https:\/\/api.w.org\/{rel}","templated":true}]}}