{"id":2888,"date":"2022-02-14T22:16:16","date_gmt":"2022-02-15T01:16:16","guid":{"rendered":"https:\/\/www.facet.unt.edu.ar\/dpto-cs-comp\/?page_id=2888"},"modified":"2022-02-14T22:16:37","modified_gmt":"2022-02-15T01:16:37","slug":"cv-jgrana","status":"publish","type":"page","link":"https:\/\/www.facet.unt.edu.ar\/dpto-cs-comp\/cv-jgrana\/","title":{"rendered":"Javier Gra\u00f1a"},"content":{"rendered":"<h2><strong>Lic. Javier Gra\u00f1a<\/strong><\/h2>\n<p><a href=\"https:\/\/www.facet.unt.edu.ar\/dpto-cs-comp\/wp-content\/uploads\/sites\/29\/2022\/02\/jgrana.jpg\"><img decoding=\"async\" loading=\"lazy\" class=\"alignnone wp-image-2889\" src=\"https:\/\/www.facet.unt.edu.ar\/dpto-cs-comp\/wp-content\/uploads\/sites\/29\/2022\/02\/jgrana.jpg\" alt=\"\" width=\"300\" height=\"384\" \/><\/a><\/p>\n<h3><strong>Estudios Superiores<\/strong><\/h3>\n<ul>\n<li>Licenciado en Inform\u00e1tica. FACET, UNT.<\/li>\n<li>Programador Universitario. FACET, UNT.<\/li>\n<\/ul>\n<h3><strong>Docencia<\/strong><\/h3>\n<ul>\n<li>Docente Jefe de C\u00e1tedra en Taller de lenguaje (I y II) y en Inform\u00e1tica\u00a0 de la FACET.<\/li>\n<\/ul>\n<h3><strong>Experiencia en el \u00e1rea<\/strong><\/h3>\n<ul>\n<li>Si bien aprendi\u00f3 a desarrollar software de forma autodidacta en la adolescencia, comenz\u00f3 a hacerlo profesionalmente hace m\u00e1s de 10 a\u00f1os, tiempo durante el cual trabaj\u00f3 en el desarrollo \u00a0de aplicaciones en circuitos embebidos con Assembly y C; p\u00e1ginas Web, APIs y Aplicaciones de Celular y Escritorio.<\/li>\n<li>Como emprendedor fund\u00f3 junto a sus socios <a href=\"http:\/\/dintico.com\/\" target=\"_blank\" rel=\"noopener noreferrer\" data-saferedirecturl=\"https:\/\/www.google.com\/url?q=http:\/\/dintico.com&amp;source=gmail&amp;ust=1644958889387000&amp;usg=AOvVaw3LPqE2o08O--PohgMN60sp\">dintico.com<\/a>, participando de todas las etapas de la construcci\u00f3n del sistema: desde su desarrollo hasta su publicaci\u00f3n y comercializaci\u00f3n<\/li>\n<\/ul>\n","protected":false},"excerpt":{"rendered":"<p>Lic. Javier Gra\u00f1a Estudios Superiores Licenciado en Inform\u00e1tica. FACET, UNT. Programador Universitario. FACET, UNT. Docencia Docente Jefe de C\u00e1tedra en Taller de lenguaje (I y II) y en Inform\u00e1tica\u00a0 de la FACET. Experiencia en el \u00e1rea Si bien aprendi\u00f3 a desarrollar software de forma autodidacta en la adolescencia, comenz\u00f3 a hacerlo profesionalmente hace m\u00e1s de [&hellip;]<\/p>\n","protected":false},"author":101021,"featured_media":0,"parent":0,"menu_order":0,"comment_status":"closed","ping_status":"closed","template":"","meta":[],"_links":{"self":[{"href":"https:\/\/www.facet.unt.edu.ar\/dpto-cs-comp\/wp-json\/wp\/v2\/pages\/2888"}],"collection":[{"href":"https:\/\/www.facet.unt.edu.ar\/dpto-cs-comp\/wp-json\/wp\/v2\/pages"}],"about":[{"href":"https:\/\/www.facet.unt.edu.ar\/dpto-cs-comp\/wp-json\/wp\/v2\/types\/page"}],"author":[{"embeddable":true,"href":"https:\/\/www.facet.unt.edu.ar\/dpto-cs-comp\/wp-json\/wp\/v2\/users\/101021"}],"replies":[{"embeddable":true,"href":"https:\/\/www.facet.unt.edu.ar\/dpto-cs-comp\/wp-json\/wp\/v2\/comments?post=2888"}],"version-history":[{"count":2,"href":"https:\/\/www.facet.unt.edu.ar\/dpto-cs-comp\/wp-json\/wp\/v2\/pages\/2888\/revisions"}],"predecessor-version":[{"id":2891,"href":"https:\/\/www.facet.unt.edu.ar\/dpto-cs-comp\/wp-json\/wp\/v2\/pages\/2888\/revisions\/2891"}],"wp:attachment":[{"href":"https:\/\/www.facet.unt.edu.ar\/dpto-cs-comp\/wp-json\/wp\/v2\/media?parent=2888"}],"curies":[{"name":"wp","href":"https:\/\/api.w.org\/{rel}","templated":true}]}}