{"id":3827,"date":"2024-06-23T16:14:58","date_gmt":"2024-06-23T19:14:58","guid":{"rendered":"https:\/\/www.facet.unt.edu.ar\/dpto-cs-comp\/?page_id=3827"},"modified":"2024-06-23T16:33:21","modified_gmt":"2024-06-23T19:33:21","slug":"elecciones","status":"publish","type":"page","link":"https:\/\/www.facet.unt.edu.ar\/dpto-cs-comp\/elecciones\/","title":{"rendered":"Elecciones"},"content":{"rendered":"<h2>Elecci\u00f3n de Jefe Departamento, Director de Carrera, Comisi\u00f3n Acad\u00e9mica y Comisi\u00f3n de Prioridades, y sus funciones<\/h2>\n<ul>\n<li><a href=\"https:\/\/www.facet.unt.edu.ar\/dpto-cs-comp\/wp-content\/uploads\/sites\/29\/2024\/06\/resolucion-1.pdf\" target=\"_blank\" rel=\"noopener\">Resoluci\u00f3n 1362\/99 y Anexo<\/a><\/li>\n<li><a href=\"https:\/\/www.facet.unt.edu.ar\/dpto-cs-comp\/wp-content\/uploads\/sites\/29\/2024\/06\/resolucion-2.pdf\" target=\"_blank\" rel=\"noopener\">Resoluci\u00f3n 0705\/16 (Modificaciones sobre Resoluci\u00f3n 1362\/99)<\/a><\/li>\n<\/ul>\n","protected":false},"excerpt":{"rendered":"<p>Elecci\u00f3n de Jefe Departamento, Director de Carrera, Comisi\u00f3n Acad\u00e9mica y Comisi\u00f3n de Prioridades, y sus funciones Resoluci\u00f3n 1362\/99 y Anexo Resoluci\u00f3n 0705\/16 (Modificaciones sobre Resoluci\u00f3n 1362\/99)<\/p>\n","protected":false},"author":101021,"featured_media":0,"parent":0,"menu_order":0,"comment_status":"closed","ping_status":"closed","template":"","meta":[],"_links":{"self":[{"href":"https:\/\/www.facet.unt.edu.ar\/dpto-cs-comp\/wp-json\/wp\/v2\/pages\/3827"}],"collection":[{"href":"https:\/\/www.facet.unt.edu.ar\/dpto-cs-comp\/wp-json\/wp\/v2\/pages"}],"about":[{"href":"https:\/\/www.facet.unt.edu.ar\/dpto-cs-comp\/wp-json\/wp\/v2\/types\/page"}],"author":[{"embeddable":true,"href":"https:\/\/www.facet.unt.edu.ar\/dpto-cs-comp\/wp-json\/wp\/v2\/users\/101021"}],"replies":[{"embeddable":true,"href":"https:\/\/www.facet.unt.edu.ar\/dpto-cs-comp\/wp-json\/wp\/v2\/comments?post=3827"}],"version-history":[{"count":6,"href":"https:\/\/www.facet.unt.edu.ar\/dpto-cs-comp\/wp-json\/wp\/v2\/pages\/3827\/revisions"}],"predecessor-version":[{"id":3836,"href":"https:\/\/www.facet.unt.edu.ar\/dpto-cs-comp\/wp-json\/wp\/v2\/pages\/3827\/revisions\/3836"}],"wp:attachment":[{"href":"https:\/\/www.facet.unt.edu.ar\/dpto-cs-comp\/wp-json\/wp\/v2\/media?parent=3827"}],"curies":[{"name":"wp","href":"https:\/\/api.w.org\/{rel}","templated":true}]}}