{"id":384,"date":"2016-01-07T22:01:37","date_gmt":"2016-01-08T01:01:37","guid":{"rendered":"https:\/\/www.facet.unt.edu.ar\/dpto-cs-comp\/?page_id=384"},"modified":"2021-08-21T15:31:54","modified_gmt":"2021-08-21T18:31:54","slug":"cv-gmolina","status":"publish","type":"page","link":"https:\/\/www.facet.unt.edu.ar\/dpto-cs-comp\/cv-gmolina\/","title":{"rendered":"cv-gmolina"},"content":{"rendered":"<h2>Dra. Lic. Graciela Molina<\/h2>\n<p><a href=\"https:\/\/www.facet.unt.edu.ar\/dpto-cs-comp\/wp-content\/uploads\/sites\/29\/2021\/08\/Molina_1.jpg\"><img decoding=\"async\" loading=\"lazy\" class=\"wp-image-2305 alignleft\" src=\"https:\/\/www.facet.unt.edu.ar\/dpto-cs-comp\/wp-content\/uploads\/sites\/29\/2021\/08\/Molina_1.jpg\" alt=\"\" width=\"522\" height=\"522\" \/><\/a><\/p>\n<p>&nbsp;<\/p>\n<p>&nbsp;<\/p>\n<p>&nbsp;<\/p>\n<p>&nbsp;<\/p>\n<p>&nbsp;<\/p>\n<p>&nbsp;<\/p>\n<p>&nbsp;<\/p>\n<p>&nbsp;<\/p>\n<p>&nbsp;<\/p>\n<p>&nbsp;<\/p>\n<p>&nbsp;<\/p>\n<p>&nbsp;<\/p>\n<ol>\n<li><strong> FORMACI\u00d3N ACAD\u00c9MICA<\/strong><\/li>\n<\/ol>\n<ul>\n<li>Doctora en Ciencias Exactas e Ingenier\u00eda. FACET- UNT. Tesis: Modelo de Detecci\u00f3n Autom\u00e1tica de Ecos de Radar.<\/li>\n<li>Licenciada en Inform\u00e1tica. FACET-UNT.<\/li>\n<li>Programadora Universitaria. FACET-UNT.<\/li>\n<\/ul>\n<ol start=\"2\">\n<li><strong> DOCENCIA <\/strong><\/li>\n<\/ol>\n<p><strong>Grado<\/strong><\/p>\n<p><u>Profesora Asociada con dedicaci\u00f3n exclusiva<\/u>, Dpto de Ciencias de la Computaci\u00f3n &#8211; FACET-UNT. Asignaturas: M\u00e9todos Num\u00e9ricos I, M\u00e9todos Num\u00e9ricos II e Introducci\u00f3n a la Ciencia de Datos.<\/p>\n<p><strong>\u00a0<\/strong><strong>Postgrado<\/strong><\/p>\n<ul>\n<li>Docente en las carreras de: Maestr\u00eda en M\u00e9todos Num\u00e9ricos y Computacionales, \u00a0Doctorado en Ciencias Exactas e Ingenier\u00eda,FACET-UNT y\u00a0 del Doctorado en Ciencia y Tecnolog\u00eda,Universidad Nacional de Quilmes.<\/li>\n<li>Docente y coordinadora del Trayecto Curricular \u201cCiencia de Datos aplicada a Meteorolog\u00eda del Espacio\u201d.<\/li>\n<li>Docente de la diplomatura en Telecomunicaciones.<\/li>\n<li>Profesora invitada en el curso: Aprendizaje Autom\u00e1tico aplicado a geociencias, DCAO, UBA.<\/li>\n<li><u>Cursos de postgrado dictados:<\/u> Programaci\u00f3n Cient\u00edfica, Aprendizaje Autom\u00e1tico: Fundamentos, Herramientas y Aplicaciones,\u00a0 Redes neuronales:Introducci\u00f3n al uso de las librer\u00edas Keras y Tensorflow para deep learning,\u00a0 T\u00e9cnicas de Programaci\u00f3n Cient\u00edfica.<\/li>\n<\/ul>\n<ol start=\"3\">\n<li><strong> INVESTIGACI\u00d3N<\/strong><\/li>\n<\/ol>\n<ul>\n<li><u>Investigadora asistente <\/u>de la carrera de Investigador Cient\u00edfico de CONICET. Tema de investigaci\u00f3n: <u>\u00a0Ciencia de Datos aplicada a Meteorolog\u00eda del Espacio.<\/u><\/li>\n<li><strong>\u00a0<\/strong>Investigadora categorizada por el programa de incentivos. Categor\u00eda actual: IV.<\/li>\n<li><u>Directora <\/u>del Tucum\u00e1n Space Weather Center \u2013 TSWC. <a href=\"https:\/\/spaceweather.facet.unt.edu.ar\/\">https:\/\/spaceweather.facet.unt.edu.ar\/<\/a><\/li>\n<li><u>Directora<\/u> del Laboratorio de Computaci\u00f3n Cient\u00edfica, Dpto de Ciencias de la Computaci\u00f3n- FACET-UNT.\u00a0 <a href=\"https:\/\/catedras.facet.unt.edu.ar\/labcc\/\">https:\/\/catedras.facet.unt.edu.ar\/labcc\/<\/a><\/li>\n<li><u>Directora<\/u> del Centro de C\u00f3mputos de Alto Desempe\u00f1o de la UNT (SCADUNT) \u2013 ClusterTucu. Res. 0253\/2019.<\/li>\n<li>Representante de la colaboraci\u00f3n LAGO (Latin America Giant Observatory) Nodo Tucum\u00e1n. <a href=\"http:\/\/lagoproject.net\/\">http:\/\/lagoproject.net\/<\/a><\/li>\n<li><u>Secretaria de Informaci\u00f3<\/u>n y miembro del consejo directivo de la Asociaci\u00f3n Latinoamericana de Geof\u00edsica Espacial (ALAGE).\u00a0 <a href=\"http:\/\/www.alage.org\/\">http:\/\/www.alage.org\/<\/a><\/li>\n<li>Representante argentina de la International Space Weather Initiative (ISWI). <a href=\"http:\/\/www.iswi-secretariat.org\/\">http:\/\/www.iswi-secretariat.org\/<\/a><\/li>\n<li>Integrante del grupo de T\u00e9cnicas de Programaci\u00f3n Cient\u00edfica (WTPC). <a href=\"https:\/\/wtpc.github.io\/\">https:\/\/wtpc.github.io\/<\/a><\/li>\n<\/ul>\n<p><strong>Actuales proyectos de investigaci\u00f3n en los que participa:<\/strong><\/p>\n<ul>\n<li>\u201cAplicaciones de Meteorolog\u00eda del Espacio basadas en Inteligencia Artificial\u201d. PIUNT E689 (directora).<\/li>\n<li>\u201cAn\u00e1lisis de viabilidad t\u00e9cnica mediante modelados y simulaci\u00f3n computacional para el desarrollo nacional de un RADAR OTH destinado a la detecci\u00f3n de aeronaves a grandes distancias\u201d. PIDDEF 03-2020. (Integrante)<\/li>\n<li>\u201cInvestigaci\u00f3n de la Alta Atm\u00f3sfera Terrestre Aplicada a Telecomunicaciones, Meteorolog\u00eda del Espacio y Cambio Clim\u00e1tico\u201d. <u>PICT-2018- 04447<\/u>. (Investigadora responsable)<\/li>\n<\/ul>\n<p><strong>Principales publicaciones en revistas cient\u00edficas<\/strong><\/p>\n<ul>\n<li><strong>2021- <\/strong>Observations of the cosmic ray detector at the Argentine Marambio base in the Antarctic Peninsula. N. A. Santos; S Dasso; A. M, Gulisano; O. Areso; M. Pereira; H. Asorey for the LAGO collaboration full author list (http:\/\/lagoproject.net\/collab.html). 37th International Cosmic Ray Conference (ICRC2021).<\/li>\n<li><strong>2021- <\/strong>Forbush decrease on September 6-13, 2017 observed by the Tanca water-Cherenkov detector. Renan De Aguiar; Anderson Campos Fauth LAGO collaboration full author list (http:\/\/lagoproject.net\/collab.html). 37th International Cosmic Ray Conference (ICRC2021).<\/li>\n<li><strong>2020- <\/strong>Development of a web monitor for the water Cherenkov detectors array of LAGO project, Otiniano, L.; Sidelnik,I. For the LAGO collaboration. https:\/\/doi.org\/10.1016\/j.nima.2019.02.035<\/li>\n<li><strong>2020- <\/strong>Consequences of a solar wind stream interaction region on the low latitude ionosphere: Event of 7 October 2015. M. G. Molina, S. Dasso, G. Mansilla, J. H. Namour, M. A. Cabrera, Zuccheretti. Solar Physics. Doi: 10.1007\/s11207-020-01728-7<\/li>\n<li><strong>2017- <\/strong>Workshop en T\u00e9cnicas de Programaci\u00f3n Cient\u00edfica: Ense\u00f1ando a desarrollar software colaborativo para la ciencia. P. Alcain; C. Jarne; R. Lugones y M. G. Molina. Revista CET, ISSN: 1668-9178 2017.<\/li>\n<li><strong>2016 &#8211; <\/strong>Automatic ionospheric layers detection: Algorithms analisys. M.G.Molina; E. Zuccheretti; M.A. Cabrera; C. Bianchi; U. Sciacca; J. Baskaradas. Advances on Space Research, doi:10.1016\/j.asr.2015.10.022.<\/li>\n<li><strong>2014 &#8211;<\/strong> Propagation of gravity waves and spread F in the low latitude ionosphere over Tucuman, Argentina, by continuous Doppler sounding: first results. Chum, J. ; F.A.M. Bonomi; J. Fi\u0161er; M.A. Cabrera; R. G. Ezquer; D. Bure\u0161ov\u00e1; J. La\u0161tovi\u010dka; J. Ba\u0161e; F. Hru\u0161ka, M.G. Molina; J. E. Ise, J. I. Cangemi, and T. \u0160indel\u00e1\u0159ov\u00e1. JGR: Space Physics. DOI.<\/li>\n<li><strong>2013-<\/strong> Digital Signal Processing and Numerical Analysis for Radar in Geophysical Applications. Molina, M.G.; Cabrera, M.A.; Ezquer, R.G.;Fernandez, P.M.; Zuccheretti, E. Advances on Space Research, DOI: 10.1016\/j.asr.2012.07.032.<\/li>\n<\/ul>\n<p><strong>Principales resultados en eventos cient\u00edficos:<\/strong><\/p>\n<ul>\n<li><strong>2021- <\/strong>Ionosphere F2 critical frequency forecasting using deep learning. Namour, Jorge;\u00a0 Molina, Mar\u00eda Graciela; Ise, Juan. Conference on Applications of Statistical Methods and Machine Learning in the Space Sciences. Estados Unidos de Am\u00e9rica. Boulder, Colorado.<\/li>\n<li><strong>2021- <\/strong>T\u00e9cnicas de Deep Learning Aplicadas al Pron\u00f3stico del Contenido Electr\u00f3nico Total de la Alta Atm\u00f3sfera Terrestre. Molina, Mar\u00eda Graciela ; Namour, Jorge; Cesaroni, Claudio; Spogli, Luca. (presentaci\u00f3n oral) Reuni\u00f3n AAGG2021.<\/li>\n<li><strong>2021- <\/strong>Actividades desarrolladas en el \u00e1rea de la Geof\u00edsica Espacial en la UNT. Molina, M. G.; Corral S.. Jornadas AUGM, Escuela \u201cNuevas t\u00e9cnicas Geod\u00e9sicas para Am\u00e9rica Latina y el Caribe\u201d.<\/li>\n<li><strong>2020- <\/strong>\u201c<strong>Low latitude ionosphere response to the 7 October 2015 event triggered by a solar wind stream interaction region\u201d, M. G. Molina, S. Dasso, G. Mansilla, J. H. Namour, M. A. Cabrera, Zuccheretti. European Space Weather Symposium 2020.<\/strong><\/li>\n<li><strong>2019- <\/strong><strong>\u201cNew Lago Node in Tucum\u00e1n -Argentina\u201d. Workshop: XI Encuentro de la Colaboraci\u00f3n LAGO, Centro At\u00f3mico Constituyentes, Buenos Aires, Argentina.<\/strong><\/li>\n<li><strong>2019- <\/strong><strong>\u201cComputer Science Techniques for Scientific Applications\u201d. Workshop: XI Encuentro de la Colaboraci\u00f3n LAGO, Centro At\u00f3mico Constituyentes, Buenos Aires, Argentina.<\/strong><\/li>\n<li><strong>2019- <\/strong>\u201cCauses and consequences of a possible CIR-ICME driven Space Weather event\u201d. Mar\u00eda Graciela Molina, Sergio Dasso, Gustavo Mansilla, Jorge Namour. Towards Future Research on Space Weather Drivers\u201d (FreSWeD). San Juan, Argentina.<\/li>\n<li><strong>2018- <\/strong>Campaign event from Sun to Earth, and consequences on the ionosphere of Tucuma\u0301n, Argentina. G. Molina, S. Dasso, F. Miranda Bonomi, G. Mansilla, M. Cabrera<em><sup>. <\/sup><\/em>42nd COSPAR Scientific Assembly, Pasadena, CA, United States of America.<\/li>\n<li><strong>2018-<\/strong> Space Weather Monitoring: challanges in data management. Namour, J.; Torres Peralta, T.; Ruiz, M.; Molina, M. G. ; Fagre, M.; Miranda Bonomi, F. XI COLAGE (Latin American Conference on Space Geophysics), Buenos Aires, Argentina.<\/li>\n<li><strong>2018- <\/strong>Space Weather observations at Tucum\u00e1n Low Latitude Observatory for Upper Atmosphere. G. Molina, F. A. Miranda Bonomi, M. Fagre, J. E. Ise, J. I. Cangemi, M. A. Cabrera, R. G. Ezquer, L. A. Scid\u00e1 y G. Ace\u00f1olaza. XI COLAGE (Latin American Conference on Space Geophysics), Buenos Aires, Argentina.<\/li>\n<li><strong>2018- <\/strong>Ionospheric response to the geomagnetic storm on 2nd October 2013:\u00a0 Longitudinal chain analysis over the American sector. M.G. Molina, N. Ellahony, U. Apponi, O. Ming, Y. Xiao, C. Amory-Mazaudier, Y. Migoya-Orue. XI COLAGE (Latin American Conference on Space Geophysics), Buenos Aires, Argentina.<\/li>\n<li><strong>2017- <\/strong>Desarrollo de software cient\u00edfico para simulaciones y an\u00e1lisis: Buenas pr\u00e1cticas y herramientas open source.P. Alcain, C. Jarne, R. Lugones, G. Molina. 102 Reuni\u00f3n anual de la Asociaci\u00f3n F\u00edsica Argentina\u201d La Plata.<\/li>\n<li><strong>2017-<\/strong> Analyzing solar wind data using Pandas to study an interplanetary magnetic cloud. Molina, M. G. y Dasso, S. PyData conference. Universidad Nacional de San Luis. San Luis, Argentina.<\/li>\n<li><strong>2017- <\/strong>Addressing Space Weather Monitoring data handling problem. Molina, M. G.; Namour, J.; Torres Peralta, T.; Ruiz, M.; Fagre, M.; Miranda Bonomi, F.. PyData conference. Universidad Nacional de San Luis. San Luis, Argentina.<\/li>\n<li><strong>2017-<\/strong> Monitoreo de condiciones de meteorolog\u00eda del espacio: Observatorio Tucum\u00e1n de Alta Atm\u00f3sfera Terrestre en Baja M. G. Molina, M. A. Cabrera, F. A. Miranda Bonomi, J. E. Ise, J. I. Cangemi, A., M. Fagre, Z. Saavedra,\u00a0 R. G. Ezquer, L. A. Scid\u00e1,\u00a0 A. G. Elias y G.\u00a0 Ace\u00f1olaza. Escuela de F\u00edsica, Universidad de Costa Rica, Costa Rica.<\/li>\n<li><strong>2017- <\/strong>Dise\u00f1o de algoritmos para detecci\u00f3n de estratos ionosf\u00e9ricos para un radar en banda de HF. M. G. Molina , M. A. Cabrera, E. Zuccheretti, U. Sciaca. XXVIII Reuni\u00f3n Cient\u00edfica de la Asociaci\u00f3n Argentina de Geof\u00edsicos y Geodestas. La Plata, Argentina.<\/li>\n<\/ul>\n<p><strong>Estancias de investigaci\u00f3n en el exterior:<\/strong><\/p>\n<ul>\n<li>Universidad de Newcastle, UK (2019)<\/li>\n<li>Istituto Nazionale di Geofisica e Vulcanologia (INGV), Roma, Italia (2014).<\/li>\n<li>Instituto de F\u00edsica de la Atm\u00f3sfera, Praga, Rep. Checa (2012).<\/li>\n<\/ul>\n<p><strong>Evaluaci\u00f3n Cient\u00edfica:<\/strong><\/p>\n<p><u>Proyectos CyT<\/u><\/p>\n<ul>\n<li><strong>2020- <\/strong>Evaluaci\u00f3n del proyecto de Investigaci\u00f3n \u00a8Desarrollo de un detector en la banda de 100 MHz &#8211; 1 GHz para el Radiotelescopio de Santa Cruz\u201d . Universidad de Costa Rica.<\/li>\n<li><strong>2020- <\/strong>Miembro comisi\u00f3n evaluadora de proyectos COVID-19 \u2013 federal. Programa de articulaci\u00f3n y fortalecimiento federal de las capacidades en ciencia y tecnolog\u00eda COVID-10. Ministerio\u00a0 de Ciencia, Tecnolog\u00eda e Innovaci\u00f3n de la Naci\u00f3n (MINCyT).<\/li>\n<li><strong>2019- <\/strong>Evaluaci\u00f3n del proyecto de Investigaci\u00f3n B\u00e1sica: \u201cHerramientas cient\u00edficas para optimizar el estudio de Clima Espacial&#8221; del Centro de Investigaciones Espaciales de la Universidad de Costa Rica.<\/li>\n<li><strong>Revistas CyT:<\/strong>\u00a0 Desde 2018 a la fecha-<strong>\u00a0 <\/strong>Referato las sigueintes revistas cient\u00edficas:Annals of Geophysics, Advances in Space Research, IEE, Journal of Geophysical Research (JGR), XIV Jornadas de Ciencia y Tecnolog\u00eda de Facultades de Ingenier\u00eda del NOA CODINOA 2019 , Anales AFA y MethodsX.<\/li>\n<\/ul>\n<p><strong>Organizaci\u00f3n de Eventos Cient\u00edficos:<\/strong><\/p>\n<ul>\n<li><strong>2021 <\/strong>\u2013 Convenor y miembro comit\u00e9 cient\u00edfico de la XII Latin American Conference on Space Geophysics ,Chile. <a href=\"https:\/\/ccc.ciencias.uchile.cl\/2020colage\/index.php\">https:\/\/ccc.ciencias.uchile.cl\/2020colage\/index.php<\/a> (2021- Online).<\/li>\n<li><strong>2021 <\/strong>\u2013 Convenor sesion SA011: Geospace System Response During Solar. Fall AGU 2021 meeting (hybrid meeting).<\/li>\n<li><strong>2020 <\/strong>\u2013 Organizador y disertante en el Worhshop:\u201dMachine Intelligence: Training and applications to regional challenges\u201d FACET-UNT y Universidad de Newcastle. https:\/\/catedras.facet.unt.edu.ar\/ai-facet\/es\/inicio\/<\/li>\n<li><strong>2018- <\/strong>Organizador mesa panel \u201cNew Programs in the Sun-Earth system\u201d. XI COLAGE (Latin American Conference on Space Geophysics), Buenos Aires, Argentina.<\/li>\n<\/ul>\n","protected":false},"excerpt":{"rendered":"<p>Dra. Lic. Graciela Molina &nbsp; &nbsp; &nbsp; &nbsp; &nbsp; &nbsp; &nbsp; &nbsp; &nbsp; &nbsp; &nbsp; &nbsp; FORMACI\u00d3N ACAD\u00c9MICA Doctora en Ciencias Exactas e Ingenier\u00eda. FACET- UNT. Tesis: Modelo de Detecci\u00f3n Autom\u00e1tica de Ecos de Radar. Licenciada en Inform\u00e1tica. FACET-UNT. Programadora Universitaria. FACET-UNT. DOCENCIA Grado Profesora Asociada con dedicaci\u00f3n exclusiva, Dpto de Ciencias de la Computaci\u00f3n [&hellip;]<\/p>\n","protected":false},"author":23,"featured_media":0,"parent":0,"menu_order":0,"comment_status":"closed","ping_status":"closed","template":"","meta":[],"_links":{"self":[{"href":"https:\/\/www.facet.unt.edu.ar\/dpto-cs-comp\/wp-json\/wp\/v2\/pages\/384"}],"collection":[{"href":"https:\/\/www.facet.unt.edu.ar\/dpto-cs-comp\/wp-json\/wp\/v2\/pages"}],"about":[{"href":"https:\/\/www.facet.unt.edu.ar\/dpto-cs-comp\/wp-json\/wp\/v2\/types\/page"}],"author":[{"embeddable":true,"href":"https:\/\/www.facet.unt.edu.ar\/dpto-cs-comp\/wp-json\/wp\/v2\/users\/23"}],"replies":[{"embeddable":true,"href":"https:\/\/www.facet.unt.edu.ar\/dpto-cs-comp\/wp-json\/wp\/v2\/comments?post=384"}],"version-history":[{"count":11,"href":"https:\/\/www.facet.unt.edu.ar\/dpto-cs-comp\/wp-json\/wp\/v2\/pages\/384\/revisions"}],"predecessor-version":[{"id":2312,"href":"https:\/\/www.facet.unt.edu.ar\/dpto-cs-comp\/wp-json\/wp\/v2\/pages\/384\/revisions\/2312"}],"wp:attachment":[{"href":"https:\/\/www.facet.unt.edu.ar\/dpto-cs-comp\/wp-json\/wp\/v2\/media?parent=384"}],"curies":[{"name":"wp","href":"https:\/\/api.w.org\/{rel}","templated":true}]}}