{"id":3840,"date":"2024-06-23T20:22:39","date_gmt":"2024-06-23T23:22:39","guid":{"rendered":"https:\/\/www.facet.unt.edu.ar\/dpto-cs-comp\/?page_id=3840"},"modified":"2024-06-23T20:25:40","modified_gmt":"2024-06-23T23:25:40","slug":"servicios","status":"publish","type":"page","link":"https:\/\/www.facet.unt.edu.ar\/dpto-cs-comp\/servicios\/","title":{"rendered":"Servicios"},"content":{"rendered":"<h2>Servicios Docentes<\/h2>\n<p>El Departamento de Ciencias de la Computaci\u00f3n le dicta asignaturas a las siguientes carreras:<\/p>\n<ul>\n<li><a href=\"https:\/\/www.facet.unt.edu.ar\/agrimensura\/\" target=\"_blank\" rel=\"noopener\">Agrimensura<\/a><\/li>\n<li><a href=\"https:\/\/www.facet.unt.edu.ar\/luminotecnia\/disenador-de-iluminacion\/\" target=\"_blank\" rel=\"noopener\">Dise\u00f1ador en Iluminaci\u00f3n<\/a><\/li>\n<li><a href=\"https:\/\/www.facet.unt.edu.ar\/ingenieria-azucarera\/\" target=\"_blank\" rel=\"noopener\">Ingenier\u00eda Azucarera<\/a><\/li>\n<li><a href=\"https:\/\/www.facet.unt.edu.ar\/geodesia-geofisica\/\" target=\"_blank\" rel=\"noopener\">Ingenier\u00eda Geof\u00edsica y Geod\u00e9sica<\/a><\/li>\n<li><a href=\"https:\/\/www.facet.unt.edu.ar\/ingindustrial\/\" target=\"_blank\" rel=\"noopener\">Ingenier\u00eda Industrial<\/a><\/li>\n<li><a href=\"https:\/\/www.facet.unt.edu.ar\/ingmecanica\/\" target=\"_blank\" rel=\"noopener\">Ingenier\u00eda Mec\u00e1nica<\/a><\/li>\n<li><a href=\"https:\/\/www.facet.unt.edu.ar\/ingenieriaquimica\/\" target=\"_blank\" rel=\"noopener\">Ingenier\u00eda Qu\u00edmica<\/a><\/li>\n<\/ul>\n","protected":false},"excerpt":{"rendered":"<p>Servicios Docentes El Departamento de Ciencias de la Computaci\u00f3n le dicta asignaturas a las siguientes carreras: Agrimensura Dise\u00f1ador en Iluminaci\u00f3n Ingenier\u00eda Azucarera Ingenier\u00eda Geof\u00edsica y Geod\u00e9sica Ingenier\u00eda Industrial Ingenier\u00eda Mec\u00e1nica Ingenier\u00eda Qu\u00edmica<\/p>\n","protected":false},"author":101021,"featured_media":0,"parent":0,"menu_order":0,"comment_status":"closed","ping_status":"closed","template":"","meta":[],"_links":{"self":[{"href":"https:\/\/www.facet.unt.edu.ar\/dpto-cs-comp\/wp-json\/wp\/v2\/pages\/3840"}],"collection":[{"href":"https:\/\/www.facet.unt.edu.ar\/dpto-cs-comp\/wp-json\/wp\/v2\/pages"}],"about":[{"href":"https:\/\/www.facet.unt.edu.ar\/dpto-cs-comp\/wp-json\/wp\/v2\/types\/page"}],"author":[{"embeddable":true,"href":"https:\/\/www.facet.unt.edu.ar\/dpto-cs-comp\/wp-json\/wp\/v2\/users\/101021"}],"replies":[{"embeddable":true,"href":"https:\/\/www.facet.unt.edu.ar\/dpto-cs-comp\/wp-json\/wp\/v2\/comments?post=3840"}],"version-history":[{"count":2,"href":"https:\/\/www.facet.unt.edu.ar\/dpto-cs-comp\/wp-json\/wp\/v2\/pages\/3840\/revisions"}],"predecessor-version":[{"id":3843,"href":"https:\/\/www.facet.unt.edu.ar\/dpto-cs-comp\/wp-json\/wp\/v2\/pages\/3840\/revisions\/3843"}],"wp:attachment":[{"href":"https:\/\/www.facet.unt.edu.ar\/dpto-cs-comp\/wp-json\/wp\/v2\/media?parent=3840"}],"curies":[{"name":"wp","href":"https:\/\/api.w.org\/{rel}","templated":true}]}}