{"id":4052,"date":"2025-06-12T00:27:59","date_gmt":"2025-06-12T03:27:59","guid":{"rendered":"https:\/\/www.facet.unt.edu.ar\/dpto-cs-comp\/?page_id=4052"},"modified":"2025-06-12T01:12:20","modified_gmt":"2025-06-12T04:12:20","slug":"club-ciberseguridad","status":"publish","type":"page","link":"https:\/\/www.facet.unt.edu.ar\/dpto-cs-comp\/club-ciberseguridad\/","title":{"rendered":"Club Ciberseguridad"},"content":{"rendered":"<h2><strong>Club de Ciberseguridad De Alumnos para Alumnos<\/strong><\/h2>\n<hr style=\"background-color: #0099cc; border-bottom: 1px solid #333399; margin: -20px auto 10px;\" \/>\n<h3><strong>\u00bfObjetivo?<\/strong><\/h3>\n<p>El Club de Ciberseguridad tiene como prop\u00f3sito principal fomentar el inter\u00e9s, la formaci\u00f3n y la pr\u00e1ctica en temas relacionados con la seguridad inform\u00e1tica. Busca crear un espacio colaborativo donde estudiantes puedan aprender de manera pr\u00e1ctica sobre vulnerabilidades, ciberdefensa, protecci\u00f3n de datos, entre otros temas.<\/p>\n<h3><strong>\u00bfQui\u00e9nes pueden participar?<\/strong><\/h3>\n<p>&#8211; Cualquier alumno\/ingresante de cualquier las carrera perteneciente a la UNT.<br \/>\n&#8211; Docentes o egresados que deseen colaborar como mentores.<br \/>\nNo se requieren conocimientos previos, solo curiosidad, compromiso y ganas de aprender.<\/p>\n<h3><strong>Actividades realizadas:<\/strong><\/h3>\n<p>&#8211; Charlas introductorias sobre ciberseguridad y tipos de ataques.<br \/>\n&#8211; Talleres pr\u00e1cticos sobre inyecci\u00f3n SQL, XSS, escaneo de puertos con Nmap y uso de Kali Linux.<br \/>\n&#8211; Caminos de aprendizajes en p\u00e1ginas como Tryhackme y Hackthebox.<br \/>\n&#8211; Laboratorios locales y maquinas virtuales de Dockerlabs para probar conocimientos y realizar CTFs (Capture The Flags).<br \/>\n&#8211; Charla con invitado especial para explicar metodolog\u00edas y herramientas de OSINT.<br \/>\n&#8211; Organizaci\u00f3n de reuniones semanales y busqueda de material de estudio.<\/p>\n<h3><strong>Docente referente:<\/strong><\/h3>\n<ul>\n<li><strong>Lic. Daniel Horacio Melucci<\/strong> \u2013 Responsable acad\u00e9mico del club.<\/li>\n<\/ul>\n<h3><strong>Alumnos referentes:<\/strong><\/h3>\n<ul>\n<li><strong>Javier Alejandro Rodriguez Berna<\/strong>l \u2013 Fundador y Presidente del club, estudiante de Licenciatura Inform\u00e1tica.<\/li>\n<li><strong>Guillermo Miguel D\u00edaz Romero<\/strong> \u2013 Fundador y Vicepresidente del club, estudiante de Ingenier\u00eda\u00a0Inform\u00e1tica.<\/li>\n<\/ul>\n<p><a href=\"https:\/\/www.facet.unt.edu.ar\/dpto-cs-comp\/wp-content\/uploads\/sites\/29\/2025\/06\/clubCiberdefensa1.jpeg\"><img decoding=\"async\" loading=\"lazy\" class=\" wp-image-4057 alignleft\" src=\"https:\/\/www.facet.unt.edu.ar\/dpto-cs-comp\/wp-content\/uploads\/sites\/29\/2025\/06\/clubCiberdefensa1.jpeg\" alt=\"Club Ciberdefensa\" width=\"452\" height=\"339\" \/><\/a><\/p>\n<p><a href=\"https:\/\/www.facet.unt.edu.ar\/dpto-cs-comp\/wp-content\/uploads\/sites\/29\/2025\/06\/clubCiberdefensa2.jpeg\"><img decoding=\"async\" loading=\"lazy\" class=\"wp-image-4058 alignright\" src=\"https:\/\/www.facet.unt.edu.ar\/dpto-cs-comp\/wp-content\/uploads\/sites\/29\/2025\/06\/clubCiberdefensa2.jpeg\" alt=\"Club Ciberdefensa\" width=\"446\" height=\"335\" \/><\/a><\/p>\n","protected":false},"excerpt":{"rendered":"<p>Club de Ciberseguridad De Alumnos para Alumnos \u00bfObjetivo? El Club de Ciberseguridad tiene como prop\u00f3sito principal fomentar el inter\u00e9s, la formaci\u00f3n y la pr\u00e1ctica en temas relacionados con la seguridad inform\u00e1tica. Busca crear un espacio colaborativo donde estudiantes puedan aprender de manera pr\u00e1ctica sobre vulnerabilidades, ciberdefensa, protecci\u00f3n de datos, entre otros temas. \u00bfQui\u00e9nes pueden participar? [&hellip;]<\/p>\n","protected":false},"author":101021,"featured_media":0,"parent":0,"menu_order":0,"comment_status":"closed","ping_status":"closed","template":"","meta":[],"_links":{"self":[{"href":"https:\/\/www.facet.unt.edu.ar\/dpto-cs-comp\/wp-json\/wp\/v2\/pages\/4052"}],"collection":[{"href":"https:\/\/www.facet.unt.edu.ar\/dpto-cs-comp\/wp-json\/wp\/v2\/pages"}],"about":[{"href":"https:\/\/www.facet.unt.edu.ar\/dpto-cs-comp\/wp-json\/wp\/v2\/types\/page"}],"author":[{"embeddable":true,"href":"https:\/\/www.facet.unt.edu.ar\/dpto-cs-comp\/wp-json\/wp\/v2\/users\/101021"}],"replies":[{"embeddable":true,"href":"https:\/\/www.facet.unt.edu.ar\/dpto-cs-comp\/wp-json\/wp\/v2\/comments?post=4052"}],"version-history":[{"count":9,"href":"https:\/\/www.facet.unt.edu.ar\/dpto-cs-comp\/wp-json\/wp\/v2\/pages\/4052\/revisions"}],"predecessor-version":[{"id":4089,"href":"https:\/\/www.facet.unt.edu.ar\/dpto-cs-comp\/wp-json\/wp\/v2\/pages\/4052\/revisions\/4089"}],"wp:attachment":[{"href":"https:\/\/www.facet.unt.edu.ar\/dpto-cs-comp\/wp-json\/wp\/v2\/media?parent=4052"}],"curies":[{"name":"wp","href":"https:\/\/api.w.org\/{rel}","templated":true}]}}