{"id":4064,"date":"2025-06-12T00:48:37","date_gmt":"2025-06-12T03:48:37","guid":{"rendered":"https:\/\/www.facet.unt.edu.ar\/dpto-cs-comp\/?page_id=4064"},"modified":"2025-06-12T01:11:49","modified_gmt":"2025-06-12T04:11:49","slug":"club-algoritmia","status":"publish","type":"page","link":"https:\/\/www.facet.unt.edu.ar\/dpto-cs-comp\/club-algoritmia\/","title":{"rendered":"Club de Algoritmia"},"content":{"rendered":"<h2><strong>Club de Algoritmia<\/strong><\/h2>\n<hr style=\"background-color: #0099cc; border-bottom: 1px solid #333399; margin: -20px auto 10px;\" \/>\n<h3><strong>Misi\u00f3n:<\/strong><\/h3>\n<ul>\n<li>Brindar apoyo y recursos para el aprendizaje de distintas t\u00e9cnicas de programaci\u00f3n utilizadas en competencias de programaci\u00f3n.<\/li>\n<li>Analizar y resolver problemas tipo de competencias de programaci\u00f3n, para luego programarlas.<\/li>\n<\/ul>\n<h3><strong>Visi\u00f3n:<\/strong><\/h3>\n<ul>\n<li>Crear un calendario de participaci\u00f3n en competencias, charlas y talleres de programaci\u00f3n.<\/li>\n<li>Formar un grupo de alumnos e interesados (de la FaCET o externos) para difundir las actividades relacionadas.<\/li>\n<\/ul>\n<h3><strong>Informaci\u00f3n de eventos:<\/strong><\/h3>\n<p>El club viene realizando actividades desde el a\u00f1o 2016. Entre las actividades que se realizaron se destacan:<\/p>\n<ul>\n<li>Reuniones semanales de entrenamientos.<\/li>\n<li>Participaci\u00f3n en talleres y charlas relacionadas a la programaci\u00f3n.<\/li>\n<li>Participaci\u00f3n en ediciones del Torneo Argentino de Programaci\u00f3n.<\/li>\n<li>Participaci\u00f3n en ediciones del Torneo Latinoamericano.<\/li>\n<li>Participaci\u00f3n en ediciones del Training Camp.<\/li>\n<\/ul>\n<p>&nbsp;<\/p>\n","protected":false},"excerpt":{"rendered":"<p>Club de Algoritmia Misi\u00f3n: Brindar apoyo y recursos para el aprendizaje de distintas t\u00e9cnicas de programaci\u00f3n utilizadas en competencias de programaci\u00f3n. Analizar y resolver problemas tipo de competencias de programaci\u00f3n, para luego programarlas. Visi\u00f3n: Crear un calendario de participaci\u00f3n en competencias, charlas y talleres de programaci\u00f3n. Formar un grupo de alumnos e interesados (de la [&hellip;]<\/p>\n","protected":false},"author":101021,"featured_media":0,"parent":0,"menu_order":0,"comment_status":"closed","ping_status":"closed","template":"","meta":[],"_links":{"self":[{"href":"https:\/\/www.facet.unt.edu.ar\/dpto-cs-comp\/wp-json\/wp\/v2\/pages\/4064"}],"collection":[{"href":"https:\/\/www.facet.unt.edu.ar\/dpto-cs-comp\/wp-json\/wp\/v2\/pages"}],"about":[{"href":"https:\/\/www.facet.unt.edu.ar\/dpto-cs-comp\/wp-json\/wp\/v2\/types\/page"}],"author":[{"embeddable":true,"href":"https:\/\/www.facet.unt.edu.ar\/dpto-cs-comp\/wp-json\/wp\/v2\/users\/101021"}],"replies":[{"embeddable":true,"href":"https:\/\/www.facet.unt.edu.ar\/dpto-cs-comp\/wp-json\/wp\/v2\/comments?post=4064"}],"version-history":[{"count":23,"href":"https:\/\/www.facet.unt.edu.ar\/dpto-cs-comp\/wp-json\/wp\/v2\/pages\/4064\/revisions"}],"predecessor-version":[{"id":4088,"href":"https:\/\/www.facet.unt.edu.ar\/dpto-cs-comp\/wp-json\/wp\/v2\/pages\/4064\/revisions\/4088"}],"wp:attachment":[{"href":"https:\/\/www.facet.unt.edu.ar\/dpto-cs-comp\/wp-json\/wp\/v2\/media?parent=4064"}],"curies":[{"name":"wp","href":"https:\/\/api.w.org\/{rel}","templated":true}]}}