{"id":415,"date":"2016-03-04T02:24:43","date_gmt":"2016-03-04T05:24:43","guid":{"rendered":"https:\/\/www.facet.unt.edu.ar\/dpto-cs-comp\/?page_id=415"},"modified":"2019-04-28T22:27:39","modified_gmt":"2019-04-29T01:27:39","slug":"tesis-lic-informatica","status":"publish","type":"page","link":"https:\/\/www.facet.unt.edu.ar\/dpto-cs-comp\/tesis-lic-informatica\/","title":{"rendered":"Tesis-Lic-Informatica"},"content":{"rendered":"<h2>Tesis de Licenciatura en Inform\u00e1tica<\/h2>\n<table width=\"863\">\n<tbody>\n<tr>\n<td width=\"267\"><strong>TESISTA<\/strong><\/td>\n<td width=\"323\"><strong>Titulo<\/strong><\/td>\n<td width=\"35\"><strong>A\u00f1o<\/strong><\/td>\n<td width=\"239\"><strong>Tutor<\/strong><\/td>\n<\/tr>\n<tr>\n<td>RUIZ, MYRIAM NOEM\u00cd DEL VALLE<\/td>\n<td>T\u00e9cnicas de Big Data Aplicadas a Meteorolog\u00eda del Espacio como un Enfoque de E-service<\/td>\n<td>2019<\/td>\n<td>Dra. Mar\u00eda Graciela Molina<\/td>\n<\/tr>\n<tr>\n<td>GRA\u00d1A, JAVIER<\/td>\n<td>T\u00e9cnicas de Machine Learning y su aplicaci\u00f3n a problemas reales<\/td>\n<td>2018<\/td>\n<td>Ing. Agust\u00edn Patricio Rafael D\u00e9cima, Ing. Alberto Esteban Saborido Mole<\/td>\n<\/tr>\n<tr>\n<td>MELUCCI, DANIEL HORACIO<\/td>\n<td>Algoritmos de Cifrado<\/td>\n<td>2018<\/td>\n<td>Lic. Griselda Mar\u00eda Luccioni<\/td>\n<\/tr>\n<tr>\n<td>ALBARRAC\u00cdN, LEONARDO MIGUEL<\/td>\n<td>An\u00e1lisis de Modelos Num\u00e9ricos Globales para Simulaciones de Clima Espacial<\/td>\n<td>2017<\/td>\n<td>Lic. Mar\u00eda Graciela Molina<\/td>\n<\/tr>\n<tr>\n<td width=\"267\">M\u00c9NDEZ, ELIZABETH<\/td>\n<td width=\"323\">Dise\u00f1o de Herramientas para el An\u00e1lisis de Auditor\u00eda de Sistemas Operativos<\/td>\n<td width=\"35\">2016<\/td>\n<td width=\"239\">Ing. Hugo O. Ortega<\/td>\n<\/tr>\n<tr>\n<td width=\"267\">GUSTAVO, JOS\u00c9<\/td>\n<td width=\"323\">Clasificaci\u00f3n y Customizaci\u00f3n de herramientas de software dedicadas a la creaci\u00f3n de contenidos educativos: las herramientas de autor<\/td>\n<td width=\"35\">2016<\/td>\n<td width=\"239\">Ing. Torres Auad, Lia Fabiana<\/td>\n<\/tr>\n<tr>\n<td width=\"267\">FLORES, CESAR LEONEL<\/td>\n<td width=\"323\">La Biometria, Usos Y Beneficios. Desarrollo De Un Sistema Para Reconocimiento De Huella Dactilar.<\/td>\n<td width=\"35\">2015<\/td>\n<td width=\"239\">Dra. Ana Georgina Elias, Agrim. Mar\u00eda Eugenia Marquetti<\/td>\n<\/tr>\n<tr>\n<td width=\"267\">SINGH, DANIEL FERNANDO<\/td>\n<td width=\"323\">Investigacion Y Desarrollo De Videojuego Para Estimulacion De Ni\u00f1os De 7 A 10 A\u00f1os Con Trastornos Dislexicos<\/td>\n<td width=\"35\">2014<\/td>\n<td width=\"239\">Agrim. Garcia, Ricardo<\/td>\n<\/tr>\n<tr>\n<td width=\"267\">BARRAZA, FATIMA GABRIELA<\/td>\n<td width=\"323\">Propuesta De Bases Para La Estandarizaci\u00f3n De Recursos Educativos Para El Mobile-Learning<\/td>\n<td width=\"35\">2013<\/td>\n<td width=\"239\">Ing. Torres Auad, Lia Fabiana<\/td>\n<\/tr>\n<tr>\n<td width=\"267\">DANNA, CARLOS AGUSTIN<\/td>\n<td width=\"323\">Tecnicas Algoritmicas Aplicadas a Videojuegos<\/td>\n<td width=\"35\">2013<\/td>\n<td width=\"239\">Lic. Luccioni Griselda Maria<\/td>\n<\/tr>\n<tr>\n<td width=\"267\">VELAZQUEZ, MARIELA ANABEL<\/td>\n<td width=\"323\">An\u00e1lisis y Evaluaci\u00f3n De Factibilidad de Interacci\u00f3n Entre Aplicaciones y la Plataforma Moodle (LMS)<\/td>\n<td width=\"35\">2013<\/td>\n<td width=\"239\">Ing. Torres Auad, Lia Fabiana<\/td>\n<\/tr>\n<tr>\n<td width=\"267\">JUAREZ, GISELLE VERONICA<\/td>\n<td width=\"323\">Aplicaci\u00f3n de M\u00e9todos Num\u00e9ricos para el An\u00e1lisis del Contenido Total de Ozono en la Anomal\u00eda Del Atl\u00e1ntico Sur<\/td>\n<td width=\"35\">2012<\/td>\n<td width=\"239\">Dra. Zossi De Artigas, Marta M.; Mag. Fernandez De Campra Patricia<\/td>\n<\/tr>\n<tr>\n<td width=\"267\">MEDINA NAESSENS, SEBASTI\u00c1N PATRICIO<\/td>\n<td width=\"323\">Metodolog\u00edas \u00c1giles Vs. Tradicionales<\/td>\n<td width=\"35\">2012<\/td>\n<td width=\"239\">Lic. Mar\u00eda Isabel Mentz<\/td>\n<\/tr>\n<tr>\n<td width=\"267\">P. U. NAMOUR, JORGE HABIB<\/td>\n<td width=\"323\">Estudio Comparativo De Distintas Arquitecturas De Software<\/td>\n<td width=\"35\">2012<\/td>\n<td width=\"239\">Lic. Mar\u00eda Isabel Mentz<\/td>\n<\/tr>\n<tr>\n<td width=\"267\">P.U. P\u00c9REZ, DAVID EMANUEL<\/td>\n<td width=\"323\">Aplicaci\u00f3n De La T\u00e9cnica De Programaci\u00f3n Tdd Mediante Herramientas De Software<\/td>\n<td width=\"35\">2012<\/td>\n<td width=\"239\">Ing. Rodr\u00edguez, Ana Nieves<\/td>\n<\/tr>\n<tr>\n<td width=\"267\">RODRIGUEZ, JOS\u00c9 ANTONIO<\/td>\n<td width=\"323\">Estudio Y Comparacion Entre Logica Difusa Y Logica Clasica. Algunas Aplicaciones De La Logica Difusa<\/td>\n<td width=\"35\">2012<\/td>\n<td width=\"239\">Lic. Jaen, Ines<\/td>\n<\/tr>\n<tr>\n<td>CRUZ, DIANA LETICIA DEL ROSARIO<\/td>\n<td>Evaluaci\u00f3n y Control del Nivel de Riesgo Aceptable en Proyectos de Software Basado en el est\u00e1ndar de Calidad CMMI-DEV<\/td>\n<td>2011<\/td>\n<td>Lic. Mentz,Mar\u00eda Isabel<\/td>\n<\/tr>\n<tr>\n<td width=\"267\">ALE LEV\u00cdN, PAULA GABRIELA<\/td>\n<td width=\"323\">Sustentabilidad De Una Red Social Para El Turismo<\/td>\n<td width=\"35\">2010<\/td>\n<td width=\"239\">Ing. Rodr\u00edguez,Ana Nieves<\/td>\n<\/tr>\n<tr>\n<td width=\"267\">LAJUD, ALEJANDRO<\/td>\n<td width=\"323\">La direcci\u00f3n de proyectos de desarrollo de software con Scrum, y pautas para el manejo de las personas<\/td>\n<td width=\"35\">2010<\/td>\n<td width=\"239\">Ing. Torres Auad, Lia Fabiana<\/td>\n<\/tr>\n<tr>\n<td width=\"267\">MOLINA, MAR\u00cdA GRACIELA<\/td>\n<td width=\"323\">An\u00e1lisis De M\u00e9todos Num\u00e9ricos para el Modelado y Simulaci\u00f3n De Un Radar Ionosf\u00e9rico<\/td>\n<td width=\"35\">2010<\/td>\n<td width=\"239\">Dr. Cabrera, Miguel A.<\/td>\n<\/tr>\n<tr>\n<td width=\"267\">MORALES, FABRICIO RUB\u00c9N<\/td>\n<td width=\"323\">Seguridad En Redes Inform\u00e1ticas Defensa En Profundidad<\/td>\n<td width=\"35\">2010<\/td>\n<td width=\"239\">Ing. Hugo O. Ortega<\/td>\n<\/tr>\n<tr>\n<td width=\"267\">VALDECANTOS, HECTOR ADRIAN<\/td>\n<td width=\"323\">Principios y Patrones De Dise\u00f1o De Software En Torno Al Patr\u00f3n Compuesto Modelo Vista Controlador para una Arquitectura de Aplicaciones Interactivas<\/td>\n<td width=\"35\">2010<\/td>\n<td width=\"239\">Ing. Di Batista; Alejandro; Ing. Nieves Rodriguez; Ana<\/td>\n<\/tr>\n<tr>\n<td width=\"267\">WERENITZKY CURIA, MAR\u00cdA CRISTINA<\/td>\n<td width=\"323\">Refactoring y Patrones<\/td>\n<td width=\"35\">2010<\/td>\n<td width=\"239\">Lic. Luccioni Griselda<\/td>\n<\/tr>\n<tr>\n<td width=\"267\">GIL ROMERO, SILVINA VALERIA<\/td>\n<td width=\"323\">Metodolog\u00edas Para El Analisis Y La Prevencion De Vulnerabilidades En Redes Informaticas<\/td>\n<td width=\"35\"><\/td>\n<td width=\"239\">Ing. Ortega, Hugo O.<\/td>\n<\/tr>\n<tr>\n<td width=\"267\">MONTEROS, JESUS MANUEL<\/td>\n<td width=\"323\">UML y sus ventajas en el Modelado de Sistemas<\/td>\n<td width=\"35\"><\/td>\n<td width=\"239\">Lic. Mentz, Maria Isabel<\/td>\n<\/tr>\n<tr>\n<td width=\"267\">TORRES GRITTI, LUIS ENSO<\/td>\n<td width=\"323\">Patrones De Dise\u00f1o<\/td>\n<td width=\"35\"><\/td>\n<td width=\"239\"><\/td>\n<\/tr>\n<\/tbody>\n<\/table>\n<p>&nbsp;<\/p>\n","protected":false},"excerpt":{"rendered":"<p>Tesis de Licenciatura en Inform\u00e1tica TESISTA Titulo A\u00f1o Tutor RUIZ, MYRIAM NOEM\u00cd DEL VALLE T\u00e9cnicas de Big Data Aplicadas a Meteorolog\u00eda del Espacio como un Enfoque de E-service 2019 Dra. Mar\u00eda Graciela Molina GRA\u00d1A, JAVIER T\u00e9cnicas de Machine Learning y su aplicaci\u00f3n a problemas reales 2018 Ing. Agust\u00edn Patricio Rafael D\u00e9cima, Ing. Alberto Esteban Saborido [&hellip;]<\/p>\n","protected":false},"author":23,"featured_media":0,"parent":0,"menu_order":0,"comment_status":"closed","ping_status":"closed","template":"","meta":[],"_links":{"self":[{"href":"https:\/\/www.facet.unt.edu.ar\/dpto-cs-comp\/wp-json\/wp\/v2\/pages\/415"}],"collection":[{"href":"https:\/\/www.facet.unt.edu.ar\/dpto-cs-comp\/wp-json\/wp\/v2\/pages"}],"about":[{"href":"https:\/\/www.facet.unt.edu.ar\/dpto-cs-comp\/wp-json\/wp\/v2\/types\/page"}],"author":[{"embeddable":true,"href":"https:\/\/www.facet.unt.edu.ar\/dpto-cs-comp\/wp-json\/wp\/v2\/users\/23"}],"replies":[{"embeddable":true,"href":"https:\/\/www.facet.unt.edu.ar\/dpto-cs-comp\/wp-json\/wp\/v2\/comments?post=415"}],"version-history":[{"count":13,"href":"https:\/\/www.facet.unt.edu.ar\/dpto-cs-comp\/wp-json\/wp\/v2\/pages\/415\/revisions"}],"predecessor-version":[{"id":1784,"href":"https:\/\/www.facet.unt.edu.ar\/dpto-cs-comp\/wp-json\/wp\/v2\/pages\/415\/revisions\/1784"}],"wp:attachment":[{"href":"https:\/\/www.facet.unt.edu.ar\/dpto-cs-comp\/wp-json\/wp\/v2\/media?parent=415"}],"curies":[{"name":"wp","href":"https:\/\/api.w.org\/{rel}","templated":true}]}}