{"id":475,"date":"2016-05-30T15:59:35","date_gmt":"2016-05-30T18:59:35","guid":{"rendered":"https:\/\/www.facet.unt.edu.ar\/dpto-cs-comp\/?page_id=475"},"modified":"2016-05-30T15:59:35","modified_gmt":"2016-05-30T18:59:35","slug":"cv-jnamour","status":"publish","type":"page","link":"https:\/\/www.facet.unt.edu.ar\/dpto-cs-comp\/cv-jnamour\/","title":{"rendered":"cv-jnamour"},"content":{"rendered":"<h2>Lic. Jorge Habib Namour<\/h2>\n<h4>T\u00edtulo<\/h4>\n<p>Licenciado en Inform\u00e1tica\u00a0&#8211; Universidad Nacional de Tucum\u00e1n<\/p>\n<p>Programador Universitario\u00a0&#8211; Universidad Nacional de Tucum\u00e1n<\/p>\n<h4>Docencia<\/h4>\n<p>Jefe de Trabajo Pr\u00e1cticos en Facultad de Ciencias Exactas y Tecnolog\u00eda \u2013<br \/>\nUniversidad Nacional de Tucum\u00e1n \u2013 C\u00e1tedra Paradigmas de programaci\u00f3n, C\u00e1tedra Matem\u00e1ticas discretas, C\u00e1tedra<br \/>\nConceptos de lenguajes de programaci\u00f3n<\/p>\n<h4>Extensi\u00f3n<\/h4>\n<p>Integrante de la comisi\u00f3n \u201cExactas para todos\u201d de la carrera Licenciatura en<br \/>\nInform\u00e1tica \u2013 desde Junio 2015.<\/p>\n<h4>Formaci\u00f3n Complementaria<\/h4>\n<p>\u2022 Curso de posgrado: \u201cM1: Introducci\u00f3n al an\u00e1lisis automatizado de f\u00fatbol a partir<br \/>\nde video digital\u201d &#8211; 15 hs. duraci\u00f3n &#8211; Facultad de Ciencias Exactas y Naturales \u2013<br \/>\nUniversidad de Buenos Aires \u2013 Junio 2015.<br \/>\n\u2022 Curso de posgrado: \u201cN3: Quantum finite automata: a modern introduction\u201d &#8211; 15<br \/>\nhs. duraci\u00f3n &#8211; Facultad de Ciencias Exactas y Naturales \u2013 Universidad de Buenos Aires<br \/>\n\u2013 Junio 2015.<br \/>\n\u2022 Curso de posgrado: \u201cRedes neuronales artificiales\u201d &#8211; 60 hs. duraci\u00f3n &#8211; Facultad de<br \/>\nCiencias Exactas y Tecnolog\u00eda \u2013 Universidad Nacional de Tucum\u00e1n &#8211; Abril a Junio de<br \/>\n2015.<br \/>\n\u2022 Curso de posgrado: \u201cConstrucci\u00f3n de Software Robusto usando Test Driven<br \/>\nDevelopment (TDD)\u201d &#8211; Facultad de Ciencias Exactas y Tecnolog\u00eda \u2013 Universidad<br \/>\nNacional de Tucum\u00e1n \u2013 2012.<br \/>\n\u2022 Conferencia Internacional de Software Libre\/Festival Conectar Igualdad &#8211;<br \/>\nBiblioteca Nacional \u2013 Buenos Aires &#8211; 2012.<br \/>\n\u2022 Seminario: \u201cWeb Application Security\u201d &#8211; Facultad de Ciencias Exactas y Tecnolog\u00eda<br \/>\n\u2013 Universidad Nacional de Tucum\u00e1n &#8211; 2012.<\/p>\n","protected":false},"excerpt":{"rendered":"<p>Lic. Jorge Habib Namour T\u00edtulo Licenciado en Inform\u00e1tica\u00a0&#8211; Universidad Nacional de Tucum\u00e1n Programador Universitario\u00a0&#8211; Universidad Nacional de Tucum\u00e1n Docencia Jefe de Trabajo Pr\u00e1cticos en Facultad de Ciencias Exactas y Tecnolog\u00eda \u2013 Universidad Nacional de Tucum\u00e1n \u2013 C\u00e1tedra Paradigmas de programaci\u00f3n, C\u00e1tedra Matem\u00e1ticas discretas, C\u00e1tedra Conceptos de lenguajes de programaci\u00f3n Extensi\u00f3n Integrante de la comisi\u00f3n \u201cExactas [&hellip;]<\/p>\n","protected":false},"author":23,"featured_media":0,"parent":0,"menu_order":0,"comment_status":"closed","ping_status":"closed","template":"","meta":[],"_links":{"self":[{"href":"https:\/\/www.facet.unt.edu.ar\/dpto-cs-comp\/wp-json\/wp\/v2\/pages\/475"}],"collection":[{"href":"https:\/\/www.facet.unt.edu.ar\/dpto-cs-comp\/wp-json\/wp\/v2\/pages"}],"about":[{"href":"https:\/\/www.facet.unt.edu.ar\/dpto-cs-comp\/wp-json\/wp\/v2\/types\/page"}],"author":[{"embeddable":true,"href":"https:\/\/www.facet.unt.edu.ar\/dpto-cs-comp\/wp-json\/wp\/v2\/users\/23"}],"replies":[{"embeddable":true,"href":"https:\/\/www.facet.unt.edu.ar\/dpto-cs-comp\/wp-json\/wp\/v2\/comments?post=475"}],"version-history":[{"count":1,"href":"https:\/\/www.facet.unt.edu.ar\/dpto-cs-comp\/wp-json\/wp\/v2\/pages\/475\/revisions"}],"predecessor-version":[{"id":476,"href":"https:\/\/www.facet.unt.edu.ar\/dpto-cs-comp\/wp-json\/wp\/v2\/pages\/475\/revisions\/476"}],"wp:attachment":[{"href":"https:\/\/www.facet.unt.edu.ar\/dpto-cs-comp\/wp-json\/wp\/v2\/media?parent=475"}],"curies":[{"name":"wp","href":"https:\/\/api.w.org\/{rel}","templated":true}]}}