{"id":522,"date":"2016-06-12T15:29:30","date_gmt":"2016-06-12T18:29:30","guid":{"rendered":"https:\/\/www.facet.unt.edu.ar\/dpto-cs-comp\/?page_id=522"},"modified":"2021-09-10T11:34:46","modified_gmt":"2021-09-10T14:34:46","slug":"cv-mvelazquez","status":"publish","type":"page","link":"https:\/\/www.facet.unt.edu.ar\/dpto-cs-comp\/cv-mvelazquez\/","title":{"rendered":"cv-mvelazquez"},"content":{"rendered":"<h3 style=\"text-align: center;\"><strong>Lic. P.U. Mariela Anabel Vel\u00e1zquez<\/strong><\/h3>\n<p><a href=\"https:\/\/www.facet.unt.edu.ar\/dpto-cs-comp\/wp-content\/uploads\/sites\/29\/2021\/09\/mvelazquez.jpg\"><img decoding=\"async\" loading=\"lazy\" class=\"alignnone wp-image-2438\" src=\"https:\/\/www.facet.unt.edu.ar\/dpto-cs-comp\/wp-content\/uploads\/sites\/29\/2021\/09\/mvelazquez.jpg\" alt=\"\" width=\"265\" height=\"263\" \/><\/a><\/p>\n<p><strong>T\u00edtulos<\/strong><\/p>\n<ul>\n<li>Graduada de la carrera Licenciatura en Inform\u00e1tica\u2013 Facultad de Ciencias Exactas U.N.T<\/li>\n<li>Graduada de la carrera de Programador Universitario \u2013 Facultad de Ciencias Exactas U.N.T<\/li>\n<\/ul>\n<p><strong>Docencia<\/strong><\/p>\n<ul>\n<li>Profesora Adjunta en las asignaturas \u201cElementos de Computaci\u00f3n y L\u00f3gica\u201d y \u201cProgramaci\u00f3n\u201d \u201d \u2013 Carreras de Lic. en Inform\u00e1tica y Programador Universitario \u2013 FACET \u2013 UNT (desde 2020)<\/li>\n<li>Jefe de Trabajos Pr\u00e1cticos en las asignaturas \u201cElementos de Computaci\u00f3n y L\u00f3gica\u201d y \u201cProgramaci\u00f3n\u201d \u201d \u2013 Carreras de Lic. en Inform\u00e1tica y Programador Universitario \u2013 FACET \u2013 UNT (2019)<\/li>\n<li>Auxiliar Docente Graduado en las asignaturas \u201cElementos de Computaci\u00f3n y L\u00f3gica\u201d y \u201cProgramaci\u00f3n\u201d \u2013 Carreras de Lic. en Inform\u00e1tica y Programador Universitario \u2013 FACET \u2013 UNT (2014 a 2018)<\/li>\n<li>Docente de Inform\u00e1tica en el nivel primario &#8211; Colegio La Asunci\u00f3n Nuestra Sra. De Guadalupe. Cargo Titular (2012 \u2013 2017)<\/li>\n<li>Docente de Inform\u00e1tica nivel primario y secundario. Colegio Fasta Reina de la Paz. Cargo suplente. Periodo: 2012<\/li>\n<li>Docente para adultos en \u201cCurso de Inform\u00e1tica I y II\u201c \u2013 Colegio La Asunci\u00f3n Nuestra Sra. De Guadalupe (2011 \u2013 2012)<\/li>\n<\/ul>\n<p><strong>Formaci\u00f3n<\/strong><\/p>\n<ul>\n<li>&#8220;Actualizaci\u00f3n Acad\u00e9mica en Educaci\u00f3n a Distancia e Innovaci\u00f3n Educativa&#8221;. Horas: 222hs. Ministerio de Educaci\u00f3n de la Provincia de Tucum\u00e1n. A\u00f1o 2020.<\/li>\n<li>Taller M\u00f3vil en mano: Uso Pedag\u00f3gico del Celular. Horas: 12hs. Ministerio de Educaci\u00f3n de la Provincia de Tucum\u00e1n. A\u00f1o 2020.<\/li>\n<li>Jornadas del Workshop Machine Intelligence: Training and Applications to Regional Challenges. Laboratorio de Computaci\u00f3n Cient\u00edfica del Dpto. Cs. de la Computaci\u00f3n de la Facultad de Ciencias Exactas y Tecnolog\u00eda &#8211; UNT. A\u00f1o: 2020<\/li>\n<li>Diplomatura en Did\u00e1ctica y Curriculum para Docentes Universitarios. Horas: 160hs. Trayecto curricular de posgrado acreditado por Res. CD. 1204\/2019 &#8211; Expte. N\u00b0 60.836-2019 FACET. A\u00f1o 2019.<\/li>\n<li>El aporte de las ciencias b\u00e1sicas al logro de las competencias gen\u00e9ricas. Dictado por el Ing. Daniel Morano Facultad de Ciencias Exactas y Tecnolog\u00eda &#8211; UNT. A\u00f1o 2017.<\/li>\n<li>Workshop en t\u00e9cnicas de programaci\u00f3n cient\u00edfica. Horas: 70hs. Facultad de Ciencias Exactas \u2013 UNT. Dictado por: Lic. Pablo Alcain, Lic. Rodrigo Lugones, Dra. Cecilia Jarne, Lic. Mar\u00eda Graciela Molina. A\u00f1o 2017.<\/li>\n<\/ul>\n<p><strong>Extensi\u00f3n<\/strong><\/p>\n<ul>\n<li>Colaboradora en las Jornadas del D\u00eda del Programador para estudiantes de las carreras de Programador Universitario y Licenciatura en Inform\u00e1tica. Dpto de Ciencias de la Computaci\u00f3n, FACET, UNT. A\u00f1o: 2017 &#8211; 2020<\/li>\n<li>Moderadora en las sesiones de presentaciones orales de las XIV JORNADAS DE CIENCIA Y TECNOLOG\u00cdA DE FACULTADES DE INGENIERIA DEL NOA. A\u00f1o: 2019<\/li>\n<li>Evaluadora de las Olimpiadas Inform\u00e1ticas Argentinas. Instancia Nacional. A\u00f1o: 2019.<\/li>\n<li>Dictado de curso de capacitaci\u00f3n docente \u201cPROGRAMACI\u00d3N Y SU DID\u00c1CTICA I\u201d y \u201cPROGRAMACI\u00d3N Y SU DID\u00c1CTICA II\u201d, en convenio con la Fundaci\u00f3n Dr. Manuel Sadosky de Investigaci\u00f3n y Desarrollo en las Tecnolog\u00edas de la informaci\u00f3n y comunicaci\u00f3n y la universidad nacional de Tucum\u00e1n. A\u00f1o: 2019<\/li>\n<\/ul>\n<p><strong>Gesti\u00f3n<\/strong><\/p>\n<ul>\n<li>Miembro de la Comisi\u00f3n de Difusi\u00f3n de las Carreras de Lic. en Inform\u00e1tica, Programador Universitario e Ing. en Inform\u00e1tica (desde 2021).<\/li>\n<li>Miembro de la Comisi\u00f3n de Articulaci\u00f3n de la Facultad de Ciencias Exactas. (desde 2019)<\/li>\n<li>Miembro de la Comisi\u00f3n Acad\u00e9mica de la Carrera de Licenciatura en Inform\u00e1tica. (desde 2018).<\/li>\n<li>Coordinadora de la Provincia de Tucum\u00e1n en el Programa Olimpiada Inform\u00e1tica Argentina, con sede en la Universidad Nacional de General San Mart\u00edn. (desde 2019)<\/li>\n<\/ul>\n","protected":false},"excerpt":{"rendered":"<p>Lic. P.U. Mariela Anabel Vel\u00e1zquez T\u00edtulos Graduada de la carrera Licenciatura en Inform\u00e1tica\u2013 Facultad de Ciencias Exactas U.N.T Graduada de la carrera de Programador Universitario \u2013 Facultad de Ciencias Exactas U.N.T Docencia Profesora Adjunta en las asignaturas \u201cElementos de Computaci\u00f3n y L\u00f3gica\u201d y \u201cProgramaci\u00f3n\u201d \u201d \u2013 Carreras de Lic. en Inform\u00e1tica y Programador Universitario \u2013 [&hellip;]<\/p>\n","protected":false},"author":23,"featured_media":0,"parent":0,"menu_order":0,"comment_status":"closed","ping_status":"closed","template":"","meta":[],"_links":{"self":[{"href":"https:\/\/www.facet.unt.edu.ar\/dpto-cs-comp\/wp-json\/wp\/v2\/pages\/522"}],"collection":[{"href":"https:\/\/www.facet.unt.edu.ar\/dpto-cs-comp\/wp-json\/wp\/v2\/pages"}],"about":[{"href":"https:\/\/www.facet.unt.edu.ar\/dpto-cs-comp\/wp-json\/wp\/v2\/types\/page"}],"author":[{"embeddable":true,"href":"https:\/\/www.facet.unt.edu.ar\/dpto-cs-comp\/wp-json\/wp\/v2\/users\/23"}],"replies":[{"embeddable":true,"href":"https:\/\/www.facet.unt.edu.ar\/dpto-cs-comp\/wp-json\/wp\/v2\/comments?post=522"}],"version-history":[{"count":8,"href":"https:\/\/www.facet.unt.edu.ar\/dpto-cs-comp\/wp-json\/wp\/v2\/pages\/522\/revisions"}],"predecessor-version":[{"id":2448,"href":"https:\/\/www.facet.unt.edu.ar\/dpto-cs-comp\/wp-json\/wp\/v2\/pages\/522\/revisions\/2448"}],"wp:attachment":[{"href":"https:\/\/www.facet.unt.edu.ar\/dpto-cs-comp\/wp-json\/wp\/v2\/media?parent=522"}],"curies":[{"name":"wp","href":"https:\/\/api.w.org\/{rel}","templated":true}]}}