{"id":531,"date":"2016-06-12T16:39:54","date_gmt":"2016-06-12T19:39:54","guid":{"rendered":"https:\/\/www.facet.unt.edu.ar\/dpto-cs-comp\/?page_id=531"},"modified":"2016-06-12T16:39:54","modified_gmt":"2016-06-12T19:39:54","slug":"cv-jppepe","status":"publish","type":"page","link":"https:\/\/www.facet.unt.edu.ar\/dpto-cs-comp\/cv-jppepe\/","title":{"rendered":"cv-jppepe"},"content":{"rendered":"<h2>PU Juan Pablo Pepe<\/h2>\n<h4>TITULO<\/h4>\n<p>Programador Universitario &#8211; Universidad Nacional de Tucum\u00e1n<\/p>\n<h4>DOCENCIA<\/h4>\n<p>Auxiliar Docente Graduado en las c\u00e1tedras de: Laboratorio I, Laboratorio II, Conceptos de Bases de Datos I, Conceptos de Bases de Datos II &#8211; Facultad de Ciencias Exactas y Tecnolog\u00eda &#8211; Universidad Nacional de Tucum\u00e1n.<\/p>\n<h4>INVESTIGACION<\/h4>\n<p>Integrante investigador en el proyecto de investigaci\u00f3n: Investigaci\u00f3n y Desarrollos para la Implementaci\u00f3n de la Educaci\u00f3n a Distancia en la Facet.<\/p>\n<h4>GESTI\u00d3N<\/h4>\n<p>Representante de la comisi\u00f3n acad\u00e9mica de la carrera de Programador Universitario por el estamento de Auxiliar Docente Graduado.<br \/>\nIntegrante de la comisi\u00f3n \u201cExactas para todos\u201d de la carrera Licenciatura en Inform\u00e1tica.<\/p>\n<h4>FORMACION COMPLEMENTARIA<\/h4>\n<p>* Curso de postgrado: &#8220;Dise\u00f1o y producci\u00f3n de objetos de aprendizaje&#8221; &#8211; 75hs de duraci\u00f3n &#8211; Facultad de Ingenier\u00eda &#8211; Universidad Nacional de la Patagonia San Juan Bosco &#8211; 2015<br \/>\n* Curso pr\u00e1ctico: &#8220;Ingenier\u00eda de Datos con Herramientas CASE&#8221; &#8211; 20hs de duraci\u00f3n &#8211; Facultad de Ciencias Exactas y Tecnolog\u00eda &#8211; Universidad Nacional de Tucum\u00e1n &#8211; 2015<\/p>\n","protected":false},"excerpt":{"rendered":"<p>PU Juan Pablo Pepe TITULO Programador Universitario &#8211; Universidad Nacional de Tucum\u00e1n DOCENCIA Auxiliar Docente Graduado en las c\u00e1tedras de: Laboratorio I, Laboratorio II, Conceptos de Bases de Datos I, Conceptos de Bases de Datos II &#8211; Facultad de Ciencias Exactas y Tecnolog\u00eda &#8211; Universidad Nacional de Tucum\u00e1n. INVESTIGACION Integrante investigador en el proyecto de [&hellip;]<\/p>\n","protected":false},"author":23,"featured_media":0,"parent":0,"menu_order":0,"comment_status":"closed","ping_status":"closed","template":"","meta":[],"_links":{"self":[{"href":"https:\/\/www.facet.unt.edu.ar\/dpto-cs-comp\/wp-json\/wp\/v2\/pages\/531"}],"collection":[{"href":"https:\/\/www.facet.unt.edu.ar\/dpto-cs-comp\/wp-json\/wp\/v2\/pages"}],"about":[{"href":"https:\/\/www.facet.unt.edu.ar\/dpto-cs-comp\/wp-json\/wp\/v2\/types\/page"}],"author":[{"embeddable":true,"href":"https:\/\/www.facet.unt.edu.ar\/dpto-cs-comp\/wp-json\/wp\/v2\/users\/23"}],"replies":[{"embeddable":true,"href":"https:\/\/www.facet.unt.edu.ar\/dpto-cs-comp\/wp-json\/wp\/v2\/comments?post=531"}],"version-history":[{"count":1,"href":"https:\/\/www.facet.unt.edu.ar\/dpto-cs-comp\/wp-json\/wp\/v2\/pages\/531\/revisions"}],"predecessor-version":[{"id":532,"href":"https:\/\/www.facet.unt.edu.ar\/dpto-cs-comp\/wp-json\/wp\/v2\/pages\/531\/revisions\/532"}],"wp:attachment":[{"href":"https:\/\/www.facet.unt.edu.ar\/dpto-cs-comp\/wp-json\/wp\/v2\/media?parent=531"}],"curies":[{"name":"wp","href":"https:\/\/api.w.org\/{rel}","templated":true}]}}