{"id":593,"date":"2016-08-30T13:28:52","date_gmt":"2016-08-30T16:28:52","guid":{"rendered":"https:\/\/www.facet.unt.edu.ar\/dpto-cs-comp\/?page_id=593"},"modified":"2017-09-16T18:16:18","modified_gmt":"2017-09-16T21:16:18","slug":"semana-del-programador","status":"publish","type":"page","link":"https:\/\/www.facet.unt.edu.ar\/dpto-cs-comp\/semana-del-programador\/","title":{"rendered":"Semana del Programador"},"content":{"rendered":"<div id=\"pl-593\"  class=\"panel-layout\" ><div id=\"pg-593-0\"  class=\"panel-grid panel-no-style\" ><div id=\"pgc-593-0-0\"  class=\"panel-grid-cell\" ><div id=\"panel-593-0-0-0\" class=\"so-panel widget widget_sow-editor panel-first-child panel-last-child\" data-index=\"0\" ><div\n\t\t\t\n\t\t\tclass=\"so-widget-sow-editor so-widget-sow-editor-base\"\n\t\t\t\n\t\t>\n<div class=\"siteorigin-widget-tinymce textwidget\">\n\t<p><!-- menu del evento --><br \/>\n<b>Men\u00fa<\/b><\/p>\n<nav id=\"MenuEvento\">\n<ul>\n<li><a href=\"#actividades\">Cronograma<\/a><\/li>\n<li><a href=\"#lugar\">Lugar<\/a><\/li>\n<li><a href=\"#llegar\">C\u00f3mo llegar<\/a><\/li>\n<li><a href=\"#dirigidoa\">Dirigido a<\/a><\/li>\n<li><a href=\"#formulario\">Formu. Inscripci\u00f3n<\/a><\/li>\n<li><a href=\"#sociales\">Redes Sociales<\/a><\/li>\n<li><a href=\"#App\">Descargar App<\/a><\/li>\n<li><a href=\"#informes\">Informes<\/a><\/li>\n<\/ul>\n<\/nav>\n<hr \/>\n<h3>Auspiciantes<\/h3>\n<p><a title=\"FACET\" href=\"https:\/\/www.facet.unt.edu.ar\/\" target=\"_blank\" rel=\"noopener\"><img decoding=\"async\" loading=\"lazy\" class=\"alignnone size-full wp-image-771\" alt=\"\" width=\"179\" height=\"44\" src=\"https:\/\/www.facet.unt.edu.ar\/dpto-cs-comp\/wp-content\/uploads\/sites\/29\/2017\/09\/tn_logo.jpg\" \/><\/a><br \/>\n<a title=\"Fundaci\u00f3n Leon\" href=\"http:\/\/fundacionleon.org.ar\/\" target=\"_blank\" rel=\"noopener\"><img decoding=\"async\" loading=\"lazy\" class=\"alignnone size-full wp-image-771\" src=\"https:\/\/www.facet.unt.edu.ar\/dpto-cs-comp\/wp-content\/uploads\/sites\/29\/2017\/09\/FundacionLeon.png\" alt=\"\" width=\"179\" height=\"44\" \/><\/a><br \/>\n<a title=\"Fundaci\u00f3n Sadosky\" href=\"http:\/\/www.fundacionsadosky.org.ar\/\" target=\"_blank\" rel=\"noopener\"><img decoding=\"async\" loading=\"lazy\" class=\"alignnone size-full wp-image-771\" src=\"https:\/\/www.facet.unt.edu.ar\/dpto-cs-comp\/wp-content\/uploads\/sites\/29\/2017\/09\/Sadosky.png\" alt=\"\" width=\"179\" height=\"44\" \/><\/a><\/p>\n<\/div>\n<\/div><\/div><\/div><div id=\"pgc-593-0-1\"  class=\"panel-grid-cell\" ><div id=\"panel-593-0-1-0\" class=\"so-panel widget widget_sow-editor panel-first-child panel-last-child\" data-index=\"1\" ><div\n\t\t\t\n\t\t\tclass=\"so-widget-sow-editor so-widget-sow-editor-base\"\n\t\t\t\n\t\t>\n<div class=\"siteorigin-widget-tinymce textwidget\">\n\t<h1 style=\"border-bottom: ridge 0.5em red;border-right: ridge 0.5em red;width: 90%;padding-bottom: 1%;margin: 0 auto;margin-bottom: 2%\">Semana del Programador<\/h1>\n<div>\u00a0<\/div>\n<h2><a href=\"https:\/\/www.facet.unt.edu.ar\/dpto-cs-comp\/wp-content\/uploads\/sites\/29\/2016\/08\/miniafiche.jpg\"><img decoding=\"async\" loading=\"lazy\" class=\"size-medium wp-image-1026 aligncenter\" src=\"https:\/\/www.facet.unt.edu.ar\/dpto-cs-comp\/wp-content\/uploads\/sites\/29\/2016\/08\/miniafiche-300x231.jpg\" alt=\"\" width=\"300\" height=\"231\" srcset=\"https:\/\/www.facet.unt.edu.ar\/dpto-cs-comp\/wp-content\/uploads\/sites\/29\/2016\/08\/miniafiche-300x231.jpg 300w, https:\/\/www.facet.unt.edu.ar\/dpto-cs-comp\/wp-content\/uploads\/sites\/29\/2016\/08\/miniafiche.jpg 609w\" sizes=\"(max-width: 300px) 100vw, 300px\" \/><\/a><\/h2>\n<h2>Invitaci\u00f3n<\/h2>\n<p>Todos los a\u00f1os, el d\u00eda 256 del a\u00f1o los programadores alrededor del mundo festejan su d\u00eda. En la FACET-UNT tenemos nuestra propia comunidad de programadores y festejamos una semana completa.<\/p>\n<p>Durante la misma estudiantes, docentes, investigadores, profesionales y empresas en el \u00e1rea de la Inform\u00e1tica se reunir\u00e1n para compartir experiencias, conocimientos y diversi\u00f3n.<\/p>\n<p>Este a\u00f1o celebramos el 20\u00ba aniversario de la carrera Programador Universitario y lo festejamos CON TODO \u00a1!!!<br \/> Te invitamos a la SEMANA DEL PROGRAMADOR, del 18 al 22 DE Setiembre. No te lo pod\u00e9s perder !!<\/p>\n<figure><\/figure>\n<p>El evento tendr\u00e1 tres ejes fundamentales:<br \/> <strong>Integraci\u00f3n<\/strong>: Entre alumnos, egresados, docentes e investigadores.<br \/> <strong>Extensi\u00f3n<\/strong>: Articulaci\u00f3n con el nivel medio y con empresas IT.<br \/> <strong>Capacitaci\u00f3n<\/strong>:Oferta muy variada de Conferencias y Talleres en tem\u00e1ticas de inter\u00e9s de para todos los participantes.<\/p>\n<p><a style=\"margin-bottom: 0em\" name=\"actividades\"><\/a><\/p>\n<h2>Cronograma<\/h2>\n<h3>Mi\u00e9rcoles 13\/Sept\/17<\/h3>\n<table>\n<tbody>\n<tr>\n<th>Hora<\/th>\n<th>Evento<\/th>\n<th>Costo<\/th>\n<\/tr>\n<tr>\n<td>\u00a019:00<\/td>\n<td>\u00a0Coro de la Facultad de Medicina- Dirig. <strong>Prof. Mariana Stambole<\/strong><\/td>\n<td style=\"text-align: center\">-<\/td>\n<\/tr>\n<\/tbody>\n<\/table>\n<h3>Lunes 18\/Sept\/17<\/h3>\n<table>\n<tbody>\n<tr>\n<th>Hora<\/th>\n<th>Evento<\/th>\n<th>Costo<\/th>\n<th>Lugar<\/th>\n<\/tr>\n<tr>\n<td>\u00a09:00<\/td>\n<td>\u00a0Acto Inaugural<\/td>\n<td style=\"text-align: center\">\u00a0-<\/td>\n<td style=\"text-align: left\">Anfiteatro Luminotecnia<\/td>\n<\/tr>\n<tr>\n<td>\u00a09:30<\/td>\n<td>\u00a0\"ProgramarTE para el \u00e9xito, Cu\u00e1les son las competencias que necesitamos para la vida?\", <strong>Mery Figueroa<\/strong><\/td>\n<td style=\"text-align: center\">-<\/td>\n<td style=\"text-align: left\">Anfiteatro Luminotecnia<\/td>\n<\/tr>\n<tr>\n<td>\u00a010:30<\/td>\n<td>\"Deep Programing\", <strong>Ing. Alejandro Di Batista<\/strong><\/td>\n<td style=\"text-align: center\">-<\/td>\n<td style=\"text-align: left\">Anfiteatro Luminotecnia<\/td>\n<\/tr>\n<tr>\n<td>15:00<\/td>\n<td>\u201cLos procesos productivos en la industria del software\u201d,<strong> Gabriela Bechara \u2013 Alejandro P\u00e1ez <\/strong>(EMPRESA<strong> CENSYS<\/strong>)<\/td>\n<td style=\"text-align: center\">-<\/td>\n<td style=\"text-align: left\">Aula<br \/> 12 de<br \/> Civil<\/td>\n<\/tr>\n<tr>\n<td>16:00<\/td>\n<td>\"Programaci\u00f3n orientada a Multimedia\", <strong>Lic. Nicol\u00e1s Auvieux<\/strong><\/td>\n<td style=\"text-align: center\">-<\/td>\n<td style=\"text-align: left\">Aula '<br \/> 12 de<br \/> Civil<\/td>\n<\/tr>\n<tr>\n<td>15:00<br \/> a<br \/> 19:00<\/td>\n<td><span style=\"color: #800000\">TALLER<\/span>: \"<strong>Game Maker<\/strong>\",\u00a0<strong>Maximiliano Gal\u00e1n (<a href=\"https:\/\/docs.google.com\/forms\/d\/e\/1FAIpQLSciRHT256Xg8ytrPLtog4R7ekbynAeTN09Aq9aK3G2g633gFw\/viewform\">Pre inscripci\u00f3n online<\/a>) - <\/strong>Cupo 25<\/td>\n<td style=\"text-align: center\">\n<p style=\"text-align: left\">* $50 Alumnos PU y Lic<br \/> * $100 Alumnos FACET<br \/> * $200 Externos<\/p>\n<\/td>\n<td style=\"text-align: left\">Labo A<\/td>\n<\/tr>\n<\/tbody>\n<\/table>\n<h3>Martes 19\/Sept\/17<\/h3>\n<table>\n<tbody>\n<tr>\n<th>Hora<\/th>\n<th>Evento<\/th>\n<th>Costo<\/th>\n<th>Lugar<\/th>\n<\/tr>\n<tr>\n<td>15:00<\/td>\n<td>\"Datos, contextos e interacciones: entre las anomal\u00edas de la orientaci\u00f3n a objetos cl\u00e1sica y la emergencia de un nuevo paradigma\", <strong>Lic. H\u00e9ctor Valdecantos<\/strong><\/td>\n<td style=\"text-align: center\">-<\/td>\n<td style=\"text-align: left\">Aula 12 de Civil<\/td>\n<\/tr>\n<tr>\n<td>\u00a08:00<br \/> a<br \/> 19:00<\/td>\n<td>\u00a0TALLER \"<strong>Django Girls<\/strong>\", cupo limitado<br \/> <strong>Lic. Jorge Namour \u2013 Delgado \u2013 Dom\u00ednguez \u2013 D\u00e9cima<\/strong> (jornada completa) - Cupo Cubierto<\/td>\n<td style=\"text-align: center\">-<\/td>\n<td style=\"text-align: left\">Laboratorio B y Redes<\/td>\n<\/tr>\n<tr>\n<td>16:00<br \/> a<br \/> 19:00<\/td>\n<td>Taller \"<strong>Desarrollando habilidades para el mundo laboral<\/strong>\", 1\u00ba parte: \"C\u00f3mo crear tu propuesta de Valor\", <strong>Mery Figueroa (<a href=\"https:\/\/docs.google.com\/forms\/d\/e\/1FAIpQLSftncllWFWTg9kSfnAqUu_yYn-fO83uopfprkXS6UHAtRZfXg\/viewform\">Pre Inscripci\u00f3n online<\/a>) <\/strong>- Cupo 30<\/td>\n<td style=\"text-align: left\">* $120 Alumnos PU y Lic<br \/> * $200 Alumnos FACET<br \/> * $300 Externos<\/td>\n<td style=\"text-align: center\">Aula 12 de Civil<\/td>\n<\/tr>\n<\/tbody>\n<\/table>\n<h3>Mi\u00e9rcoles 20\/Sept\/17<\/h3>\n<table>\n<tbody>\n<tr>\n<th>Hora<\/th>\n<th>Evento<\/th>\n<th>Costo<\/th>\n<th>Lugar<\/th>\n<\/tr>\n<tr>\n<td>9:00<\/td>\n<td>Desayuno \u201cB\u00fasqueda de Talentos\u201d EMPRESA <strong>INSIGNIA <\/strong><\/td>\n<td style=\"text-align: center\">-<\/td>\n<td style=\"text-align: left\">Sala de Audiovisuales<\/td>\n<\/tr>\n<tr>\n<td>10:00<\/td>\n<td>\"Big Data, e-service, c\u00f3mputo intensivo y mucho m\u00e1s\", <strong>Lic. Graciela Molina, Lic. Jorge Namour<\/strong><\/td>\n<td style=\"text-align: center\">-<\/td>\n<td style=\"text-align: left\">Sala de Audiovisuales<\/td>\n<\/tr>\n<tr>\n<td>11:00<\/td>\n<td>\u201cLos procesos productivos en la industria del software\u201d,<strong> Gabriela Bechara \u2013 Alejandro P\u00e1ez <\/strong>(EMPRESA<strong> CENSYS<\/strong>)<\/td>\n<td style=\"text-align: center\">-<\/td>\n<td style=\"text-align: left\">Sala de Audiovisuales<\/td>\n<\/tr>\n<tr>\n<td>12:00<\/td>\n<td>\"Ingenier\u00eda de Datos\", <strong>Mg. Maximiliano Odstrcil<\/strong><\/td>\n<td style=\"text-align: center\">-<\/td>\n<td style=\"text-align: left\">Sala de Audiovisuales<\/td>\n<\/tr>\n<tr>\n<td>17:00<\/td>\n<td>\"Freemium\", <strong>Esteban Mulki (Globant)<\/strong><\/td>\n<td style=\"text-align: center\">-<\/td>\n<td style=\"text-align: left\">Sala de Audiovisuales<\/td>\n<\/tr>\n<tr>\n<td>18:00<\/td>\n<td>\"Freelance Work\", <strong>Prog. Juan Pablo Pepe<\/strong><\/td>\n<td style=\"text-align: center\">-<\/td>\n<td style=\"text-align: left\">Sala de Audiovisuales<\/td>\n<\/tr>\n<tr>\n<td>14:00<br \/> a<br \/> 17:00<\/td>\n<td>TALLER:\u00a0\"<strong>Let's create! Video juegos en UNITY<\/strong>\", 1\u00ba Parte, <strong>Nicol\u00e1s Quintana (<a href=\"https:\/\/docs.google.com\/forms\/d\/e\/1FAIpQLSfdBsHhiWyVC8EJqxcXFRS_kdcfMoTFFh_ijDK8XDgKFjcMiw\/viewform\">Pre Inscripci\u00f3n online<\/a>) <\/strong>- Cupo 25<\/td>\n<td style=\"text-align: left\">* $50 Alumnos PU y Lic<br \/> * $100 Alumnos FACET<br \/> * $200 Externos<\/td>\n<td style=\"text-align: left\">Labo A<\/td>\n<\/tr>\n<tr>\n<td>16:00<br \/> a<br \/> 19:00<\/td>\n<td>\"<strong>Desarrollando habilidades para el mundo laboral<\/strong>\", 2\u00ba Parte: \"5 Pasos para una entrevista de trabajo exitosa\", <strong>Mery Figueroa <\/strong>- Cupo 30<\/td>\n<td style=\"text-align: left\">Pago incluido en la 1ra Parte<\/td>\n<td style=\"text-align: left\">Aula 12 de Civil<\/td>\n<\/tr>\n<tr>\n<td>19:00<\/td>\n<td>Video-Debate, <strong>Ing. Marcos Soria<\/strong><\/td>\n<td style=\"text-align: center\">-<\/td>\n<td style=\"text-align: left\">Anfiteatro A1<\/td>\n<\/tr>\n<\/tbody>\n<\/table>\n<h3>Jueves 21\/Sept\/17<\/h3>\n<table>\n<tbody>\n<tr>\n<th>Hora<\/th>\n<th>Evento<\/th>\n<th>Costo<\/th>\n<\/tr>\n<tr>\n<td>\u00a0<\/td>\n<td>GRAN BAUTISMO GRAN \u2013 CARRERA PROGRAMADOR UNIVERSITARIO \u2013 20\u00ba ANIVERSARIO - Juegos y competencias recreativas (tenis de mesa, ajedrez, etc)<\/td>\n<td style=\"text-align: center\">* $110 Alumnos PU y Lic<br \/> * $130 externos y profesores<\/td>\n<\/tr>\n<\/tbody>\n<\/table>\n<h2>\u00a0Viernes 22\/Sept\/17<\/h2>\n<table>\n<tbody>\n<tr>\n<th>Hora<\/th>\n<th>Evento<\/th>\n<th>Costo<\/th>\n<th>Lugar<\/th>\n<\/tr>\n<tr>\n<td>9:00<br \/> a<br \/> 12:00<\/td>\n<td>\"Taller de <strong>Rob\u00f3tica<\/strong>\", <strong>Mg Ticiano Torres Peralta<\/strong> (<a href=\"https:\/\/docs.google.com\/forms\/d\/e\/1FAIpQLSdVfKQl0NPVIGzcN0DxP2Os0-oMLWfPUO1P-btFSQDT96pPdg\/viewform\">Pre Inscripci\u00f3n Online<\/a>) - Cupo 20<\/td>\n<td style=\"text-align: left\">\u00a0* $150 Alumnos PU y Lic<br \/> * $200 Alumnos FACET<br \/> * $250 Externos<\/td>\n<td style=\"text-align: left\">Labo A<\/td>\n<\/tr>\n<tr>\n<td>10:00<br \/> a<br \/> 12:00<\/td>\n<td>\"Programaci\u00f3n competitiva\",<strong> Lic. Jorge Namour, Benjam\u00edn Cort\u00e9z y Agust\u00edn Decima<\/strong><\/td>\n<td style=\"text-align: center\">-<\/td>\n<td style=\"text-align: left\">Labo B<\/td>\n<\/tr>\n<tr>\n<td>13:00<br \/> a<br \/> 15:00<\/td>\n<td><strong>\"Desaf\u00edo\" del Taller de Rob\u00f3tica<\/strong><\/td>\n<td style=\"text-align: left\">Pago incluido con el Taller<\/td>\n<td style=\"text-align: left\">Labo A<\/td>\n<\/tr>\n<tr>\n<td>14:00<br \/> a<br \/> 17:00<\/td>\n<td>\"Let's create! Video juegos en UNITY\", 2\u00ba PARTE, <strong>Nicol\u00e1s Quintana <\/strong>- Cupo 25<\/td>\n<td style=\"text-align: center\">Pago incluido en la 1ra parte<\/td>\n<td style=\"text-align: left\">Labo A<\/td>\n<\/tr>\n<tr>\n<td>17:00<\/td>\n<td>\"Agile Testing\", <strong>Sof\u00eda Montenegro <\/strong>y<strong> Mat\u00edas Santill\u00e1n Ahumada (GLOBANT)<\/strong><\/td>\n<td style=\"text-align: center\">-<\/td>\n<td style=\"text-align: center\">-<\/td>\n<\/tr>\n<tr>\n<td>18:00<\/td>\n<td>\"Marketing e Innovaci\u00f3n\", <strong>Lic. Enrique Espeche<\/strong><\/td>\n<td style=\"text-align: center\">-<\/td>\n<td style=\"text-align: left\">Sala de Audiovisuales<\/td>\n<\/tr>\n<\/tbody>\n<\/table>\n<h2>\u00a0<\/h2>\n<h2><a style=\"font-size: 16px\" name=\"lugar\"><\/a><\/h2>\n<h2>Lugar del Evento<\/h2>\n<p>Las actividades se realizar\u00e1n en el Block 2 Planta Baja, Block 3 Primer Piso, Block 4 y Dpto de Luz, Ambiente e Iluminaci\u00f3n (Luminotecnia).<br \/> <a href=\"https:\/\/www.facet.unt.edu.ar\/dpto-cs-comp\/wp-content\/uploads\/sites\/29\/2015\/08\/blocks.jpg\"><img decoding=\"async\" loading=\"lazy\" class=\"aligncenter size-medium wp-image-276\" src=\"https:\/\/www.facet.unt.edu.ar\/dpto-cs-comp\/wp-content\/uploads\/sites\/29\/2015\/08\/blocks-300x210.jpg\" alt=\"blocks\" width=\"300\" height=\"210\" srcset=\"https:\/\/www.facet.unt.edu.ar\/dpto-cs-comp\/wp-content\/uploads\/sites\/29\/2015\/08\/blocks-300x210.jpg 300w, https:\/\/www.facet.unt.edu.ar\/dpto-cs-comp\/wp-content\/uploads\/sites\/29\/2015\/08\/blocks.jpg 725w\" sizes=\"(max-width: 300px) 100vw, 300px\" \/><\/a><br \/> <a name=\"dirigidoa\"><\/a><\/p>\n<h2>Este evento est\u00e1 dirigido a:<\/h2>\n<p>Alumnos del nivel medio, aspirantes a ingresar a las carreras de Programador Universitario y Licenciatura en Inform\u00e1tica, estudiantes, docentes, investigadores, profesionales y empresas del medio IT.<br \/> <a name=\"formulario\"><\/a><\/p>\n<h2>Formularios de Pre-inscripci\u00f3n<\/h2>\n<p>Para la pre-inscripci\u00f3n llenar el formulario. La inscripci\u00f3n se produce al realizar el pago.<\/p>\n<p>Taller:\"<strong>Game Maker\"<\/strong>: <a href=\"https:\/\/docs.google.com\/forms\/d\/e\/1FAIpQLSciRHT256Xg8ytrPLtog4R7ekbynAeTN09Aq9aK3G2g633gFw\/viewform\">Acceder<\/a><br \/> Lunes 18 de Septiembre: 15 a 19hs - Laboratorio A<br \/> Costo: $50 Alumnos PU y Lic,\u00a0\u00a0$100 Alumnos FACET,\u00a0$200 Externos<\/p>\n<p>Taller :<strong>\"Desarrollando habilidades para el mundo laboral\"<\/strong>: <a href=\"https:\/\/docs.google.com\/forms\/d\/e\/1FAIpQLSftncllWFWTg9kSfnAqUu_yYn-fO83uopfprkXS6UHAtRZfXg\/viewform\">Acceder<\/a><br \/> Martes 19 de Septiembre (1ra Parte): 16 a 18hs - Aula 12 Block Civil (Block 4)<br \/> Mi\u00e9rcoles 20 de Septiembre (2da Parte): 16 a 18hs - Aula 12 Block Civil (Block 4)<br \/> Costo: $120 Alumnos PU y Lic,\u00a0\u00a0$200 Alumnos FACET,\u00a0$300 Externos<\/p>\n<p>Taller :<strong>\"Let's create! Video juegos en UNITY\"<\/strong>: <a href=\"https:\/\/docs.google.com\/forms\/d\/e\/1FAIpQLSfdBsHhiWyVC8EJqxcXFRS_kdcfMoTFFh_ijDK8XDgKFjcMiw\/viewform\">Acceder<\/a><br \/> Mi\u00e9rcoles 20 de Septiembre (1ra Parte): 14 a 17hs - Laboratorio A<br \/> Viernes 22 de Septiembre (2da Parte): 14 a 17hs - Laboratorio A<br \/> Costo: $50 Alumnos PU y Lic,\u00a0\u00a0$100 Alumnos FACET,\u00a0$200 Externos<\/p>\n<p>Taller :<strong>\"Rob\u00f3tica con desaf\u00edo\"<\/strong>: <a href=\"https:\/\/docs.google.com\/forms\/d\/e\/1FAIpQLSdVfKQl0NPVIGzcN0DxP2Os0-oMLWfPUO1P-btFSQDT96pPdg\/viewform\">Acceder<\/a><br \/> Viernes 22 de Septiembre (Taller): 9 a 12hs - Laboratorio A<br \/> Viernes 22 de Septiembre (Desaf\u00edo): 13 a 15hs - Laboratorio A<br \/> Costo: $150 Alumnos PU y Lic,\u00a0\u00a0$200 Alumnos FACET,\u00a0$250 Externos<\/p>\n<p><a name=\"App\"><\/a><\/p>\n<h2>Descargar App de la Semana del Programador<\/h2>\n<p>Ya est\u00e1 disponible para descarga la App para Android de la Semana del Programador! Obtenela aqu\u00ed [ <a href=\"https:\/\/play.google.com\/store\/apps\/details?id=com.emmanuelcordoba.semanadelprogramador&amp;hl=es\">Descarga<\/a> ]<\/p>\n<p><a name=\"sociales\"><\/a><\/p>\n<h2>Redes Sociales<\/h2>\n<p>Segu\u00ed el evento a trav\u00e9s del Facebook <a style=\"color: blue\" href=\"https:\/\/www.facebook.com\/estudiainformaticaunt\" target=\"_blank\" rel=\"noopener\">EstudiaInformaticaUNT<\/a> o Directamente en la p\u00e1gina <a style=\"color: blue\" href=\"https:\/\/web.facebook.com\/Semana-del-Programador-119912948646043\/\" target=\"_blank\" rel=\"noopener\">Evento<\/a><br \/> <a name=\"llegar\"><\/a><\/p>\n<h2>C\u00f3mo llegar<\/h2>\n<p>Facultad de Ciencias Exactas y Tecnolog\u00eda,<br \/> Av. Independencia 1800 (y Fr\u00edas Silva) \u2013 S. M. de Tucum\u00e1n \u2013 Argentina.<br \/> Los deja en la entrada de la Facultad las L\u00edneas 17, 18 y 19, por Independencia.<\/p>\n<p><a href=\"https:\/\/www.facet.unt.edu.ar\/dpto-cs-comp\/wp-content\/uploads\/sites\/29\/2016\/08\/facet.jpg\"><img decoding=\"async\" loading=\"lazy\" class=\"aligncenter size-medium wp-image-733\" src=\"https:\/\/www.facet.unt.edu.ar\/dpto-cs-comp\/wp-content\/uploads\/sites\/29\/2016\/08\/facet-300x159.jpg\" alt=\"facet\" width=\"300\" height=\"159\" srcset=\"https:\/\/www.facet.unt.edu.ar\/dpto-cs-comp\/wp-content\/uploads\/sites\/29\/2016\/08\/facet-300x159.jpg 300w, https:\/\/www.facet.unt.edu.ar\/dpto-cs-comp\/wp-content\/uploads\/sites\/29\/2016\/08\/facet-768x407.jpg 768w, https:\/\/www.facet.unt.edu.ar\/dpto-cs-comp\/wp-content\/uploads\/sites\/29\/2016\/08\/facet-720x380.jpg 720w, https:\/\/www.facet.unt.edu.ar\/dpto-cs-comp\/wp-content\/uploads\/sites\/29\/2016\/08\/facet.jpg 1001w\" sizes=\"(max-width: 300px) 100vw, 300px\" \/><\/a><br \/> <a class=\"aligncenter\" href=\"https:\/\/www.google.com.ar\/maps\/search\/facultad+de+ciencias+exactas+unt\/@-26.8432273,-65.2293065,709m\/data=!3m1!1e3?hl=es\" target=\"_blank\" rel=\"noopener\">Ver Mapa Interactivo<\/a><\/p>\n<h2>\u00a0<\/h2>\n<h2>Organizado por:<\/h2>\n<p>Departamento Ciencias de la Computaci\u00f3n.Facultad de Ciencias Exactas y Tecnolog\u00eda - Universidad Nacional de Tucum\u00e1n<\/p>\n<p><a name=\"informes\"><\/a><\/p>\n<h2>Informes:<\/h2>\n<p>Secretar\u00eda de Programador Universitario.<br \/> Departamento de Ciencias de la Computaci\u00f3n<br \/> FACET-UNT<br \/> Av. Independencia 1800<br \/> Block 2. Planta baja<br \/> Tel: 4364093 int. 7746<\/p>\n<p>Ingresando por el estacionamiento de Independencia y Frias Silva, el Block 2 es el segundo edificio grande que se encuentra a mano izquierda<\/p>\n<p><a href=\"https:\/\/www.facet.unt.edu.ar\/dpto-cs-comp\/wp-content\/uploads\/sites\/29\/2016\/08\/block2.jpg\"><img decoding=\"async\" loading=\"lazy\" class=\"aligncenter size-medium wp-image-736\" src=\"https:\/\/www.facet.unt.edu.ar\/dpto-cs-comp\/wp-content\/uploads\/sites\/29\/2016\/08\/block2-200x300.jpg\" alt=\"block2\" width=\"200\" height=\"300\" srcset=\"https:\/\/www.facet.unt.edu.ar\/dpto-cs-comp\/wp-content\/uploads\/sites\/29\/2016\/08\/block2-200x300.jpg 200w, https:\/\/www.facet.unt.edu.ar\/dpto-cs-comp\/wp-content\/uploads\/sites\/29\/2016\/08\/block2.jpg 407w\" sizes=\"(max-width: 200px) 100vw, 200px\" \/><\/a><\/p>\n<p>O al mail: <a href=\"mailto:programador.facet@herrera.unt.edu.ar\">programador.facet@herrera.unt.edu.ar<\/a><\/p>\n<\/div>\n<\/div><\/div><\/div><\/div><\/div>","protected":false},"excerpt":{"rendered":"<p>Men\u00fa Cronograma Lugar C\u00f3mo llegar Dirigido a Formu. Inscripci\u00f3n Redes Sociales Descargar App Informes Auspiciantes Semana del Programador \u00a0 Invitaci\u00f3n Todos los a\u00f1os, el d\u00eda 256 del a\u00f1o los programadores alrededor del mundo festejan su d\u00eda. En la FACET-UNT tenemos nuestra propia comunidad de programadores y festejamos una semana completa. Durante la misma estudiantes, docentes, [&hellip;]<\/p>\n","protected":false},"author":23,"featured_media":0,"parent":0,"menu_order":0,"comment_status":"closed","ping_status":"closed","template":"","meta":[],"_links":{"self":[{"href":"https:\/\/www.facet.unt.edu.ar\/dpto-cs-comp\/wp-json\/wp\/v2\/pages\/593"}],"collection":[{"href":"https:\/\/www.facet.unt.edu.ar\/dpto-cs-comp\/wp-json\/wp\/v2\/pages"}],"about":[{"href":"https:\/\/www.facet.unt.edu.ar\/dpto-cs-comp\/wp-json\/wp\/v2\/types\/page"}],"author":[{"embeddable":true,"href":"https:\/\/www.facet.unt.edu.ar\/dpto-cs-comp\/wp-json\/wp\/v2\/users\/23"}],"replies":[{"embeddable":true,"href":"https:\/\/www.facet.unt.edu.ar\/dpto-cs-comp\/wp-json\/wp\/v2\/comments?post=593"}],"version-history":[{"count":270,"href":"https:\/\/www.facet.unt.edu.ar\/dpto-cs-comp\/wp-json\/wp\/v2\/pages\/593\/revisions"}],"predecessor-version":[{"id":1219,"href":"https:\/\/www.facet.unt.edu.ar\/dpto-cs-comp\/wp-json\/wp\/v2\/pages\/593\/revisions\/1219"}],"wp:attachment":[{"href":"https:\/\/www.facet.unt.edu.ar\/dpto-cs-comp\/wp-json\/wp\/v2\/media?parent=593"}],"curies":[{"name":"wp","href":"https:\/\/api.w.org\/{rel}","templated":true}]}}