{"id":84,"date":"2015-08-13T20:44:19","date_gmt":"2015-08-13T23:44:19","guid":{"rendered":"https:\/\/www.facet.unt.edu.ar\/dpto-cs-comp\/?page_id=84"},"modified":"2024-11-19T17:37:29","modified_gmt":"2024-11-19T20:37:29","slug":"autoridades","status":"publish","type":"page","link":"https:\/\/www.facet.unt.edu.ar\/dpto-cs-comp\/autoridades\/","title":{"rendered":"AUTORIDADES"},"content":{"rendered":"<div id=\"pl-84\"  class=\"panel-layout\" ><div id=\"pg-84-0\"  class=\"panel-grid panel-no-style\" ><div id=\"pgc-84-0-0\"  class=\"panel-grid-cell\" ><div id=\"panel-84-0-0-0\" class=\"so-panel widget widget_text panel-first-child panel-last-child\" data-index=\"0\" ><div class=\"panel-widget-style panel-widget-style-for-84-0-0-0\" >\t\t\t<div class=\"textwidget\"><h2 style=\"text-align:center; text-decoration:underline;\">Autoridades 2024 - 2026<\/h2>\n<h3 style=\"border-bottom:solid 1.5px #009900\">Jefa de Departamento<\/h3>\n\n<strong>\n<ul>\n<li>Lic. Mar\u00eda Cristina Werenitzy Curia<\/strong><br><\/ul>\n\n<h3 style=\"border-bottom:solid 1.5px #009900\">Director de la Carrera Ingenier\u00eda en Inform\u00e1tica<\/h3>\n<ul>\n<li><strong>Ing. Alberto Esteban Saborido Mole<\/strong><\/ul>\n\n<h3 style=\"border-bottom:solid 1.5px #009900\">Director de la Carrera Licenciatura en Inform\u00e1tica<\/h3>\n<ul>\n<li><strong>Mg. Hugo Orlando Ortega<\/strong><\/ul>\n\n<h3 style=\"border-bottom:solid 1.5px #009900\">Director de la Carrera Programador Universitario<\/h3>\n<ul>\n<li><strong>Mg. Hugo Orlando Ortega<\/strong><\/ul>\n\n<h3  style=\"border-bottom:solid 1.5px #009900\">Comisi\u00f3n de Prioridades<\/h3>\n<h4> \nProfesores Titulares<\/h4>\n<ul>\n<li><strong>\nTitular: Mg. Ing. Hugo Orlando Ortega<\/strong>\n<li><strong>Suplente:  ---\n<\/strong><\/ul>\n\n<h4> Profesores Asociados<\/h4>\n<ul>\n<li><strong>\nTitular: Ing. Alberto Esteban Saborido Mole <\/strong>\n<li><strong>\nSuplente: Lic. Mar\u00eda Cristina Werenitzky Curia <\/strong><\/ul>\n\n<h4>Profesores Adjuntos:<\/h4>\n<ul>\n<li><strong>\nTitular: Lic. Myriam Noem\u00ed del Valle Ruiz<\/strong>\n<li><strong>Suplente: ---<\/strong><\/ul>\n\n<h4>Jefe De Trabajos Pr\u00e1cticos<\/h4>\n<ul>\n<li><strong>\nTitular: P.U. Sergio Antonio Guardia<\/strong>\n<li><strong>Suplente: Esp. Ing. Luis Alberto Ortiz<\/strong><\/ul>\n\n<h4>Auxiliares Docentes Graduados<\/h4>\n<ul>\n<li><strong>\nTitular: Ing. Gabriela Odstrcil<\/strong>\n<li><strong>Suplente: Lic. Daniel Horacio Melucci<\/strong><\/ul>\n\n<\/div>\n\t\t<\/div><\/div><\/div><\/div><\/div>","protected":false},"excerpt":{"rendered":"<p>Autoridades 2024 &#8211; 2026 Jefa de Departamento Lic. Mar\u00eda Cristina Werenitzy Curia Director de la Carrera Ingenier\u00eda en Inform\u00e1tica Ing. Alberto Esteban Saborido Mole Director de la Carrera Licenciatura en Inform\u00e1tica Mg. Hugo Orlando Ortega Director de la Carrera Programador Universitario Mg. Hugo Orlando Ortega Comisi\u00f3n de Prioridades Profesores Titulares Titular: Mg. Ing. Hugo Orlando [&hellip;]<\/p>\n","protected":false},"author":23,"featured_media":0,"parent":0,"menu_order":0,"comment_status":"closed","ping_status":"closed","template":"","meta":[],"_links":{"self":[{"href":"https:\/\/www.facet.unt.edu.ar\/dpto-cs-comp\/wp-json\/wp\/v2\/pages\/84"}],"collection":[{"href":"https:\/\/www.facet.unt.edu.ar\/dpto-cs-comp\/wp-json\/wp\/v2\/pages"}],"about":[{"href":"https:\/\/www.facet.unt.edu.ar\/dpto-cs-comp\/wp-json\/wp\/v2\/types\/page"}],"author":[{"embeddable":true,"href":"https:\/\/www.facet.unt.edu.ar\/dpto-cs-comp\/wp-json\/wp\/v2\/users\/23"}],"replies":[{"embeddable":true,"href":"https:\/\/www.facet.unt.edu.ar\/dpto-cs-comp\/wp-json\/wp\/v2\/comments?post=84"}],"version-history":[{"count":123,"href":"https:\/\/www.facet.unt.edu.ar\/dpto-cs-comp\/wp-json\/wp\/v2\/pages\/84\/revisions"}],"predecessor-version":[{"id":3892,"href":"https:\/\/www.facet.unt.edu.ar\/dpto-cs-comp\/wp-json\/wp\/v2\/pages\/84\/revisions\/3892"}],"wp:attachment":[{"href":"https:\/\/www.facet.unt.edu.ar\/dpto-cs-comp\/wp-json\/wp\/v2\/media?parent=84"}],"curies":[{"name":"wp","href":"https:\/\/api.w.org\/{rel}","templated":true}]}}