{"id":933,"date":"2017-08-14T13:08:07","date_gmt":"2017-08-14T16:08:07","guid":{"rendered":"https:\/\/www.facet.unt.edu.ar\/dpto-cs-comp\/?page_id=933"},"modified":"2017-08-14T13:48:47","modified_gmt":"2017-08-14T16:48:47","slug":"catedras","status":"publish","type":"page","link":"https:\/\/www.facet.unt.edu.ar\/dpto-cs-comp\/catedras\/","title":{"rendered":"C\u00e1tedras"},"content":{"rendered":"<h1>C\u00c1TEDRAS<\/h1>\n<h2>Programador Universitario y Licenciatura en Inform\u00e1tica<\/h2>\n<p><span style=\"color: #000080\">Elementos de Computaci\u00f3n y L\u00f3gica (C\u00f3digo PU1)<\/span><\/p>\n<p>Lic. In\u00e9s Ja\u00e9n (Teor\u00eda)<\/p>\n<p>Lic. H\u00e9ctor Valdecantos (Pr\u00e1ctica)<\/p>\n<p>Lic. Mariela Vel\u00e1zquez (Pr\u00e1ctica)<\/p>\n<p><span style=\"color: #000080\">Laboratorio I (C\u00f3digo P03)<\/span><\/p>\n<p><span style=\"color: #000080\">Programaci\u00f3n (C\u00f3digo P06 en para Programador y PU2 para Licenciatura)<\/span><\/p>\n<p><span style=\"color: #000080\">Laboratorio II (C\u00f3digo P07)<\/span><\/p>\n<hr \/>\n<p><span style=\"color: #000080\">Algoritmos y Estructura De Datos (C\u00f3digo P08 para PU) \/ \u00a0Algoritmos Y Estructura De Datos I (C\u00f3digo LIA para Licenciatura)<\/span><\/p>\n<p><span style=\"color: #000080\">Conceptos De Bases De Datos I (C\u00f3digo P09)<\/span><\/p>\n<p><span style=\"color: #000080\">M\u00e9todos Num\u00e9ricos I (C\u00f3digo P10)<\/span><\/p>\n<p><span style=\"color: #000080\">Taller De Lenguaje I (C\u00f3digo P11 para PU y C\u00f3digo P)<\/span><\/p>\n<p><span style=\"color: #000080\">Arquitectura y Organizaci\u00f3n De Computadoras (C\u00f3digo P13)<\/span><\/p>\n<p><span style=\"color: #000080\">Paradigmas de Programaci\u00f3n (C\u00f3digo P14)<\/span><\/p>\n<p><span style=\"color: #000080\">Taller De Lenguaje II (C\u00f3digo P23)<\/span><\/p>\n<hr \/>\n<p><span style=\"color: #000080\">Conceptos De Bases De Datos II (C\u00f3digo P15)<\/span><\/p>\n<p><span style=\"color: #000080\">Sistemas Operativos (C\u00f3digo P16)<\/span><\/p>\n<p><span style=\"color: #000080\">An\u00e1lisis y Dise\u00f1o de Sistemas De Informaci\u00f3n (C\u00f3digo P17)<\/span><\/p>\n<p><span style=\"color: #000080\">Comunicaciones I (C\u00f3digo P18)<\/span><\/p>\n<p><span style=\"color: #000080\">Proyecto Final (Anual) (C\u00f3digo P98)<\/span><\/p>\n<p><span style=\"color: #000080\">Ingenier\u00eda De Software (C\u00f3digo P20)<\/span><\/p>\n<p><span style=\"color: #000080\">Comunicaciones II (C\u00f3digo P21)<\/span><\/p>\n<p><span style=\"color: #000080\">Taller De Legislaci\u00f3n Y Organizaciones (C\u00f3digo P24)<\/span><\/p>\n<p><span style=\"color: #000080\">Sistemas Abiertos (C\u00f3digo P25)<\/span><\/p>\n<p><span style=\"color: #000080\">Proyecto Final (Continuaci\u00f3n) (C\u00f3digo P99)<\/span><\/p>\n<p>&nbsp;<\/p>\n","protected":false},"excerpt":{"rendered":"<p>C\u00c1TEDRAS Programador Universitario y Licenciatura en Inform\u00e1tica Elementos de Computaci\u00f3n y L\u00f3gica (C\u00f3digo PU1) Lic. In\u00e9s Ja\u00e9n (Teor\u00eda) Lic. H\u00e9ctor Valdecantos (Pr\u00e1ctica) Lic. Mariela Vel\u00e1zquez (Pr\u00e1ctica) Laboratorio I (C\u00f3digo P03) Programaci\u00f3n (C\u00f3digo P06 en para Programador y PU2 para Licenciatura) Laboratorio II (C\u00f3digo P07) Algoritmos y Estructura De Datos (C\u00f3digo P08 para PU) \/ \u00a0Algoritmos [&hellip;]<\/p>\n","protected":false},"author":23,"featured_media":0,"parent":0,"menu_order":0,"comment_status":"closed","ping_status":"closed","template":"","meta":[],"_links":{"self":[{"href":"https:\/\/www.facet.unt.edu.ar\/dpto-cs-comp\/wp-json\/wp\/v2\/pages\/933"}],"collection":[{"href":"https:\/\/www.facet.unt.edu.ar\/dpto-cs-comp\/wp-json\/wp\/v2\/pages"}],"about":[{"href":"https:\/\/www.facet.unt.edu.ar\/dpto-cs-comp\/wp-json\/wp\/v2\/types\/page"}],"author":[{"embeddable":true,"href":"https:\/\/www.facet.unt.edu.ar\/dpto-cs-comp\/wp-json\/wp\/v2\/users\/23"}],"replies":[{"embeddable":true,"href":"https:\/\/www.facet.unt.edu.ar\/dpto-cs-comp\/wp-json\/wp\/v2\/comments?post=933"}],"version-history":[{"count":11,"href":"https:\/\/www.facet.unt.edu.ar\/dpto-cs-comp\/wp-json\/wp\/v2\/pages\/933\/revisions"}],"predecessor-version":[{"id":3300,"href":"https:\/\/www.facet.unt.edu.ar\/dpto-cs-comp\/wp-json\/wp\/v2\/pages\/933\/revisions\/3300"}],"wp:attachment":[{"href":"https:\/\/www.facet.unt.edu.ar\/dpto-cs-comp\/wp-json\/wp\/v2\/media?parent=933"}],"curies":[{"name":"wp","href":"https:\/\/api.w.org\/{rel}","templated":true}]}}