{"id":102,"date":"2023-03-28T14:39:08","date_gmt":"2023-03-28T17:39:08","guid":{"rendered":"https:\/\/www.facet.unt.edu.ar\/dpto-fisica\/?page_id=102"},"modified":"2025-09-08T10:11:44","modified_gmt":"2025-09-08T13:11:44","slug":"autoridades","status":"publish","type":"page","link":"https:\/\/www.facet.unt.edu.ar\/dpto-fisica\/","title":{"rendered":"Institucional"},"content":{"rendered":"<div id=\"pl-102\"  class=\"panel-layout\" ><div id=\"pg-102-0\"  class=\"panel-grid panel-no-style\" ><div id=\"pgc-102-0-0\"  class=\"panel-grid-cell\" ><div id=\"panel-102-0-0-0\" class=\"so-panel widget widget_sow-editor panel-first-child\" data-index=\"0\" ><div\n\t\t\t\n\t\t\tclass=\"so-widget-sow-editor so-widget-sow-editor-base\"\n\t\t\t\n\t\t>\n<div class=\"siteorigin-widget-tinymce textwidget\">\n\t<p><strong>JEFA DE DEPARTAMENTO<\/strong><br \/>\nDra. Gabriela Simonelli<\/p>\n<p><strong>SECRETARIO<\/strong><br \/>\nSr. Jos\u00e9 Luis Piccardi<\/p>\n<\/div>\n<\/div><\/div><div id=\"panel-102-0-0-1\" class=\"so-panel widget widget_sow-editor panel-last-child\" data-index=\"1\" ><div\n\t\t\t\n\t\t\tclass=\"so-widget-sow-editor so-widget-sow-editor-base\"\n\t\t\t\n\t\t>\n<div class=\"siteorigin-widget-tinymce textwidget\">\n\t<p><strong>COMISI\u00d3N DE PRIORIDADES<\/strong><\/p>\n<p><strong>Profesores Titulares<\/strong><br \/>\nDr. Manuel Villafuerte<\/p>\n<p><strong>Profesores Asociados<\/strong><br \/>\nDr. Carlos Figueroa<br \/>\nLic. Francisco Soria<\/p>\n<p><strong>Profesores Adjuntos<\/strong><br \/>\nMg. Mar\u00eda Laura Molina<\/p>\n<p><strong>Jefes de Trabajos Pr\u00e1cticos<\/strong><br \/>\nLic. Anal\u00eda Cabal\u00edn<\/p>\n<p><strong>Auxiliares Docentes Graduados<\/strong><br \/>\nLic. Axel Hemsy<br \/>\nIng. Cecilia Jer\u00e9z Fanciotti<\/p>\n<p>&nbsp;<\/p>\n<p>&nbsp;<\/p>\n<\/div>\n<\/div><\/div><\/div><\/div><\/div>","protected":false},"excerpt":{"rendered":"<p>JEFA DE DEPARTAMENTO Dra. Gabriela Simonelli SECRETARIO Sr. Jos\u00e9 Luis Piccardi COMISI\u00d3N DE PRIORIDADES Profesores Titulares Dr. Manuel Villafuerte Profesores Asociados Dr. Carlos Figueroa Lic. Francisco Soria Profesores Adjuntos Mg. Mar\u00eda Laura Molina Jefes de Trabajos Pr\u00e1cticos Lic. Anal\u00eda Cabal\u00edn Auxiliares Docentes Graduados Lic. Axel Hemsy Ing. Cecilia Jer\u00e9z Fanciotti &nbsp; &nbsp;<\/p>\n","protected":false},"author":123495,"featured_media":0,"parent":0,"menu_order":0,"comment_status":"closed","ping_status":"closed","template":"","meta":[],"_links":{"self":[{"href":"https:\/\/www.facet.unt.edu.ar\/dpto-fisica\/wp-json\/wp\/v2\/pages\/102"}],"collection":[{"href":"https:\/\/www.facet.unt.edu.ar\/dpto-fisica\/wp-json\/wp\/v2\/pages"}],"about":[{"href":"https:\/\/www.facet.unt.edu.ar\/dpto-fisica\/wp-json\/wp\/v2\/types\/page"}],"author":[{"embeddable":true,"href":"https:\/\/www.facet.unt.edu.ar\/dpto-fisica\/wp-json\/wp\/v2\/users\/123495"}],"replies":[{"embeddable":true,"href":"https:\/\/www.facet.unt.edu.ar\/dpto-fisica\/wp-json\/wp\/v2\/comments?post=102"}],"version-history":[{"count":9,"href":"https:\/\/www.facet.unt.edu.ar\/dpto-fisica\/wp-json\/wp\/v2\/pages\/102\/revisions"}],"predecessor-version":[{"id":357,"href":"https:\/\/www.facet.unt.edu.ar\/dpto-fisica\/wp-json\/wp\/v2\/pages\/102\/revisions\/357"}],"wp:attachment":[{"href":"https:\/\/www.facet.unt.edu.ar\/dpto-fisica\/wp-json\/wp\/v2\/media?parent=102"}],"curies":[{"name":"wp","href":"https:\/\/api.w.org\/{rel}","templated":true}]}}