{"id":103,"date":"2023-03-28T14:39:09","date_gmt":"2023-03-28T17:39:09","guid":{"rendered":"https:\/\/www.facet.unt.edu.ar\/dpto-fisica\/?page_id=103"},"modified":"2025-09-08T10:17:39","modified_gmt":"2025-09-08T13:17:39","slug":"docentes","status":"publish","type":"page","link":"https:\/\/www.facet.unt.edu.ar\/dpto-fisica\/docentes\/","title":{"rendered":"Docentes"},"content":{"rendered":"<div id=\"pl-103\"  class=\"panel-layout\" ><div id=\"pg-103-0\"  class=\"panel-grid panel-no-style\" ><div id=\"pgc-103-0-0\"  class=\"panel-grid-cell\" ><div id=\"panel-103-0-0-0\" class=\"so-panel widget widget_sow-editor panel-first-child panel-last-child\" data-index=\"0\" ><div\n\t\t\t\n\t\t\tclass=\"so-widget-sow-editor so-widget-sow-editor-base\"\n\t\t\t\n\t\t>\n<div class=\"siteorigin-widget-tinymce textwidget\">\n\t<p><strong>Profesores Titulares<\/strong><\/p>\n<p>D\u00edaz, Leandro Ra\u00fal<br \/>\nFerreyra, Jorge<br \/>\nG\u00f3mez Marigliano, Ana C.<br \/>\nMansilla, Gustavo<br \/>\nNieva, Enrique<br \/>\nSimonelli, Gabriela<br \/>\nTirado, M\u00f3nica<br \/>\nVillafuerte,Manuel<\/p>\n<p><strong>Profesores Asociados<\/strong><\/p>\n<p>Bennasar, Mar\u00eda Rosa<\/p>\n<p>Borgazzi, Andrea In\u00e9s<br \/>\nComedi,David<br \/>\nCorregidor, Diego<\/p>\n<p>de Haro Barb\u00e1s, Blas<br \/>\nFigueroa, Carlos<br \/>\nG\u00f3mez L\u00f3pez, Azucena<br \/>\nMedina, C\u00e9sar<br \/>\nSoria, Francisco<\/p>\n<p><strong>Profesores Adjuntos<\/strong><\/p>\n<p>Brizuela, Horacio<br \/>\nCampos, Viviana<br \/>\nClar\u00e1, Ren\u00e9<br \/>\nFerreyra,Mart\u00edn<br \/>\nGonz\u00e1lez, Diego Alejandro<br \/>\nLazarte, S. Manuel<br \/>\nMar\u00edn, Oscar<br \/>\nEl\u00edas, Ana Georgina<br \/>\nGarc\u00eda, Juan A.<br \/>\nMolina, Maria Laura<br \/>\nPolitti, Julio<br \/>\nZapata, M. Cecilia<\/p>\n<p><strong>Jefes de Trabajos Pr\u00e1cticos<\/strong><\/p>\n<p>Abboud, Jorge A.<br \/>\nBridoux, Germ\u00e1n<br \/>\nCabal\u00edn, Anal\u00eda<br \/>\nEsp\u00edndola, Omar<br \/>\nFlores Ivaldi, Gerardo<br \/>\nLau, M. Bernarda<br \/>\nLeal, Sebasti\u00e1n<br \/>\nLucena, M. Cecilia<br \/>\nMancilla, Marcos Emilio<br \/>\nMedina, Franco<br \/>\nSaavedra, Zen\u00f3n<br \/>\nStraube,Benjam\u00edn<br \/>\nTannur\u00e9, Gast\u00f3n<br \/>\nTolosa, Mart\u00edn Rodrigo<br \/>\nVega, Nadia C.<br \/>\nVenchiarutti,Valent\u00edn<br \/>\nVilca, V\u00edctor Eduardo<\/p>\n<p><strong>Auxiliares Docentes Graduados<\/strong><\/p>\n<p>Abaca, Facundo M\u00e1ximo<br \/>\nArreguez, Constanza<br \/>\nAssad, Alicia Josefina<br \/>\nBelmonte, Javier<br \/>\nGuerrero, Tom\u00e1s Roberto<br \/>\nHemsy, Axel<br \/>\nJ\u00e9rez Fanciotti,Cecilia<br \/>\nLedesma Venecia, Silvana<br \/>\nNu\u00f1o, Fernando<br \/>\nSoria, Emilse<br \/>\nV\u00e1zquez, Juan Pablo<br \/>\nVega Caro, Mar\u00eda Ail\u00e9n<br \/>\nVillagra, Gonzalo<\/p>\n<\/div>\n<\/div><\/div><\/div><\/div><\/div>","protected":false},"excerpt":{"rendered":"<p>Profesores Titulares D\u00edaz, Leandro Ra\u00fal Ferreyra, Jorge G\u00f3mez Marigliano, Ana C. Mansilla, Gustavo Nieva, Enrique Simonelli, Gabriela Tirado, M\u00f3nica Villafuerte,Manuel Profesores Asociados Bennasar, Mar\u00eda Rosa Borgazzi, Andrea In\u00e9s Comedi,David Corregidor, Diego de Haro Barb\u00e1s, Blas Figueroa, Carlos G\u00f3mez L\u00f3pez, Azucena Medina, C\u00e9sar Soria, Francisco Profesores Adjuntos Brizuela, Horacio Campos, Viviana Clar\u00e1, Ren\u00e9 Ferreyra,Mart\u00edn Gonz\u00e1lez, Diego [&hellip;]<\/p>\n","protected":false},"author":123495,"featured_media":0,"parent":0,"menu_order":0,"comment_status":"closed","ping_status":"closed","template":"","meta":[],"_links":{"self":[{"href":"https:\/\/www.facet.unt.edu.ar\/dpto-fisica\/wp-json\/wp\/v2\/pages\/103"}],"collection":[{"href":"https:\/\/www.facet.unt.edu.ar\/dpto-fisica\/wp-json\/wp\/v2\/pages"}],"about":[{"href":"https:\/\/www.facet.unt.edu.ar\/dpto-fisica\/wp-json\/wp\/v2\/types\/page"}],"author":[{"embeddable":true,"href":"https:\/\/www.facet.unt.edu.ar\/dpto-fisica\/wp-json\/wp\/v2\/users\/123495"}],"replies":[{"embeddable":true,"href":"https:\/\/www.facet.unt.edu.ar\/dpto-fisica\/wp-json\/wp\/v2\/comments?post=103"}],"version-history":[{"count":9,"href":"https:\/\/www.facet.unt.edu.ar\/dpto-fisica\/wp-json\/wp\/v2\/pages\/103\/revisions"}],"predecessor-version":[{"id":361,"href":"https:\/\/www.facet.unt.edu.ar\/dpto-fisica\/wp-json\/wp\/v2\/pages\/103\/revisions\/361"}],"wp:attachment":[{"href":"https:\/\/www.facet.unt.edu.ar\/dpto-fisica\/wp-json\/wp\/v2\/media?parent=103"}],"curies":[{"name":"wp","href":"https:\/\/api.w.org\/{rel}","templated":true}]}}