{"id":348,"date":"2025-08-29T18:09:38","date_gmt":"2025-08-29T21:09:38","guid":{"rendered":"https:\/\/www.facet.unt.edu.ar\/dpto-fisica\/?page_id=348"},"modified":"2025-08-29T18:09:39","modified_gmt":"2025-08-29T21:09:39","slug":"carreras-2","status":"publish","type":"page","link":"https:\/\/www.facet.unt.edu.ar\/dpto-fisica\/carreras-2\/","title":{"rendered":"Carreras"},"content":{"rendered":"<div id=\"pl-348\"  class=\"panel-layout\" ><div id=\"pg-348-0\"  class=\"panel-grid panel-no-style\" ><div id=\"pgc-348-0-0\"  class=\"panel-grid-cell panel-grid-cell-empty\" ><\/div><\/div><div id=\"pg-348-1\"  class=\"panel-grid panel-no-style\" ><div id=\"pgc-348-1-0\"  class=\"panel-grid-cell\" ><div id=\"panel-348-1-0-0\" class=\"so-panel widget widget_sow-button panel-first-child panel-last-child\" data-index=\"0\" ><div\n\t\t\t\n\t\t\tclass=\"so-widget-sow-button so-widget-sow-button-atom-eaa51a902caf-348\"\n\t\t\t\n\t\t><div class=\"ow-button-base ow-button-align-center\">\n\t<a href=\"https:\/\/www.facet.unt.edu.ar\/licfisica\/\" class=\"ow-icon-placement-left ow-button-hover\" target=\"_blank\" rel=\"noopener noreferrer\" \t\t>\n\t\t<span>\n\t\t\t\n\t\t\tLicenciatura en F\u00edsica\t\t<\/span>\n\t<\/a>\n<\/div>\n<\/div><\/div><\/div><div id=\"pgc-348-1-1\"  class=\"panel-grid-cell\" ><div id=\"panel-348-1-1-0\" class=\"so-panel widget widget_sow-button panel-first-child panel-last-child\" data-index=\"1\" ><div\n\t\t\t\n\t\t\tclass=\"so-widget-sow-button so-widget-sow-button-atom-eaa51a902caf-348\"\n\t\t\t\n\t\t><div class=\"ow-button-base ow-button-align-center\">\n\t<a href=\"https:\/\/www.facet.unt.edu.ar\/tecfisica\/\" class=\"ow-icon-placement-left ow-button-hover\" target=\"_blank\" rel=\"noopener noreferrer\" \t\t>\n\t\t<span>\n\t\t\t\n\t\t\tTecnicatura Universitaria en F\u00edsica \t\t<\/span>\n\t<\/a>\n<\/div>\n<\/div><\/div><\/div><div id=\"pgc-348-1-2\"  class=\"panel-grid-cell\" ><div id=\"panel-348-1-2-0\" class=\"so-panel widget widget_sow-button panel-first-child panel-last-child\" data-index=\"2\" ><div\n\t\t\t\n\t\t\tclass=\"so-widget-sow-button so-widget-sow-button-atom-eaa51a902caf-348\"\n\t\t\t\n\t\t><div class=\"ow-button-base ow-button-align-center\">\n\t<a href=\"https:\/\/www.facet.unt.edu.ar\/tecfisicaambiental\/\" class=\"ow-icon-placement-left ow-button-hover\" target=\"_blank\" rel=\"noopener noreferrer\" \t\t>\n\t\t<span>\n\t\t\t\n\t\t\tTecnicatura Universitaria en F\u00edsica Ambiental\t\t<\/span>\n\t<\/a>\n<\/div>\n<\/div><\/div><\/div><\/div><\/div>","protected":false},"excerpt":{"rendered":"<p>Licenciatura en F\u00edsica Tecnicatura Universitaria en F\u00edsica Tecnicatura Universitaria en F\u00edsica Ambiental<\/p>\n","protected":false},"author":123528,"featured_media":0,"parent":0,"menu_order":0,"comment_status":"closed","ping_status":"closed","template":"","meta":[],"_links":{"self":[{"href":"https:\/\/www.facet.unt.edu.ar\/dpto-fisica\/wp-json\/wp\/v2\/pages\/348"}],"collection":[{"href":"https:\/\/www.facet.unt.edu.ar\/dpto-fisica\/wp-json\/wp\/v2\/pages"}],"about":[{"href":"https:\/\/www.facet.unt.edu.ar\/dpto-fisica\/wp-json\/wp\/v2\/types\/page"}],"author":[{"embeddable":true,"href":"https:\/\/www.facet.unt.edu.ar\/dpto-fisica\/wp-json\/wp\/v2\/users\/123528"}],"replies":[{"embeddable":true,"href":"https:\/\/www.facet.unt.edu.ar\/dpto-fisica\/wp-json\/wp\/v2\/comments?post=348"}],"version-history":[{"count":5,"href":"https:\/\/www.facet.unt.edu.ar\/dpto-fisica\/wp-json\/wp\/v2\/pages\/348\/revisions"}],"predecessor-version":[{"id":366,"href":"https:\/\/www.facet.unt.edu.ar\/dpto-fisica\/wp-json\/wp\/v2\/pages\/348\/revisions\/366"}],"wp:attachment":[{"href":"https:\/\/www.facet.unt.edu.ar\/dpto-fisica\/wp-json\/wp\/v2\/media?parent=348"}],"curies":[{"name":"wp","href":"https:\/\/api.w.org\/{rel}","templated":true}]}}