{"id":138,"date":"2023-08-14T17:00:05","date_gmt":"2023-08-14T20:00:05","guid":{"rendered":"https:\/\/www.facet.unt.edu.ar\/dpto-geodesia-topografia\/?page_id=138"},"modified":"2025-05-14T17:50:48","modified_gmt":"2025-05-14T20:50:48","slug":"sitiosdeinteres","status":"publish","type":"page","link":"https:\/\/www.facet.unt.edu.ar\/dpto-geodesia-topografia\/sitiosdeinteres\/","title":{"rendered":"SITIOS DE INTER\u00c9S"},"content":{"rendered":"<div id=\"pl-138\"  class=\"panel-layout\" ><div id=\"pg-138-0\"  class=\"panel-grid panel-no-style\" ><div id=\"pgc-138-0-0\"  class=\"panel-grid-cell\" ><div id=\"panel-138-0-0-0\" class=\"so-panel widget widget_sow-editor panel-first-child panel-last-child\" data-index=\"0\" ><div\n\t\t\t\n\t\t\tclass=\"so-widget-sow-editor so-widget-sow-editor-base\"\n\t\t\t\n\t\t>\n<div class=\"siteorigin-widget-tinymce textwidget\">\n\t<p>Facultad de Ciencias Exactas y Tecnolog\u00eda\u00a0 \u00a0 \u00a0<a href=\"https:\/\/www.facet.unt.edu.ar\/\">https:\/\/www.facet.unt.edu.ar\/<\/a><\/p>\n<p>Sitio Web Ingreso a la FACET\u00a0 \u00a0 \u00a0<a href=\"https:\/\/www.facet.unt.edu.ar\/ingreso\/\">https:\/\/www.facet.unt.edu.ar\/ingreso\/<\/a><\/p>\n<p>Sistema Inform\u00e1tico Universitario\u00a0 \u00a0 <a href=\"https:\/\/guarani.unt.edu.ar\/autogestion\/\">https:\/\/guarani.unt.edu.ar\/autogestion\/<\/a><\/p>\n<p>Carrera de Ingenier\u00eda Geod\u00e9sica y Geof\u00edsica\u00a0 \u00a0\u00a0 <a href=\"https:\/\/www.facet.unt.edu.ar\/ingenieria-geodesica-y-geofisica\/\">https:\/\/www.facet.unt.edu.ar\/ingenieria-geodesica-y-geofisica\/<\/a><\/p>\n<p>Carrera de Ingenier\u00eda en Agrimensura \u00a0\u00a0 \u00a0<a href=\"https:\/\/www.facet.unt.edu.ar\/agrimensura-facet\/\">https:\/\/www.facet.unt.edu.ar\/agrimensura-facet\/<\/a><\/p>\n<p>Direcci\u00f3n Alumnos de la FACET \u00a0\u00a0 \u00a0<a href=\"https:\/\/www.facet.unt.edu.ar\/direccion-alumnos-facet\/\">https:\/\/www.facet.unt.edu.ar\/direccion-alumnos-facet\/<\/a><\/p>\n<p>Secretar\u00eda de Bienestar Estudiantil de la FACET \u00a0\u00a0 \u00a0\u00a0<a href=\"https:\/\/www.facet.unt.edu.ar\/secretaria-de-bienestar-estudiantil\/\">https:\/\/www.facet.unt.edu.ar\/secretaria-de-bienestar-estudiantil\/<\/a><\/p>\n<p>Sitio Web FACET VIRTUAL \u00a0\u00a0 \u00a0<a href=\"https:\/\/facetvirtual.facet.unt.edu.ar\/\">https:\/\/facetvirtual.facet.unt.edu.ar\/<\/a><\/p>\n<p>Biblioteca Central de la FACET\u00a0 \u00a0\u00a0 <a href=\"https:\/\/bibliotecafacet.com.ar\/\">https:\/\/bibliotecafacet.com.ar\/<\/a><\/p>\n<p>C\u00e1tedra de Fotogrametr\u00eda\u00a0 \u00a0 <a href=\"https:\/\/www.instagram.com\/fotogrametria_unt\/\">https:\/\/www.instagram.com\/fotogrametria_unt\/<\/a><\/p>\n<p>&nbsp;<\/p>\n<\/div>\n<\/div><\/div><\/div><\/div><\/div>","protected":false},"excerpt":{"rendered":"<p>Facultad de Ciencias Exactas y Tecnolog\u00eda\u00a0 \u00a0 \u00a0https:\/\/www.facet.unt.edu.ar\/ Sitio Web Ingreso a la FACET\u00a0 \u00a0 \u00a0https:\/\/www.facet.unt.edu.ar\/ingreso\/ Sistema Inform\u00e1tico Universitario\u00a0 \u00a0 https:\/\/guarani.unt.edu.ar\/autogestion\/ Carrera de Ingenier\u00eda Geod\u00e9sica y Geof\u00edsica\u00a0 \u00a0\u00a0 https:\/\/www.facet.unt.edu.ar\/ingenieria-geodesica-y-geofisica\/ Carrera de Ingenier\u00eda en Agrimensura \u00a0\u00a0 \u00a0https:\/\/www.facet.unt.edu.ar\/agrimensura-facet\/ Direcci\u00f3n Alumnos de la FACET \u00a0\u00a0 \u00a0https:\/\/www.facet.unt.edu.ar\/direccion-alumnos-facet\/ Secretar\u00eda de Bienestar Estudiantil de la FACET \u00a0\u00a0 \u00a0\u00a0https:\/\/www.facet.unt.edu.ar\/secretaria-de-bienestar-estudiantil\/ Sitio Web FACET [&hellip;]<\/p>\n","protected":false},"author":123494,"featured_media":0,"parent":0,"menu_order":0,"comment_status":"closed","ping_status":"closed","template":"","meta":[],"_links":{"self":[{"href":"https:\/\/www.facet.unt.edu.ar\/dpto-geodesia-topografia\/wp-json\/wp\/v2\/pages\/138"}],"collection":[{"href":"https:\/\/www.facet.unt.edu.ar\/dpto-geodesia-topografia\/wp-json\/wp\/v2\/pages"}],"about":[{"href":"https:\/\/www.facet.unt.edu.ar\/dpto-geodesia-topografia\/wp-json\/wp\/v2\/types\/page"}],"author":[{"embeddable":true,"href":"https:\/\/www.facet.unt.edu.ar\/dpto-geodesia-topografia\/wp-json\/wp\/v2\/users\/123494"}],"replies":[{"embeddable":true,"href":"https:\/\/www.facet.unt.edu.ar\/dpto-geodesia-topografia\/wp-json\/wp\/v2\/comments?post=138"}],"version-history":[{"count":8,"href":"https:\/\/www.facet.unt.edu.ar\/dpto-geodesia-topografia\/wp-json\/wp\/v2\/pages\/138\/revisions"}],"predecessor-version":[{"id":448,"href":"https:\/\/www.facet.unt.edu.ar\/dpto-geodesia-topografia\/wp-json\/wp\/v2\/pages\/138\/revisions\/448"}],"wp:attachment":[{"href":"https:\/\/www.facet.unt.edu.ar\/dpto-geodesia-topografia\/wp-json\/wp\/v2\/media?parent=138"}],"curies":[{"name":"wp","href":"https:\/\/api.w.org\/{rel}","templated":true}]}}