{"id":210,"date":"2023-12-20T19:37:13","date_gmt":"2023-12-20T22:37:13","guid":{"rendered":"https:\/\/www.facet.unt.edu.ar\/dpto-geodesia-topografia\/?page_id=210"},"modified":"2025-11-14T10:51:44","modified_gmt":"2025-11-14T13:51:44","slug":"autoridades-del-departamento","status":"publish","type":"page","link":"https:\/\/www.facet.unt.edu.ar\/dpto-geodesia-topografia\/autoridades-del-departamento\/","title":{"rendered":"AUTORIDADES DEL DEPARTAMENTO"},"content":{"rendered":"<h4 style=\"text-align: center;\"><strong>Periodo 2024-2026<\/strong><\/h4>\n<p><strong>Jefe de Departamento<\/strong><\/p>\n<p>Ing. Mg.\u00a0 Javier Ariel Carelli<\/p>\n<p>&nbsp;<\/p>\n<p><strong>Jefe Alterno de Departamento<\/strong><\/p>\n<p>Ing. Mg. Jos\u00e9 Rodolfo Golbach<\/p>\n<p>&nbsp;<\/p>\n<p><strong>Directora de la Carrera &#8220;Ingenier\u00eda Geod\u00e9sica y Geof\u00edsica&#8221;<\/strong><\/p>\n<p>Ing.\u00a0 Sandra M\u00f3nica Corral<\/p>\n<p>&nbsp;<\/p>\n<p><strong>Director Alterno de la Carrera &#8220;Ingenier\u00eda Geod\u00e9sica y Geof\u00edsica&#8221;<\/strong><\/p>\n<p>Dr. Jos\u00e9 Luis Vacaflor<\/p>\n<p>&nbsp;<\/p>\n<p><strong>Director de la Carrera &#8220;Ingenier\u00eda en Agrimensura&#8221;<\/strong><\/p>\n<p>Ing. Federico Augusto Navarro<\/p>\n<p>&nbsp;<\/p>\n<p><strong>Director Alterno de la Carrera &#8220;Ingenier\u00eda en Agrimensura&#8221;<\/strong><\/p>\n<p>&nbsp;<\/p>\n<p>&nbsp;<\/p>\n<p>&nbsp;<\/p>\n<p>&nbsp;<\/p>\n<p>&nbsp;<\/p>\n","protected":false},"excerpt":{"rendered":"<p>Periodo 2024-2026 Jefe de Departamento Ing. Mg.\u00a0 Javier Ariel Carelli &nbsp; Jefe Alterno de Departamento Ing. Mg. Jos\u00e9 Rodolfo Golbach &nbsp; Directora de la Carrera &#8220;Ingenier\u00eda Geod\u00e9sica y Geof\u00edsica&#8221; Ing.\u00a0 Sandra M\u00f3nica Corral &nbsp; Director Alterno de la Carrera &#8220;Ingenier\u00eda Geod\u00e9sica y Geof\u00edsica&#8221; Dr. Jos\u00e9 Luis Vacaflor &nbsp; Director de la Carrera &#8220;Ingenier\u00eda en Agrimensura&#8221; [&hellip;]<\/p>\n","protected":false},"author":123494,"featured_media":0,"parent":0,"menu_order":0,"comment_status":"closed","ping_status":"closed","template":"","meta":[],"_links":{"self":[{"href":"https:\/\/www.facet.unt.edu.ar\/dpto-geodesia-topografia\/wp-json\/wp\/v2\/pages\/210"}],"collection":[{"href":"https:\/\/www.facet.unt.edu.ar\/dpto-geodesia-topografia\/wp-json\/wp\/v2\/pages"}],"about":[{"href":"https:\/\/www.facet.unt.edu.ar\/dpto-geodesia-topografia\/wp-json\/wp\/v2\/types\/page"}],"author":[{"embeddable":true,"href":"https:\/\/www.facet.unt.edu.ar\/dpto-geodesia-topografia\/wp-json\/wp\/v2\/users\/123494"}],"replies":[{"embeddable":true,"href":"https:\/\/www.facet.unt.edu.ar\/dpto-geodesia-topografia\/wp-json\/wp\/v2\/comments?post=210"}],"version-history":[{"count":10,"href":"https:\/\/www.facet.unt.edu.ar\/dpto-geodesia-topografia\/wp-json\/wp\/v2\/pages\/210\/revisions"}],"predecessor-version":[{"id":535,"href":"https:\/\/www.facet.unt.edu.ar\/dpto-geodesia-topografia\/wp-json\/wp\/v2\/pages\/210\/revisions\/535"}],"wp:attachment":[{"href":"https:\/\/www.facet.unt.edu.ar\/dpto-geodesia-topografia\/wp-json\/wp\/v2\/media?parent=210"}],"curies":[{"name":"wp","href":"https:\/\/api.w.org\/{rel}","templated":true}]}}