{"id":213,"date":"2023-12-20T19:40:59","date_gmt":"2023-12-20T22:40:59","guid":{"rendered":"https:\/\/www.facet.unt.edu.ar\/dpto-geodesia-topografia\/?page_id=213"},"modified":"2025-02-24T18:51:49","modified_gmt":"2025-02-24T21:51:49","slug":"comision-de-prioridades","status":"publish","type":"page","link":"https:\/\/www.facet.unt.edu.ar\/dpto-geodesia-topografia\/comision-de-prioridades\/","title":{"rendered":"COMISI\u00d3N DE PRIORIDADES"},"content":{"rendered":"<p>&nbsp;<\/p>\n<p style=\"text-align: center;\"><strong>Periodo 2024-2026<\/strong><\/p>\n<p>&nbsp;<\/p>\n<p><strong>Profesores Titulares<\/strong><\/p>\n<p>Titular: Dr. Jos\u00e9 Luis Vacaflor<\/p>\n<p>&nbsp;<\/p>\n<p><strong>Profesores Asociados<\/strong><\/p>\n<p>Titular: Ing. Sandra M\u00f3nica Corral<\/p>\n<p>Suplente: Ing. Federico Augusto Navarro<\/p>\n<p>&nbsp;<\/p>\n<p><strong>Profesores Adjuntos<\/strong><\/p>\n<p>Titular: Dr. Jorge Marcelo Durand<\/p>\n<p>Suplente: Ing. Carlos Ernesto Valdez<\/p>\n<p>&nbsp;<\/p>\n<p><strong>Jefes de Trabajos Pr\u00e1cticos<\/strong><\/p>\n<p>Titular: Ing. Sebasti\u00e1n Canevaro<\/p>\n<p>Suplente: Ing. Santiago Adolfo B\u00e1ez<\/p>\n<p>&nbsp;<\/p>\n<p><strong>Auxiliares Docentes Graduados<\/strong><\/p>\n<p>Titular: Ing. Roxana del Valle Villacorta<\/p>\n<p>Suplente: Ing. Patricio Javier Ballesteros<\/p>\n","protected":false},"excerpt":{"rendered":"<p>&nbsp; Periodo 2024-2026 &nbsp; Profesores Titulares Titular: Dr. Jos\u00e9 Luis Vacaflor &nbsp; Profesores Asociados Titular: Ing. Sandra M\u00f3nica Corral Suplente: Ing. Federico Augusto Navarro &nbsp; Profesores Adjuntos Titular: Dr. Jorge Marcelo Durand Suplente: Ing. Carlos Ernesto Valdez &nbsp; Jefes de Trabajos Pr\u00e1cticos Titular: Ing. Sebasti\u00e1n Canevaro Suplente: Ing. Santiago Adolfo B\u00e1ez &nbsp; Auxiliares Docentes Graduados [&hellip;]<\/p>\n","protected":false},"author":123494,"featured_media":0,"parent":0,"menu_order":0,"comment_status":"closed","ping_status":"closed","template":"","meta":[],"_links":{"self":[{"href":"https:\/\/www.facet.unt.edu.ar\/dpto-geodesia-topografia\/wp-json\/wp\/v2\/pages\/213"}],"collection":[{"href":"https:\/\/www.facet.unt.edu.ar\/dpto-geodesia-topografia\/wp-json\/wp\/v2\/pages"}],"about":[{"href":"https:\/\/www.facet.unt.edu.ar\/dpto-geodesia-topografia\/wp-json\/wp\/v2\/types\/page"}],"author":[{"embeddable":true,"href":"https:\/\/www.facet.unt.edu.ar\/dpto-geodesia-topografia\/wp-json\/wp\/v2\/users\/123494"}],"replies":[{"embeddable":true,"href":"https:\/\/www.facet.unt.edu.ar\/dpto-geodesia-topografia\/wp-json\/wp\/v2\/comments?post=213"}],"version-history":[{"count":3,"href":"https:\/\/www.facet.unt.edu.ar\/dpto-geodesia-topografia\/wp-json\/wp\/v2\/pages\/213\/revisions"}],"predecessor-version":[{"id":259,"href":"https:\/\/www.facet.unt.edu.ar\/dpto-geodesia-topografia\/wp-json\/wp\/v2\/pages\/213\/revisions\/259"}],"wp:attachment":[{"href":"https:\/\/www.facet.unt.edu.ar\/dpto-geodesia-topografia\/wp-json\/wp\/v2\/media?parent=213"}],"curies":[{"name":"wp","href":"https:\/\/api.w.org\/{rel}","templated":true}]}}