{"id":216,"date":"2023-12-20T19:43:54","date_gmt":"2023-12-20T22:43:54","guid":{"rendered":"https:\/\/www.facet.unt.edu.ar\/dpto-geodesia-topografia\/?page_id=216"},"modified":"2025-11-14T10:49:50","modified_gmt":"2025-11-14T13:49:50","slug":"personal-administrativo-y-de-apoyo","status":"publish","type":"page","link":"https:\/\/www.facet.unt.edu.ar\/dpto-geodesia-topografia\/personal-administrativo-y-de-apoyo\/","title":{"rendered":"PERSONAL ADMINISTRATIVO Y DE APOYO"},"content":{"rendered":"<div id=\"pl-216\" class=\"panel-layout\">\n<div id=\"pg-216-0\" class=\"panel-grid panel-no-style\">\n<div id=\"pgc-216-0-0\" class=\"panel-grid-cell\" data-weight=\"1\">\n<div id=\"panel-216-0-0-0\" class=\"so-panel widget widget_sow-editor panel-first-child panel-last-child\" data-index=\"0\">\n<div class=\"so-widget-sow-editor so-widget-sow-editor-base\">\n<div class=\"siteorigin-widget-tinymce textwidget\">\n<p><strong>Secretar\u00eda<\/strong><\/p>\n<p>Secretaria Yohana Daiana Marrone<\/p>\n<p>&nbsp;<\/p>\n<p><strong>Laboratorio de Topograf\u00eda<\/strong><\/p>\n<p>Arq. Pablo Alejandro Gim\u00e9nez<\/p>\n<p>&nbsp;<\/p>\n<p><strong>Estaci\u00f3n Geof\u00edsica<\/strong><\/p>\n<p>T\u00e9cnico Dardo Ernesto Rodr\u00edguez<\/p>\n<\/div>\n<\/div>\n<\/div>\n<\/div>\n<\/div>\n<\/div>\n","protected":false},"excerpt":{"rendered":"<p>Secretar\u00eda Secretaria Yohana Daiana Marrone &nbsp; Laboratorio de Topograf\u00eda Arq. Pablo Alejandro Gim\u00e9nez &nbsp; Estaci\u00f3n Geof\u00edsica T\u00e9cnico Dardo Ernesto Rodr\u00edguez<\/p>\n","protected":false},"author":123494,"featured_media":0,"parent":0,"menu_order":0,"comment_status":"closed","ping_status":"closed","template":"","meta":[],"_links":{"self":[{"href":"https:\/\/www.facet.unt.edu.ar\/dpto-geodesia-topografia\/wp-json\/wp\/v2\/pages\/216"}],"collection":[{"href":"https:\/\/www.facet.unt.edu.ar\/dpto-geodesia-topografia\/wp-json\/wp\/v2\/pages"}],"about":[{"href":"https:\/\/www.facet.unt.edu.ar\/dpto-geodesia-topografia\/wp-json\/wp\/v2\/types\/page"}],"author":[{"embeddable":true,"href":"https:\/\/www.facet.unt.edu.ar\/dpto-geodesia-topografia\/wp-json\/wp\/v2\/users\/123494"}],"replies":[{"embeddable":true,"href":"https:\/\/www.facet.unt.edu.ar\/dpto-geodesia-topografia\/wp-json\/wp\/v2\/comments?post=216"}],"version-history":[{"count":7,"href":"https:\/\/www.facet.unt.edu.ar\/dpto-geodesia-topografia\/wp-json\/wp\/v2\/pages\/216\/revisions"}],"predecessor-version":[{"id":534,"href":"https:\/\/www.facet.unt.edu.ar\/dpto-geodesia-topografia\/wp-json\/wp\/v2\/pages\/216\/revisions\/534"}],"wp:attachment":[{"href":"https:\/\/www.facet.unt.edu.ar\/dpto-geodesia-topografia\/wp-json\/wp\/v2\/media?parent=216"}],"curies":[{"name":"wp","href":"https:\/\/api.w.org\/{rel}","templated":true}]}}