{"id":224,"date":"2023-12-20T19:49:12","date_gmt":"2023-12-20T22:49:12","guid":{"rendered":"https:\/\/www.facet.unt.edu.ar\/dpto-geodesia-topografia\/?page_id=224"},"modified":"2025-03-21T12:24:21","modified_gmt":"2025-03-21T15:24:21","slug":"resoluciones","status":"publish","type":"page","link":"https:\/\/www.facet.unt.edu.ar\/dpto-geodesia-topografia\/resoluciones\/","title":{"rendered":"RESOLUCIONES"},"content":{"rendered":"<div id=\"pl-224\" class=\"panel-layout\">\n<div id=\"pg-224-0\" class=\"panel-grid panel-no-style\">\n<div id=\"pgc-224-0-0\" class=\"panel-grid-cell\" data-weight=\"1\">\n<div id=\"panel-224-0-0-0\" class=\"so-panel widget widget_sow-editor panel-first-child panel-last-child\" data-index=\"0\">\n<div class=\"so-widget-sow-editor so-widget-sow-editor-base\">\n<div class=\"siteorigin-widget-tinymce textwidget\">Reglamento Pr\u00e1cticas Profesionales Supervisadas Ing. Geod\u00e9sica y Geof\u00edsica \u00a0\u00a0<a href=\"https:\/\/www.facet.unt.edu.ar\/dpto-geodesia-topografia\/wp-content\/uploads\/sites\/11\/2025\/03\/REGLAMENTO-PPS-GyG.pdf\">REGLAMENTO PPS GyG<\/a><\/div>\n<div>Reglamento Trabajo Final Ing. Geod\u00e9sica y Geof\u00edsica\u00a0 <a href=\"https:\/\/www.facet.unt.edu.ar\/dpto-geodesia-topografia\/wp-content\/uploads\/sites\/11\/2025\/03\/REGLAMENTO-PF-GyG.pdf\">REGLAMENTO PF GyG<\/a><\/div>\n<div>Reglamento de Evaluaciones Parciales y Recuperaciones para las<br \/>\nCarreras de Pregrado y Grado de la Facultad de Ciencias Exactas y Tecnolog\u00eda\u00a0 <a href=\"https:\/\/www.facet.unt.edu.ar\/dpto-geodesia-topografia\/wp-content\/uploads\/sites\/11\/2025\/03\/REGLAMENTO-DE-EVALUACIONES-PARC.-y-RECUP.-1.pdf\">REGLAMENTO DE EVALUACIONES PARC. y RECUP.<\/a><\/div>\n<div><\/div>\n<div><\/div>\n<\/div>\n<\/div>\n<\/div>\n<\/div>\n<\/div>\n","protected":false},"excerpt":{"rendered":"<p>Reglamento Pr\u00e1cticas Profesionales Supervisadas Ing. Geod\u00e9sica y Geof\u00edsica \u00a0\u00a0REGLAMENTO PPS GyG Reglamento Trabajo Final Ing. Geod\u00e9sica y Geof\u00edsica\u00a0 REGLAMENTO PF GyG Reglamento de Evaluaciones Parciales y Recuperaciones para las Carreras de Pregrado y Grado de la Facultad de Ciencias Exactas y Tecnolog\u00eda\u00a0 REGLAMENTO DE EVALUACIONES PARC. y RECUP.<\/p>\n","protected":false},"author":123494,"featured_media":0,"parent":0,"menu_order":0,"comment_status":"closed","ping_status":"closed","template":"","meta":[],"_links":{"self":[{"href":"https:\/\/www.facet.unt.edu.ar\/dpto-geodesia-topografia\/wp-json\/wp\/v2\/pages\/224"}],"collection":[{"href":"https:\/\/www.facet.unt.edu.ar\/dpto-geodesia-topografia\/wp-json\/wp\/v2\/pages"}],"about":[{"href":"https:\/\/www.facet.unt.edu.ar\/dpto-geodesia-topografia\/wp-json\/wp\/v2\/types\/page"}],"author":[{"embeddable":true,"href":"https:\/\/www.facet.unt.edu.ar\/dpto-geodesia-topografia\/wp-json\/wp\/v2\/users\/123494"}],"replies":[{"embeddable":true,"href":"https:\/\/www.facet.unt.edu.ar\/dpto-geodesia-topografia\/wp-json\/wp\/v2\/comments?post=224"}],"version-history":[{"count":11,"href":"https:\/\/www.facet.unt.edu.ar\/dpto-geodesia-topografia\/wp-json\/wp\/v2\/pages\/224\/revisions"}],"predecessor-version":[{"id":296,"href":"https:\/\/www.facet.unt.edu.ar\/dpto-geodesia-topografia\/wp-json\/wp\/v2\/pages\/224\/revisions\/296"}],"wp:attachment":[{"href":"https:\/\/www.facet.unt.edu.ar\/dpto-geodesia-topografia\/wp-json\/wp\/v2\/media?parent=224"}],"curies":[{"name":"wp","href":"https:\/\/api.w.org\/{rel}","templated":true}]}}