{"id":249,"date":"2025-02-24T18:16:45","date_gmt":"2025-02-24T21:16:45","guid":{"rendered":"https:\/\/www.facet.unt.edu.ar\/dpto-geodesia-topografia\/?page_id=249"},"modified":"2025-03-05T18:14:28","modified_gmt":"2025-03-05T21:14:28","slug":"comision-academica","status":"publish","type":"page","link":"https:\/\/www.facet.unt.edu.ar\/dpto-geodesia-topografia\/comision-academica\/","title":{"rendered":"COMISI\u00d3N ACAD\u00c9MICA"},"content":{"rendered":"<p>&nbsp;<\/p>\n<h3 style=\"text-align: center;\"><strong>Comisi\u00f3n Acad\u00e9mica de la Carrera &#8220;Ingenier\u00eda Geod\u00e9sica y Geof\u00edsica&#8221;<\/strong><\/h3>\n<h4 style=\"text-align: center;\"><strong> (periodo 2024-2026)<\/strong><\/h4>\n<h3><\/h3>\n<p><strong>Profesores Titulares y Asociados<\/strong><\/p>\n<p>Titulares: Dr. Jos\u00e9 Luis Vacaflor, Mg. Jos\u00e9 Rodolfo Golbach<\/p>\n<p>Suplentes: Ing. Federico Augusto Navarro<\/p>\n<p>&nbsp;<\/p>\n<p><strong>Profesores Adjuntos<\/strong><\/p>\n<p>Titulares: Ing. Guillermo Federico Odstrcil, Ing. Carlos Ernesto Valdez<\/p>\n<p>Suplentes: Dr. Jorge Marcelo Durand, Ing. Ra\u00fal Sebasti\u00e1n Guti\u00e9rrez<\/p>\n<p>&nbsp;<\/p>\n<p><strong>Jefes de Trabajos Pr\u00e1cticos y Aux. Docentes Graduados<\/strong><\/p>\n<p>Titulares: Ing. Roxana del Valle Villacorta, Ing. Mar\u00eda Fernanda Graneros<\/p>\n<p>Suplentes: Ing. Mar\u00eda Emilia I\u00f1igo Mart\u00ednez, Ing. Santiago Adolfo Baez<\/p>\n<p>&nbsp;<\/p>\n<p><strong>Estudiantes<\/strong><\/p>\n<p>Titular: Srta. Mar\u00eda Rosa Balmaceda<\/p>\n<p>Suplente: Sr. Hern\u00e1n Santiago I\u00f1igo<\/p>\n<p>&nbsp;<\/p>\n<p>&nbsp;<\/p>\n<h3 style=\"text-align: center;\"><strong>Comisi\u00f3n Acad\u00e9mica de la Carrera &#8220;Ingenier\u00eda en Agrimensura&#8221;<\/strong><\/h3>\n<h4 style=\"text-align: center;\"><strong> (periodo 2024-2026)<\/strong><\/h4>\n<h3 style=\"text-align: center;\"><\/h3>\n<p><strong>Profesores Titulares y Asociados<\/strong><\/p>\n<p>Titulares: Ing. Julio C\u00e9sar Robles, Dr. Jos\u00e9 Luis Vacaflor<\/p>\n<p>Suplentes: Mg. Jos\u00e9 Rodolfo Golbach, Ing. Sandra M\u00f3nica Corral<\/p>\n<p>&nbsp;<\/p>\n<p><strong>Profesores Adjuntos<\/strong><\/p>\n<p>Titulares: Ing. Guillermo Federico Odstrcil, Ing. Gabriel Santiago Paez<\/p>\n<p>Suplentes: Agrim. Eduardo Ren\u00e9 C\u00e1rdenas, Dra. Paula Luciana Boldrini Peralta<\/p>\n<p>&nbsp;<\/p>\n<p><strong>Jefes de Trabajos Pr\u00e1cticos y Aux. Docentes Graduados<\/strong><\/p>\n<p>Titulares: Ing. Sebasti\u00e1n Canevaro, Ing. Otto Hern\u00e1n Echaz\u00fa Aciar<\/p>\n<p>Suplentes: Ing. Santiago Adolfo Baez, Ing. Mar\u00eda Fernanda Graneros<\/p>\n<p>&nbsp;<\/p>\n<p><strong>Estudiantes<\/strong><\/p>\n<p>Titular: Sr. Francisco Santiago Gim\u00e9nez<\/p>\n<p>Suplente: Sr. Alexis Leonel Cabrera<\/p>\n","protected":false},"excerpt":{"rendered":"<p>&nbsp; Comisi\u00f3n Acad\u00e9mica de la Carrera &#8220;Ingenier\u00eda Geod\u00e9sica y Geof\u00edsica&#8221; (periodo 2024-2026) Profesores Titulares y Asociados Titulares: Dr. Jos\u00e9 Luis Vacaflor, Mg. Jos\u00e9 Rodolfo Golbach Suplentes: Ing. Federico Augusto Navarro &nbsp; Profesores Adjuntos Titulares: Ing. Guillermo Federico Odstrcil, Ing. Carlos Ernesto Valdez Suplentes: Dr. Jorge Marcelo Durand, Ing. Ra\u00fal Sebasti\u00e1n Guti\u00e9rrez &nbsp; Jefes de Trabajos [&hellip;]<\/p>\n","protected":false},"author":123494,"featured_media":0,"parent":0,"menu_order":0,"comment_status":"closed","ping_status":"closed","template":"","meta":[],"_links":{"self":[{"href":"https:\/\/www.facet.unt.edu.ar\/dpto-geodesia-topografia\/wp-json\/wp\/v2\/pages\/249"}],"collection":[{"href":"https:\/\/www.facet.unt.edu.ar\/dpto-geodesia-topografia\/wp-json\/wp\/v2\/pages"}],"about":[{"href":"https:\/\/www.facet.unt.edu.ar\/dpto-geodesia-topografia\/wp-json\/wp\/v2\/types\/page"}],"author":[{"embeddable":true,"href":"https:\/\/www.facet.unt.edu.ar\/dpto-geodesia-topografia\/wp-json\/wp\/v2\/users\/123494"}],"replies":[{"embeddable":true,"href":"https:\/\/www.facet.unt.edu.ar\/dpto-geodesia-topografia\/wp-json\/wp\/v2\/comments?post=249"}],"version-history":[{"count":14,"href":"https:\/\/www.facet.unt.edu.ar\/dpto-geodesia-topografia\/wp-json\/wp\/v2\/pages\/249\/revisions"}],"predecessor-version":[{"id":253,"href":"https:\/\/www.facet.unt.edu.ar\/dpto-geodesia-topografia\/wp-json\/wp\/v2\/pages\/249\/revisions\/253"}],"wp:attachment":[{"href":"https:\/\/www.facet.unt.edu.ar\/dpto-geodesia-topografia\/wp-json\/wp\/v2\/media?parent=249"}],"curies":[{"name":"wp","href":"https:\/\/api.w.org\/{rel}","templated":true}]}}