{"id":543,"date":"2026-03-19T11:19:14","date_gmt":"2026-03-19T14:19:14","guid":{"rendered":"https:\/\/www.facet.unt.edu.ar\/dpto-geodesia-topografia\/?page_id=543"},"modified":"2026-03-19T12:30:10","modified_gmt":"2026-03-19T15:30:10","slug":"servicios-a-terceros","status":"publish","type":"page","link":"https:\/\/www.facet.unt.edu.ar\/dpto-geodesia-topografia\/servicios-a-terceros\/","title":{"rendered":"SERVICIOS A TERCEROS"},"content":{"rendered":"<div id=\"pl-543\"  class=\"panel-layout\" ><div id=\"pg-543-0\"  class=\"panel-grid panel-no-style\" ><div id=\"pgc-543-0-0\"  class=\"panel-grid-cell\" ><div id=\"panel-543-0-0-0\" class=\"so-panel widget widget_sow-editor panel-first-child panel-last-child\" data-index=\"0\" ><div\n\t\t\t\n\t\t\tclass=\"so-widget-sow-editor so-widget-sow-editor-base\"\n\t\t\t\n\t\t>\n<div class=\"siteorigin-widget-tinymce textwidget\">\n\t<p>\tEl Departamento de Geodesia y Topograf\u00eda  cuenta con capacidad adquirida para la formaci\u00f3n y desarrollo de procesos de ordenamiento territorial. Esto incluye la conformaci\u00f3n de equipo interdisciplinarios para:<\/p>\n<p>- Dise\u00f1o de planes y planificaci\u00f3n estrat\u00e9gica,<br \/>\n- Identificaci\u00f3n de \u00e1reas de riesgo, servicios ambientales y de sostenibilidad como la evaluaci\u00f3n de impacto ambiental,<br \/>\n- Manejo de cartograf\u00eda, sistemas de informaci\u00f3n geogr\u00e1fica y abordaje territorial participativo.<br \/>\n- Relevamientos fotogr\u00e1ficos y aerofotogrametricos.<br \/>\n- Relevamientos LIDAR con sensores de \u00faltima generaci\u00f3n .<\/p>\n<p>Tambi\u00e9n servicios de prospecci\u00f3n geoel\u00e9ctrica<\/p>\n<p>Realizamos estudios del subsuelo mediante prospecci\u00f3n geoel\u00e9ctrica, t\u00e9cnica fundamental para su caracterizaci\u00f3n, que aporta informaci\u00f3n clave para el desarrollo de obras civiles, proyectos mineros, evaluaciones ambientales y estudios hidrogeol\u00f3gicos, permitiendo una interpretaci\u00f3n clara de sus condiciones.<br \/>\nTrabajamos garantizando resultados confiables, reproducibles y adaptados a los requerimientos espec\u00edficos de cada proyecto.<br \/>\n- Aplicaciones principales de la prospecci\u00f3n geoel\u00e9ctrica:<br \/>\n- Caracterizaci\u00f3n geoel\u00e9ctrica y estratigr\u00e1fica del subsuelo mediante sondeos el\u00e9ctricos verticales (SEV)<br \/>\n- Identificaci\u00f3n de niveles fre\u00e1ticos y delimitaci\u00f3n de acu\u00edferos a partir de contrastes de resistividad<br \/>\n- Evaluaci\u00f3n de la resistividad del terreno para el dise\u00f1o y optimizaci\u00f3n de sistemas de puesta a tierra<br \/>\n- Detecci\u00f3n de heterogeneidades, cavidades, rellenos y estructuras enterradas mediante m\u00e9todos no invasivos<br \/>\n- Estudios de contaminaci\u00f3n del suelo y seguimiento de plumas contaminantes<br \/>\n- Generaci\u00f3n de modelos geoel\u00e9ctricos 2D y 3D para interpretaci\u00f3n geol\u00f3gica y geot\u00e9cnica<\/p>\n<p>Contactos:<br \/>\nDepartamento de Geodesia Y Topograf\u00eda dgt@herrera.unt.edu.ar<br \/>\nIng. Javier Carelli jcarelli@herrera.unt.edu.ar<br \/>\nIng. Julio Robles   jcrobles@herrera.unt.edu.ar<br \/>\nIng. Guillermo Odstrcil   gfodstrcil@herrera.unt.edu.ar<br \/>\nIng. Sebasti\u00e1n Canevaro   scanevaro@herrera.unt.edu.ar<br \/>\nIng. Sandra Corral   scorral@herrera.unt.edu.ar<br \/>\nDr. Arq. Paula Boldrini   pboldrini@herrera.unt.edu.ar<br \/>\nDr. Ing. Marcelo Durand   jmdurand@herrera.unt.edu.ar<br \/>\nIng. Carlos Valdez   cevaldez@herrera.unt.edu.ar <\/p>\n<\/div>\n<\/div><\/div><\/div><\/div><div id=\"pg-543-1\"  class=\"panel-grid panel-no-style\" ><div id=\"pgc-543-1-0\"  class=\"panel-grid-cell\" ><div id=\"panel-543-1-0-0\" class=\"so-panel widget widget_sow-image panel-first-child panel-last-child\" data-index=\"1\" ><div\n\t\t\t\n\t\t\tclass=\"so-widget-sow-image so-widget-sow-image-default-17bc2272b535-543\"\n\t\t\t\n\t\t>\n\n<div class=\"sow-image-container\">\n\t\t<img src=\"https:\/\/www.facet.unt.edu.ar\/dpto-geodesia-topografia\/wp-content\/uploads\/sites\/11\/2026\/03\/WhatsApp-Image-2026-03-19-at-11.15.19.jpeg\" width=\"169\" height=\"300\" sizes=\"(max-width: 169px) 100vw, 169px\" title=\"WhatsApp Image 2026-03-19 at 11.15.19\" alt=\"\" loading=\"lazy\" \t\tclass=\"so-widget-image\"\/>\n\t<\/div>\n\n<\/div><\/div><\/div><div id=\"pgc-543-1-1\"  class=\"panel-grid-cell\" ><div id=\"panel-543-1-1-0\" class=\"so-panel widget widget_sow-image panel-first-child panel-last-child\" data-index=\"2\" ><div\n\t\t\t\n\t\t\tclass=\"so-widget-sow-image so-widget-sow-image-default-17bc2272b535-543\"\n\t\t\t\n\t\t>\n\n<div class=\"sow-image-container\">\n\t\t<img src=\"https:\/\/www.facet.unt.edu.ar\/dpto-geodesia-topografia\/wp-content\/uploads\/sites\/11\/2026\/03\/WhatsApp-Image-2026-03-19-at-11.15.18-1.jpeg\" width=\"225\" height=\"300\" sizes=\"(max-width: 225px) 100vw, 225px\" title=\"WhatsApp Image 2026-03-19 at 11.15.18 (1)\" alt=\"\" loading=\"lazy\" \t\tclass=\"so-widget-image\"\/>\n\t<\/div>\n\n<\/div><\/div><\/div><div id=\"pgc-543-1-2\"  class=\"panel-grid-cell\" ><div id=\"panel-543-1-2-0\" class=\"so-panel widget widget_sow-image panel-first-child panel-last-child\" data-index=\"3\" ><div\n\t\t\t\n\t\t\tclass=\"so-widget-sow-image so-widget-sow-image-default-17bc2272b535-543\"\n\t\t\t\n\t\t>\n\n<div class=\"sow-image-container\">\n\t\t<img src=\"https:\/\/www.facet.unt.edu.ar\/dpto-geodesia-topografia\/wp-content\/uploads\/sites\/11\/2026\/03\/WhatsApp-Image-2026-03-19-at-11.15.19-3.jpeg\" width=\"300\" height=\"169\" sizes=\"(max-width: 300px) 100vw, 300px\" title=\"WhatsApp Image 2026-03-19 at 11.15.19 (3)\" alt=\"\" loading=\"lazy\" \t\tclass=\"so-widget-image\"\/>\n\t<\/div>\n\n<\/div><\/div><\/div><\/div><div id=\"pg-543-2\"  class=\"panel-grid panel-no-style\" ><div id=\"pgc-543-2-0\"  class=\"panel-grid-cell\" ><div id=\"panel-543-2-0-0\" class=\"so-panel widget widget_sow-image panel-first-child panel-last-child\" data-index=\"4\" ><div\n\t\t\t\n\t\t\tclass=\"so-widget-sow-image so-widget-sow-image-default-17bc2272b535-543\"\n\t\t\t\n\t\t>\n\n<div class=\"sow-image-container\">\n\t\t<img src=\"https:\/\/www.facet.unt.edu.ar\/dpto-geodesia-topografia\/wp-content\/uploads\/sites\/11\/2026\/03\/WhatsApp-Image-2026-03-19-at-11.15.19-2.jpeg\" width=\"182\" height=\"300\" sizes=\"(max-width: 182px) 100vw, 182px\" title=\"WhatsApp Image 2026-03-19 at 11.15.19 (2)\" alt=\"\" loading=\"lazy\" \t\tclass=\"so-widget-image\"\/>\n\t<\/div>\n\n<\/div><\/div><\/div><div id=\"pgc-543-2-1\"  class=\"panel-grid-cell\" ><div id=\"panel-543-2-1-0\" class=\"so-panel widget widget_sow-image panel-first-child panel-last-child\" data-index=\"5\" ><div\n\t\t\t\n\t\t\tclass=\"so-widget-sow-image so-widget-sow-image-default-17bc2272b535-543\"\n\t\t\t\n\t\t>\n\n<div class=\"sow-image-container\">\n\t\t<img src=\"https:\/\/www.facet.unt.edu.ar\/dpto-geodesia-topografia\/wp-content\/uploads\/sites\/11\/2026\/03\/WhatsApp-Image-2026-03-19-at-11.15.18-2.jpeg\" width=\"300\" height=\"205\" sizes=\"(max-width: 300px) 100vw, 300px\" title=\"WhatsApp Image 2026-03-19 at 11.15.18 (2)\" alt=\"\" loading=\"lazy\" \t\tclass=\"so-widget-image\"\/>\n\t<\/div>\n\n<\/div><\/div><\/div><div id=\"pgc-543-2-2\"  class=\"panel-grid-cell\" ><div id=\"panel-543-2-2-0\" class=\"so-panel widget widget_sow-image panel-first-child panel-last-child\" data-index=\"6\" ><div\n\t\t\t\n\t\t\tclass=\"so-widget-sow-image so-widget-sow-image-default-17bc2272b535-543\"\n\t\t\t\n\t\t>\n\n<div class=\"sow-image-container\">\n\t\t<img src=\"https:\/\/www.facet.unt.edu.ar\/dpto-geodesia-topografia\/wp-content\/uploads\/sites\/11\/2026\/03\/WhatsApp-Image-2026-03-19-at-11.15.19-1.jpeg\" width=\"169\" height=\"300\" sizes=\"(max-width: 169px) 100vw, 169px\" title=\"WhatsApp Image 2026-03-19 at 11.15.19 (1)\" alt=\"\" loading=\"lazy\" \t\tclass=\"so-widget-image\"\/>\n\t<\/div>\n\n<\/div><\/div><\/div><\/div><\/div>","protected":false},"excerpt":{"rendered":"<p>El Departamento de Geodesia y Topograf\u00eda cuenta con capacidad adquirida para la formaci\u00f3n y desarrollo de procesos de ordenamiento territorial. Esto incluye la conformaci\u00f3n de equipo interdisciplinarios para: &#8211; Dise\u00f1o de planes y planificaci\u00f3n estrat\u00e9gica, &#8211; Identificaci\u00f3n de \u00e1reas de riesgo, servicios ambientales y de sostenibilidad como la evaluaci\u00f3n de impacto ambiental, &#8211; Manejo de [&hellip;]<\/p>\n","protected":false},"author":123494,"featured_media":0,"parent":0,"menu_order":0,"comment_status":"closed","ping_status":"closed","template":"templates\/template-full.php","meta":[],"_links":{"self":[{"href":"https:\/\/www.facet.unt.edu.ar\/dpto-geodesia-topografia\/wp-json\/wp\/v2\/pages\/543"}],"collection":[{"href":"https:\/\/www.facet.unt.edu.ar\/dpto-geodesia-topografia\/wp-json\/wp\/v2\/pages"}],"about":[{"href":"https:\/\/www.facet.unt.edu.ar\/dpto-geodesia-topografia\/wp-json\/wp\/v2\/types\/page"}],"author":[{"embeddable":true,"href":"https:\/\/www.facet.unt.edu.ar\/dpto-geodesia-topografia\/wp-json\/wp\/v2\/users\/123494"}],"replies":[{"embeddable":true,"href":"https:\/\/www.facet.unt.edu.ar\/dpto-geodesia-topografia\/wp-json\/wp\/v2\/comments?post=543"}],"version-history":[{"count":17,"href":"https:\/\/www.facet.unt.edu.ar\/dpto-geodesia-topografia\/wp-json\/wp\/v2\/pages\/543\/revisions"}],"predecessor-version":[{"id":570,"href":"https:\/\/www.facet.unt.edu.ar\/dpto-geodesia-topografia\/wp-json\/wp\/v2\/pages\/543\/revisions\/570"}],"wp:attachment":[{"href":"https:\/\/www.facet.unt.edu.ar\/dpto-geodesia-topografia\/wp-json\/wp\/v2\/media?parent=543"}],"curies":[{"name":"wp","href":"https:\/\/api.w.org\/{rel}","templated":true}]}}