{"id":57,"date":"2014-07-22T17:03:24","date_gmt":"2014-07-22T20:03:24","guid":{"rendered":"https:\/\/www.facet.unt.edu.ar\/dpto-geodesia-topografia\/home\/"},"modified":"2025-11-13T12:17:56","modified_gmt":"2025-11-13T15:17:56","slug":"home","status":"publish","type":"page","link":"https:\/\/www.facet.unt.edu.ar\/dpto-geodesia-topografia\/","title":{"rendered":"INICIO\/HOME"},"content":{"rendered":"<div id=\"pl-57\"  class=\"panel-layout\" ><div id=\"pg-57-0\"  class=\"panel-grid panel-no-style\" ><div id=\"pgc-57-0-0\"  class=\"panel-grid-cell\" ><div id=\"panel-57-0-0-0\" class=\"so-panel widget widget_sow-editor panel-first-child\" data-index=\"0\" ><div\n\t\t\t\n\t\t\tclass=\"so-widget-sow-editor so-widget-sow-editor-base\"\n\t\t\t\n\t\t>\n<div class=\"siteorigin-widget-tinymce textwidget\">\n\t<p style=\"text-align: center;\">El Departamento de Geodesia y Topograf\u00eda provee las asignaturas necesarias para las carreras de Ing. Geod\u00e9sica y Geof\u00edsica e Ing. en Agrimensura.<\/p>\n<p style=\"text-align: center;\">A la vez est\u00e1 subdividido en \u00c1reas: \u00c1rea Fotogrametr\u00eda y Cartograf\u00eda - \u00c1rea Geodesia - \u00c1rea Geof\u00edsica - \u00c1rea Legal - \u00c1rea Ordenamiento Territorial - \u00c1rea Topograf\u00eda.<\/p>\n<p>&nbsp;<\/p>\n<h5 style=\"text-align: center;\"><strong> Ubicaci\u00f3n : Av. independencia 1.800 - Block 2 - Oficina 2-0-7<\/strong><\/h5>\n<p>&nbsp;<\/p>\n<\/div>\n<\/div><\/div><div id=\"panel-57-0-0-1\" class=\"widget_text so-panel widget widget_custom_html panel-last-child\" data-index=\"1\" ><div class=\"textwidget custom-html-widget\"><iframe src=\"https:\/\/www.google.com\/maps\/embed?pb=!1m14!1m12!1m3!1d5651.07418956204!2d-65.23075023770748!3d-26.84143231057115!2m3!1f0!2f0!3f0!3m2!1i1024!2i768!4f13.1!5e0!3m2!1ses!2sar!4v1745850571214!5m2!1ses!2sar\" width=\"100%\" height=\"450\" style=\"border:0;\" allowfullscreen=\"\" loading=\"lazy\" referrerpolicy=\"no-referrer-when-downgrade\"><\/iframe><\/div><\/div><\/div><\/div><div id=\"pg-57-1\"  class=\"panel-grid panel-no-style\" ><div id=\"pgc-57-1-0\"  class=\"panel-grid-cell\" ><div class=\"panel-cell-style panel-cell-style-for-57-1-0\" ><div id=\"panel-57-1-0-0\" class=\"so-panel widget widget_sow-editor panel-first-child\" data-index=\"2\" ><div\n\t\t\t\n\t\t\tclass=\"so-widget-sow-editor so-widget-sow-editor-base\"\n\t\t\t\n\t\t>\n<div class=\"siteorigin-widget-tinymce textwidget\">\n\t<h1 style=\"text-align: center;\"><strong>NOTICIAS<\/strong><\/h1>\n<\/div>\n<\/div><\/div><div id=\"panel-57-1-0-1\" class=\"so-panel widget widget_sow-image\" data-index=\"3\" ><div\n\t\t\t\n\t\t\tclass=\"so-widget-sow-image so-widget-sow-image-default-6b88c04c1f9b-57\"\n\t\t\t\n\t\t>\n\n<div class=\"sow-image-container\">\n\t\t<img src=\"https:\/\/www.facet.unt.edu.ar\/dpto-geodesia-topografia\/wp-content\/uploads\/sites\/11\/2025\/11\/Imagen3.png\" width=\"300\" height=\"242\" sizes=\"(max-width: 300px) 100vw, 300px\" title=\"Fuente: @sbe.facet\" alt=\"\" loading=\"lazy\" \t\tclass=\"so-widget-image\"\/>\n\t<\/div>\n\n<h3 class=\"widget-title\">Fuente: @sbe.facet<\/h3><\/div><\/div><div id=\"panel-57-1-0-2\" class=\"so-panel widget widget_sow-image panel-last-child\" data-index=\"4\" ><div\n\t\t\t\n\t\t\tclass=\"so-widget-sow-image so-widget-sow-image-default-6b88c04c1f9b-57\"\n\t\t\t\n\t\t>\n\n<div class=\"sow-image-container\">\n\t\t\t<a href=\"https:\/\/facetvirtual.facet.unt.edu.ar\/mod\/page\/view.php?id=53774\"\n\t\t\t\t\t>\n\t\t\t<img src=\"https:\/\/www.facet.unt.edu.ar\/dpto-geodesia-topografia\/wp-content\/uploads\/sites\/11\/2025\/03\/WhatsApp-Image-2025-03-25-at-15.53.47.jpeg\" width=\"300\" height=\"300\" sizes=\"(max-width: 300px) 100vw, 300px\" title=\"Fuente: Facet Virtual\" alt=\"\" loading=\"lazy\" \t\tclass=\"so-widget-image\"\/>\n\t<\/a><\/div>\n\n<h3 class=\"widget-title\">Fuente: Facet Virtual<\/h3><\/div><\/div><\/div><\/div><div id=\"pgc-57-1-1\"  class=\"panel-grid-cell\" ><div class=\"panel-cell-style panel-cell-style-for-57-1-1\" ><div id=\"panel-57-1-1-0\" class=\"so-panel widget widget_sow-editor panel-first-child\" data-index=\"5\" ><div\n\t\t\t\n\t\t\tclass=\"so-widget-sow-editor so-widget-sow-editor-base\"\n\t\t\t\n\t\t>\n<div class=\"siteorigin-widget-tinymce textwidget\">\n\t<h4 style=\"text-align: center;\"><strong>SITIOS DE INTER\u00c9S<\/strong><\/h4>\n<\/div>\n<\/div><\/div><div id=\"panel-57-1-1-1\" class=\"so-panel widget widget_sow-button\" data-index=\"6\" ><div\n\t\t\t\n\t\t\tclass=\"so-widget-sow-button so-widget-sow-button-flat-eaa51a902caf-57\"\n\t\t\t\n\t\t><div class=\"ow-button-base ow-button-align-center\">\n\t<a href=\"https:\/\/www.facet.unt.edu.ar\/\" class=\"ow-icon-placement-left ow-button-hover\" \t\t>\n\t\t<span>\n\t\t\t<div class=\"sow-icon-image\" style=\"background-image: url(https:\/\/www.facet.unt.edu.ar\/dpto-geodesia-topografia\/wp-content\/uploads\/sites\/11\/2025\/03\/FACET-logo.jpg)\"><\/div>\n\t\t\tFACET\t\t<\/span>\n\t<\/a>\n<\/div>\n<\/div><\/div><div id=\"panel-57-1-1-2\" class=\"so-panel widget widget_sow-button\" data-index=\"7\" ><div\n\t\t\t\n\t\t\tclass=\"so-widget-sow-button so-widget-sow-button-flat-eaa51a902caf-57\"\n\t\t\t\n\t\t><div class=\"ow-button-base ow-button-align-center\">\n\t<a href=\"https:\/\/www.facet.unt.edu.ar\/ingreso\/\" class=\"ow-icon-placement-left ow-button-hover\" \t\t>\n\t\t<span>\n\t\t\t\n\t\t\tIngreso FACET\t\t<\/span>\n\t<\/a>\n<\/div>\n<\/div><\/div><div id=\"panel-57-1-1-3\" class=\"so-panel widget widget_sow-button\" data-index=\"8\" ><div\n\t\t\t\n\t\t\tclass=\"so-widget-sow-button so-widget-sow-button-flat-eaa51a902caf-57\"\n\t\t\t\n\t\t><div class=\"ow-button-base ow-button-align-center\">\n\t<a href=\"https:\/\/guarani.unt.edu.ar\/autogestion\/\" class=\"ow-icon-placement-left ow-button-hover\" \t\t>\n\t\t<span>\n\t\t\t\n\t\t\tSIU-Guaran\u00ed \t\t<\/span>\n\t<\/a>\n<\/div>\n<\/div><\/div><div id=\"panel-57-1-1-4\" class=\"so-panel widget widget_sow-button\" data-index=\"9\" ><div\n\t\t\t\n\t\t\tclass=\"so-widget-sow-button so-widget-sow-button-flat-eaa51a902caf-57\"\n\t\t\t\n\t\t><div class=\"ow-button-base ow-button-align-center\">\n\t<a href=\"https:\/\/www.facet.unt.edu.ar\/ingenieria-geodesica-y-geofisica\/\" class=\"ow-icon-placement-left ow-button-hover\" \t\t>\n\t\t<span>\n\t\t\t\n\t\t\tIng. Geod\u00e9sica y Geof\u00edsica\t\t<\/span>\n\t<\/a>\n<\/div>\n<\/div><\/div><div id=\"panel-57-1-1-5\" class=\"so-panel widget widget_sow-button panel-last-child\" data-index=\"10\" ><div\n\t\t\t\n\t\t\tclass=\"so-widget-sow-button so-widget-sow-button-flat-eaa51a902caf-57\"\n\t\t\t\n\t\t><div class=\"ow-button-base ow-button-align-center\">\n\t<a href=\"https:\/\/www.facet.unt.edu.ar\/agrimensura-facet\/\" class=\"ow-icon-placement-left ow-button-hover\" \t\t>\n\t\t<span>\n\t\t\t\n\t\t\tIng. en Agrimensura\t\t<\/span>\n\t<\/a>\n<\/div>\n<\/div><\/div><\/div><\/div><\/div><\/div>","protected":false},"excerpt":{"rendered":"<p>El Departamento de Geodesia y Topograf\u00eda provee las asignaturas necesarias para las carreras de Ing. Geod\u00e9sica y Geof\u00edsica e Ing. en Agrimensura. A la vez est\u00e1 subdividido en \u00c1reas: \u00c1rea Fotogrametr\u00eda y Cartograf\u00eda &#8211; \u00c1rea Geodesia &#8211; \u00c1rea Geof\u00edsica &#8211; \u00c1rea Legal &#8211; \u00c1rea Ordenamiento Territorial &#8211; \u00c1rea Topograf\u00eda. &nbsp; Ubicaci\u00f3n : Av. independencia 1.800 [&hellip;]<\/p>\n","protected":false},"author":8,"featured_media":0,"parent":0,"menu_order":0,"comment_status":"closed","ping_status":"closed","template":"templates\/template-full.php","meta":[],"_links":{"self":[{"href":"https:\/\/www.facet.unt.edu.ar\/dpto-geodesia-topografia\/wp-json\/wp\/v2\/pages\/57"}],"collection":[{"href":"https:\/\/www.facet.unt.edu.ar\/dpto-geodesia-topografia\/wp-json\/wp\/v2\/pages"}],"about":[{"href":"https:\/\/www.facet.unt.edu.ar\/dpto-geodesia-topografia\/wp-json\/wp\/v2\/types\/page"}],"author":[{"embeddable":true,"href":"https:\/\/www.facet.unt.edu.ar\/dpto-geodesia-topografia\/wp-json\/wp\/v2\/users\/8"}],"replies":[{"embeddable":true,"href":"https:\/\/www.facet.unt.edu.ar\/dpto-geodesia-topografia\/wp-json\/wp\/v2\/comments?post=57"}],"version-history":[{"count":193,"href":"https:\/\/www.facet.unt.edu.ar\/dpto-geodesia-topografia\/wp-json\/wp\/v2\/pages\/57\/revisions"}],"predecessor-version":[{"id":103,"href":"https:\/\/www.facet.unt.edu.ar\/dpto-geodesia-topografia\/wp-json\/wp\/v2\/pages\/57\/revisions\/103"}],"wp:attachment":[{"href":"https:\/\/www.facet.unt.edu.ar\/dpto-geodesia-topografia\/wp-json\/wp\/v2\/media?parent=57"}],"curies":[{"name":"wp","href":"https:\/\/api.w.org\/{rel}","templated":true}]}}