{"id":110,"date":"2016-06-06T23:14:28","date_gmt":"2016-06-07T02:14:28","guid":{"rendered":"https:\/\/www.facet.unt.edu.ar\/ecifacet\/?page_id=110"},"modified":"2024-05-03T23:05:33","modified_gmt":"2024-05-04T02:05:33","slug":"contacto","status":"publish","type":"page","link":"https:\/\/www.facet.unt.edu.ar\/ecifacet\/contacto\/","title":{"rendered":"Contacto"},"content":{"rendered":"<div id=\"pl-110\"  class=\"panel-layout\" ><div id=\"pg-110-0\"  class=\"panel-grid panel-no-style\" ><div id=\"pgc-110-0-0\"  class=\"panel-grid-cell\" ><div id=\"panel-110-0-0-0\" class=\"so-panel widget widget_media_image panel-first-child panel-last-child\" data-index=\"0\" ><img width=\"300\" height=\"74\" src=\"https:\/\/www.facet.unt.edu.ar\/ecifacet\/wp-content\/uploads\/sites\/40\/2019\/04\/075-300x74.png\" class=\"image wp-image-207  attachment-medium size-medium\" alt=\"\" decoding=\"async\" loading=\"lazy\" style=\"max-width: 100%; height: auto;\" srcset=\"https:\/\/www.facet.unt.edu.ar\/ecifacet\/wp-content\/uploads\/sites\/40\/2019\/04\/075-300x74.png 300w, https:\/\/www.facet.unt.edu.ar\/ecifacet\/wp-content\/uploads\/sites\/40\/2019\/04\/075.png 538w\" sizes=\"(max-width: 300px) 100vw, 300px\" \/><\/div><\/div><div id=\"pgc-110-0-1\"  class=\"panel-grid-cell\" ><div id=\"panel-110-0-1-0\" class=\"so-panel widget widget_sow-editor panel-first-child panel-last-child\" data-index=\"1\" ><div\n\t\t\t\n\t\t\tclass=\"so-widget-sow-editor so-widget-sow-editor-base\"\n\t\t\t\n\t\t>\n<div class=\"siteorigin-widget-tinymce textwidget\">\n\t<h3 class=\"widget-title\">Informaci\u00f3n de Contacto<\/h3>\n<div class=\"textwidget\">\n<p>Por <strong>Consultas <\/strong>sobre el encuentro, por favor, env\u00ede un correo electr\u00f3nico a la <strong>Subsecretaria de Investigaci\u00f3n e Innovaci\u00f3n FACET<\/strong>, al siguiente correo electr\u00f3nico:<\/p>\n<\/div>\n<p><a href=\"mailto:subinv_facet@herrera.unt.edu.ar\" target=\"_blank\" rel=\"noopener\"><span class=\"TextRun SCXW199827604 BCX0\" lang=\"ES-AR\" xml:lang=\"ES-AR\" data-contrast=\"auto\"><span class=\"NormalTextRun SCXW199827604 BCX0\">subinv_facet@herrera.unt.edu.ar<\/span><\/span><span class=\"EOP SCXW199827604 BCX0\" data-ccp-props=\"{}\">\u00a0<\/span><\/a><\/p>\n<p>Direcci\u00f3n: Facultad de Cs. Exactas y Tecnolog\u00eda - UNT . Av. Independencia 1800 - C.P. 4000 - Tucum\u00e1n (Rep. Argentina)<\/p>\n<\/div>\n<\/div><\/div><\/div><\/div><\/div>","protected":false},"excerpt":{"rendered":"<p>Informaci\u00f3n de Contacto Por Consultas sobre el encuentro, por favor, env\u00ede un correo electr\u00f3nico a la Subsecretaria de Investigaci\u00f3n e Innovaci\u00f3n FACET, al siguiente correo electr\u00f3nico: subinv_facet@herrera.unt.edu.ar\u00a0 Direcci\u00f3n: Facultad de Cs. Exactas y Tecnolog\u00eda &#8211; UNT . Av. Independencia 1800 &#8211; C.P. 4000 &#8211; Tucum\u00e1n (Rep. Argentina)<\/p>\n","protected":false},"author":6,"featured_media":0,"parent":0,"menu_order":0,"comment_status":"closed","ping_status":"closed","template":"","meta":[],"_links":{"self":[{"href":"https:\/\/www.facet.unt.edu.ar\/ecifacet\/wp-json\/wp\/v2\/pages\/110"}],"collection":[{"href":"https:\/\/www.facet.unt.edu.ar\/ecifacet\/wp-json\/wp\/v2\/pages"}],"about":[{"href":"https:\/\/www.facet.unt.edu.ar\/ecifacet\/wp-json\/wp\/v2\/types\/page"}],"author":[{"embeddable":true,"href":"https:\/\/www.facet.unt.edu.ar\/ecifacet\/wp-json\/wp\/v2\/users\/6"}],"replies":[{"embeddable":true,"href":"https:\/\/www.facet.unt.edu.ar\/ecifacet\/wp-json\/wp\/v2\/comments?post=110"}],"version-history":[{"count":14,"href":"https:\/\/www.facet.unt.edu.ar\/ecifacet\/wp-json\/wp\/v2\/pages\/110\/revisions"}],"predecessor-version":[{"id":205,"href":"https:\/\/www.facet.unt.edu.ar\/ecifacet\/wp-json\/wp\/v2\/pages\/110\/revisions\/205"}],"wp:attachment":[{"href":"https:\/\/www.facet.unt.edu.ar\/ecifacet\/wp-json\/wp\/v2\/media?parent=110"}],"curies":[{"name":"wp","href":"https:\/\/api.w.org\/{rel}","templated":true}]}}