{"id":145,"date":"2016-06-07T11:57:22","date_gmt":"2016-06-07T14:57:22","guid":{"rendered":"https:\/\/www.facet.unt.edu.ar\/ecifacet\/?page_id=145"},"modified":"2024-05-09T20:11:17","modified_gmt":"2024-05-09T23:11:17","slug":"areas-de-interes","status":"publish","type":"page","link":"https:\/\/www.facet.unt.edu.ar\/ecifacet\/areas-de-interes\/","title":{"rendered":"\u00c1reas de Inter\u00e9s"},"content":{"rendered":"<div id=\"pl-145\"  class=\"panel-layout\" ><div id=\"pg-145-0\"  class=\"panel-grid panel-no-style\" ><div id=\"pgc-145-0-0\"  class=\"panel-grid-cell\" ><div id=\"panel-145-0-0-0\" class=\"so-panel widget widget_sow-editor panel-first-child\" data-index=\"0\" ><div\n\t\t\t\n\t\t\tclass=\"so-widget-sow-editor so-widget-sow-editor-base\"\n\t\t\t\n\t\t>\n<div class=\"siteorigin-widget-tinymce textwidget\">\n\t<p style=\"text-align: justify;\"><span class=\"TextRun SCXW101081406 BCX0\" lang=\"ES-AR\" xml:lang=\"ES-AR\" data-contrast=\"auto\"><span class=\"NormalTextRun SCXW101081406 BCX0\">Las \u00e1<\/span><span class=\"NormalTextRun SCXW101081406 BCX0\">reas tem\u00e1ticas<\/span><span class=\"NormalTextRun SCXW101081406 BCX0\"> reflejan la organizaci\u00f3n por Departamentos<\/span><span class=\"NormalTextRun SCXW101081406 BCX0\">, donde se desarrollan las distintas carreras universitarias y se organizan las actividades de docencia, investigaci\u00f3n y transferencia.<\/span><\/span><span class=\"EOP SCXW101081406 BCX0\" data-ccp-props=\"{}\">\u00a0<\/span><\/p>\n<table style=\"width: 100%; border: none; font-size: 16px;\">\n<tbody>\n<tr style=\"border: none;\">\n<td style=\"border: none;\">\n<ul>\n<li>F\u00edsica<\/li>\n<li>Matem\u00e1tica<\/li>\n<li>Construcciones y Obras Civiles<\/li>\n<li>Electricidad, Electr\u00f3nica y Computaci\u00f3n<\/li>\n<li>Ciencias de la Computaci\u00f3n<\/li>\n<li>Industria Azucarera<\/li>\n<\/ul>\n<\/td>\n<td style=\"border: none;\">\n<ul>\n<li>Bioingenier\u00eda<\/li>\n<li>Luminotecnia, Luz y Visi\u00f3n<\/li>\n<li>Ingenier\u00eda de Procesos y Gesti\u00f3n Industrial<\/li>\n<li>Mec\u00e1nica<\/li>\n<li>Geodesia y Topograf\u00eda<\/li>\n<\/ul>\n<\/td>\n<\/tr>\n<\/tbody>\n<\/table>\n<p style=\"text-align: justify;\"><strong>Actividades<\/strong><\/p>\n<p style=\"text-align: justify;\">Las actividades se organizan siguiendo el formato detallado a continuaci\u00f3n. Cada espacio es coordinado por miembros del Consejo Asesor de la Subsecretar\u00eda de Investigaci\u00f3n e Innovaci\u00f3n de la FACET.<\/p>\n<p style=\"text-align: justify;\"><strong><em>Espacio FACET Investiga<\/em><\/strong>: Se invita a los investigadores a cargo de grupos de investigaci\u00f3n a que presenten los principales resultados obtenidos de los proyectos en ejecuci\u00f3n, en formato de Posters o Exposiciones breves.<br \/>\nConsejeros Asesores responsables: <em>Dr. Facundo Isla Calder\u00f3n, Dra. Mar\u00eda Cecilia Zapata, Mg. Estela Fern\u00e1ndez, Dr. Adolfo Mar\u00eda Avila, Dr. Mariano Fagre<\/em><\/p>\n<p style=\"text-align: justify;\"><strong><em>Espacio FACET Comunica<\/em><\/strong>: Se invita a los alumnos como as\u00ed a los becarios y tesistas incorporados a los proyectos de investigaci\u00f3n a comunicar las actividades de investigaci\u00f3n y\/o innovaci\u00f3n realizados.<br \/>\nConsejeros Asesores responsables: <em>Dr. Jorge Marcelo Duran, Dr. Leonardo Albarrac\u00edn, Ing. Lucas Pedro Acosta<\/em><\/p>\n<p style=\"text-align: justify;\"><strong><em>Espacio FACET Debate<\/em><\/strong>: Se organizan Conferencias Magistrales y Mesa Debate sobre temas significativos que extiendan las fronteras del conocimiento en investigaci\u00f3n e innovaci\u00f3n.<br \/>\nResponsable: <em>Subsecretaria de Investigaci\u00f3n e Innovaci\u00f3n, Dra. Liliana Abascal<\/em><\/p>\n<p style=\"text-align: justify;\"><strong><em>Espacio FACET Vinculaci\u00f3n Tecnol\u00f3gica<\/em><\/strong>: Se invita a los grupos de investigaci\u00f3n conectados con el medio productivo y comunitario a mostrar la forma de cooperaci\u00f3n resaltando la conexi\u00f3n entre investigaci\u00f3n + sociedad.<br \/>\nResponsable:<em> Subsecretaria de Investigaci\u00f3n e Innovaci\u00f3n, Dra. Liliana Abascal<\/em><\/p>\n<\/div>\n<\/div><\/div><div id=\"panel-145-0-0-1\" class=\"so-panel widget widget_sow-button\" data-index=\"1\" ><div\n\t\t\t\n\t\t\tclass=\"so-widget-sow-button so-widget-sow-button-flat-6f788858c29d-145\"\n\t\t\t\n\t\t><div class=\"ow-button-base ow-button-align-center\">\n\t<a href=\"https:\/\/facetvirtual.facet.unt.edu.ar\/course\/view.php?id=810\" class=\"ow-icon-placement-left ow-button-hover\" \t\t>\n\t\t<span>\n\t\t\t\n\t\t\tINSCRIPCIONES\t\t<\/span>\n\t<\/a>\n<\/div>\n<\/div><\/div><div id=\"panel-145-0-0-2\" class=\"so-panel widget widget_black-studio-tinymce widget_black_studio_tinymce panel-last-child\" data-index=\"2\" ><div class=\"textwidget\"><p><a href=\"https:\/\/www.facet.unt.edu.ar\/ecifacet\/wp-content\/uploads\/sites\/40\/2024\/05\/ECIFACET-2024-ESPACIOS.jpeg\"><img class=\"aligncenter size-full wp-image-766\" src=\"https:\/\/www.facet.unt.edu.ar\/ecifacet\/wp-content\/uploads\/sites\/40\/2024\/05\/ECIFACET-2024-ESPACIOS.jpeg\" alt=\"\" width=\"983\" height=\"983\" \/><\/a><\/p>\n<\/div><\/div><\/div><\/div><\/div>","protected":false},"excerpt":{"rendered":"<p>Las \u00e1reas tem\u00e1ticas reflejan la organizaci\u00f3n por Departamentos, donde se desarrollan las distintas carreras universitarias y se organizan las actividades de docencia, investigaci\u00f3n y transferencia.\u00a0 F\u00edsica Matem\u00e1tica Construcciones y Obras Civiles Electricidad, Electr\u00f3nica y Computaci\u00f3n Ciencias de la Computaci\u00f3n Industria Azucarera Bioingenier\u00eda Luminotecnia, Luz y Visi\u00f3n Ingenier\u00eda de Procesos y Gesti\u00f3n Industrial Mec\u00e1nica Geodesia y [&hellip;]<\/p>\n","protected":false},"author":6,"featured_media":0,"parent":0,"menu_order":0,"comment_status":"closed","ping_status":"closed","template":"","meta":[],"_links":{"self":[{"href":"https:\/\/www.facet.unt.edu.ar\/ecifacet\/wp-json\/wp\/v2\/pages\/145"}],"collection":[{"href":"https:\/\/www.facet.unt.edu.ar\/ecifacet\/wp-json\/wp\/v2\/pages"}],"about":[{"href":"https:\/\/www.facet.unt.edu.ar\/ecifacet\/wp-json\/wp\/v2\/types\/page"}],"author":[{"embeddable":true,"href":"https:\/\/www.facet.unt.edu.ar\/ecifacet\/wp-json\/wp\/v2\/users\/6"}],"replies":[{"embeddable":true,"href":"https:\/\/www.facet.unt.edu.ar\/ecifacet\/wp-json\/wp\/v2\/comments?post=145"}],"version-history":[{"count":18,"href":"https:\/\/www.facet.unt.edu.ar\/ecifacet\/wp-json\/wp\/v2\/pages\/145\/revisions"}],"predecessor-version":[{"id":768,"href":"https:\/\/www.facet.unt.edu.ar\/ecifacet\/wp-json\/wp\/v2\/pages\/145\/revisions\/768"}],"wp:attachment":[{"href":"https:\/\/www.facet.unt.edu.ar\/ecifacet\/wp-json\/wp\/v2\/media?parent=145"}],"curies":[{"name":"wp","href":"https:\/\/api.w.org\/{rel}","templated":true}]}}