{"id":65,"date":"2014-08-04T09:14:33","date_gmt":"2014-08-04T12:14:33","guid":{"rendered":"https:\/\/www.facet.unt.edu.ar\/ecifacet\/home\/"},"modified":"2025-02-13T12:50:00","modified_gmt":"2025-02-13T15:50:00","slug":"ecifacet2021","status":"publish","type":"page","link":"https:\/\/www.facet.unt.edu.ar\/ecifacet\/","title":{"rendered":"Home"},"content":{"rendered":"<div id=\"pl-65\"  class=\"panel-layout\" ><div id=\"pg-65-0\"  class=\"panel-grid panel-no-style\" ><div id=\"pgc-65-0-0\"  class=\"panel-grid-cell\" ><div id=\"panel-65-0-0-0\" class=\"so-panel widget widget_sow-editor panel-first-child\" data-index=\"0\" ><div\n\t\t\t\n\t\t\tclass=\"so-widget-sow-editor so-widget-sow-editor-base\"\n\t\t\t\n\t\t>\n<div class=\"siteorigin-widget-tinymce textwidget\">\n\t<p style=\"text-align: justify;\">El Encuentro Cient\u00edfico de Investigadores de la FACET, <strong>ECIFACET 2024<\/strong>, se realiz\u00f3 en forma presencial, los d\u00edas <strong>4 y 5 de junio de 2024<\/strong>, en instalaciones de esta unidad acad\u00e9mica.<\/p>\n<p style=\"text-align: justify;\">Este encuentro brinda la oportunidad para atravesar los l\u00edmites f\u00edsicos de las zonas de trabajo y reunirnos en espacios comunes d\u00f3nde el di\u00e1logo nos conduzca hacia otros saberes y hacia el descubrimiento de colegas y estudiantes, con quienes, todos juntos, conformamos la comunidad de la FACET.<\/p>\n<p style=\"text-align: justify;\">ECIFACET tiene por objetivo general, difundir los resultados de los trabajos de investigaci\u00f3n cient\u00edficos y desarrollos tecnol\u00f3gicos que realizan los grupos de investigaci\u00f3n integrados por docentes, investigadores, alumnos de la FACET.<\/p>\n<p style=\"text-align: justify;\">La organizaci\u00f3n estuvo a cargo de la Secretar\u00eda de Posgrado, Investigaci\u00f3n e Innovaci\u00f3n de la FACET, la Subsecretar\u00eda de Investigaci\u00f3n e Innovaci\u00f3n y el CONSEJO ASESOR con la colaboraci\u00f3n de la Secretar\u00eda de Gesti\u00f3n y Extensi\u00f3n y el \u00c1rea Comunicaci\u00f3n Institucional.<\/p>\n<\/div>\n<\/div><\/div><div id=\"panel-65-0-0-1\" class=\"widget_text so-panel widget widget_custom_html panel-last-child\" data-index=\"1\" ><div class=\"textwidget custom-html-widget\"><iframe src=\"https:\/\/www.google.com\/maps\/embed?pb=!1m18!1m12!1m3!1d2155.1358201963417!2d-65.22974818783723!3d-26.843238737169845!2m3!1f0!2f0!3f0!3m2!1i1024!2i768!4f13.1!3m3!1m2!1s0x94225c799ae43cd7%3A0x953da00896cdc8f1!2sBlock%203%20-%20Decanato%20-%20Facultad%20de%20Ciencias%20Exactas%20y%20Tecnolog%C3%ADa%20de%20la%20U.N.T.!5e0!3m2!1ses-419!2sar!4v1714775783104!5m2!1ses-419!2sar\" width=\"600\" height=\"450\" style=\"border:0;\" allowfullscreen=\"\" loading=\"lazy\" referrerpolicy=\"no-referrer-when-downgrade\"><\/iframe><\/div><\/div><\/div><div id=\"pgc-65-0-1\"  class=\"panel-grid-cell\" ><div id=\"panel-65-0-1-0\" class=\"so-panel widget widget_black-studio-tinymce widget_black_studio_tinymce panel-first-child panel-last-child\" data-index=\"2\" ><div class=\"textwidget\"><p><div id=\"attachment_858\" style=\"width: 2490px\" class=\"wp-caption aligncenter\"><a href=\"https:\/\/www.facet.unt.edu.ar\/ecifacet\/wp-content\/uploads\/sites\/40\/2024\/12\/Libro_Resumenes_ECIFACET_2024_diciembre2024.pdf\"><img aria-describedby=\"caption-attachment-858\" class=\"wp-image-858 size-full\" src=\"https:\/\/www.facet.unt.edu.ar\/ecifacet\/wp-content\/uploads\/sites\/40\/2025\/02\/TAPA.png\" alt=\"\" width=\"2480\" height=\"3507\" \/><\/a><p id=\"caption-attachment-858\" class=\"wp-caption-text\">ECIFACET 2024 - LIBRO DE RES\u00daMENES<\/p><\/div><\/p>\n<\/div><\/div><\/div><\/div><div id=\"pg-65-1\"  class=\"panel-grid panel-no-style\" ><div id=\"pgc-65-1-0\"  class=\"panel-grid-cell\" ><div id=\"panel-65-1-0-0\" class=\"so-panel widget widget_sow-editor panel-first-child panel-last-child\" data-index=\"3\" ><div\n\t\t\t\n\t\t\tclass=\"so-widget-sow-editor so-widget-sow-editor-base\"\n\t\t\t\n\t\t>\n<div class=\"siteorigin-widget-tinymce textwidget\">\n\t<h2 style=\"text-align: center;\">Circulares<\/h2>\n<\/div>\n<\/div><\/div><\/div><\/div><div id=\"pg-65-2\"  class=\"panel-grid panel-no-style\" ><div id=\"pgc-65-2-0\"  class=\"panel-grid-cell panel-grid-cell-empty\" ><\/div><div id=\"pgc-65-2-1\"  class=\"panel-grid-cell\" ><div id=\"panel-65-2-1-0\" class=\"so-panel widget widget_circleicon-widget panel-first-child panel-last-child\" data-index=\"4\" >\t\t<div class=\"circle-icon-box circle-icon-position-top circle-icon-hide-box circle-icon-size-large\">\n\t\t\t<div class=\"circle-icon-wrapper\">\n\t\t\t\t<a href=\"https:\/\/www.facet.unt.edu.ar\/ecifacet\/wp-content\/uploads\/sites\/40\/2024\/05\/ECIFACET-2024_Primera-Circular.pdf\" class=\"link-icon\" target=\"_blank\">\t\t\t\t<div class=\"circle-icon icon-style-set\" style=\"background-color: #89d4f9\">\n\t\t\t\t\t<div class=\"fa fa-book icon-color-set\" ><\/div>\t\t\t\t<\/div>\n\t\t\t\t<\/a>\t\t\t<\/div>\n\n\t\t\t<a href=\"https:\/\/www.facet.unt.edu.ar\/ecifacet\/wp-content\/uploads\/sites\/40\/2024\/05\/ECIFACET-2024_Primera-Circular.pdf\" class=\"link-title\" target=\"_blank\">\t\t\t<h4 >Primera Circular<\/h4>\t\t\t<\/a>\n\t\t\t\t\t\t\t\t\t\t<a href=\"https:\/\/www.facet.unt.edu.ar\/ecifacet\/wp-content\/uploads\/sites\/40\/2024\/05\/ECIFACET-2024_Primera-Circular.pdf\" class=\"more-button\" target=\"_blank\">M\u00e1s informaci\u00f3n <i><\/i><\/a>\n\t\t\t\t\t<\/div>\n\t\t<\/div><\/div><div id=\"pgc-65-2-2\"  class=\"panel-grid-cell\" ><div id=\"panel-65-2-2-0\" class=\"so-panel widget widget_circleicon-widget panel-first-child panel-last-child\" data-index=\"5\" >\t\t<div class=\"circle-icon-box circle-icon-position-top circle-icon-hide-box circle-icon-size-large\">\n\t\t\t<div class=\"circle-icon-wrapper\">\n\t\t\t\t<a href=\"https:\/\/www.facet.unt.edu.ar\/ecifacet\/wp-content\/uploads\/sites\/40\/2024\/05\/ECIFACET-2024_Segunda-Circular-FINAL.pdf\" class=\"link-icon\" target=\"_blank\">\t\t\t\t<div class=\"circle-icon icon-style-set\" style=\"background-color: #0b6bbf\">\n\t\t\t\t\t<div class=\"fa fa-book icon-color-set\" ><\/div>\t\t\t\t<\/div>\n\t\t\t\t<\/a>\t\t\t<\/div>\n\n\t\t\t<a href=\"https:\/\/www.facet.unt.edu.ar\/ecifacet\/wp-content\/uploads\/sites\/40\/2024\/05\/ECIFACET-2024_Segunda-Circular-FINAL.pdf\" class=\"link-title\" target=\"_blank\">\t\t\t<h4 >Segunda Circular<\/h4>\t\t\t<\/a>\n\t\t\t\t\t\t\t\t\t\t<a href=\"https:\/\/www.facet.unt.edu.ar\/ecifacet\/wp-content\/uploads\/sites\/40\/2024\/05\/ECIFACET-2024_Segunda-Circular-FINAL.pdf\" class=\"more-button\" target=\"_blank\">M\u00e1s informaci\u00f3n <i><\/i><\/a>\n\t\t\t\t\t<\/div>\n\t\t<\/div><\/div><div id=\"pgc-65-2-3\"  class=\"panel-grid-cell panel-grid-cell-mobile-last\" ><div id=\"panel-65-2-3-0\" class=\"so-panel widget widget_circleicon-widget panel-first-child panel-last-child\" data-index=\"6\" >\t\t<div class=\"circle-icon-box circle-icon-position-top circle-icon-hide-box circle-icon-size-large\">\n\t\t\t<div class=\"circle-icon-wrapper\">\n\t\t\t\t<a href=\"https:\/\/www.facet.unt.edu.ar\/ecifacet\/wp-content\/uploads\/sites\/40\/2024\/05\/ECIFACET-2024_Tercera-Circular.pdf\" class=\"link-icon\" target=\"_blank\">\t\t\t\t<div class=\"circle-icon icon-style-set\" style=\"background-color: #082693\">\n\t\t\t\t\t<div class=\"fa fa-book icon-color-set\" ><\/div>\t\t\t\t<\/div>\n\t\t\t\t<\/a>\t\t\t<\/div>\n\n\t\t\t<a href=\"https:\/\/www.facet.unt.edu.ar\/ecifacet\/wp-content\/uploads\/sites\/40\/2024\/05\/ECIFACET-2024_Tercera-Circular.pdf\" class=\"link-title\" target=\"_blank\">\t\t\t<h4 >Tercera Circular<\/h4>\t\t\t<\/a>\n\t\t\t\t\t\t\t\t\t\t<a href=\"https:\/\/www.facet.unt.edu.ar\/ecifacet\/wp-content\/uploads\/sites\/40\/2024\/05\/ECIFACET-2024_Tercera-Circular.pdf\" class=\"more-button\" target=\"_blank\">M\u00e1s informaci\u00f3n <i><\/i><\/a>\n\t\t\t\t\t<\/div>\n\t\t<\/div><\/div><div id=\"pgc-65-2-4\"  class=\"panel-grid-cell panel-grid-cell-empty\" ><\/div><\/div><div id=\"pg-65-3\"  class=\"panel-grid panel-no-style\" ><div id=\"pgc-65-3-0\"  class=\"panel-grid-cell\" ><div id=\"panel-65-3-0-0\" class=\"so-panel widget widget_sow-editor panel-first-child\" data-index=\"7\" ><div\n\t\t\t\n\t\t\tclass=\"so-widget-sow-editor so-widget-sow-editor-base\"\n\t\t\t\n\t\t>\n<div class=\"siteorigin-widget-tinymce textwidget\">\n\t<h2 style=\"text-align: center;\">Patrocinadores<\/h2>\n<\/div>\n<\/div><\/div><div id=\"panel-65-3-0-1\" class=\"so-panel widget widget_siteorigin-panels-builder panel-last-child\" data-index=\"8\" ><div id=\"pl-wtrrvv2kiggc\"  class=\"panel-layout\" ><div id=\"pg-wtrrvv2kiggc-0\"  class=\"panel-grid panel-no-style\" ><div id=\"pgc-wtrrvv2kiggc-0-0\"  class=\"panel-grid-cell\" ><div id=\"panel-wtrrvv2kiggc-0-0-0\" class=\"so-panel widget widget_black-studio-tinymce widget_black_studio_tinymce panel-first-child panel-last-child\" data-index=\"0\" ><div class=\"textwidget\"><p><a href=\"https:\/\/www.facet.unt.edu.ar\/ecifacet\/wp-content\/uploads\/sites\/40\/2024\/05\/logo-rolcar.jpg\"><img class=\"aligncenter wp-image-809\" src=\"https:\/\/www.facet.unt.edu.ar\/ecifacet\/wp-content\/uploads\/sites\/40\/2024\/05\/logo-rolcar.jpg\" alt=\"\" width=\"523\" height=\"173\" \/><\/a><\/p>\n<\/div><\/div><\/div><div id=\"pgc-wtrrvv2kiggc-0-1\"  class=\"panel-grid-cell\" ><div id=\"panel-wtrrvv2kiggc-0-1-0\" class=\"so-panel widget widget_black-studio-tinymce widget_black_studio_tinymce panel-first-child panel-last-child\" data-index=\"1\" ><div class=\"textwidget\"><p><a href=\"https:\/\/www.facet.unt.edu.ar\/ecifacet\/wp-content\/uploads\/sites\/40\/2024\/05\/logo-cooperadora.png\"><img class=\"aligncenter  wp-image-810\" src=\"https:\/\/www.facet.unt.edu.ar\/ecifacet\/wp-content\/uploads\/sites\/40\/2024\/05\/logo-cooperadora.png\" alt=\"\" width=\"1161\" height=\"205\" \/><\/a><\/p>\n<\/div><\/div><\/div><\/div><\/div><\/div><\/div><\/div><\/div>","protected":false},"excerpt":{"rendered":"<p>El Encuentro Cient\u00edfico de Investigadores de la FACET, ECIFACET 2024, se realiz\u00f3 en forma presencial, los d\u00edas 4 y 5 de junio de 2024, en instalaciones de esta unidad acad\u00e9mica. Este encuentro brinda la oportunidad para atravesar los l\u00edmites f\u00edsicos de las zonas de trabajo y reunirnos en espacios comunes d\u00f3nde el di\u00e1logo nos conduzca [&hellip;]<\/p>\n","protected":false},"author":1,"featured_media":0,"parent":0,"menu_order":0,"comment_status":"closed","ping_status":"closed","template":"home-panels.php","meta":[],"_links":{"self":[{"href":"https:\/\/www.facet.unt.edu.ar\/ecifacet\/wp-json\/wp\/v2\/pages\/65"}],"collection":[{"href":"https:\/\/www.facet.unt.edu.ar\/ecifacet\/wp-json\/wp\/v2\/pages"}],"about":[{"href":"https:\/\/www.facet.unt.edu.ar\/ecifacet\/wp-json\/wp\/v2\/types\/page"}],"author":[{"embeddable":true,"href":"https:\/\/www.facet.unt.edu.ar\/ecifacet\/wp-json\/wp\/v2\/users\/1"}],"replies":[{"embeddable":true,"href":"https:\/\/www.facet.unt.edu.ar\/ecifacet\/wp-json\/wp\/v2\/comments?post=65"}],"version-history":[{"count":31,"href":"https:\/\/www.facet.unt.edu.ar\/ecifacet\/wp-json\/wp\/v2\/pages\/65\/revisions"}],"predecessor-version":[{"id":176,"href":"https:\/\/www.facet.unt.edu.ar\/ecifacet\/wp-json\/wp\/v2\/pages\/65\/revisions\/176"}],"wp:attachment":[{"href":"https:\/\/www.facet.unt.edu.ar\/ecifacet\/wp-json\/wp\/v2\/media?parent=65"}],"curies":[{"name":"wp","href":"https:\/\/api.w.org\/{rel}","templated":true}]}}