{"id":666,"date":"2024-05-03T23:17:56","date_gmt":"2024-05-04T02:17:56","guid":{"rendered":"https:\/\/www.facet.unt.edu.ar\/ecifacet\/?page_id=666"},"modified":"2024-05-17T19:24:24","modified_gmt":"2024-05-17T22:24:24","slug":"conferencias-2024","status":"publish","type":"page","link":"https:\/\/www.facet.unt.edu.ar\/ecifacet\/conferencias-2024\/","title":{"rendered":"Conferencias 2024"},"content":{"rendered":"<div id=\"pl-666\"  class=\"panel-layout\" ><div id=\"pg-666-0\"  class=\"panel-grid panel-no-style\" ><div id=\"pgc-666-0-0\"  class=\"panel-grid-cell\" ><div id=\"panel-666-0-0-0\" class=\"so-panel widget widget_black-studio-tinymce widget_black_studio_tinymce panel-first-child panel-last-child\" data-index=\"0\" ><div class=\"textwidget\"><p><div id=\"attachment_674\" style=\"width: 454px\" class=\"wp-caption aligncenter\"><a href=\"https:\/\/www.facet.unt.edu.ar\/ecifacet\/wp-content\/uploads\/sites\/40\/2024\/05\/Eitel-J.M.-Lauria.png\"><img aria-describedby=\"caption-attachment-674\" class=\"wp-image-674 size-full\" src=\"https:\/\/www.facet.unt.edu.ar\/ecifacet\/wp-content\/uploads\/sites\/40\/2024\/05\/Eitel-J.M.-Lauria.png\" alt=\"\" width=\"444\" height=\"434\" \/><\/a><p id=\"caption-attachment-674\" class=\"wp-caption-text\">Eitel J.M. Laur\u00eda, PhD<\/p><\/div><\/p>\n<p style=\"text-align: center;\">Professor of Data Science and Information Systems<br \/>\nDirector of Graduate Programs<br \/>\nSchool of Computer Science and Mathematics<br \/>\nMarist College<br \/>\nEitel.Lauria@marist.edu<br \/>\nWeb: <a href=\"https:\/\/eitellauria.ar\" target=\"_blank\" rel=\"noopener\">https:\/\/eitellauria.ar<\/a><\/p>\n<\/div><\/div><\/div><div id=\"pgc-666-0-1\"  class=\"panel-grid-cell\" ><div id=\"panel-666-0-1-0\" class=\"so-panel widget widget_sow-editor panel-first-child panel-last-child\" data-index=\"1\" ><div\n\t\t\t\n\t\t\tclass=\"so-widget-sow-editor so-widget-sow-editor-base\"\n\t\t\t\n\t\t><h3 class=\"widget-title\">CONFERENCIA: Martes 4 de junio, 11:00 hs<\/h3>\n<div class=\"siteorigin-widget-tinymce textwidget\">\n\t<h3><strong>T\u00edtulo: M\u00e1s All\u00e1 de la M\u00e1quina: Inteligencia Artificial en la Encrucijada de la Historia<\/strong><\/h3>\n<p>Por <a href=\"https:\/\/www.facet.unt.edu.ar\/ecifacet\/eitel-j-m-lauria\/\" target=\"_blank\" rel=\"noopener\"><strong><em>Eitel J.M. Laur\u00eda, PhD<\/em><\/strong><\/a><\/p>\n<p>Lugar: <strong>Sala de Audiovisuales, Block 3, 1er Piso, FACET.<\/strong><\/p>\n<p style=\"text-align: justify;\">Esta presentaci\u00f3n traza una cronolog\u00eda de la inteligencia artificial (IA) desde su origen en los a\u00f1os 50 hasta la actualidad, siguiendo su desarrollo a trav\u00e9s de los distintos periodos de progreso y estancamiento que ha experimentado la disciplina. Se examina la transici\u00f3n desde los primeros sistemas l\u00f3gicos y los sistemas expertos proposicionales hasta la llegada de la era del aprendizaje autom\u00e1tico, el &amp;quot;big data&amp;quot;, las redes neuronales, las arquitecturas de aprendizaje profundo y el aprendizaje por refuerzo. Se discute su aplicaci\u00f3n en datos perceptuales y los avances en procesamiento de im\u00e1genes y de lenguaje natural, destacando el impacto reciente de la autoatenci\u00f3n, los transformadores, los modelos de lenguaje de gran tama\u00f1o (LLM) y la inteligencia artificial generativa (GenAI). Finalmente, se analiza el efecto de la IA moderna en los \u00e1mbitos laboral, organizacional, educativo y social, considerando tanto las oportunidades como los desaf\u00edos \u00e9ticos y los riesgos potenciales que implica. Este recorrido cronol\u00f3gico no solo aborda los hitos tecnol\u00f3gicos, sino que tambi\u00e9n propone una reflexi\u00f3n sobre c\u00f3mo la IA est\u00e1 redefiniendo nuestras estructuras fundamentales y su potencial impacto en nuestra forma de vivir, estudiar, aprender, trabajar y relacionarnos, subrayando la necesidad de un debate continuo sobre el futuro desarrollo de estas tecnolog\u00edas y su regulaci\u00f3n.<\/p>\n<\/div>\n<\/div><\/div><\/div><\/div><\/div>","protected":false},"excerpt":{"rendered":"<p>Professor of Data Science and Information Systems Director of Graduate Programs School of Computer Science and Mathematics Marist College Eitel.Lauria@marist.edu Web: https:\/\/eitellauria.ar T\u00edtulo: M\u00e1s All\u00e1 de la M\u00e1quina: Inteligencia Artificial en la Encrucijada de la Historia Por Eitel J.M. Laur\u00eda, PhD Lugar: Sala de Audiovisuales, Block 3, 1er Piso, FACET. Esta presentaci\u00f3n traza una cronolog\u00eda [&hellip;]<\/p>\n","protected":false},"author":6,"featured_media":0,"parent":0,"menu_order":0,"comment_status":"closed","ping_status":"closed","template":"","meta":[],"_links":{"self":[{"href":"https:\/\/www.facet.unt.edu.ar\/ecifacet\/wp-json\/wp\/v2\/pages\/666"}],"collection":[{"href":"https:\/\/www.facet.unt.edu.ar\/ecifacet\/wp-json\/wp\/v2\/pages"}],"about":[{"href":"https:\/\/www.facet.unt.edu.ar\/ecifacet\/wp-json\/wp\/v2\/types\/page"}],"author":[{"embeddable":true,"href":"https:\/\/www.facet.unt.edu.ar\/ecifacet\/wp-json\/wp\/v2\/users\/6"}],"replies":[{"embeddable":true,"href":"https:\/\/www.facet.unt.edu.ar\/ecifacet\/wp-json\/wp\/v2\/comments?post=666"}],"version-history":[{"count":14,"href":"https:\/\/www.facet.unt.edu.ar\/ecifacet\/wp-json\/wp\/v2\/pages\/666\/revisions"}],"predecessor-version":[{"id":802,"href":"https:\/\/www.facet.unt.edu.ar\/ecifacet\/wp-json\/wp\/v2\/pages\/666\/revisions\/802"}],"wp:attachment":[{"href":"https:\/\/www.facet.unt.edu.ar\/ecifacet\/wp-json\/wp\/v2\/media?parent=666"}],"curies":[{"name":"wp","href":"https:\/\/api.w.org\/{rel}","templated":true}]}}