{"id":681,"date":"2024-05-04T00:47:37","date_gmt":"2024-05-04T03:47:37","guid":{"rendered":"https:\/\/www.facet.unt.edu.ar\/ecifacet\/?page_id=681"},"modified":"2024-05-09T20:41:43","modified_gmt":"2024-05-09T23:41:43","slug":"eitel-j-m-lauria","status":"publish","type":"page","link":"https:\/\/www.facet.unt.edu.ar\/ecifacet\/eitel-j-m-lauria\/","title":{"rendered":"Eitel J.M. Laur\u00eda"},"content":{"rendered":"<p style=\"text-align: justify;\">Eitel J.M. Laur\u00eda es profesor de ciencia de datos y sistemas de informaci\u00f3n y director de programas de posgrado en la Escuela de Ciencias de la Computaci\u00f3n y Matem\u00e1ticas en Marist College, Poughkeepsie, NY. Nacido en Buenos Aires, Argentina, el Dr. Laur\u00eda obtuvo su t\u00edtulo en Ingenier\u00eda Electromec\u00e1nica Orientaci\u00f3n Electricista de la Universidad de Buenos Aires, una Maestr\u00eda en Administraci\u00f3n de Empresas de la Universidad del Salvador, y un Doctorado en Ciencias de la Informaci\u00f3n de la University at Albany, State University of New York.<\/p>\n<p style=\"text-align: justify;\">Sus intereses en materia de investigaci\u00f3n abarcan los campos de inteligencia artificial, sistemas probabil\u00edsticos (redes Bayesianas), aprendizaje autom\u00e1tico (machine learning), inferencia causal, procesamiento de lenguaje natural, y calidad de datos e informaci\u00f3n, centr\u00e1ndose en la aplicaci\u00f3n de estas disciplinas en una variedad de dominios, incluyendo la implementaci\u00f3n de tecnolog\u00eda inform\u00e1tica, an\u00e1lisis de aprendizaje, inform\u00e1tica de la salud, y seguridad de redes.<\/p>\n<p style=\"text-align: justify;\">Los trabajos de investigaci\u00f3n del Prof. Laur\u00eda han sido publicada en numerosas revistas y medios esepcializados, incluyendo Decision Support Systems, el European Journal of Operational Research, el ACM Journal of Data and Information Quality, Expert Systems with Applications, el Journal of Learning Analytics, Springer Communications in Computer and Information Science, el Journal of Educational Technology Systems y el American Journal of Respiratory Cell and Molecular Biology. Es coautor de un libro de texto sobre calidad de datos e informaci\u00f3n publicado por MIT\/IQ. Ha sido consultor tecnol\u00f3gico para IBM, Microsoft, ExxonMobil, Reuters, STET France Telecom, GE Global Research y el Banco Mundial entre otras corporaciones globales. El Dr. Laur\u00eda es el Senior Data Scientist de la Iniciativa de An\u00e1lisis de Aprendizaje en Marist College. Su investigaci\u00f3n sobre la detecci\u00f3n temprana de estudiantes en riesgo acad\u00e9mico ha sido ampliamente citada, comenzando con la Open Academic Analytics Initiative (OAAI), un proyecto financiado por la Fundaci\u00f3n Bill &amp; Melinda Gates destinado a aumentar la retenci\u00f3n de estudiantes universitarios utilizando m\u00e9todos de miner\u00eda de datos. La OAAI en Marist College fue nombrada 2013 Computerworld Honors Laureate en la categor\u00eda World-Good. Este sistema de detecci\u00f3n temprana fue elegido como un componente clave de la infraestructura nacional de an\u00e1lisis del Reino Unido, con pilotos e implementaciones completadas en varias universidades del Reino Unido y de E.E.U.U.<\/p>\n<p style=\"text-align: justify;\">El Prof. Laur\u00eda tambi\u00e9n est\u00e1 activamente involucrado en el desarrollo de sistemas de preguntas y respuestas y sistemas conversacionales utilizando arquitecturas de redes neuronales (deep learning) y modelos de lenguaje de gran tama\u00f1o (LLMs). En 2007 el Dr. Laur\u00eda recibi\u00f3 el Premio Sadosky al mejor trabajo de investigaci\u00f3n en tecnolog\u00eda inform\u00e1tica en Argentina. El Dr. Laur\u00eda recibi\u00f3 en 2015 el Premio de Ense\u00f1anza Distinguida del Consejo de Direcci\u00f3n (Board of Trustees) en Marist College.<\/p>\n<p>&nbsp;<\/p>\n","protected":false},"excerpt":{"rendered":"<p>Eitel J.M. Laur\u00eda es profesor de ciencia de datos y sistemas de informaci\u00f3n y director de programas de posgrado en la Escuela de Ciencias de la Computaci\u00f3n y Matem\u00e1ticas en Marist College, Poughkeepsie, NY. Nacido en Buenos Aires, Argentina, el Dr. Laur\u00eda obtuvo su t\u00edtulo en Ingenier\u00eda Electromec\u00e1nica Orientaci\u00f3n Electricista de la Universidad de Buenos [&hellip;]<\/p>\n","protected":false},"author":6,"featured_media":0,"parent":0,"menu_order":0,"comment_status":"closed","ping_status":"closed","template":"","meta":[],"_links":{"self":[{"href":"https:\/\/www.facet.unt.edu.ar\/ecifacet\/wp-json\/wp\/v2\/pages\/681"}],"collection":[{"href":"https:\/\/www.facet.unt.edu.ar\/ecifacet\/wp-json\/wp\/v2\/pages"}],"about":[{"href":"https:\/\/www.facet.unt.edu.ar\/ecifacet\/wp-json\/wp\/v2\/types\/page"}],"author":[{"embeddable":true,"href":"https:\/\/www.facet.unt.edu.ar\/ecifacet\/wp-json\/wp\/v2\/users\/6"}],"replies":[{"embeddable":true,"href":"https:\/\/www.facet.unt.edu.ar\/ecifacet\/wp-json\/wp\/v2\/comments?post=681"}],"version-history":[{"count":2,"href":"https:\/\/www.facet.unt.edu.ar\/ecifacet\/wp-json\/wp\/v2\/pages\/681\/revisions"}],"predecessor-version":[{"id":772,"href":"https:\/\/www.facet.unt.edu.ar\/ecifacet\/wp-json\/wp\/v2\/pages\/681\/revisions\/772"}],"wp:attachment":[{"href":"https:\/\/www.facet.unt.edu.ar\/ecifacet\/wp-json\/wp\/v2\/media?parent=681"}],"curies":[{"name":"wp","href":"https:\/\/api.w.org\/{rel}","templated":true}]}}