{"id":136,"date":"2023-02-14T16:03:50","date_gmt":"2023-02-14T19:03:50","guid":{"rendered":"https:\/\/www.facet.unt.edu.ar\/egi\/?page_id=136"},"modified":"2023-02-14T16:41:53","modified_gmt":"2023-02-14T19:41:53","slug":"plan-de-estudio","status":"publish","type":"page","link":"https:\/\/www.facet.unt.edu.ar\/egi\/plan-de-estudio\/","title":{"rendered":"Plan de Estudio"},"content":{"rendered":"<h3 style=\"text-align: justify;\"><strong>Requisitos de Ingreso<\/strong>:<\/h3>\n<p style=\"text-align: justify;\">Podr\u00e1n postularse en la carrera egresados de: Carreras de ingenier\u00eda de Universidades Nacionales y Privadas acreditadas. Licenciaturas en \u00e1reas tecnol\u00f3gicas y de administraci\u00f3n de al menos 4 a\u00f1os de duraci\u00f3n acreditas de Universidades Nacionales y Privadas. Contador P\u00fablico Nacional.<\/p>\n<p style=\"text-align: justify;\">Para el ingreso se tomar\u00e1 un examen, que incluir\u00e1 una prueba de lecto-comprensi\u00f3n y soluci\u00f3n de un caso pr\u00e1ctico que permita asegurar la capacidad del individuo para aprovechar el dictado de clase. El examen incluir\u00e1 un texto simple en idioma ingl\u00e9s a traducir.<\/p>\n<p><strong>Para acceder al Plan de Estudio, haga <a href=\"https:\/\/www.facet.unt.edu.ar\/egi\/wp-content\/uploads\/sites\/86\/2023\/02\/EGI-Plan-de-Estudio.pdf\" target=\"_blank\" rel=\"noopener\">click aqu\u00ed<\/a>.<\/strong><\/p>\n","protected":false},"excerpt":{"rendered":"<p>Requisitos de Ingreso: Podr\u00e1n postularse en la carrera egresados de: Carreras de ingenier\u00eda de Universidades Nacionales y Privadas acreditadas. Licenciaturas en \u00e1reas tecnol\u00f3gicas y de administraci\u00f3n de al menos 4 a\u00f1os de duraci\u00f3n acreditas de Universidades Nacionales y Privadas. Contador P\u00fablico Nacional. Para el ingreso se tomar\u00e1 un examen, que incluir\u00e1 una prueba de lecto-comprensi\u00f3n [&hellip;]<\/p>\n","protected":false},"author":6,"featured_media":0,"parent":0,"menu_order":0,"comment_status":"closed","ping_status":"closed","template":"","meta":[],"_links":{"self":[{"href":"https:\/\/www.facet.unt.edu.ar\/egi\/wp-json\/wp\/v2\/pages\/136"}],"collection":[{"href":"https:\/\/www.facet.unt.edu.ar\/egi\/wp-json\/wp\/v2\/pages"}],"about":[{"href":"https:\/\/www.facet.unt.edu.ar\/egi\/wp-json\/wp\/v2\/types\/page"}],"author":[{"embeddable":true,"href":"https:\/\/www.facet.unt.edu.ar\/egi\/wp-json\/wp\/v2\/users\/6"}],"replies":[{"embeddable":true,"href":"https:\/\/www.facet.unt.edu.ar\/egi\/wp-json\/wp\/v2\/comments?post=136"}],"version-history":[{"count":4,"href":"https:\/\/www.facet.unt.edu.ar\/egi\/wp-json\/wp\/v2\/pages\/136\/revisions"}],"predecessor-version":[{"id":144,"href":"https:\/\/www.facet.unt.edu.ar\/egi\/wp-json\/wp\/v2\/pages\/136\/revisions\/144"}],"wp:attachment":[{"href":"https:\/\/www.facet.unt.edu.ar\/egi\/wp-json\/wp\/v2\/media?parent=136"}],"curies":[{"name":"wp","href":"https:\/\/api.w.org\/{rel}","templated":true}]}}