{"id":65,"date":"2014-08-04T09:14:33","date_gmt":"2014-08-04T12:14:33","guid":{"rendered":"https:\/\/www.facet.unt.edu.ar\/egi\/home\/"},"modified":"2023-02-14T16:48:38","modified_gmt":"2023-02-14T19:48:38","slug":"home","status":"publish","type":"page","link":"https:\/\/www.facet.unt.edu.ar\/egi\/","title":{"rendered":"Home"},"content":{"rendered":"<div id=\"pl-65\"  class=\"panel-layout\" ><div id=\"pg-65-0\"  class=\"panel-grid panel-has-style\" ><div class=\"wide-grey panel-row-style panel-row-style-for-65-0\" ><div id=\"pgc-65-0-0\"  class=\"panel-grid-cell\" ><div id=\"panel-65-0-0-0\" class=\"so-panel widget widget_sow-editor panel-first-child\" data-index=\"0\" ><div\n\t\t\t\n\t\t\tclass=\"so-widget-sow-editor so-widget-sow-editor-base\"\n\t\t\t\n\t\t>\n<div class=\"siteorigin-widget-tinymce textwidget\">\n\t<p style=\"text-align: justify;\">La carrera de Especializaci\u00f3n en Gesti\u00f3n industrial es una carrera de posgrado, que se dicta en la Facultad de Ciencias Exactas y Tecnolog\u00eda. El t\u00edtulo es de Especialista en Gesti\u00f3n Industrial y pueden acceder a la misma los profesionales Ingenieros, Contadores y Licenciados en Ciencias de la Administraci\u00f3n<\/p>\n<h3 style=\"text-align: justify;\">Perfil del egresado<\/h3>\n<p style=\"text-align: justify;\">El Especialista en Gesti\u00f3n industrial es un profesional orientado a: Su ambiente laboral, a ser Emprendedor dentro y fuera de la empresa, a la eficiencia y competitividad, a la Innovaci\u00f3n y al trabajo en equipo, para obtener siempre mejores resultados<\/p>\n<h3 style=\"text-align: justify;\">Competencias transversales<\/h3>\n<p style=\"text-align: justify;\">Las empresas buscan hoy en d\u00eda que su personal tenga, adem\u00e1s de las competencias \u00abfuncionales\u00bb (Administraci\u00f3n, ingenier\u00edas, psicolog\u00eda\u2026) competencias que aseguren el \u00e9xito de proyectos dentro y fuera de la empresa. La Especializaci\u00f3n en Gesti\u00f3n Industrial propone dos ejes transversales de gran actualidad y necesidad en las empresas: Manejo de las TICs aplicadas a la gesti\u00f3n y Gesti\u00f3n de proyectos tecnol\u00f3gicos, con lo que el egresado podr\u00e1 insertarse laboralmente en posiciones de relevancia en el medio empresarial.<\/p>\n<h3><span style=\"color: #333333;\">Modalidad: h\u00edbrida<\/span><b><\/b><\/h3>\n<\/div>\n<\/div><\/div><div id=\"panel-65-0-0-1\" class=\"so-panel widget widget_siteorigin-panels-postloop panel-last-child\" data-index=\"1\" ><h3 class=\"widget-title\">Noticias<\/h3>\n\t\t\n\t\t\n<article id=\"post-101\" class=\"post-101 post type-post status-publish format-standard hentry category-noticia\">\n\n\t\n\t<div class=\"entry-main\">\n\n\t\t\n\t\t<header class=\"entry-header\">\n\t\t\t\n\t\t\t<h1 class=\"entry-title\"><a href=\"https:\/\/www.facet.unt.edu.ar\/egi\/2023\/02\/10\/nueva-cohorte-de-la-especializacion-en-gestion-industrial\/\" title=\"Enlace permanente a Nueva cohorte 2023 de la Especializaci\u00f3n en Gesti\u00f3n Industrial\" rel=\"bookmark\">Nueva cohorte 2023 de la Especializaci\u00f3n en Gesti\u00f3n Industrial<\/a><\/h1>\n\n\t\t\t\t\t\t\t<div class=\"entry-meta\">\n\t\t\t\t\tPublicado el <a href=\"https:\/\/www.facet.unt.edu.ar\/egi\/2023\/02\/10\/nueva-cohorte-de-la-especializacion-en-gestion-industrial\/\" title=\"18:23\" rel=\"bookmark\"><time class=\"entry-date\" datetime=\"2023-02-10T18:23:42-03:00\">10 febrero, 2023<\/time><\/a><time class=\"updated\" datetime=\"2023-02-15T16:16:50-03:00\">15 febrero, 2023<\/time> <span class=\"byline\"> por <span class=\"author vcard\"><a class=\"url fn n\" href=\"https:\/\/www.facet.unt.edu.ar\/egi\/author\/fdiaz\/\" title=\"Ver todos los art\u00edculos de fdiaz\" rel=\"author\">fdiaz<\/a><\/span><\/span> \t\t\t\t<\/div><!-- .entry-meta -->\n\t\t\t\n\t\t<\/header><!-- .entry-header -->\n\n\t\t\t\t\t<div class=\"entry-content\">\n\t\t\t\t<div id=\"pl-101\"  class=\"panel-layout\" ><div id=\"pg-101-0\"  class=\"panel-grid panel-no-style\" ><div id=\"pgc-101-0-0\"  class=\"panel-grid-cell\" ><div id=\"panel-101-0-0-0\" class=\"so-panel widget widget_black-studio-tinymce widget_black_studio_tinymce panel-first-child panel-last-child\" data-index=\"0\" ><div class=\"textwidget\"><p><a href=\"https:\/\/www.facet.unt.edu.ar\/egi\/wp-content\/uploads\/sites\/86\/2023\/02\/flyer-especializacion-en-gestion-industrial-2023.png\"><img class=\"aligncenter size-full wp-image-159\" src=\"https:\/\/www.facet.unt.edu.ar\/egi\/wp-content\/uploads\/sites\/86\/2023\/02\/flyer-especializacion-en-gestion-industrial-2023.png\" alt=\"\" width=\"1080\" height=\"1350\" \/><\/a><\/p>\n<\/div><\/div><\/div><div id=\"pgc-101-0-1\"  class=\"panel-grid-cell\" ><div id=\"panel-101-0-1-0\" class=\"so-panel widget widget_sow-editor panel-first-child panel-last-child\" data-index=\"1\" ><div\n\t\t\t\n\t\t\tclass=\"so-widget-sow-editor so-widget-sow-editor-base\"\n\t\t\t\n\t\t>\n<div class=\"siteorigin-widget-tinymce textwidget\">\n\t<p style=\"text-align: justify;\">La carrera de Especializaci\u00f3n en Gesti\u00f3n industrial, es una carrera de posgrado, que se dicta en la FACET UNT y propone capacitar a los participantes en dos ejes transversales fundamentales para las necesidades de las empresas: Manejo de las TICs aplicadas a la gesti\u00f3n y Gesti\u00f3n de proyectos tecnol\u00f3gicos.<\/p>\n<p style=\"text-align: justify;\">En este marco, el egresado de esta carrera de posgrado podr\u00e1 insertarse laboralmente en posiciones de relevancia en el medio empresarial.<\/p>\n<p style=\"text-align: justify;\"><strong>Comienza en Abril 2023<\/strong><\/p>\n<p style=\"text-align: justify;\"><strong>Destinatarios<\/strong>: Ingenieros, Contadores y Licenciados en Ciencias de la Administraci\u00f3n<\/p>\n<div><b>Duraci\u00f3n de la carrera: <\/b>12 meses de cursado + 6 meses de trabajo en el proyecto integrador con un docente asignado.<\/div>\n<div><\/div>\n<div style=\"text-align: justify;\"><b>Modalidad h\u00edbrida: <\/b>con clases sincr\u00f3nicas los d\u00edas jueves y viernes en el horario de 17.30 hs a 21.30 hs y los d\u00edas s\u00e1bados en el horario de 8 a 15 hs, semana de por medio<\/div>\n<div style=\"text-align: justify;\"><\/div>\n<div style=\"text-align: justify;\"><b>Inscripci\u00f3n + 10 cuotas: <\/b>para Cohorte 2023, inscripci\u00f3n $15.000,00 + 5 cuotas mensuales de $20.000,00 + 5 cuotas a definir en el mes de junio.\u00a0 El pago se realiza mediante Mi Tienda Nube:\u00a0\u00a0<a href=\"https:\/\/acoopfacet.mitiendanube.com\/posgrado\/esp-gestion-industrial\/egi-cohorte-2023\/\" target=\"_blank\" rel=\"noopener\" data-saferedirecturl=\"https:\/\/www.google.com\/url?q=https:\/\/acoopfacet.mitiendanube.com\/posgrado\/esp-gestion-industrial\/egi-cohorte-2023\/&amp;source=gmail&amp;ust=1676486785954000&amp;usg=AOvVaw0kndQwAtjEjSlB_1Bp95tC\">https:\/\/acoopfacet.<wbr \/>mitiendanube.com\/posgrado\/esp-<wbr \/>gestion-industrial\/egi-<wbr \/>cohorte-2023\/<\/a><\/div>\n<div style=\"text-align: justify;\"><\/div>\n<div style=\"text-align: justify;\"><b>Carrera estructurada en 5 M\u00f3dulos con diversas asignaturas que tratan temas de Administraci\u00f3n, Contabilidad, Finanzas, Innovaci\u00f3n, RRHH, Liderazgo, Medio Ambiente, etc.<\/b> (ver <a href=\"https:\/\/www.facet.unt.edu.ar\/egi\/plan-de-estudio\/\" target=\"_blank\" rel=\"noopener\">Plan de Estudio<\/a>).<\/div>\n<div style=\"text-align: justify;\"><\/div>\n<div style=\"text-align: justify;\"><strong>Informes e inscripciones<\/strong>: <a href=\"mailto:jcsantanas@herrera.unt.edu.ar\" target=\"_blank\" rel=\"noopener\">jcsantanas@herrera.unt.edu.ar<\/a> - <strong>Tel. 3816319434<\/strong><\/div>\n<\/div>\n<\/div><\/div><\/div><\/div><\/div>\t\t\t\t\t\t\t\t\t\t\t\t\t\t\t<\/div><!-- .entry-content -->\n\t\t\n\t\t\n\t<\/div>\n\n<\/article><!-- #post-101 -->\n\n\t\n\t\n<\/div><\/div><\/div><\/div><\/div>","protected":false},"excerpt":{"rendered":"<p>La carrera de Especializaci\u00f3n en Gesti\u00f3n industrial, es una carrera de posgrado, que se dicta en la FACET UNT y propone capacitar a los participantes en dos ejes transversales fundamentales para las necesidades de las empresas: Manejo de las TICs aplicadas a la gesti\u00f3n y Gesti\u00f3n de proyectos tecnol\u00f3gicos. En este marco, el egresado de [&hellip;]<\/p>\n","protected":false},"author":1,"featured_media":0,"parent":0,"menu_order":0,"comment_status":"closed","ping_status":"open","template":"home-panels.php","meta":[],"_links":{"self":[{"href":"https:\/\/www.facet.unt.edu.ar\/egi\/wp-json\/wp\/v2\/pages\/65"}],"collection":[{"href":"https:\/\/www.facet.unt.edu.ar\/egi\/wp-json\/wp\/v2\/pages"}],"about":[{"href":"https:\/\/www.facet.unt.edu.ar\/egi\/wp-json\/wp\/v2\/types\/page"}],"author":[{"embeddable":true,"href":"https:\/\/www.facet.unt.edu.ar\/egi\/wp-json\/wp\/v2\/users\/1"}],"replies":[{"embeddable":true,"href":"https:\/\/www.facet.unt.edu.ar\/egi\/wp-json\/wp\/v2\/comments?post=65"}],"version-history":[{"count":1,"href":"https:\/\/www.facet.unt.edu.ar\/egi\/wp-json\/wp\/v2\/pages\/65\/revisions"}],"predecessor-version":[{"id":99,"href":"https:\/\/www.facet.unt.edu.ar\/egi\/wp-json\/wp\/v2\/pages\/65\/revisions\/99"}],"wp:attachment":[{"href":"https:\/\/www.facet.unt.edu.ar\/egi\/wp-json\/wp\/v2\/media?parent=65"}],"curies":[{"name":"wp","href":"https:\/\/api.w.org\/{rel}","templated":true}]}}