{"id":94,"date":"2023-02-10T10:59:41","date_gmt":"2023-02-10T13:59:41","guid":{"rendered":"https:\/\/www.facet.unt.edu.ar\/egi\/?page_id=94"},"modified":"2023-02-14T17:16:14","modified_gmt":"2023-02-14T20:16:14","slug":"docentes","status":"publish","type":"page","link":"https:\/\/www.facet.unt.edu.ar\/egi\/docentes\/","title":{"rendered":"Docentes"},"content":{"rendered":"<p style=\"text-align: justify;\"><strong>Santana S\u00e1nchez, Juan Carlos<\/strong>: Director Especializaci\u00f3n en Gesti\u00f3n Industrial. Ingeniero Mec\u00e1nico homologado en Espa\u00f1a bajo el Grado acad\u00e9mico espa\u00f1ol de Licenciado con credencial n\u00famero: 2013\/H01498 desde el 18 de Febrero de 2013. Perfeccionamiento Docente durante el mes de Octubre 2012 en la Universidad Carlos III de Madrid temas desarrollados \u201cMantenimiento Industrial y Proyecto Mec\u00e1nico\u201d. Ingeniero Mec\u00e1nico \u2013 UNT. T\u00e9cnico Electromec\u00e1nico \u2013 Instituto T\u00e9cnico &#8211; UNT. Profesor de grado y de posgrado, dictado de cursos, talleres, seminarios y mesas paneles en UNT, UTN y Universidad Cat\u00f3lica de Salta. Tutor y miembro del tribunal examinador de diversos proyectos de grado y posgrado. Publicaciones docentes. Cuenta con experiencia profesional en UNT \u2013 Unidad de Negocios. Trabaj\u00f3 como jefe de Mantenimiento, jefe de planta, Gerente Industrial y jefe de compras t\u00e9cnicas en diversas empresas: Viluco S.A., Benito Roggio S.A., Complejo Alimenticio San Salvador S.A., Papelera Tucum\u00e1n S.A., Pl\u00e1sticos La Rioja de Atiles S.A., CONMIX Argentina S.A., Santixta Textil Argentina. T\u00e9cnicas de mantenimiento actuales Six Sigma, TPM, RCM, 5 Eses, Lean Manufacturing y otras en aplicaciones en la industria.<\/p>\n<p style=\"text-align: justify;\"><strong>Rold\u00e1n, Marcos Aurelio<\/strong>: Grado: MBA \u2013 Torcuato di Tella; Ingeniero Mec\u00e1nico \u2013 UNT; Profesor de posgrado. Trabaj\u00f3 como docente de grado en FACET &#8211; UNT. Amplia Trayectoria en la industria, SCANIA Tucum\u00e1n: Analista de Administraci\u00f3n, Ingeniero de Procesos, Leader de Planeamiento (\u00c1rea programaci\u00f3n y movimientos de Materiales), Leader de Ingenier\u00eda de M\u00e9todos, Gerente de IS\/IT, Gerente de Administraci\u00f3n y Servicios de producci\u00f3n, Gerente de Producci\u00f3n, Gerente de Mantenimiento productivo, Gerente de Recursos Humanos.<\/p>\n<p style=\"text-align: justify;\"><strong>Martos, Mar\u00eda Enriqueta<\/strong>: Mag\u00edster en Administraci\u00f3n \u2013 UNT; Doctorado en Humanidades: Tesis en elaboraci\u00f3n. Licenciada en Administraci\u00f3n; Contadora P\u00fablica Nacional, FACE &#8211; UNT; Profesora de Ciencias Econ\u00f3micas. Cargos Universitarios, acad\u00e9micos de posgrado y de grado; Investigadora del CIUNT \u2013 Categor\u00eda III. Directora del Proyecto de Investigaci\u00f3n UNSTA convocatoria 2018-2020. Evaluadora de Informes Cient\u00edficos T\u00e9cnicos de la Universidad Nacional Austral. Es directora de tesis de posgrado, Jurado en Tribunal de evaluaci\u00f3n, Comisi\u00f3n de supervisi\u00f3n de tesis. Tiene Publicaciones en cap\u00edtulos de libros diversos, en p\u00e1ginas web, publicaciones en revistas institucionales, coautora del libro \u201cDise\u00f1o de Productos. Un enfoque Operacional.\u201d<\/p>\n<p style=\"text-align: justify;\"><strong>Viera, H\u00e9ctor Ariel<\/strong>: Mag\u00edster en Ingenier\u00eda Ambiental &#8211; UTN. Especialista en Higiene y Seguridad en el trabajo &#8211; UTN. Especialista en Ingenier\u00eda Ambiental \u2013 UTN. Ingeniero Qu\u00edmico FACET &#8211; UNT. T\u00e9cnico Mec\u00e1nico Electricista (Instituto T\u00e9cnico \u2013 UNT). Profesor en carrera de grado de Ing. Qu\u00edmica, Responsable de Planta Piloto FACET. Profesor en carrera de posgrado UNT y UTN \u2013 FRT. Docente tutor de trabajos finales en Especializaci\u00f3n, grado y tecnicaturas. Cuenta con experiencia en gesti\u00f3n acad\u00e9mica e investigaci\u00f3n cient\u00edfica. Participaci\u00f3n en reuniones cient\u00edficas y publicaciones. En el \u00e1mbito industrial se desempe\u00f1\u00f3 como Director T\u00e9cnico en RIMAR Alcoholes SRL, ingeniero de desarrollo y servicios industriales, Responsable de Higiene, seguridad y planta de CIBERPLAS SA.<\/p>\n<p style=\"text-align: justify;\"><strong>Denett, Hugo Mart\u00edn<\/strong>: MBA \u2013 Universidad del CEMA; Contador P\u00fablico Nacional, FACE \u2013 UNT; Docente de grado en UNSTA y docente de posgrado en UNT, UTN, UNSTA y Fundaci\u00f3n del Tucum\u00e1n. Experiencia laboral: Socio abocado al \u00e1rea comercial en DILOG, empresa dedicada a los negocios en internet, comunicaci\u00f3n empresaria, marketing y ventas. Fue gerente general del diario: El Liberal de la provincia de Santiago del Estero, Gerente General de canal 10, Tucum\u00e1n, Director de R\u00edo Grande S.A., Ingenio Azucarero en la provincia de Jujuy. Analista de sistema en empresa de desarrollos de sistemas de primer nivel. Analista de riesgo y auditor interno en entidad financiera nacional.<\/p>\n<p style=\"text-align: justify;\"><strong>Medina Galv\u00e1n, Marcelo Enrique<\/strong>: Doctorando en Humanidades \u2013 UNT \u2013 Facultad de Filosof\u00eda y Letras. Especialista en M\u00e9todos y T\u00e9cnicas de Investigaci\u00f3n Social FLACSO Brasil y CLACSO. Especialista en Epistemolog\u00edas del Sur \u2013 FALCSO Brasil y CLACSO. Profesor en Ciencias Econ\u00f3micas, promedio 10 (diez) \u2013 UNT &#8211; Facultad de Filosof\u00eda y Letras. Licenciado en Administraci\u00f3n de Empresas, FACE \u2013 UNT. Contador P\u00fablico Nacional, FACE \u2013 UNT. Docente de grado en FACE \u2013 UNT. Docente de posgrado en diversas especializaciones y maestr\u00edas. Director de diversas tesis en carreras de grado y posgrado. Particip\u00f3 en diversas actividades cient\u00edficas y t\u00e9cnicas. Presentaciones en Congresos y Jornadas.<\/p>\n<p style=\"text-align: justify;\"><strong>Parr\u00f3n, Marcelo Javier<\/strong>: Contador P\u00fablico Nacional (UNT), M\u00e1ster Ejecutivo en direcci\u00f3n de Empresas (Fundaci\u00f3n del Tucum\u00e1n). Docente universitario desde 1.990. Tutor de trabajos de Seminarios. Docente de posgrado dictado por la FACE \u2013 UNT. Integr\u00f3 tribunales de evaluaci\u00f3n para concursos de docentes universitarios Ejerce la profesi\u00f3n como consultor de empresas. En el \u00e1mbito privado, ejerce como socio gerente desde hace 21 a\u00f1os en una sociedad comercializadora de productos del rubro automotriz. Anteriormente desarroll\u00f3 tareas profesionales en diversas empresas \u2013 estudio contable, concesionaria automotriz, acopio de cereales, citr\u00edcola, multimedios. \u2013<\/p>\n<p style=\"text-align: justify;\"><strong>Viel, Jorge Eduardo<\/strong>: Diplomado en Business Administration (Administraci\u00f3n de Negocios) Universidad de Belgrano &#8211; Ciudad de Buenos Aires, Argentina. A\u00f1o 2006. Doctor Ingeniero Industrial. Tesis Doctoral: \u201cLineamientos para la Eficiencia y la Planificaci\u00f3n Energ\u00e9tica de la Provincia de La Rioja, Rep\u00fablica Argentina\u201d. Calificaci\u00f3n: Sobresaliente Cum Laude &#8211; Universidad de La Rioja, Logro\u00f1o, Espa\u00f1a. A\u00f1o 2016. Ingeniero Industrial, UNSTA \u2013 Tucum\u00e1n. M\u00e1s de 100 participaciones en cursos, cursos de posgrado, congresos, seminarios y jornadas. Docente-Investigador Categor\u00eda IV (cuatro) &#8211; Presentaci\u00f3n en Convocatoria 2009 del Programa de Incentivos. Convocatoria 2014, Categor\u00eda solicitada II (dos). Docente de grado y posgrado. Integrante de proyectos de investigaci\u00f3n Internacionales. Autor del libro: Lineamientos para la eficiencia y Planificaci\u00f3n Energ\u00e9tica Provincia de la Rioja Rep\u00fablica Argentina \u2013 Editorial Acad\u00e9mica Espa\u00f1ola (Alemania). ISBN 978-3-659-60529-1. Publicaciones y presentaci\u00f3n en Reuniones Cient\u00edficas.<\/p>\n<p style=\"text-align: justify;\"><strong>Ferrari, Ricardo<\/strong>: Doctor en Ingenier\u00eda Qu\u00edmica \u2013 Ingeniero laboral \u2013 Ingeniero Qu\u00edmico \u2013 Consultor en temas de impacto ambiental e Higiene y Seguridad laboral \u2013 Director de la Especializaci\u00f3n en Gesti\u00f3n ambiental. Docente de grado y posgrado \u2013 Investigador.<\/p>\n<p style=\"text-align: justify;\"><strong>Unzaga, Teresa del Valle<\/strong>: Ingeniera qu\u00edmica: Universidad Nacional de Tucum\u00e1n &#8211; Facultad de Ciencias Exactas y Tecnolog\u00eda. 10 de Septiembre de 1993. Inscripta en estudios de posgrado conducente a la obtenci\u00f3n del grado acad\u00e9mico superior de Mag\u00edster en Ingenier\u00eda qu\u00edmica, FACET \u2013 UNT. Obtuvo beca de iniciaci\u00f3n a la investigaci\u00f3n y beca rentada otorgada por DUPONT S.A. (Bs As). Docente de grado y de posgrado. Publicaciones cient\u00edficas con referato. Presentaciones en reuniones cient\u00edficas. Tutor de trabajos finales y jurado de tesis y de concursos docentes.<\/p>\n<p style=\"text-align: justify;\"><strong>Pastorino, Luis Esteban<\/strong>: Maestrando \u2013 Tesis de MBA en etapa de evaluaci\u00f3n por Comisi\u00f3n de Supervisi\u00f3n, FACE \u2013 UNT. Ingeniero mec\u00e1nico FACET \u2013 UNT (2014). T\u00e9cnico Mec\u00e1nico Electricista (Instituto T\u00e9cnico &#8211; UNT). Docente de las \u00e1reas: Energ\u00e9tica I y II \u2013 Departamento de Mec\u00e1nica \u2013 FACET &#8211; UNT. Administraci\u00f3n en posgrado: Especializaci\u00f3n en Gesti\u00f3n Industrial desde 2022. En el \u00e1mbito privado se desarroll\u00f3 como Ingeniero Analista de diferenciales (m\u00e9todos y procesos) en SCANIA \u2013 Tucum\u00e1n. Ingeniero de mantenimiento y de campo, Schlumberger (servicios petroleros), en Argentina (Neuqu\u00e9n, R\u00edo Negro, Santa Cruz) y Bolivia.<\/p>\n","protected":false},"excerpt":{"rendered":"<p>Santana S\u00e1nchez, Juan Carlos: Director Especializaci\u00f3n en Gesti\u00f3n Industrial. Ingeniero Mec\u00e1nico homologado en Espa\u00f1a bajo el Grado acad\u00e9mico espa\u00f1ol de Licenciado con credencial n\u00famero: 2013\/H01498 desde el 18 de Febrero de 2013. Perfeccionamiento Docente durante el mes de Octubre 2012 en la Universidad Carlos III de Madrid temas desarrollados \u201cMantenimiento Industrial y Proyecto Mec\u00e1nico\u201d. Ingeniero [&hellip;]<\/p>\n","protected":false},"author":6,"featured_media":0,"parent":0,"menu_order":0,"comment_status":"closed","ping_status":"closed","template":"","meta":[],"_links":{"self":[{"href":"https:\/\/www.facet.unt.edu.ar\/egi\/wp-json\/wp\/v2\/pages\/94"}],"collection":[{"href":"https:\/\/www.facet.unt.edu.ar\/egi\/wp-json\/wp\/v2\/pages"}],"about":[{"href":"https:\/\/www.facet.unt.edu.ar\/egi\/wp-json\/wp\/v2\/types\/page"}],"author":[{"embeddable":true,"href":"https:\/\/www.facet.unt.edu.ar\/egi\/wp-json\/wp\/v2\/users\/6"}],"replies":[{"embeddable":true,"href":"https:\/\/www.facet.unt.edu.ar\/egi\/wp-json\/wp\/v2\/comments?post=94"}],"version-history":[{"count":6,"href":"https:\/\/www.facet.unt.edu.ar\/egi\/wp-json\/wp\/v2\/pages\/94\/revisions"}],"predecessor-version":[{"id":157,"href":"https:\/\/www.facet.unt.edu.ar\/egi\/wp-json\/wp\/v2\/pages\/94\/revisions\/157"}],"wp:attachment":[{"href":"https:\/\/www.facet.unt.edu.ar\/egi\/wp-json\/wp\/v2\/media?parent=94"}],"curies":[{"name":"wp","href":"https:\/\/api.w.org\/{rel}","templated":true}]}}