{"id":112,"date":"2015-12-15T09:40:25","date_gmt":"2015-12-15T12:40:25","guid":{"rendered":"https:\/\/www.facet.unt.edu.ar\/eiti\/?page_id=112"},"modified":"2023-02-06T10:23:49","modified_gmt":"2023-02-06T13:23:49","slug":"plandeestudios","status":"publish","type":"page","link":"https:\/\/www.facet.unt.edu.ar\/eiti\/plandeestudios\/","title":{"rendered":"Plan de Estudios"},"content":{"rendered":"<table border=\"1\">\n<tbody>\n<tr bgcolor=\"#23282d\">\n<td style=\"text-align: center;\"><span style=\"color: #ffffff;\"><strong>Asignatura<\/strong><\/span><\/td>\n<td style=\"text-align: center;\"><span style=\"color: #ffffff;\"><strong>Horas semanales<\/strong><\/span><\/td>\n<td style=\"text-align: center;\"><span style=\"color: #ffffff;\"><strong>Total<\/strong><\/span><\/td>\n<\/tr>\n<tr>\n<td><a href=\"https:\/\/www.facet.unt.edu.ar\/eiti\/desarrollo-de-sistemas-embebidos\/\" target=\"_blank\" rel=\"noopener noreferrer\">DESARROLLO DE SISTEMAS EMBEBIDOS<\/a><\/td>\n<td style=\"text-align: center;\">5<\/td>\n<td style=\"text-align: center;\">40<\/td>\n<\/tr>\n<tr>\n<td><a href=\"https:\/\/www.facet.unt.edu.ar\/eiti\/sistemas-embebidos-en-tiempo-real\/\" target=\"_blank\" rel=\"noopener noreferrer\">SISTEMAS EMBEBIDOS DE TIEMPO REAL<\/a><\/td>\n<td style=\"text-align: center;\">5<\/td>\n<td style=\"text-align: center;\">40<\/td>\n<\/tr>\n<tr>\n<td><a href=\"https:\/\/www.facet.unt.edu.ar\/eiti\/redes-de-computadoras-avanzadas-i\/\" target=\"_blank\" rel=\"noopener noreferrer\">REDES DE COMPUTADORAS AVANZADAS I<\/a><\/td>\n<td style=\"text-align: center;\">5<\/td>\n<td style=\"text-align: center;\">40<\/td>\n<\/tr>\n<tr>\n<td><a href=\"https:\/\/www.facet.unt.edu.ar\/eiti\/redes-de-computadoras-avanzadas-ii\/\" target=\"_blank\" rel=\"noopener noreferrer\">REDES DE COMPUTADORAS AVANZADAS II<\/a><\/td>\n<td style=\"text-align: center;\">5<\/td>\n<td style=\"text-align: center;\">40<\/td>\n<\/tr>\n<tr>\n<td><a href=\"https:\/\/www.facet.unt.edu.ar\/eiti\/bases-de-datos-avanzadas-i\/\" target=\"_blank\" rel=\"noopener noreferrer\">BASES DE DATOS AVANZADAS I<\/a><\/td>\n<td style=\"text-align: center;\">5<\/td>\n<td style=\"text-align: center;\">40<\/td>\n<\/tr>\n<tr>\n<td><a href=\"https:\/\/www.facet.unt.edu.ar\/eiti\/bases-de-datos-avanzadas-ii\/\" target=\"_blank\" rel=\"noopener noreferrer\">BASES DE DATOS AVANZADAS II<\/a><\/td>\n<td style=\"text-align: center;\">5<\/td>\n<td style=\"text-align: center;\">40<\/td>\n<\/tr>\n<tr>\n<td><a href=\"https:\/\/www.facet.unt.edu.ar\/eiti\/topicos-avanzados-de-ingenieria-de-software\/\" target=\"_blank\" rel=\"noopener noreferrer\">T\u00d3PICOS AVANZADOS DE INGENIER\u00cdA DE SOFTWARE<\/a><\/td>\n<td style=\"text-align: center;\">5<\/td>\n<td style=\"text-align: center;\">40<\/td>\n<\/tr>\n<tr>\n<td><a href=\"https:\/\/www.facet.unt.edu.ar\/eiti\/gestion-de-empresas-de-emprendimientos-de-base-tecnologica\/\" target=\"_blank\" rel=\"noopener noreferrer\">GESTI\u00d3N DE EMPRESAS DE EMPRENDIMIENTOS DE BASE TECNOL\u00d3GICA<\/a><\/td>\n<td style=\"text-align: center;\">5<\/td>\n<td style=\"text-align: center;\">40<\/td>\n<\/tr>\n<tr>\n<td><a href=\"https:\/\/www.facet.unt.edu.ar\/eiti\/seminarios-de-integracion-de-tecnologias-informaticas\/\" target=\"_blank\" rel=\"noopener noreferrer\">SEMINARIOS DE INTEGRACI\u00d3N DE TECNOLOG\u00cdAS INFORM\u00c1TICAS<\/a><\/td>\n<td style=\"text-align: center;\">5<\/td>\n<td style=\"text-align: center;\">40<\/td>\n<\/tr>\n<\/tbody>\n<\/table>\n<p><strong><a href=\"https:\/\/www.facet.unt.edu.ar\/eiti\/trabajo-integrador-final\/\" target=\"_blank\" rel=\"noopener noreferrer\">TRABAJO FINAL INTEGRADOR<\/a><\/strong><br \/>\n<strong> Carga Horaria Total: 360 hs.<\/strong><\/p>\n","protected":false},"excerpt":{"rendered":"<p>Asignatura Horas semanales Total DESARROLLO DE SISTEMAS EMBEBIDOS 5 40 SISTEMAS EMBEBIDOS DE TIEMPO REAL 5 40 REDES DE COMPUTADORAS AVANZADAS I 5 40 REDES DE COMPUTADORAS AVANZADAS II 5 40 BASES DE DATOS AVANZADAS I 5 40 BASES DE DATOS AVANZADAS II 5 40 T\u00d3PICOS AVANZADOS DE INGENIER\u00cdA DE SOFTWARE 5 40 GESTI\u00d3N DE [&hellip;]<\/p>\n","protected":false},"author":101015,"featured_media":0,"parent":0,"menu_order":0,"comment_status":"closed","ping_status":"closed","template":"templates\/template-full.php","meta":[],"_links":{"self":[{"href":"https:\/\/www.facet.unt.edu.ar\/eiti\/wp-json\/wp\/v2\/pages\/112"}],"collection":[{"href":"https:\/\/www.facet.unt.edu.ar\/eiti\/wp-json\/wp\/v2\/pages"}],"about":[{"href":"https:\/\/www.facet.unt.edu.ar\/eiti\/wp-json\/wp\/v2\/types\/page"}],"author":[{"embeddable":true,"href":"https:\/\/www.facet.unt.edu.ar\/eiti\/wp-json\/wp\/v2\/users\/101015"}],"replies":[{"embeddable":true,"href":"https:\/\/www.facet.unt.edu.ar\/eiti\/wp-json\/wp\/v2\/comments?post=112"}],"version-history":[{"count":30,"href":"https:\/\/www.facet.unt.edu.ar\/eiti\/wp-json\/wp\/v2\/pages\/112\/revisions"}],"predecessor-version":[{"id":1759,"href":"https:\/\/www.facet.unt.edu.ar\/eiti\/wp-json\/wp\/v2\/pages\/112\/revisions\/1759"}],"wp:attachment":[{"href":"https:\/\/www.facet.unt.edu.ar\/eiti\/wp-json\/wp\/v2\/media?parent=112"}],"curies":[{"name":"wp","href":"https:\/\/api.w.org\/{rel}","templated":true}]}}