{"id":124,"date":"2015-12-15T10:04:38","date_gmt":"2015-12-15T13:04:38","guid":{"rendered":"https:\/\/www.facet.unt.edu.ar\/eiti\/?page_id=124"},"modified":"2015-12-15T10:33:58","modified_gmt":"2015-12-15T13:33:58","slug":"eduardo-daniel-cohen","status":"publish","type":"page","link":"https:\/\/www.facet.unt.edu.ar\/eiti\/eduardo-daniel-cohen\/","title":{"rendered":"Eduardo Daniel Cohen"},"content":{"rendered":"<ul>\n<li><strong>Apellido y Nombres:<\/strong> Cohen Eduardo Daniel.<\/li>\n<li><strong>Titulaci\u00f3n<\/strong> (grado\/posgrado, indicar Universidad otorgante):\n<ul>\n<li>Ingeniero Electricista (Orientaci\u00f3n Electr\u00f3nica), Universidad Nacional de Tucum\u00e1n.<\/li>\n<li>Master of Sciences in Electrical Engineering (M.Sc.E.E.), orientaci\u00f3n Computaci\u00f3n \u2013 Technion, Israel Institute of Technology.<\/li>\n<li>Certificado Programa Intensivo de Direcci\u00f3n de Empresas, PIDE, del IAE &#8211; Instituto de Altos Estudios Empresariales, Universidad Austral, Buenos.<\/li>\n<\/ul>\n<\/li>\n<li><strong>Temas de Investigaci\u00f3n y\/o Transferencia Tecnol\u00f3gica:<\/strong>\n<ul>\n<li>Integrante del Grupo de Investigaci\u00f3n en el Proyecto 26 E442, de la Secretar\u00eda de Ciencia y T\u00e9cnica de la U.N.T. (CIUNT) en el tema \u201cFactores que afectan el desempe\u00f1o de los estudiantes en los primeros cursos de Fi\u0301sica\u201d. Acreditado por CIUNT desde el 1\/7\/2008, prorrogado hasta julio de 2013.<\/li>\n<li>Director, por el Laboratorio de Microprocesadores, de las actividades del Acuerdo de Cooperaci\u00f3n entre la Facultad de Ciencias Naturales y la FACET, UNT, desde el 7 de julio de 2010. Objeto: actividades conjuntas vinculadas con la ecolog\u00eda y el medio ambiente, entre otras alternativas, una actividad prioritaria es cooperar con la Prof. Patricia Black de D\u00e9cima en el Proyecto CIUNT G26\/408 \u201cEstudios Radiotelem\u00e9tricos en Vicu\u00f1as, comunicaci\u00f3n ac\u00fastica en Vicu\u00f1as y Felinos Silvestres\u201d, en particular para el desarrollo de tecnolog\u00edas que permitan la identificaci\u00f3n de trayectorias de las vicu\u00f1as durante un lapso prolongado de tiempo. Desde 2010.<\/li>\n<li>Co-Director del Proyecto de Cooperaci\u00f3n con Universidad Tecnol\u00f3gica de Belfort (UTBM). M\u00e9todos Formales en Sistemas Embebidos. Propuesta de trabajo conjunto entre el Laboratorio de Microprocesadores de la Carrera con el Laboratorio de Sistemas y Transportes de la Universidad de Belfort. En desarrollo desde octubre de 2008.<\/li>\n<li>Principales resultados en los tres \u00faltimos a\u00f1os:\n<ul>\n<li>10 art\u00edculos publicados con referato.<\/li>\n<li>1 Ponencia de Difusi\u00f3n.<\/li>\n<li>2 Prototipos tecnol\u00f3gicos basados en Microprocesadores funcionando y que deben entrar en fase de dise\u00f1o para su fabricaci\u00f3n.<\/li>\n<li>Sistema de Software transferido.<\/li>\n<\/ul>\n<\/li>\n<li>Director del Programa de Investigaci\u00f3n acreditado por el Consejo de Investigaci\u00f3n de la Universidad Nacional de Tucum\u00e1n (CIUNT) compuesto por dos Proyectos de Investigaci\u00f3n. T\u00edtulo del Programa: M\u00e9todos de Dise\u00f1o en Tecnolog\u00eda de la Informaci\u00f3n.<\/li>\n<li>Categor\u00eda de Investigador: II (CIUNT).<\/li>\n<\/ul>\n<\/li>\n<li><strong>Cargo Docente Actual<\/strong> (categor\u00eda\/dedicaci\u00f3n):\n<ul>\n<li>Profesor Titular con dedicaci\u00f3n exclusiva.<\/li>\n<\/ul>\n<\/li>\n<li><strong>Departamento\/Facultad\/Universidad:<\/strong>\n<ul>\n<li>Departamento de Electricidad, Electr\u00f3nica y Computaci\u00f3n, Facultad de Ciencias Exactas y Tecnolog\u00eda, Universidad Nacional de Tucum\u00e1n.<\/li>\n<\/ul>\n<\/li>\n<li><strong>Asignaturas<\/strong> (grado\/posgrado):\n<ul>\n<li>Sistemas con Microprocesadores y Microcontroladores (grado)<\/li>\n<li>Arquitectura de Computadoras (grado).<\/li>\n<li>Laboratorio de Microprocesadores (grado).<\/li>\n<\/ul>\n<\/li>\n<li><strong>Publicaciones<\/strong> (5 m\u00e1s relevantes en los \u00faltimos 5 a\u00f1os):\n<ul>\n<li>Cohen, Eduardo Daniel, \u201cParadigmas para ense\u00f1ar a aprender en el ciclo superior de Ingenier\u00eda en Computaci\u00f3n\u201d. Anales del Congreso Mundial \u201cINGENIERIA 2010 \u2013 ARGENTINA\u201d. Buenos Aires, octubre de 2010.<\/li>\n<li>Graciano, Marco, O\u00f1ativia, Ger\u00f3nimo, Rosemberg, Guillermo, Cohen, Eduardo Daniel, Volentini, Esteban, \u201cEstaci\u00f3n de Medici\u00f3n Distribuida METRIX\u201d, publica-do en PRUNIC 2011 (Publicaci\u00f3n de la Red Universitaria Nacional de Ingenier\u00eda en Computaci\u00f3n), C\u00f3rdoba, Octubre 2011. ISBN 978-950-33-0940-7.<\/li>\n<li>Cohen, Eduardo Daniel, \u201cProblemas de Lectoescritura en Estudiantes de Ingenier\u00eda\u201d, publicado en PRUNIC 2011 (Publicaci\u00f3n de la Red Universitaria Nacional de Ingenier\u00eda en Computaci\u00f3n), C\u00f3rdoba, Octubre 2011. ISBN 978-950-33-0940-7.<\/li>\n<li>Cohen, Eduardo Daniel, Volentini Esteban, Arias Sebasti\u00e1n, Berarducci Gabriel, Francisco, H\u00e9ctor, Black de D\u00e9cima, Patricia, \u201cSistemas Embebidos: Trayectoria de Vicu\u00f1as\u201d, 1er Encuentro Cient\u00edfico de Investigadores de la Facultad de Ciencias Exactas y Tecnolog\u00eda, ECIFACET 12. Universidad Nacional de Tucum\u00e1n, S. M. de Tucum\u00e1n, 3 y 4 de mayo de 2012.<\/li>\n<li>Cohen Eduardo Daniel, Volentini Esteban, Giori Mat\u00edas, \u201cM\u00faltiples Entradas y Salidas en Salidas en Sistemas Embebidos\u201d, Memoria Investigaciones en Ingenier\u00eda N\u00fam. 13, ISSN 2301-1092, pp. 49-62. Universidad de Montevideo, Uruguay, Julio 2015.<\/li>\n<\/ul>\n<\/li>\n<li><strong>Contacto<\/strong> (e-mail): <a href=\"mailto:dcohen@herrera.unt.edu.ar\" target=\"_blank\">dcohen@herrera.unt.edu.ar<\/a><br \/>\n<strong>Otros antecedentes:<\/strong><br \/>\nHa sido miembro fundador y primer coordinador de la RUNIC \u2013 Red Universitaria Nacional de Ingenier\u00eda en Computaci\u00f3n.<br \/>\nHa sido miembro del Comit\u00e9 Acad\u00e9mico de la Maestr\u00eda de Sistemas de Informaci\u00f3n de la Universidad Tecnol\u00f3gica Nacional \u2013 Regional Tucum\u00e1n. Habiendo participado en la primera versi\u00f3n del dictado de dicha maestr\u00eda.<br \/>\nFue Director de la Carrera de Ingenier\u00eda en Computaci\u00f3n durante tres per\u00edodos, miembro fundador de la misma y miembro de su Comisi\u00f3n Acad\u00e9mica de manera ininterrumpida desde su fundaci\u00f3n.<br \/>\nEn su trayectoria profesional, se destaca haber ejercido como Gerente de Sistemas y Tecnolog\u00eda de la Informaci\u00f3n en Banco Noar Coop Ltdo durante 12 a\u00f1os.<br \/>\nCon su equipo de trabajo ha obtenido tres premios nacionales en concursos de dise\u00f1o con Microprocesadores, organizados por Electrocomponentes SA y Freescale.<\/li>\n<\/ul>\n","protected":false},"excerpt":{"rendered":"<p>Apellido y Nombres: Cohen Eduardo Daniel. Titulaci\u00f3n (grado\/posgrado, indicar Universidad otorgante): Ingeniero Electricista (Orientaci\u00f3n Electr\u00f3nica), Universidad Nacional de Tucum\u00e1n. Master of Sciences in Electrical Engineering (M.Sc.E.E.), orientaci\u00f3n Computaci\u00f3n \u2013 Technion, Israel Institute of Technology. Certificado Programa Intensivo de Direcci\u00f3n de Empresas, PIDE, del IAE &#8211; Instituto de Altos Estudios Empresariales, Universidad Austral, Buenos. Temas de [&hellip;]<\/p>\n","protected":false},"author":101015,"featured_media":0,"parent":0,"menu_order":0,"comment_status":"closed","ping_status":"closed","template":"templates\/template-full.php","meta":[],"_links":{"self":[{"href":"https:\/\/www.facet.unt.edu.ar\/eiti\/wp-json\/wp\/v2\/pages\/124"}],"collection":[{"href":"https:\/\/www.facet.unt.edu.ar\/eiti\/wp-json\/wp\/v2\/pages"}],"about":[{"href":"https:\/\/www.facet.unt.edu.ar\/eiti\/wp-json\/wp\/v2\/types\/page"}],"author":[{"embeddable":true,"href":"https:\/\/www.facet.unt.edu.ar\/eiti\/wp-json\/wp\/v2\/users\/101015"}],"replies":[{"embeddable":true,"href":"https:\/\/www.facet.unt.edu.ar\/eiti\/wp-json\/wp\/v2\/comments?post=124"}],"version-history":[{"count":2,"href":"https:\/\/www.facet.unt.edu.ar\/eiti\/wp-json\/wp\/v2\/pages\/124\/revisions"}],"predecessor-version":[{"id":150,"href":"https:\/\/www.facet.unt.edu.ar\/eiti\/wp-json\/wp\/v2\/pages\/124\/revisions\/150"}],"wp:attachment":[{"href":"https:\/\/www.facet.unt.edu.ar\/eiti\/wp-json\/wp\/v2\/media?parent=124"}],"curies":[{"name":"wp","href":"https:\/\/api.w.org\/{rel}","templated":true}]}}