{"id":144,"date":"2015-12-15T10:27:40","date_gmt":"2015-12-15T13:27:40","guid":{"rendered":"https:\/\/www.facet.unt.edu.ar\/eiti\/?page_id=144"},"modified":"2023-02-06T10:27:46","modified_gmt":"2023-02-06T13:27:46","slug":"redes-de-computadoras-avanzadas-i","status":"publish","type":"page","link":"https:\/\/www.facet.unt.edu.ar\/eiti\/redes-de-computadoras-avanzadas-i\/","title":{"rendered":"Redes de Computadoras Avanzadas I"},"content":{"rendered":"<p><strong>Docente a Cargo:<\/strong> M.Sc. Ing. <a href=\"https:\/\/www.facet.unt.edu.ar\/eiti\/sergio-daniel-saade\/\" target=\"_blank\" rel=\"noopener\">Sergio D. Saade<\/a>.<\/p>\n<p><strong>Asignaci\u00f3n Horaria Semanal:<\/strong> 5 Hs.<\/p>\n<p><strong>Duraci\u00f3n Total:<\/strong> 40 Hs.<\/p>\n<p><strong>Evaluaci\u00f3n:<\/strong> proyecto final de dise\u00f1o.<\/p>\n<p><strong>Formaci\u00f3n Pr\u00e1ctica:<\/strong> la formaci\u00f3n pr\u00e1ctica se impartir\u00e1 en el <a href=\"https:\/\/www.facet.unt.edu.ar\/eiti\/laboratorio-de-redes-de-computadoras\/\" target=\"_blank\" rel=\"noopener\">Laboratorio de Redes de Computadoras<\/a> del Departamento de Ingenier\u00eda El\u00e9ctrica, Electr\u00f3nica y Computaci\u00f3n.<\/p>\n<p><strong>Contenido M\u00ednimo:<\/strong><\/p>\n<ul>\n<li>Especificaciones de Centros de Procesamientos de Datos modernos.<\/li>\n<li>Servidores y almacenamiento secundario. Redes de Almacenamiento.<\/li>\n<li>Virtualizaci\u00f3n.<\/li>\n<li>Esquemas de tolerancia a fallas en servidores y almacenamiento.<\/li>\n<li>Cloud computing.<\/li>\n<li>Redes de \u00e1rea local de alta velocidad.<\/li>\n<\/ul>\n","protected":false},"excerpt":{"rendered":"<p>Docente a Cargo: M.Sc. Ing. Sergio D. Saade. Asignaci\u00f3n Horaria Semanal: 5 Hs. Duraci\u00f3n Total: 40 Hs. Evaluaci\u00f3n: proyecto final de dise\u00f1o. Formaci\u00f3n Pr\u00e1ctica: la formaci\u00f3n pr\u00e1ctica se impartir\u00e1 en el Laboratorio de Redes de Computadoras del Departamento de Ingenier\u00eda El\u00e9ctrica, Electr\u00f3nica y Computaci\u00f3n. Contenido M\u00ednimo: Especificaciones de Centros de Procesamientos de Datos modernos. Servidores [&hellip;]<\/p>\n","protected":false},"author":101015,"featured_media":0,"parent":0,"menu_order":0,"comment_status":"closed","ping_status":"closed","template":"templates\/template-full.php","meta":[],"_links":{"self":[{"href":"https:\/\/www.facet.unt.edu.ar\/eiti\/wp-json\/wp\/v2\/pages\/144"}],"collection":[{"href":"https:\/\/www.facet.unt.edu.ar\/eiti\/wp-json\/wp\/v2\/pages"}],"about":[{"href":"https:\/\/www.facet.unt.edu.ar\/eiti\/wp-json\/wp\/v2\/types\/page"}],"author":[{"embeddable":true,"href":"https:\/\/www.facet.unt.edu.ar\/eiti\/wp-json\/wp\/v2\/users\/101015"}],"replies":[{"embeddable":true,"href":"https:\/\/www.facet.unt.edu.ar\/eiti\/wp-json\/wp\/v2\/comments?post=144"}],"version-history":[{"count":5,"href":"https:\/\/www.facet.unt.edu.ar\/eiti\/wp-json\/wp\/v2\/pages\/144\/revisions"}],"predecessor-version":[{"id":1764,"href":"https:\/\/www.facet.unt.edu.ar\/eiti\/wp-json\/wp\/v2\/pages\/144\/revisions\/1764"}],"wp:attachment":[{"href":"https:\/\/www.facet.unt.edu.ar\/eiti\/wp-json\/wp\/v2\/media?parent=144"}],"curies":[{"name":"wp","href":"https:\/\/api.w.org\/{rel}","templated":true}]}}