{"id":146,"date":"2015-12-15T10:32:25","date_gmt":"2015-12-15T13:32:25","guid":{"rendered":"https:\/\/www.facet.unt.edu.ar\/eiti\/?page_id=146"},"modified":"2015-12-15T10:33:41","modified_gmt":"2015-12-15T13:33:41","slug":"sergio-daniel-saade","status":"publish","type":"page","link":"https:\/\/www.facet.unt.edu.ar\/eiti\/sergio-daniel-saade\/","title":{"rendered":"Sergio Daniel Saade"},"content":{"rendered":"<ul>\n<li><strong>Apellido y Nombres:<\/strong> Saade, Sergio Daniel.<\/li>\n<li><strong>Titulaci\u00f3n<\/strong> (grado\/posgrado, indicar Universidad otorgante):\n<ul>\n<li>Ingeniero Electricista (Orientaci\u00f3n Electr\u00f3nica), Universidad Nacional de Tucum\u00e1n.<\/li>\n<li>Master of Sciences in Electrical and Computer Engineering (M.Sc.ECE), University of California, Santa Barbara.<\/li>\n<\/ul>\n<\/li>\n<li><strong>Temas de Investigaci\u00f3n y\/o Transferencia Tecnol\u00f3gica:<\/strong>\n<ul>\n<li>Integrante del Grupo de Investigaci\u00f3n en el Proyecto 26\/B402-3 de la Secretar\u00eda de Ciencia y T\u00e9cnica de la U.N.T. (CIUNT) en el tema \u201cArquitectura para la Comunicaci\u00f3n: Informaci\u00f3n y Tecnolog\u00eda\u201d. Acreditado por CIUNT desde el 1\/7\/2008, prorrogado hasta julio de 2013.<\/li>\n<li>Por el Laboratorio de Redes de Computadoras, Transferencia Tecnol\u00f3gica hacia Facultad de Ciencias Econ\u00f3micas del dise\u00f1o de la Red LAN y WI-FI de dicha facultad (a\u00f1o 2008).<\/li>\n<li>Principales resultados en los tres \u00faltimos a\u00f1os:\n<ul>\n<li>6 art\u00edculos publicados con referato.<\/li>\n<li>1 Ponencia en Congreso Internacional.<\/li>\n<\/ul>\n<\/li>\n<li>Presentaci\u00f3n de Proyecto de Investigaci\u00f3n junto con un Programa de Investigaci\u00f3n a Consejo de Investigaci\u00f3n de la Universidad Nacional de Tucum\u00e1n (CIUNT). T\u00edtulo del Programa: M\u00e9todos de Dise\u00f1o en Tecnolog\u00eda de la Informaci\u00f3n. T\u00edtulo del Proyecto: Protocolos de Comunicaci\u00f3n: de los sistemas embebidos a Internet. En evaluaci\u00f3n.<\/li>\n<li>Categor\u00eda de Investigador: IV (CIUNT).<\/li>\n<\/ul>\n<\/li>\n<li><strong>Cargo Docente Actual<\/strong> (categor\u00eda\/dedicaci\u00f3n): Profesor Titular con dedicaci\u00f3n exclusiva.<\/li>\n<li><strong>Departamento\/Facultad\/Universidad:<\/strong>\n<ul>\n<li>Departamento de Electricidad, Electr\u00f3nica y Computaci\u00f3n, Facultad de Ciencias Exactas y Tecnolog\u00eda, Universidad Nacional de Tucum\u00e1n.<\/li>\n<\/ul>\n<\/li>\n<li><strong>Asignaturas (grado\/posgrado):<\/strong>\n<ul>\n<li>Fundamentos de Redes de Computadoras (grado)<\/li>\n<li>Protocolos de Comunicaci\u00f3n TCP\/IP (grado).<\/li>\n<li>Laboratorio de Redes de \u00c1rea Local (grado).<\/li>\n<\/ul>\n<\/li>\n<li><strong>Publicaciones<\/strong> (M\u00e1s relevantes en los \u00faltimos 3 a\u00f1os):\n<ul>\n<li>Zapata Valdez, Rodrigo y Saade, Sergio, An\u00e1lisis y Simulaci\u00f3n de Mecanismos de Transici\u00f3n entre IPv4 e IPv6, Investigaciones en las Facultades de Ingenier\u00edas del NOA, Editorial Cient\u00edfica Universitaria, ISSN: 1853-7871, Octubre 2011.<\/li>\n<li>Caillava, Juan &#8211; Canal Martinez, Miguel &#8211; Saade, Sergio y Bazzano, Miguel. \u201cSistema de Monitoreo de Tr\u00e1fico WAN\u201d. Editorial Universidad de Cordoba, ISBN: 978-950-33-0940-7 , Septiembre de 2011.<\/li>\n<li>Ruiz D\u00edaz, Rodrigo \u2013 Criado, Gustavo \u2013 Saade, Sergio y Bilbao, Javier. \u201cVirtualizaci\u00f3n: Comparativa entre Plataformas KVM y Xen\u201d Publicado en VIII Jornadas de Ciencia y Tecnolog\u00eda de las Facultades de Ingenier\u00eda del NOA \u2013 FACET \u2013 UNT, ISSN: 1853-7871, Septiembre 2012.<\/li>\n<li>Saade, Sergio, Bilbao, Javier y Lutz, Federico, \u201cLaboratorio de Enlaces Inalambricos de Datos de Gran Distancia (Long Distance Data Wireless Link Lab)\u201d, Revista IEEE Latin American \u2013 Vol 11, Issue 1, Feb. 2013.<\/li>\n<\/ul>\n<\/li>\n<li><strong>Contacto<\/strong> (tel.\/E-mail): <a href=\"mailto:ssaade@herrera.unt.edu.ar\" target=\"_blank\">ssaade@herrera.unt.edu.ar<\/a><br \/>\n<strong>Otros antecedentes:<\/strong><\/p>\n<ul>\n<li>Ha sido miembro del Comit\u00e9 Acad\u00e9mico de la Maestr\u00eda de Ingenier\u00eda en Sistemas de Informaci\u00f3n de la Universidad Tecnol\u00f3gica Nacional \u2013 Regional Tucum\u00e1n. Habiendo participado en tres ediciones en el dictado del Seminario \u201cTecnolog\u00eda de Sistemas de Informaci\u00f3n. Redes, Comunicaciones y Arquitectura Distribuidas \u201c de 60 hs. de duraci\u00f3n.<\/li>\n<li>Es actualmente Director de la Carrera de Ingenier\u00eda en Computaci\u00f3n y he sido en dos per\u00edodos anteriores. Tambi\u00e9n ha sido miembro de la Comisi\u00f3n Acad\u00e9mica de dicha carrera de manera ininterrumpida desde el a\u00f1o 2000.<\/li>\n<li>En su trayectoria profesional, se destaca haber ejercido como Gerente de Proyectos y Servicios del Departamento de Computaci\u00f3n y Comunicaci\u00f3n de la empresa Sistelco SRL durante 16 a\u00f1os, habiendo realizado importantes proyectos e implementaciones de redes de computadoras en el NOA.<\/li>\n<li>Ha publicado un libro titulado \u201cNotas de Sistemas Operativos\u201d de 380 p\u00e1ginas editado por Editorial del Rectorado de la UNT.<\/li>\n<\/ul>\n<\/li>\n<\/ul>\n","protected":false},"excerpt":{"rendered":"<p>Apellido y Nombres: Saade, Sergio Daniel. Titulaci\u00f3n (grado\/posgrado, indicar Universidad otorgante): Ingeniero Electricista (Orientaci\u00f3n Electr\u00f3nica), Universidad Nacional de Tucum\u00e1n. Master of Sciences in Electrical and Computer Engineering (M.Sc.ECE), University of California, Santa Barbara. Temas de Investigaci\u00f3n y\/o Transferencia Tecnol\u00f3gica: Integrante del Grupo de Investigaci\u00f3n en el Proyecto 26\/B402-3 de la Secretar\u00eda de Ciencia y T\u00e9cnica [&hellip;]<\/p>\n","protected":false},"author":101015,"featured_media":0,"parent":0,"menu_order":0,"comment_status":"closed","ping_status":"closed","template":"templates\/template-full.php","meta":[],"_links":{"self":[{"href":"https:\/\/www.facet.unt.edu.ar\/eiti\/wp-json\/wp\/v2\/pages\/146"}],"collection":[{"href":"https:\/\/www.facet.unt.edu.ar\/eiti\/wp-json\/wp\/v2\/pages"}],"about":[{"href":"https:\/\/www.facet.unt.edu.ar\/eiti\/wp-json\/wp\/v2\/types\/page"}],"author":[{"embeddable":true,"href":"https:\/\/www.facet.unt.edu.ar\/eiti\/wp-json\/wp\/v2\/users\/101015"}],"replies":[{"embeddable":true,"href":"https:\/\/www.facet.unt.edu.ar\/eiti\/wp-json\/wp\/v2\/comments?post=146"}],"version-history":[{"count":3,"href":"https:\/\/www.facet.unt.edu.ar\/eiti\/wp-json\/wp\/v2\/pages\/146\/revisions"}],"predecessor-version":[{"id":149,"href":"https:\/\/www.facet.unt.edu.ar\/eiti\/wp-json\/wp\/v2\/pages\/146\/revisions\/149"}],"wp:attachment":[{"href":"https:\/\/www.facet.unt.edu.ar\/eiti\/wp-json\/wp\/v2\/media?parent=146"}],"curies":[{"name":"wp","href":"https:\/\/api.w.org\/{rel}","templated":true}]}}