{"id":1481,"date":"2020-03-11T10:19:22","date_gmt":"2020-03-11T13:19:22","guid":{"rendered":"https:\/\/www.facet.unt.edu.ar\/eiti\/?page_id=1481"},"modified":"2020-03-11T10:20:12","modified_gmt":"2020-03-11T13:20:12","slug":"esteban-daniel-volentini","status":"publish","type":"page","link":"https:\/\/www.facet.unt.edu.ar\/eiti\/esteban-daniel-volentini\/","title":{"rendered":"Esteban Daniel Volentini"},"content":{"rendered":"<ul>\n<li><strong>Apellido y Nombres:<\/strong> Volentini, Esteban Daniel.<\/li>\n<li><strong>Titulaci\u00f3n<\/strong> (grado\/posgrado, indicar Universidad otorgante):\n<ul>\n<li>Ingeniero en Computaci\u00f3n, Universidad Nacional de Tucum\u00e1n.<\/li>\n<li>Especialista en Integraci\u00f3n de Tecnolog\u00edas Inform\u00e1ticas, Universidad Nacional de Tucum\u00e1n.<\/li>\n<\/ul>\n<\/li>\n<li><strong>Temas de Investigaci\u00f3n y\/o Transferencia Tecnol\u00f3gica: yi<\/strong>tegrante de los siguientes proyectos de investigaci\u00f3n CIUNT:\n<ul>\n<li>Sistemas embebidos: de las aplicaciones a los m\u00e9todos y t\u00e9cnicas de dise\u00f1o. 2014-2015.<\/li>\n<li>Sistemas embebidos: de las aplicaciones a los m\u00e9todos y t\u00e9cnicas de dise\u00f1o &#8211; Segunda Parte. 2016-2017.<\/li>\n<li>Comunicaciones y aplicaciones en Internet de las Cosas (IoT). 2018 &#8211; Actualidad.<\/li>\n<li>Integrante del proyecto conjunto con la Facultad de Ciencias Naturales para seguimiento de posici\u00f3n de Tapires mediante telemetr\u00eda inal\u00e1mbrica.<\/li>\n<li>Categor\u00eda de Investigador: IV (Programa de incentivos).<\/li>\n<\/ul>\n<\/li>\n<\/ul>\n<ul>\n<li><strong>Cargo Docente Actual<\/strong> (categor\u00eda\/dedicaci\u00f3n): Profesor Asociado con dedicaci\u00f3n exclusiva.<\/li>\n<li><strong>Departamento\/Facultad\/Universidad:<\/strong> Departamento de Electricidad, Electr\u00f3nica y Computaci\u00f3n, Facultad de Ciencias Exactas y Tecnolog\u00eda, Universidad Nacional de Tucum\u00e1n.<\/li>\n<li><strong>Asignaturas (grado\/posgrado):<\/strong>\n<ul>\n<li>Sistemas con microprocesadores y microcontroladores (grado).<\/li>\n<li>Arquitectura de Computadoras (grado).<\/li>\n<li>Dise\u00f1o integrado de sistemas embebidos (posgrado).<\/li>\n<li>Sistemas embebidos avanzados (postgrado).<\/li>\n<li>Sistemas embebidos de tiempo real (postgrado).<\/li>\n<\/ul>\n<\/li>\n<li><strong>Publicaciones<\/strong> (M\u00e1s relevantes en los \u00faltimos 3 a\u00f1os):\n<ul>\n<li>IoT Architecture Prototype, SAADE, Sergio Daniel; GOMEZ LOPEZ, Mar\u00eda de los Angeles; NIETO PE\u00d1ALVER, Luis Eduardo; VOLENTINI, Esteban Daniel; ALBACA PARAAVAN, Carlos; LUTZ, Federico Herman; BILBAO, Javier Ignacio, ARGENCON 2018, Congreso bienal de la IEEE Argentina, IEEE, Instituto de Ingenier\u00eda El\u00e9ctrica y Electr\u00f3nica. San Miguel de Tucum\u00e1n, Argentina.<\/li>\n<li>Redesign of Laboratory Works: A proposal for integration, VOLENTINI, Esteban Daniel; COHEN, Eduardo Daniel; ROSEMBERG, Guillermo, ARGENCON 2018, Congreso bienal de la IEEE Argentina, IEEE, Instituto de Ingenier\u00eda El\u00e9ctrica y Electr\u00f3nica. San Miguel de Tucum\u00e1n, Argentina.<\/li>\n<li>Sistemas Embebidos: Redise\u00f1o del proceso de seguimiento de trayectorias de Vicu\u00f1as, VOLENTINI, Esteban Daniel; COHEN, Eduardo Daniel; GRUER, Juan Pablo , Memoria Investigaciones en Ingenier\u00eda, Numero 15 (2017), Facultad de Ingenier\u00eda de la Universidad Nacional de Montevideo. Montevideo, Uruguay<\/li>\n<li>Osciloscopio &#8211; analizador l\u00f3gico para dispositivos m\u00f3viles, GUERRERO, Ramiro; ABBAS, Rodrigo; VOLENTINI, Esteban Daniel; COHEN, Eduardo Daniel, CASE 2017, Congreso Argentino de Sistemas Embebidos, Asociaci\u00f3n Civil para la investigaci\u00f3n, promoci\u00f3n y desarrollo de los sistemas electr\u00f3nicos embebidos. Ciudad Aut\u00f3noma de Buenos Aires, Argentina<\/li>\n<li>Embedded communicating system for vicu\u00f1as migration monitoring: Protocol design and verification for low energy consumption, COHEN, Eduardo Daniel; VOLENTINI, Esteban Daniel; GRUER, Juan Pablo, CACIDI 2016, Congreso Argentino de Ciencias de la Inform\u00e1tica y Desarrollos de Investigaci\u00f3n, IEEE, Instituto de Ingenier\u00eda El\u00e9ctrica y Electr\u00f3nica. Ciudad Aut\u00f3noma de Buenos Aires, Argentina<\/li>\n<li>Modeling Embedded Applications: An Orderly Simplification of Finite State Automata Description, COHEN, Eduardo Daniel; VOLENTINI, Esteban Daniel; GRUER, Juan Pablo, CASE 2016, Congeso Argentino de Sistemas Embebidos, Asociaci\u00f3n Civil para la investigaci\u00f3n, promoci\u00f3n y desarrollo de los sistemas electr\u00f3nicos<\/li>\n<li>\u2028Ciudad Aut\u00f3noma de Buenos Aires, Argentina<\/li>\n<\/ul>\n<\/li>\n<li><strong>Contacto<\/strong>\u00a0(tel.\/E-mail): evolentini@herrera.unt.edu.ar<\/li>\n<\/ul>\n<p><strong>Otros antecedentes<\/strong> (m\u00e1ximo 5 renglones):<\/p>\n<p>Direcci\u00f3n de 4 pasantes estudiantiles y 25 trabajos de graduaci\u00f3n. Docente de la Especializaci\u00f3n en Sistemas Embebidos de la Universidad Nacional de Buenos Aires en las asignaturas Ingernieria de Software en Sistemas Embebidos y Testing en Sistemas Emebbidos. Docente de la Especializaci\u00f3n en Sistemas Emebebidos de la Universidad Nacional de Entre Rios en la asignatura Sistemas Operativos de Tiempo Real.<\/p>\n","protected":false},"excerpt":{"rendered":"<p>Apellido y Nombres: Volentini, Esteban Daniel. Titulaci\u00f3n (grado\/posgrado, indicar Universidad otorgante): Ingeniero en Computaci\u00f3n, Universidad Nacional de Tucum\u00e1n. Especialista en Integraci\u00f3n de Tecnolog\u00edas Inform\u00e1ticas, Universidad Nacional de Tucum\u00e1n. Temas de Investigaci\u00f3n y\/o Transferencia Tecnol\u00f3gica: yitegrante de los siguientes proyectos de investigaci\u00f3n CIUNT: Sistemas embebidos: de las aplicaciones a los m\u00e9todos y t\u00e9cnicas de dise\u00f1o. 2014-2015. [&hellip;]<\/p>\n","protected":false},"author":101015,"featured_media":0,"parent":0,"menu_order":0,"comment_status":"closed","ping_status":"closed","template":"","meta":[],"_links":{"self":[{"href":"https:\/\/www.facet.unt.edu.ar\/eiti\/wp-json\/wp\/v2\/pages\/1481"}],"collection":[{"href":"https:\/\/www.facet.unt.edu.ar\/eiti\/wp-json\/wp\/v2\/pages"}],"about":[{"href":"https:\/\/www.facet.unt.edu.ar\/eiti\/wp-json\/wp\/v2\/types\/page"}],"author":[{"embeddable":true,"href":"https:\/\/www.facet.unt.edu.ar\/eiti\/wp-json\/wp\/v2\/users\/101015"}],"replies":[{"embeddable":true,"href":"https:\/\/www.facet.unt.edu.ar\/eiti\/wp-json\/wp\/v2\/comments?post=1481"}],"version-history":[{"count":2,"href":"https:\/\/www.facet.unt.edu.ar\/eiti\/wp-json\/wp\/v2\/pages\/1481\/revisions"}],"predecessor-version":[{"id":1483,"href":"https:\/\/www.facet.unt.edu.ar\/eiti\/wp-json\/wp\/v2\/pages\/1481\/revisions\/1483"}],"wp:attachment":[{"href":"https:\/\/www.facet.unt.edu.ar\/eiti\/wp-json\/wp\/v2\/media?parent=1481"}],"curies":[{"name":"wp","href":"https:\/\/api.w.org\/{rel}","templated":true}]}}