{"id":1487,"date":"2020-05-11T17:13:02","date_gmt":"2020-05-11T20:13:02","guid":{"rendered":"https:\/\/www.facet.unt.edu.ar\/eiti\/?page_id=1487"},"modified":"2023-03-29T10:31:22","modified_gmt":"2023-03-29T13:31:22","slug":"egresados","status":"publish","type":"page","link":"https:\/\/www.facet.unt.edu.ar\/eiti\/egresados\/","title":{"rendered":"Egresados"},"content":{"rendered":"<div id=\"pl-1487\"  class=\"panel-layout\" ><div id=\"pg-1487-0\"  class=\"panel-grid panel-no-style\" ><div id=\"pgc-1487-0-0\"  class=\"panel-grid-cell\" ><div id=\"panel-1487-0-0-0\" class=\"so-panel widget widget_sow-editor panel-first-child panel-last-child\" data-index=\"0\" ><div\n\t\t\t\n\t\t\tclass=\"so-widget-sow-editor so-widget-sow-editor-base\"\n\t\t\t\n\t\t>\n<div class=\"siteorigin-widget-tinymce textwidget\">\n\t<p>Enlace a encuesta a egresados:\u00a0<a href=\"https:\/\/forms.gle\/YFpDCBiyuDQG3mDQ6\">para acceder haga clic aqu\u00ed<\/a><\/p>\n<\/div>\n<\/div><\/div><\/div><\/div><div id=\"pg-1487-1\"  class=\"panel-grid panel-no-style\" ><div id=\"pgc-1487-1-0\"  class=\"panel-grid-cell\" ><div id=\"panel-1487-1-0-0\" class=\"so-panel widget widget_black-studio-tinymce widget_black_studio_tinymce panel-first-child panel-last-child\" data-index=\"1\" ><div class=\"textwidget\"><table style=\"border: none;\" width=\"100%\">\n<tbody>\n<tr>\n<td style=\"text-align: center; border: none; width: 20%\"><img src=\"https:\/\/www.facet.unt.edu.ar\/eiti\/wp-content\/uploads\/sites\/34\/2022\/12\/Alvarez.png\" alt=\"Jorge \u00c1lvarez\" width=\"500\" height=\"500\"\/><\/td>\n<td style=\"text-align: center; border: none; width: 20%\"><img src=\"https:\/\/www.facet.unt.edu.ar\/eiti\/wp-content\/uploads\/sites\/34\/2020\/12\/01.-Erika-Becker.png\" alt=\"Erika Becker\" width=\"500\" height=\"500\"\/><\/td>\n<td style=\"text-align: center; border: none; width: 20%\"><img src=\"https:\/\/www.facet.unt.edu.ar\/eiti\/wp-content\/uploads\/sites\/34\/2020\/12\/02.-Mariano-Campos.png\" alt=\"Mariano Campos\" width=\"500\" height=\"500\"\/><\/td>\n<td style=\"text-align: center; border: none;  width: 20%\"><img src=\"https:\/\/www.facet.unt.edu.ar\/eiti\/wp-content\/uploads\/sites\/34\/2020\/12\/03.-Carla-Cinquemani.png\" alt=\"Carla Cinquemani\" width=\"500\" height=\"500\"\/><\/td>\n<td style=\"text-align: center; border: none; width: 20%\"><img src=\"https:\/\/www.facet.unt.edu.ar\/eiti\/wp-content\/uploads\/sites\/34\/2023\/02\/Elias-Silvina.png\" alt=\"Silvina El\u00edas\" width=\"500\" height=\"500\"\/><\/td>\n<\/tr>\n<tr>\n<td style=\"text-align: center; border: none; width: 20%\"><a href=\"mailto: georgejaa@gmail.com\" target=\"_blank\" >Jorge \u00c1lvarez<\/a><\/td>\n<td style=\"text-align: center; border: none; width: 20%\"><a href=\"mailto: ebecker@herrera.unt.edu.ar\" target=\"_blank\" >\u00c9rika Becker<\/a><\/td>\n<td style=\"text-align: center; border: none; width: 20%\"><a href=\"mailto: lmarianocampos@gmail.com\" target=\"_blank\" >Mariano Campos<\/a><\/td>\n<td style=\"text-align: center; border: none; width: 20%\"><a href=\"mailto: carlacinquemani@gmail.com\" target=\"_blank\" >Carla Cinquemani<\/a><\/td>\n<td style=\"text-align: center; border: none; width: 20%\"><a href=\"mailto: elias.silvina@gmail.com\" target=\"_blank\" >Silvina El\u00edas<\/a><\/td>\n<\/tr>\n<tr>\n<td style=\"text-align: center; border: none; width: 20%\"><\/td>\n<td style=\"text-align: center; border: none; width: 20%\"><\/td>\n<td style=\"text-align: center; border: none; width: 20%\"><\/td>\n<td style=\"text-align: center; border: none; width: 20%\"><\/td>\n<td style=\"text-align: center; border: none; width: 20%\"><\/td>\n<\/tr>\n<tr>\n<td style=\"text-align: center; border: none; width: 20%\"><img src=\"https:\/\/www.facet.unt.edu.ar\/eiti\/wp-content\/uploads\/sites\/34\/2022\/12\/Galvan.png\" alt=\"Ariel Galv\u00e1n\" width=\"500\" height=\"500\"\/><\/td>\n<td style=\"text-align: center; border: none; width: 20%\"><img src=\"https:\/\/www.facet.unt.edu.ar\/eiti\/wp-content\/uploads\/sites\/34\/2020\/12\/04.-Matias-Giori.png\" alt=\"Mat\u00edas Giori\" width=\"500\" height=\"500\"\/><\/td>\n<td style=\"text-align: center; border: none; width: 20%\"><img src=\"https:\/\/www.facet.unt.edu.ar\/eiti\/wp-content\/uploads\/sites\/34\/2020\/12\/05.-Josefina-Guerra.png\" alt=\"Josefina Guerra\" width=\"500\" height=\"500\"\/><\/td>\n<td style=\"text-align: center; border: none; width: 20%\"><img src=\"https:\/\/www.facet.unt.edu.ar\/eiti\/wp-content\/uploads\/sites\/34\/2023\/02\/Lutz-Fede.png\" alt=\"Federico Lutz\" width=\"500\" height=\"500\"\/><\/td>\n<td style=\"text-align: center; border: none; width: 20%\"><img src=\"https:\/\/www.facet.unt.edu.ar\/eiti\/wp-content\/uploads\/sites\/34\/2023\/03\/Emilce-Maldonado.png\" alt=\"Emilce Maldonado Ulla\" width=\"500\" height=\"500\"\/><\/td>\n<\/tr>\n<tr>\n<td style=\"text-align: center; border: none; width: 20%\"><a href=\"mailto: klo51@hotmail.com\" target=\"_blank\" >Ariel Galv\u00e1n<\/a><\/td>\n<td style=\"text-align: center; border: none; width: 20%\"><a href=\"mailto: matiasgiori@gmail.com\" target=\"_blank\" >Mat\u00edas Giori<\/a><\/td>\n<td style=\"text-align: center; border: none; width: 20%\"><a href=\"mailto: guerrajosefina@gmail.com\" target=\"_blank\" >Josefina Guerra<\/a><\/td>\n<td style=\"text-align: center; border: none; width: 20%\"><a href=\"mailto: fhlutz@herrera.unt.edu.ar\" target=\"_blank\" >Federico Lutz<\/a><\/td>\n<td style=\"text-align: center; border: none; width: 20%\"><a href=\"mailto: emilceimaldonado@gmail.com \" target=\"_blank\" >Emilce Maldonado Ulla<\/a><\/td>\n<\/tr>\n<tr>\n<td style=\"text-align: center; border: none; width: 20%\"><\/td>\n<td style=\"text-align: center; border: none; width: 20%\"><\/td>\n<td style=\"text-align: center; border: none; width: 20%\"><\/td>\n<td style=\"text-align: center; border: none; width: 20%\"><\/td>\n<td style=\"text-align: center; border: none; width: 20%\"><\/td>\n<\/tr>\n<tr>\n<td style=\"text-align: center; border: none; width: 20%\"><img src=\"https:\/\/www.facet.unt.edu.ar\/eiti\/wp-content\/uploads\/sites\/34\/2020\/12\/06.-Federico-Mansilla.png\" alt=\"Federico Mansilla\" width=\"500\" height=\"500\" \/><\/td>\n<td style=\"text-align: center; border: none; width: 20%\"><img src=\"https:\/\/www.facet.unt.edu.ar\/eiti\/wp-content\/uploads\/sites\/34\/2020\/12\/07.-Pablo-Marcoccia.png\" alt=\"Pablo Marcoccia\" width=\"500\" height=\"500\" \/><\/td>\n<td style=\"text-align: center; border: none; width: 20%\"><img src=\"https:\/\/www.facet.unt.edu.ar\/eiti\/wp-content\/uploads\/sites\/34\/2020\/12\/08.-Pablo-Millan.png\" alt=\"Pablo Mill\u00e1n\" width=\"500\" height=\"500\" \/><\/td>\n<td style=\"text-align: center; border: none; width: 20%\"><img src=\"https:\/\/www.facet.unt.edu.ar\/eiti\/wp-content\/uploads\/sites\/34\/2020\/12\/09.-Romina-Nahas.png\" alt=\"Romina Nahas\" width=\"500\" height=\"500\" \/><\/td>\n<td style=\"text-align: center; border: none; width: 20%\"><img src=\"https:\/\/www.facet.unt.edu.ar\/eiti\/wp-content\/uploads\/sites\/34\/2022\/12\/Ortiz.png\" alt=\"Luis Ort\u00edz\" width=\"500\" height=\"500\" \/><\/td>\n<\/tr>\n<tr>\n<td style=\"text-align: center; border: none; width: 20%\"><a href=\"mailto: federico.jose.mansilla@gmail.com\" target=\"_blank\">Federico Mansilla<\/a><\/td>\n<td style=\"text-align: center; border: none; width: 20%\"><a href=\"mailto: tanomarcoccia@gmail.com\" target=\"_blank\">Pablo Marcoccia<\/a><\/td>\n<td style=\"text-align: center; border: none; width: 20%\"><a href=\"mailto: millanpablo@hotmail.com\" target=\"_blank\">Pablo Mill\u00e1n<\/a><\/td>\n<td style=\"text-align: center; border: none; width: 20%\"><a href=\"mailto: rnahas@herrera.unt.edu.ar\" target=\"_blank\">Romina Nahas<\/a><\/td>\n<td style=\"text-align: center; border: none; width: 20%\"><a href=\"mailto: luis.ortiz.81@gmail.com\" target=\"_blank\">Luis Ort\u00edz<\/a><\/td>\n<\/tr>\n<tr>\n<td style=\"text-align: center; border: none; width: 20%\"><\/td>\n<td style=\"text-align: center; border: none; width: 20%\"><\/td>\n<td style=\"text-align: center; border: none; width: 20%\"><\/td>\n<td style=\"text-align: center; border: none; width: 20%\"><\/td>\n<td style=\"text-align: center; border: none; width: 20%\"><\/td>\n<\/tr>\n<tr>\n<td style=\"text-align: center; border: none; width: 20%\"><img src=\"https:\/\/www.facet.unt.edu.ar\/eiti\/wp-content\/uploads\/sites\/34\/2020\/12\/10.-Guillermo-Rosemberg.png\" alt=\"Guillermo Rosemberg\" width=\"500\" height=\"500\" \/><\/td>\n<td style=\"text-align: center; border: none; width: 20%\"><img src=\"https:\/\/www.facet.unt.edu.ar\/eiti\/wp-content\/uploads\/sites\/34\/2020\/12\/11.-Luis-tek.png\" alt=\"Luis Tek\" width=\"500\" height=\"500\" \/><\/td>\n<td style=\"text-align: center; border: none; width: 20%\"><img src=\"https:\/\/www.facet.unt.edu.ar\/eiti\/wp-content\/uploads\/sites\/34\/2020\/12\/12.-Esteban-Volentini.png\" alt=\"Esteban Volentini\" width=\"500\" height=\"500\" \/><\/td>\n<td style=\"text-align: center; border: none; width: 20%\"><img src=\"https:\/\/www.facet.unt.edu.ar\/eiti\/wp-content\/uploads\/sites\/34\/2020\/12\/13.-Jose-Younes.png\" alt=\"Jos\u00e9 Younes\" width=\"500\" height=\"500\" \/><\/td>\n<td style=\"text-align: center; border: none; width: 20%\"><img src=\"https:\/\/www.facet.unt.edu.ar\/eiti\/wp-content\/uploads\/sites\/34\/2022\/12\/Villa.png\" alt=\"Luis Villa\" width=\"500\" height=\"500\" \/><\/td>\n\n<\/tr>\n<tr>\n<td style=\"text-align: center; border: none; width: 20%\"><a href=\"mailto: guillerosemberg@gmail.com\" target=\"_blank\">Guillermo Rosemberg<\/a><\/td>\n<td style=\"text-align: center; border: none; width: 20%\"><a href=\"mailto: ltek@herrera.unt.edu.ar\" target=\"_blank\">Luis Tek<\/a><\/td>\n<td style=\"text-align: center; border: none; width: 20%\"><a href=\"mailto: evolentini@herrera.unt.edu.ar\" target=\"_blank\">Esteban Volentini<\/a><\/td>\n<td style=\"text-align: center; border: none; width: 20%\"><a href=\"mailto: jyounes@herrera.unt.edu.ar\" target=\"_blank\">Jos\u00e9 Younes<\/a><\/td>\n<td style=\"text-align: center; border: none; width: 20%\"><a href=\"mailto: luis_jem86@icloud.com\" target=\"_blank\">Luis Villa<\/a><\/td>\n<\/tr>\n<\/tbody>\n<\/table><\/div><\/div><\/div><\/div><div id=\"pg-1487-2\"  class=\"panel-grid panel-no-style\" ><div id=\"pgc-1487-2-0\"  class=\"panel-grid-cell\" ><div id=\"panel-1487-2-0-0\" class=\"so-panel widget widget_black-studio-tinymce widget_black_studio_tinymce panel-first-child panel-last-child\" data-index=\"2\" ><h3 class=\"widget-title\">Algunos comentarios de nuestros egresados<\/h3><div class=\"textwidget\">\n<li><em>\"La especialidad signific\u00f3 un aporte importante en lo humano, conoc\u00ed personas talentosas con las cuales sigo en contacto, y que me han acercado a otros profesionales que me han ayudado a resolver problem\u00e1ticas concretas\".<\/em><\/li>\n<li><em>\"Creo que la carrera nos hizo pertenecer a una peque\u00f1a comunidad que crece cada a\u00f1o, y considero que es bueno mantener los lazos generados\".<\/em><\/li>\n<li><em>\"La EITI me permiti\u00f3 desarrollar proyectos de vinculaci\u00f3n tecnol\u00f3gica mediante la actualizaci\u00f3n continua y el intercambio de conocimientos\".<\/em><\/li>\n<li><em>\u201cLa especializaci\u00f3n me permiti\u00f3 analizar un emprendimiento propio con otras herramientas y sumar un t\u00edtulo m\u00e1s que es importante en la carrera dentro de la facultad\u201d.<\/em><\/li>\n<li><em>\u201cLa EITI me permiti\u00f3 la adquisici\u00f3n de nuevos conocimientos, amigos y contactos profesionales, junto con la posibilidad de reconectar con el ambiente acad\u00e9mico\u201d.<\/em><\/li>\n<li><em>\"La carrera favoreci\u00f3 el conocer acerca de nuevas tem\u00e1ticas que desconoc\u00eda\".<\/em><\/li>\n<li><em>\"Por cada materia he podido generar valor agregado en la empresa donde me desarrollo\".<\/em><\/li>\n<li><em>\"Los nuevos conocimientos t\u00e9cnicos adquiridos y las tecnolog\u00edas aprendidas contribuyeron a mejorar mi desempe\u00f1o laboral\".<\/em><\/li>\n<\/div><\/div><\/div><\/div><\/div>","protected":false},"excerpt":{"rendered":"<p>Enlace a encuesta a egresados:\u00a0para acceder haga clic aqu\u00ed Jorge \u00c1lvarez \u00c9rika Becker Mariano Campos Carla Cinquemani Silvina El\u00edas Ariel Galv\u00e1n Mat\u00edas Giori Josefina Guerra Federico Lutz Emilce Maldonado Ulla Federico Mansilla Pablo Marcoccia Pablo Mill\u00e1n Romina Nahas Luis Ort\u00edz Guillermo Rosemberg Luis Tek Esteban Volentini Jos\u00e9 Younes Luis Villa<\/p>\n","protected":false},"author":101015,"featured_media":0,"parent":0,"menu_order":0,"comment_status":"closed","ping_status":"closed","template":"","meta":[],"_links":{"self":[{"href":"https:\/\/www.facet.unt.edu.ar\/eiti\/wp-json\/wp\/v2\/pages\/1487"}],"collection":[{"href":"https:\/\/www.facet.unt.edu.ar\/eiti\/wp-json\/wp\/v2\/pages"}],"about":[{"href":"https:\/\/www.facet.unt.edu.ar\/eiti\/wp-json\/wp\/v2\/types\/page"}],"author":[{"embeddable":true,"href":"https:\/\/www.facet.unt.edu.ar\/eiti\/wp-json\/wp\/v2\/users\/101015"}],"replies":[{"embeddable":true,"href":"https:\/\/www.facet.unt.edu.ar\/eiti\/wp-json\/wp\/v2\/comments?post=1487"}],"version-history":[{"count":66,"href":"https:\/\/www.facet.unt.edu.ar\/eiti\/wp-json\/wp\/v2\/pages\/1487\/revisions"}],"predecessor-version":[{"id":1790,"href":"https:\/\/www.facet.unt.edu.ar\/eiti\/wp-json\/wp\/v2\/pages\/1487\/revisions\/1790"}],"wp:attachment":[{"href":"https:\/\/www.facet.unt.edu.ar\/eiti\/wp-json\/wp\/v2\/media?parent=1487"}],"curies":[{"name":"wp","href":"https:\/\/api.w.org\/{rel}","templated":true}]}}