{"id":153,"date":"2015-12-15T10:37:20","date_gmt":"2015-12-15T13:37:20","guid":{"rendered":"https:\/\/www.facet.unt.edu.ar\/eiti\/?page_id=153"},"modified":"2023-02-06T10:29:17","modified_gmt":"2023-02-06T13:29:17","slug":"redes-de-computadoras-avanzadas-ii","status":"publish","type":"page","link":"https:\/\/www.facet.unt.edu.ar\/eiti\/redes-de-computadoras-avanzadas-ii\/","title":{"rendered":"Redes de Computadoras Avanzadas II"},"content":{"rendered":"<p><strong>Docente a Cargo:<\/strong> M.Sc. Ing. <a href=\"https:\/\/www.facet.unt.edu.ar\/eiti\/sergio-daniel-saade\/\" target=\"_blank\" rel=\"noopener\">Sergio D. Saade<\/a>.<\/p>\n<p><strong>Asignaci\u00f3n Horaria Semanal:<\/strong> 5 Hs.<\/p>\n<p><strong>Duraci\u00f3n Total:<\/strong> 40 Hs.<\/p>\n<p><strong>Evaluaci\u00f3n:<\/strong> proyecto final de dise\u00f1o.<\/p>\n<p><strong>Formaci\u00f3n Pr\u00e1ctica:<\/strong> la formaci\u00f3n pr\u00e1ctica se impartir\u00e1 en el <a href=\"https:\/\/www.facet.unt.edu.ar\/eiti\/laboratorio-de-redes-de-computadoras\/\" target=\"_blank\" rel=\"noopener\">Laboratorio de Redes de Computadoras<\/a> del Departamento de Ingenier\u00eda El\u00e9ctrica, Electr\u00f3nica y Computaci\u00f3n.<\/p>\n<p><strong>Contenido M\u00ednimo:<\/strong><\/p>\n<ul>\n<li>Virtual LAN (VLAN) y su ruteo.<\/li>\n<li>Tolerancia a fallas en redes locales.<\/li>\n<li>Redes Inal\u00e1mbricas. Est\u00e1ndar IEEE 802.11 y variantes.<\/li>\n<li>Capa F\u00edsica: tecnolog\u00edas de Comunicaci\u00f3n: DSSS. OFDM. MIMO.<\/li>\n<li>Topolog\u00edas de comunicaciones inal\u00e1mbricas dentro de edificios (\u201cindoor\u201d) y de larga distancia (\u201coutdoor\u201d).<\/li>\n<li>An\u00e1lisis y dise\u00f1o de topolog\u00edas de redes locales.<\/li>\n<\/ul>\n","protected":false},"excerpt":{"rendered":"<p>Docente a Cargo: M.Sc. Ing. Sergio D. Saade. Asignaci\u00f3n Horaria Semanal: 5 Hs. Duraci\u00f3n Total: 40 Hs. Evaluaci\u00f3n: proyecto final de dise\u00f1o. Formaci\u00f3n Pr\u00e1ctica: la formaci\u00f3n pr\u00e1ctica se impartir\u00e1 en el Laboratorio de Redes de Computadoras del Departamento de Ingenier\u00eda El\u00e9ctrica, Electr\u00f3nica y Computaci\u00f3n. Contenido M\u00ednimo: Virtual LAN (VLAN) y su ruteo. Tolerancia a fallas [&hellip;]<\/p>\n","protected":false},"author":101015,"featured_media":0,"parent":0,"menu_order":0,"comment_status":"closed","ping_status":"closed","template":"templates\/template-full.php","meta":[],"_links":{"self":[{"href":"https:\/\/www.facet.unt.edu.ar\/eiti\/wp-json\/wp\/v2\/pages\/153"}],"collection":[{"href":"https:\/\/www.facet.unt.edu.ar\/eiti\/wp-json\/wp\/v2\/pages"}],"about":[{"href":"https:\/\/www.facet.unt.edu.ar\/eiti\/wp-json\/wp\/v2\/types\/page"}],"author":[{"embeddable":true,"href":"https:\/\/www.facet.unt.edu.ar\/eiti\/wp-json\/wp\/v2\/users\/101015"}],"replies":[{"embeddable":true,"href":"https:\/\/www.facet.unt.edu.ar\/eiti\/wp-json\/wp\/v2\/comments?post=153"}],"version-history":[{"count":4,"href":"https:\/\/www.facet.unt.edu.ar\/eiti\/wp-json\/wp\/v2\/pages\/153\/revisions"}],"predecessor-version":[{"id":1766,"href":"https:\/\/www.facet.unt.edu.ar\/eiti\/wp-json\/wp\/v2\/pages\/153\/revisions\/1766"}],"wp:attachment":[{"href":"https:\/\/www.facet.unt.edu.ar\/eiti\/wp-json\/wp\/v2\/media?parent=153"}],"curies":[{"name":"wp","href":"https:\/\/api.w.org\/{rel}","templated":true}]}}