{"id":1617,"date":"2021-02-17T10:17:44","date_gmt":"2021-02-17T13:17:44","guid":{"rendered":"https:\/\/www.facet.unt.edu.ar\/eiti\/?page_id=1617"},"modified":"2021-02-17T10:17:44","modified_gmt":"2021-02-17T13:17:44","slug":"alberto-nunez","status":"publish","type":"page","link":"https:\/\/www.facet.unt.edu.ar\/eiti\/alberto-nunez\/","title":{"rendered":"Alberto N\u00fa\u00f1ez"},"content":{"rendered":"<ul>\n<li><strong>Apellido y Nombres:<\/strong> N\u00fa\u00f1ez, Alberto Emilio.<\/li>\n<li><strong>Titulaci\u00f3n<\/strong> (grado\/posgrado, indicar Universidad otorgante):\n<ul>\n<li>Ing. Electr\u00f3nico &#8211; Universidad Nacional de Tucum\u00e1n.<\/li>\n<li>M\u00e1ster Ejecutivo en Direcci\u00f3n de Empresas &#8211; Universidad del Valpara\u00edso (Chile).<\/li>\n<\/ul>\n<\/li>\n<li><strong>Temas de Investigaci\u00f3n y\/o Transferencia Tecnol\u00f3gica:<\/strong>\n<ul>\n<li>Gesti\u00f3n del Cambio, Innovaci\u00f3n y Gerenciamiento de empresas.<\/li>\n<li>Programa de Innovaci\u00f3n en el City Collage de Nueva York.<\/li>\n<li>Programa de Desarrollo Gerencial de la Universidad Guido Di Tella.<\/li>\n<\/ul>\n<\/li>\n<li><strong>Asignaturas<\/strong> (grado\/posgrado):\n<ul>\n<li>Gesti\u00f3n de Empresas de Emprendimientos de Base Tecnol\u00f3gica (posgrado).<\/li>\n<\/ul>\n<\/li>\n<li><strong>Contacto<\/strong> (tel.\/E-mail): <a href=\"mailto:nunezalb@gmail.com\" target=\"_blank\" rel=\"noopener noreferrer\">nunezalb@gmail.com<\/a><\/li>\n<\/ul>\n<p><strong>Otros antecedentes:<\/strong><\/p>\n<ul>\n<li>\n<div>Responsable de los sistemas de medici\u00f3n autom\u00e1ticas y Jefe de Producci\u00f3n de Equipos de Comunicaciones y Celulares en BGH (planta Tucum\u00e1n) y Gerente de Operaciones NOA de CTI M\u00f3vil (actual Claro) siendo el responsable general de la puesta en marcha y posteriormente mantenimiento de la red de telefon\u00eda celular de dicha compa\u00f1\u00eda en el norte del pa\u00eds.<\/div>\n<\/li>\n<li>\n<div>En posiciones de Gerenciamiento y Direcci\u00f3n de Empresas se desempe\u00f1\u00f3 como Gerente de Unidad de Negocios NOA de CTI M\u00f3vil y posteriormente como responsable de dise\u00f1ar, poner operativa y luego como Gerente General de Credicash, tarjeta de cr\u00e9dito regional de Castillo, cadena regional de Retail en la que tambi\u00e9n se desempe\u00f1\u00f3 como Director Ejecutivo a cargo de las \u00e1reas de Sistemas, RRHH, Cr\u00e9ditos y Cobranzas y nuevos proyectos.<\/div>\n<\/li>\n<li>\n<div>Actualmente es Director Ejecutivo y Director de la Escuela de Negocios de la Fundaci\u00f3n de Tucum\u00e1n, rol dentro del cual ha organizado y coordinado viajes de empresarios a Silicon Valley y Nueva York y ciclos de conferencias como &#8220;Gu\u00eda para Sobrevivir a la Crisis&#8221; y &#8220;Agricultura Inteligente&#8221; adem\u00e1s de varios programas dirigidos principalmente a empresas. Es adem\u00e1s docente universitario, conferencista, consultor y capacitador de empresas y emprendedores.<\/div>\n<\/li>\n<\/ul>\n","protected":false},"excerpt":{"rendered":"<p>Apellido y Nombres: N\u00fa\u00f1ez, Alberto Emilio. Titulaci\u00f3n (grado\/posgrado, indicar Universidad otorgante): Ing. Electr\u00f3nico &#8211; Universidad Nacional de Tucum\u00e1n. M\u00e1ster Ejecutivo en Direcci\u00f3n de Empresas &#8211; Universidad del Valpara\u00edso (Chile). Temas de Investigaci\u00f3n y\/o Transferencia Tecnol\u00f3gica: Gesti\u00f3n del Cambio, Innovaci\u00f3n y Gerenciamiento de empresas. Programa de Innovaci\u00f3n en el City Collage de Nueva York. Programa de [&hellip;]<\/p>\n","protected":false},"author":101015,"featured_media":0,"parent":0,"menu_order":0,"comment_status":"closed","ping_status":"closed","template":"","meta":[],"_links":{"self":[{"href":"https:\/\/www.facet.unt.edu.ar\/eiti\/wp-json\/wp\/v2\/pages\/1617"}],"collection":[{"href":"https:\/\/www.facet.unt.edu.ar\/eiti\/wp-json\/wp\/v2\/pages"}],"about":[{"href":"https:\/\/www.facet.unt.edu.ar\/eiti\/wp-json\/wp\/v2\/types\/page"}],"author":[{"embeddable":true,"href":"https:\/\/www.facet.unt.edu.ar\/eiti\/wp-json\/wp\/v2\/users\/101015"}],"replies":[{"embeddable":true,"href":"https:\/\/www.facet.unt.edu.ar\/eiti\/wp-json\/wp\/v2\/comments?post=1617"}],"version-history":[{"count":1,"href":"https:\/\/www.facet.unt.edu.ar\/eiti\/wp-json\/wp\/v2\/pages\/1617\/revisions"}],"predecessor-version":[{"id":1618,"href":"https:\/\/www.facet.unt.edu.ar\/eiti\/wp-json\/wp\/v2\/pages\/1617\/revisions\/1618"}],"wp:attachment":[{"href":"https:\/\/www.facet.unt.edu.ar\/eiti\/wp-json\/wp\/v2\/media?parent=1617"}],"curies":[{"name":"wp","href":"https:\/\/api.w.org\/{rel}","templated":true}]}}