{"id":163,"date":"2015-12-15T10:46:35","date_gmt":"2015-12-15T13:46:35","guid":{"rendered":"https:\/\/www.facet.unt.edu.ar\/eiti\/?page_id=163"},"modified":"2023-02-06T10:35:27","modified_gmt":"2023-02-06T13:35:27","slug":"bases-de-datos-avanzadas-ii","status":"publish","type":"page","link":"https:\/\/www.facet.unt.edu.ar\/eiti\/bases-de-datos-avanzadas-ii\/","title":{"rendered":"Bases de Datos Avanzadas II"},"content":{"rendered":"<p><strong>Docente a Cargo:<\/strong> Mag. Ing. <a href=\"https:\/\/www.facet.unt.edu.ar\/eiti\/carlos-albaca-paravan\/\">Carlos Albaca Parav\u00e1n<\/a>.<\/p>\n<p><strong>Asignaci\u00f3n Horaria Semanal:<\/strong> 5 hs.<\/p>\n<p><strong>Duraci\u00f3n Total:<\/strong> 40 hs.<\/p>\n<p><strong>Evaluaci\u00f3n:<\/strong> proyecto final.<\/p>\n<p><strong>Formaci\u00f3n Pr\u00e1ctica:<\/strong> para la formaci\u00f3n pr\u00e1ctica se dispondr\u00e1 del <a href=\"https:\/\/www.facet.unt.edu.ar\/eiti\/laboratorio-de-redes-de-computadoras\/\">Laboratorio de Redes de Computadoras<\/a> del Departamento de Ingenier\u00eda El\u00e9ctrica, Electr\u00f3nica y Computaci\u00f3n.<\/p>\n<p><strong>Contenido M\u00ednimo:<\/strong><\/p>\n<ul>\n<li>Bases de datos no relaciones.<\/li>\n<li>Big Data.<\/li>\n<li>Data warehousing.<\/li>\n<li>An\u00e1lisis inteligente de datos.<\/li>\n<li>Miner\u00eda de datos.<\/li>\n<\/ul>\n","protected":false},"excerpt":{"rendered":"<p>Docente a Cargo: Mag. Ing. Carlos Albaca Parav\u00e1n. Asignaci\u00f3n Horaria Semanal: 5 hs. Duraci\u00f3n Total: 40 hs. Evaluaci\u00f3n: proyecto final. Formaci\u00f3n Pr\u00e1ctica: para la formaci\u00f3n pr\u00e1ctica se dispondr\u00e1 del Laboratorio de Redes de Computadoras del Departamento de Ingenier\u00eda El\u00e9ctrica, Electr\u00f3nica y Computaci\u00f3n. Contenido M\u00ednimo: Bases de datos no relaciones. Big Data. Data warehousing. An\u00e1lisis inteligente [&hellip;]<\/p>\n","protected":false},"author":101015,"featured_media":0,"parent":0,"menu_order":0,"comment_status":"closed","ping_status":"closed","template":"templates\/template-full.php","meta":[],"_links":{"self":[{"href":"https:\/\/www.facet.unt.edu.ar\/eiti\/wp-json\/wp\/v2\/pages\/163"}],"collection":[{"href":"https:\/\/www.facet.unt.edu.ar\/eiti\/wp-json\/wp\/v2\/pages"}],"about":[{"href":"https:\/\/www.facet.unt.edu.ar\/eiti\/wp-json\/wp\/v2\/types\/page"}],"author":[{"embeddable":true,"href":"https:\/\/www.facet.unt.edu.ar\/eiti\/wp-json\/wp\/v2\/users\/101015"}],"replies":[{"embeddable":true,"href":"https:\/\/www.facet.unt.edu.ar\/eiti\/wp-json\/wp\/v2\/comments?post=163"}],"version-history":[{"count":9,"href":"https:\/\/www.facet.unt.edu.ar\/eiti\/wp-json\/wp\/v2\/pages\/163\/revisions"}],"predecessor-version":[{"id":1770,"href":"https:\/\/www.facet.unt.edu.ar\/eiti\/wp-json\/wp\/v2\/pages\/163\/revisions\/1770"}],"wp:attachment":[{"href":"https:\/\/www.facet.unt.edu.ar\/eiti\/wp-json\/wp\/v2\/media?parent=163"}],"curies":[{"name":"wp","href":"https:\/\/api.w.org\/{rel}","templated":true}]}}