{"id":169,"date":"2015-12-15T11:11:25","date_gmt":"2015-12-15T14:11:25","guid":{"rendered":"https:\/\/www.facet.unt.edu.ar\/eiti\/?page_id=169"},"modified":"2023-02-06T10:36:31","modified_gmt":"2023-02-06T13:36:31","slug":"topicos-avanzados-de-ingenieria-de-software","status":"publish","type":"page","link":"https:\/\/www.facet.unt.edu.ar\/eiti\/topicos-avanzados-de-ingenieria-de-software\/","title":{"rendered":"T\u00f3picos Avanzados de Ingenier\u00eda de Software"},"content":{"rendered":"<p><strong>Docente a Cargo:<\/strong> Mag. Ing. <a href=\"https:\/\/www.facet.unt.edu.ar\/eiti\/luis-eduardo-nieto-penalver\/\" target=\"_blank\" rel=\"noopener\">Luis Nieto Pe\u00f1alver<\/a>.<\/p>\n<p><strong>Asignaci\u00f3n Horaria Semanal:<\/strong> 5 hs.<\/p>\n<p><strong>Duraci\u00f3n Total:<\/strong> 40 hs.<\/p>\n<p><strong>Evaluaci\u00f3n:<\/strong> trabajo final integrador.<\/p>\n<p><strong>Formaci\u00f3n Pr\u00e1ctica:<\/strong> para la formaci\u00f3n pr\u00e1ctica se dispondr\u00e1 de computadoras del <a href=\"https:\/\/www.facet.unt.edu.ar\/eiti\/laboratorio-de-software\/\" target=\"_blank\" rel=\"noopener\">Laboratorio de Software<\/a> del Departamento de Ingenier\u00eda El\u00e9ctrica, Electr\u00f3nica y Computaci\u00f3n.<\/p>\n<p><strong>Contenido M\u00ednimo:<\/strong><\/p>\n<ul>\n<li>Estimaci\u00f3n de Proyectos.<\/li>\n<li>An\u00e1lisis y dise\u00f1o orientado a objetos.<\/li>\n<li>Patrones de dise\u00f1o.<\/li>\n<li>Introducci\u00f3n a metodolog\u00edas \u00e1giles.<\/li>\n<li>Ingenier\u00eda de software asistida por computadora (CASE).<\/li>\n<\/ul>\n","protected":false},"excerpt":{"rendered":"<p>Docente a Cargo: Mag. Ing. Luis Nieto Pe\u00f1alver. Asignaci\u00f3n Horaria Semanal: 5 hs. Duraci\u00f3n Total: 40 hs. Evaluaci\u00f3n: trabajo final integrador. Formaci\u00f3n Pr\u00e1ctica: para la formaci\u00f3n pr\u00e1ctica se dispondr\u00e1 de computadoras del Laboratorio de Software del Departamento de Ingenier\u00eda El\u00e9ctrica, Electr\u00f3nica y Computaci\u00f3n. Contenido M\u00ednimo: Estimaci\u00f3n de Proyectos. An\u00e1lisis y dise\u00f1o orientado a objetos. Patrones [&hellip;]<\/p>\n","protected":false},"author":101015,"featured_media":0,"parent":0,"menu_order":0,"comment_status":"closed","ping_status":"closed","template":"templates\/template-full.php","meta":[],"_links":{"self":[{"href":"https:\/\/www.facet.unt.edu.ar\/eiti\/wp-json\/wp\/v2\/pages\/169"}],"collection":[{"href":"https:\/\/www.facet.unt.edu.ar\/eiti\/wp-json\/wp\/v2\/pages"}],"about":[{"href":"https:\/\/www.facet.unt.edu.ar\/eiti\/wp-json\/wp\/v2\/types\/page"}],"author":[{"embeddable":true,"href":"https:\/\/www.facet.unt.edu.ar\/eiti\/wp-json\/wp\/v2\/users\/101015"}],"replies":[{"embeddable":true,"href":"https:\/\/www.facet.unt.edu.ar\/eiti\/wp-json\/wp\/v2\/comments?post=169"}],"version-history":[{"count":4,"href":"https:\/\/www.facet.unt.edu.ar\/eiti\/wp-json\/wp\/v2\/pages\/169\/revisions"}],"predecessor-version":[{"id":1771,"href":"https:\/\/www.facet.unt.edu.ar\/eiti\/wp-json\/wp\/v2\/pages\/169\/revisions\/1771"}],"wp:attachment":[{"href":"https:\/\/www.facet.unt.edu.ar\/eiti\/wp-json\/wp\/v2\/media?parent=169"}],"curies":[{"name":"wp","href":"https:\/\/api.w.org\/{rel}","templated":true}]}}