{"id":172,"date":"2015-12-15T11:13:23","date_gmt":"2015-12-15T14:13:23","guid":{"rendered":"https:\/\/www.facet.unt.edu.ar\/eiti\/?page_id=172"},"modified":"2023-02-06T10:38:53","modified_gmt":"2023-02-06T13:38:53","slug":"gestion-de-empresas-de-emprendimientos-de-base-tecnologica","status":"publish","type":"page","link":"https:\/\/www.facet.unt.edu.ar\/eiti\/gestion-de-empresas-de-emprendimientos-de-base-tecnologica\/","title":{"rendered":"Gesti\u00f3n de Empresas de Emprendimientos de Base Tecnol\u00f3gica"},"content":{"rendered":"<p><strong>Docente a Cargo:<\/strong> Mag. Ing. <a href=\"https:\/\/www.facet.unt.edu.ar\/eiti\/raul-osvaldo-saade\/\" target=\"_blank\" rel=\"noopener\">Ra\u00fal Saade<\/a>.<\/p>\n<p><strong>Asignaci\u00f3n Horaria Semanal:<\/strong> 5 Hs.<\/p>\n<p><strong>Duraci\u00f3n Total:<\/strong> 40 Hs.<\/p>\n<p><strong>Evaluaci\u00f3n:<\/strong> formulaci\u00f3n y presentaci\u00f3n de proyecto final integrador.<\/p>\n<p><strong>Formaci\u00f3n Pr\u00e1ctica:<\/strong> presentaci\u00f3n y an\u00e1lisis de casos pr\u00e1cticos.<\/p>\n<p><strong>Contenido M\u00ednimo:<\/strong><\/p>\n<ul>\n<li>An\u00e1lisis de empresas: cultura, poder y estrategia. Estructura de una empresa. Tipos de estructura. Formas legales.<\/li>\n<li>Formulaci\u00f3n estrat\u00e9gica: el Modelo Delta. La cadena de valor. El modelo de las fuerzas competitivas. La matriz BCG.<\/li>\n<li>Gesti\u00f3n de las funciones b\u00e1sicas: finanzas, comercial, producci\u00f3n y recursos humanos.<\/li>\n<li>Capacidades emprendedoras: competencias actitudinales y emocionales.<\/li>\n<li>Acciones emprendedoras: construcci\u00f3n de equipos y liderazgo.<\/li>\n<li>Plan de negocio: estructura del plan.<\/li>\n<\/ul>\n","protected":false},"excerpt":{"rendered":"<p>Docente a Cargo: Mag. Ing. Ra\u00fal Saade. Asignaci\u00f3n Horaria Semanal: 5 Hs. Duraci\u00f3n Total: 40 Hs. Evaluaci\u00f3n: formulaci\u00f3n y presentaci\u00f3n de proyecto final integrador. Formaci\u00f3n Pr\u00e1ctica: presentaci\u00f3n y an\u00e1lisis de casos pr\u00e1cticos. Contenido M\u00ednimo: An\u00e1lisis de empresas: cultura, poder y estrategia. Estructura de una empresa. Tipos de estructura. Formas legales. Formulaci\u00f3n estrat\u00e9gica: el Modelo Delta. [&hellip;]<\/p>\n","protected":false},"author":101015,"featured_media":0,"parent":0,"menu_order":0,"comment_status":"closed","ping_status":"closed","template":"templates\/template-full.php","meta":[],"_links":{"self":[{"href":"https:\/\/www.facet.unt.edu.ar\/eiti\/wp-json\/wp\/v2\/pages\/172"}],"collection":[{"href":"https:\/\/www.facet.unt.edu.ar\/eiti\/wp-json\/wp\/v2\/pages"}],"about":[{"href":"https:\/\/www.facet.unt.edu.ar\/eiti\/wp-json\/wp\/v2\/types\/page"}],"author":[{"embeddable":true,"href":"https:\/\/www.facet.unt.edu.ar\/eiti\/wp-json\/wp\/v2\/users\/101015"}],"replies":[{"embeddable":true,"href":"https:\/\/www.facet.unt.edu.ar\/eiti\/wp-json\/wp\/v2\/comments?post=172"}],"version-history":[{"count":6,"href":"https:\/\/www.facet.unt.edu.ar\/eiti\/wp-json\/wp\/v2\/pages\/172\/revisions"}],"predecessor-version":[{"id":1773,"href":"https:\/\/www.facet.unt.edu.ar\/eiti\/wp-json\/wp\/v2\/pages\/172\/revisions\/1773"}],"wp:attachment":[{"href":"https:\/\/www.facet.unt.edu.ar\/eiti\/wp-json\/wp\/v2\/media?parent=172"}],"curies":[{"name":"wp","href":"https:\/\/api.w.org\/{rel}","templated":true}]}}