{"id":1757,"date":"2023-02-06T10:22:11","date_gmt":"2023-02-06T13:22:11","guid":{"rendered":"https:\/\/www.facet.unt.edu.ar\/eiti\/?page_id=1757"},"modified":"2023-02-06T10:22:11","modified_gmt":"2023-02-06T13:22:11","slug":"seminarios-de-integracion-de-tecnologias-informaticas","status":"publish","type":"page","link":"https:\/\/www.facet.unt.edu.ar\/eiti\/seminarios-de-integracion-de-tecnologias-informaticas\/","title":{"rendered":"Seminarios de Integraci\u00f3n de Tecnolog\u00edas Inform\u00e1ticas"},"content":{"rendered":"<p><strong>Docente a Cargo:<\/strong> M.Sc. Ing. <a href=\"https:\/\/www.facet.unt.edu.ar\/eiti\/sergio-daniel-saade\/\">Sergio D. Saade<\/a>.<\/p>\n<p><strong>Carga Horaria Semanal:<\/strong> 5 hs.<\/p>\n<p><strong>Duraci\u00f3n Total:<\/strong> 40 hs.<\/p>\n<p><strong>Evaluaci\u00f3n:<\/strong> plan del trabajo final integrador de la Especializaci\u00f3n.<\/p>\n<p><strong>Formaci\u00f3n Pr\u00e1ctica:<\/strong> elaboraci\u00f3n del plan de trabajo del Trabajo Final Integrador de la Especializaci\u00f3n.<\/p>\n<p><strong>Contenido M\u00ednimo:<\/strong><\/p>\n<ul>\n<li>Conceptos generales sobre an\u00e1lisis de proyectos.<\/li>\n<li>Tecnolog\u00edas emergentes.<\/li>\n<li>Proyecto de Integraci\u00f3n de Sistemas Embebidos \u2013 Comunicaciones &#8211; Software<\/li>\n<li>An\u00e1lisis del dise\u00f1o de sistema embebido del Proyecto.<\/li>\n<li>An\u00e1lisis del dise\u00f1o de sistema de comunicaciones del Proyecto.<\/li>\n<li>An\u00e1lisis del dise\u00f1o de software y manejo de datos del Proyecto.<\/li>\n<li>An\u00e1lisis econ\u00f3mico del proyecto.<\/li>\n<li>An\u00e1lisis y modelado de integraci\u00f3n.<\/li>\n<\/ul>\n","protected":false},"excerpt":{"rendered":"<p>Docente a Cargo: M.Sc. Ing. Sergio D. Saade. Carga Horaria Semanal: 5 hs. Duraci\u00f3n Total: 40 hs. Evaluaci\u00f3n: plan del trabajo final integrador de la Especializaci\u00f3n. Formaci\u00f3n Pr\u00e1ctica: elaboraci\u00f3n del plan de trabajo del Trabajo Final Integrador de la Especializaci\u00f3n. Contenido M\u00ednimo: Conceptos generales sobre an\u00e1lisis de proyectos. Tecnolog\u00edas emergentes. Proyecto de Integraci\u00f3n de Sistemas [&hellip;]<\/p>\n","protected":false},"author":101015,"featured_media":0,"parent":0,"menu_order":0,"comment_status":"closed","ping_status":"closed","template":"","meta":[],"_links":{"self":[{"href":"https:\/\/www.facet.unt.edu.ar\/eiti\/wp-json\/wp\/v2\/pages\/1757"}],"collection":[{"href":"https:\/\/www.facet.unt.edu.ar\/eiti\/wp-json\/wp\/v2\/pages"}],"about":[{"href":"https:\/\/www.facet.unt.edu.ar\/eiti\/wp-json\/wp\/v2\/types\/page"}],"author":[{"embeddable":true,"href":"https:\/\/www.facet.unt.edu.ar\/eiti\/wp-json\/wp\/v2\/users\/101015"}],"replies":[{"embeddable":true,"href":"https:\/\/www.facet.unt.edu.ar\/eiti\/wp-json\/wp\/v2\/comments?post=1757"}],"version-history":[{"count":1,"href":"https:\/\/www.facet.unt.edu.ar\/eiti\/wp-json\/wp\/v2\/pages\/1757\/revisions"}],"predecessor-version":[{"id":1758,"href":"https:\/\/www.facet.unt.edu.ar\/eiti\/wp-json\/wp\/v2\/pages\/1757\/revisions\/1758"}],"wp:attachment":[{"href":"https:\/\/www.facet.unt.edu.ar\/eiti\/wp-json\/wp\/v2\/media?parent=1757"}],"curies":[{"name":"wp","href":"https:\/\/api.w.org\/{rel}","templated":true}]}}